{"id":8784,"date":"2025-03-01T13:14:16","date_gmt":"2025-03-01T12:14:16","guid":{"rendered":"https:\/\/vertigojazz.pl\/galerie\/"},"modified":"2026-02-08T12:22:45","modified_gmt":"2026-02-08T11:22:45","slug":"galerie","status":"publish","type":"page","link":"https:\/\/vertigojazz.pl\/de\/galerie\/","title":{"rendered":"Galerie"},"content":{"rendered":"\r\n<section class=\"baner\" style=\"background-image: url('https:\/\/vertigojazz.pl\/wp-content\/uploads\/2025\/03\/ww-37-of-37-scaled.jpg')\">\r\n    <div class=\"content\">\r\n        <div class=\"text\">\r\n            <h1>Galerie<\/h1>\r\n            <p>Vertigo Jazz Club &amp; Restaurant,<br>13 O\u0142awska St., Wroc\u0142aw <\/p>\r\n        <\/div>\r\n    <\/div>\r\n<\/section>\n<hr class=\"wp-block-separator has-alpha-channel-opacity\" style=\"margin-top:35px;margin-bottom:35px\"\/>\n\r\n<section class=\"image-with-text \">\r\n    <div class=\"layout layout-left \">\r\n        <div class=\"row\">\r\n                            <div class=\"text col-lg-7\">\r\n                                            <p class=\"subheading\">Club<\/p>\r\n                                        <h2 class=\"text-left\">\r\n                        Galerie Vertigo Jazzclub &amp; Restaurant                    <\/h2>\r\n                \r\n                <p class=\"\" data-start=\"113\" data-end=\"438\">Der Vertigo Jazz Club &amp; Restaurant \u00f6ffnete am 15. Februar 2015 seine T\u00fcren und wurde zu einem Ort, an dem die Musik nicht nur den Hintergrund, sondern das Herzst\u00fcck des gesamten Raums bildet. Von Anfang an war es unser Ziel, eine einzigartige Musikszene in Breslau zu schaffen, die h\u00f6chste k\u00fcnstlerische Qualit\u00e4t mit einer einzigartigen Atmosph\u00e4re verbindet. Auf unserer B\u00fchne finden regelm\u00e4\u00dfig Jazz- und Blueskonzerte sowie Auftritte von K\u00fcnstlern statt, die eine Vielzahl von Musikgenres repr\u00e4sentieren &#8211; von der Klassik bis hin zu modernen, experimentellen Kl\u00e4ngen. Das Programm des Clubs wird durch improvisierte Auftritte, Burlesque-Abende und besondere Veranstaltungen erg\u00e4nzt, die ein Publikum anziehen, das Kultur, Kunst und kreative Vielfalt zu sch\u00e4tzen wei\u00df. Unser Interieur, das von der Atmosph\u00e4re der legend\u00e4ren New Yorker Jazzclubs inspiriert ist, verbindet Eleganz, Intimit\u00e4t und Freiheit.    <\/p>\n\r\n                <div class=\"buttons\">\r\n                    \r\n                    \r\n                                    <\/div>\r\n                <\/div>\r\n\r\n                                    <div class=\"image col-lg-5\">\r\n                        <img decoding=\"async\" src=\"https:\/\/vertigojazz.pl\/wp-content\/uploads\/2025\/03\/27897-scaled.jpg\" alt=\"\">\r\n                    <\/div>\r\n                        <\/div>\r\n    <\/div>\r\n<\/section><section class=\"galeria\">\n  <div class=\"gallery-filters\">\n      <form id=\"gallery-filter-form\">\n          <div class=\"row\">\n            <div class=\"type-filter col-md-7\">\n              <p class=\"subheading\">Wybierz typ galerii:<\/p>\n              <ul class=\"nav nav-pills type-filter\">\n                  <li class=\"nav-item\">\n                      <button type=\"button\" class=\"nav-link active\" data-type=\"\">\n                          Wszystkie                      <\/button>\n                  <\/li>\n                                        <li class=\"nav-item\">\n                          <button type=\"button\" class=\"nav-link\" data-type=\"klub\">\n                              Klub                          <\/button>\n                      <\/li>\n                                        <li class=\"nav-item\">\n                          <button type=\"button\" class=\"nav-link\" data-type=\"koncerty\">\n                              Koncerty                          <\/button>\n                      <\/li>\n                                        <li class=\"nav-item\">\n                          <button type=\"button\" class=\"nav-link\" data-type=\"wszystkie\">\n                              Wszystkie                          <\/button>\n                      <\/li>\n                                        <li class=\"nav-item\">\n                          <button type=\"button\" class=\"nav-link\" data-type=\"wydarzenia\">\n                              Wydarzenia                          <\/button>\n                      <\/li>\n                                <\/ul>\n            <\/div>\n            <div class=\"year-filter col-md-5\">\n              <p class=\"subheading\">Wybierz rok:<\/p>\n              <ul class=\"nav nav-pills\">\n                \n                                <li class=\"nav-item\">\n                      <button type=\"button\" class=\"nav-link  active\" data-year=\"2026\">\n                          2026                      <\/button>\n                  <\/li>\n                                <li class=\"nav-item\">\n                      <button type=\"button\" class=\"nav-link  \" data-year=\"2025\">\n                          2025                      <\/button>\n                  <\/li>\n                                <li class=\"nav-item\">\n                      <button type=\"button\" class=\"nav-link  \" data-year=\"2024\">\n                          2024                      <\/button>\n                  <\/li>\n                                <li class=\"nav-item\">\n                      <button type=\"button\" class=\"nav-link  \" data-year=\"2023\">\n                          2023                      <\/button>\n                  <\/li>\n                                <li class=\"nav-item\">\n                      <button type=\"button\" class=\"nav-link  \" data-year=\"2022\">\n                          2022                      <\/button>\n                  <\/li>\n                                <li class=\"nav-item\">\n                      <button type=\"button\" class=\"nav-link  \" data-year=\"2021\">\n                          2021                      <\/button>\n                  <\/li>\n                                <li class=\"nav-item\">\n                      <button type=\"button\" class=\"nav-link  \" data-year=\"2020\">\n                          2020                      <\/button>\n                  <\/li>\n                                <li class=\"nav-item\">\n                      <button type=\"button\" class=\"nav-link  \" data-year=\"2019\">\n                          2019                      <\/button>\n                  <\/li>\n                                <li class=\"nav-item\">\n                      <button type=\"button\" class=\"nav-link  \" data-year=\"2018\">\n                          2018                      <\/button>\n                  <\/li>\n                                <li class=\"nav-item\">\n                      <button type=\"button\" class=\"nav-link  \" data-year=\"2017\">\n                          2017                      <\/button>\n                  <\/li>\n                                <li class=\"nav-item\">\n                      <button type=\"button\" class=\"nav-link  \" data-year=\"2016\">\n                          2016                      <\/button>\n                  <\/li>\n                                <li class=\"nav-item\">\n                      <button type=\"button\" class=\"nav-link  \" data-year=\"2015\">\n                          2015                      <\/button>\n                  <\/li>\n              \n              <\/ul>\n              <\/div>\n            \n          <\/div>\n      <\/form>\n  <\/div>\n\n  <!-- Kontener na galerie -->\n  <div id=\"gallery-list\">\n      <p>\u0141adowanie galerii...<\/p>\n  <\/div>\n<\/section>\n    \n\n<p class=\"subheading\">Club<\/p>\n\n<h2 class=\"wp-block-heading\">Virtueller Spaziergang durch Vertigo<\/h2>\n\n<iframe loading=\"lazy\" style=\"border: 0;\" src=\"https:\/\/www.google.com\/maps\/embed?pb=!4v1636372338305!6m8!1m7!1sCAoSLEFGMVFpcFBybzg4VmhiZ1czWXJrT3NfaU81T3B2TWl2VGJrWVNmdVVvRmV2!2m2!1d51.10833835225395!2d17.03531874596153!3f293.74!4f3.799999999999997!5f0.7820865974627469\" width=\"100%\" height=\"650\" allowfullscreen=\"allowfullscreen\"><\/iframe>\n\r\n<section class=\"cta\">\r\n    <div class=\"content\">\r\n        <div class=\"left\">\r\n            <p>Schauen Sie sich die kommenden Veranstaltungen bei Vertigo an!<\/p>\r\n        <\/div>\r\n        <div class=\"right\">\r\n            <a href=\"\/wydarzenia\/\" class=\"btn-main\"><svg xmlns=\"http:\/\/www.w3.org\/2000\/svg\" width=\"14\" height=\"14\" aria-hidden=\"true\" class=\"e-font-icon-svg e-fas-microphone-alt\" viewbox=\"0 0 352 512\"><path d=\"M336 192h-16c-8.84 0-16 7.16-16 16v48c0 74.8-64.49 134.82-140.79 127.38C96.71 376.89 48 317.11 48 250.3V208c0-8.84-7.16-16-16-16H16c-8.84 0-16 7.16-16 16v40.16c0 89.64 63.97 169.55 152 181.69V464H96c-8.84 0-16 7.16-16 16v16c0 8.84 7.16 16 16 16h160c8.84 0 16-7.16 16-16v-16c0-8.84-7.16-16-16-16h-56v-33.77C285.71 418.47 352 344.9 352 256v-48c0-8.84-7.16-16-16-16zM176 352c53.02 0 96-42.98 96-96h-85.33c-5.89 0-10.67-3.58-10.67-8v-16c0-4.42 4.78-8 10.67-8H272v-32h-85.33c-5.89 0-10.67-3.58-10.67-8v-16c0-4.42 4.78-8 10.67-8H272v-32h-85.33c-5.89 0-10.67-3.58-10.67-8v-16c0-4.42 4.78-8 10.67-8H272c0-53.02-42.98-96-96-96S80 42.98 80 96v160c0 53.02 42.98 96 96 96z\"><\/path><\/svg>Ereignisse<\/a>\r\n        <\/div>\r\n    <\/div>\r\n<\/section>\r\n","protected":false},"excerpt":{"rendered":"<p>Club Virtueller Spaziergang durch Vertigo<\/p>\n","protected":false},"author":4,"featured_media":0,"parent":0,"menu_order":0,"comment_status":"closed","ping_status":"closed","template":"","meta":{"_acf_changed":false,"footnotes":""},"class_list":["post-8784","page","type-page","status-publish","hentry"],"acf":[],"yoast_head":"<!-- This site is optimized with the Yoast SEO plugin v26.0 - https:\/\/yoast.com\/wordpress\/plugins\/seo\/ -->\n<title>Galerie - Vertigo Jazz Club &amp; Restaurant<\/title>\n<meta name=\"robots\" content=\"index, follow, max-snippet:-1, max-image-preview:large, max-video-preview:-1\" \/>\n<link rel=\"canonical\" href=\"https:\/\/vertigojazz.pl\/de\/galerie\/\" \/>\n<meta property=\"og:locale\" content=\"de_DE\" \/>\n<meta property=\"og:type\" content=\"article\" \/>\n<meta property=\"og:title\" content=\"Galerie - Vertigo Jazz Club &amp; Restaurant\" \/>\n<meta property=\"og:description\" content=\"Club Virtueller Spaziergang durch Vertigo\" \/>\n<meta property=\"og:url\" content=\"https:\/\/vertigojazz.pl\/de\/galerie\/\" \/>\n<meta property=\"og:site_name\" content=\"Vertigo Jazz Club &amp; Restaurant\" \/>\n<meta property=\"article:publisher\" content=\"https:\/\/www.facebook.com\/vertigojazzclub\" \/>\n<meta property=\"article:modified_time\" content=\"2026-02-08T11:22:45+00:00\" \/>\n<meta property=\"og:image\" content=\"https:\/\/vertigojazz.pl\/wp-content\/uploads\/2025\/08\/VertigoJazz-Logo_1080_1080.jpeg\" \/>\n\t<meta property=\"og:image:width\" content=\"768\" \/>\n\t<meta property=\"og:image:height\" content=\"768\" \/>\n\t<meta property=\"og:image:type\" content=\"image\/jpeg\" \/>\n<meta name=\"twitter:card\" content=\"summary_large_image\" \/>\n<script type=\"application\/ld+json\" class=\"yoast-schema-graph\">{\"@context\":\"https:\/\/schema.org\",\"@graph\":[{\"@type\":\"WebPage\",\"@id\":\"https:\/\/vertigojazz.pl\/de\/galerie\/\",\"url\":\"https:\/\/vertigojazz.pl\/de\/galerie\/\",\"name\":\"Galerie - Vertigo Jazz Club &amp; Restaurant\",\"isPartOf\":{\"@id\":\"https:\/\/vertigojazz.pl\/#website\"},\"datePublished\":\"2025-03-01T12:14:16+00:00\",\"dateModified\":\"2026-02-08T11:22:45+00:00\",\"breadcrumb\":{\"@id\":\"https:\/\/vertigojazz.pl\/de\/galerie\/#breadcrumb\"},\"inLanguage\":\"de\",\"potentialAction\":[{\"@type\":\"ReadAction\",\"target\":[\"https:\/\/vertigojazz.pl\/de\/galerie\/\"]}]},{\"@type\":\"BreadcrumbList\",\"@id\":\"https:\/\/vertigojazz.pl\/de\/galerie\/#breadcrumb\",\"itemListElement\":[{\"@type\":\"ListItem\",\"position\":1,\"name\":\"Strona g\u0142\u00f3wna\",\"item\":\"https:\/\/vertigojazz.pl\/de\/\"},{\"@type\":\"ListItem\",\"position\":2,\"name\":\"Galerie\"}]},{\"@type\":\"WebSite\",\"@id\":\"https:\/\/vertigojazz.pl\/#website\",\"url\":\"https:\/\/vertigojazz.pl\/\",\"name\":\"Vertigo Jazz Club & Restaurant\",\"description\":\"klub muzyczny we Wroc\u0142awiu\",\"publisher\":{\"@id\":\"https:\/\/vertigojazz.pl\/#organization\"},\"potentialAction\":[{\"@type\":\"SearchAction\",\"target\":{\"@type\":\"EntryPoint\",\"urlTemplate\":\"https:\/\/vertigojazz.pl\/?s={search_term_string}\"},\"query-input\":{\"@type\":\"PropertyValueSpecification\",\"valueRequired\":true,\"valueName\":\"search_term_string\"}}],\"inLanguage\":\"de\"},{\"@type\":\"Organization\",\"@id\":\"https:\/\/vertigojazz.pl\/#organization\",\"name\":\"Vertigo Jazz Club & Restaurant\",\"alternateName\":\"Klub muzyczny we Wroc\u0142awiu\",\"url\":\"https:\/\/vertigojazz.pl\/\",\"logo\":{\"@type\":\"ImageObject\",\"inLanguage\":\"de\",\"@id\":\"https:\/\/vertigojazz.pl\/#\/schema\/logo\/image\/\",\"url\":\"https:\/\/vertigojazz.pl\/wp-content\/uploads\/2025\/04\/cropped-vertigo_logo_biale-180x180-1.jpg\",\"contentUrl\":\"https:\/\/vertigojazz.pl\/wp-content\/uploads\/2025\/04\/cropped-vertigo_logo_biale-180x180-1.jpg\",\"width\":180,\"height\":180,\"caption\":\"Vertigo Jazz Club & Restaurant\"},\"image\":{\"@id\":\"https:\/\/vertigojazz.pl\/#\/schema\/logo\/image\/\"},\"sameAs\":[\"https:\/\/www.facebook.com\/vertigojazzclub\",\"https:\/\/www.instagram.com\/vertigo_jazz_club\/\",\"https:\/\/www.youtube.com\/channel\/UC8sPrX3Xuv7bfuhfr3XbqXg\",\"https:\/\/www.tiktok.com\/@vertigojazzclub\"]}]}<\/script>\n<!-- \/ Yoast SEO plugin. -->","yoast_head_json":{"title":"Galerie - Vertigo Jazz Club &amp; Restaurant","robots":{"index":"index","follow":"follow","max-snippet":"max-snippet:-1","max-image-preview":"max-image-preview:large","max-video-preview":"max-video-preview:-1"},"canonical":"https:\/\/vertigojazz.pl\/de\/galerie\/","og_locale":"de_DE","og_type":"article","og_title":"Galerie - Vertigo Jazz Club &amp; Restaurant","og_description":"Club Virtueller Spaziergang durch Vertigo","og_url":"https:\/\/vertigojazz.pl\/de\/galerie\/","og_site_name":"Vertigo Jazz Club &amp; Restaurant","article_publisher":"https:\/\/www.facebook.com\/vertigojazzclub","article_modified_time":"2026-02-08T11:22:45+00:00","og_image":[{"width":768,"height":768,"url":"https:\/\/vertigojazz.pl\/wp-content\/uploads\/2025\/08\/VertigoJazz-Logo_1080_1080.jpeg","type":"image\/jpeg"}],"twitter_card":"summary_large_image","schema":{"@context":"https:\/\/schema.org","@graph":[{"@type":"WebPage","@id":"https:\/\/vertigojazz.pl\/de\/galerie\/","url":"https:\/\/vertigojazz.pl\/de\/galerie\/","name":"Galerie - Vertigo Jazz Club &amp; Restaurant","isPartOf":{"@id":"https:\/\/vertigojazz.pl\/#website"},"datePublished":"2025-03-01T12:14:16+00:00","dateModified":"2026-02-08T11:22:45+00:00","breadcrumb":{"@id":"https:\/\/vertigojazz.pl\/de\/galerie\/#breadcrumb"},"inLanguage":"de","potentialAction":[{"@type":"ReadAction","target":["https:\/\/vertigojazz.pl\/de\/galerie\/"]}]},{"@type":"BreadcrumbList","@id":"https:\/\/vertigojazz.pl\/de\/galerie\/#breadcrumb","itemListElement":[{"@type":"ListItem","position":1,"name":"Strona g\u0142\u00f3wna","item":"https:\/\/vertigojazz.pl\/de\/"},{"@type":"ListItem","position":2,"name":"Galerie"}]},{"@type":"WebSite","@id":"https:\/\/vertigojazz.pl\/#website","url":"https:\/\/vertigojazz.pl\/","name":"Vertigo Jazz Club & Restaurant","description":"klub muzyczny we Wroc\u0142awiu","publisher":{"@id":"https:\/\/vertigojazz.pl\/#organization"},"potentialAction":[{"@type":"SearchAction","target":{"@type":"EntryPoint","urlTemplate":"https:\/\/vertigojazz.pl\/?s={search_term_string}"},"query-input":{"@type":"PropertyValueSpecification","valueRequired":true,"valueName":"search_term_string"}}],"inLanguage":"de"},{"@type":"Organization","@id":"https:\/\/vertigojazz.pl\/#organization","name":"Vertigo Jazz Club & Restaurant","alternateName":"Klub muzyczny we Wroc\u0142awiu","url":"https:\/\/vertigojazz.pl\/","logo":{"@type":"ImageObject","inLanguage":"de","@id":"https:\/\/vertigojazz.pl\/#\/schema\/logo\/image\/","url":"https:\/\/vertigojazz.pl\/wp-content\/uploads\/2025\/04\/cropped-vertigo_logo_biale-180x180-1.jpg","contentUrl":"https:\/\/vertigojazz.pl\/wp-content\/uploads\/2025\/04\/cropped-vertigo_logo_biale-180x180-1.jpg","width":180,"height":180,"caption":"Vertigo Jazz Club & Restaurant"},"image":{"@id":"https:\/\/vertigojazz.pl\/#\/schema\/logo\/image\/"},"sameAs":["https:\/\/www.facebook.com\/vertigojazzclub","https:\/\/www.instagram.com\/vertigo_jazz_club\/","https:\/\/www.youtube.com\/channel\/UC8sPrX3Xuv7bfuhfr3XbqXg","https:\/\/www.tiktok.com\/@vertigojazzclub"]}]}},"_links":{"self":[{"href":"https:\/\/vertigojazz.pl\/de\/wp-json\/wp\/v2\/pages\/8784","targetHints":{"allow":["GET"]}}],"collection":[{"href":"https:\/\/vertigojazz.pl\/de\/wp-json\/wp\/v2\/pages"}],"about":[{"href":"https:\/\/vertigojazz.pl\/de\/wp-json\/wp\/v2\/types\/page"}],"author":[{"embeddable":true,"href":"https:\/\/vertigojazz.pl\/de\/wp-json\/wp\/v2\/users\/4"}],"replies":[{"embeddable":true,"href":"https:\/\/vertigojazz.pl\/de\/wp-json\/wp\/v2\/comments?post=8784"}],"version-history":[{"count":5,"href":"https:\/\/vertigojazz.pl\/de\/wp-json\/wp\/v2\/pages\/8784\/revisions"}],"predecessor-version":[{"id":18338,"href":"https:\/\/vertigojazz.pl\/de\/wp-json\/wp\/v2\/pages\/8784\/revisions\/18338"}],"wp:attachment":[{"href":"https:\/\/vertigojazz.pl\/de\/wp-json\/wp\/v2\/media?parent=8784"}],"curies":[{"name":"wp","href":"https:\/\/api.w.org\/{rel}","templated":true}]}}