{"id":8793,"date":"2025-02-25T18:52:04","date_gmt":"2025-02-25T17:52:04","guid":{"rendered":"https:\/\/vertigojazz.pl\/kontakt\/"},"modified":"2026-02-08T11:54:39","modified_gmt":"2026-02-08T10:54:39","slug":"kontakt","status":"publish","type":"page","link":"https:\/\/vertigojazz.pl\/de\/kontakt\/","title":{"rendered":"Kontakt"},"content":{"rendered":"    <section class=\"contact-boxes\">\r\n\t        <div class=\"box\">\r\n            <div class=\"box-content\">\r\n                                                                        <p class=\"subheading\">Kontakt<\/p>\r\n                                                                <h1 class=\"h3\">Reservierungen<\/h1>\r\n                                                                <div class=\"text\"><p>Reservierungen im Vertigo werden \u00fcber das Buchungssystem angenommen. Buchungen von mehr als 10 Personen werden per E-Mail bearbeitet &#8211; an die E-Mail-Adresse. Bei Problemen wenden Sie sich bitte ebenfalls per E-Mail an uns.  <\/p>\n<\/div>\r\n                                        <div class=\"bottom\">\r\n                                            <div class=\"left\"><ul>\n<li><a href=\"tel:717182581\">Das Telefon wird zwischen 12:00 und 22:00 Uhr beantwortet.<\/a><\/li>\n<li class=\"phone\"><a href=\"tel:717182581\">71 718 25 81<\/a><\/li>\n<li class=\"mail\"><a href=\"mailto:rezerwacje@vertigojazz.pl\">rezerwacje@vertigojazz.pl<\/a><\/li>\n<\/ul>\n<\/div>\r\n                                                                <div class=\"right\"><p><a class=\"btn-main\" href=\"https:\/\/vertigojazz.pl\/de\/ereignisse\/\">Buchen Sie<\/a><\/p>\n<\/div>\r\n                                        <\/div>\r\n                                        <\/div>\r\n        <\/div>\r\n\t        <div class=\"box\">\r\n            <div class=\"box-content\">\r\n                                                                        <p class=\"subheading\">Lokal<\/p>\r\n                                                                <h3 class=\"h3\">Die \u00d6ffnungszeiten<\/h3>\r\n                                                                <div class=\"text\"><p>Der Club ist t\u00e4glich ab 18 Uhr ge\u00f6ffnet. An Wochenendtagen finden au\u00dferdem vormittags und nachmittags Konzerte statt &#8211; bitte pr\u00fcfen Sie unser Repertoire f\u00fcr den jeweiligen Monat. <\/p>\n<\/div>\r\n                                        <div class=\"bottom\">\r\n                                            <div class=\"left\"><div class=\"openhours\">\n<div class=\"icon\"><\/div>\n<div>\n<p>Mo-Do 18:00-24:00<br \/>\nFr-Sa 18:00-02:00<br \/>\nSo 18:00-24:00<\/p>\n<\/div>\n<\/div>\n<\/div>\r\n                                                                <div class=\"right\"><p><a class=\"btn-main\" href=\"https:\/\/vertigojazz.pl\/wp-content\/uploads\/2025\/06\/FAQ-Najczesciej-zadawane-pytania.pdf\">FAQ &#8211; H\u00e4ufig gestellte Fragen<\/a><\/p>\n<\/div>\r\n                                        <\/div>\r\n                                        <\/div>\r\n        <\/div>\r\n\t        <div class=\"box\">\r\n            <div class=\"box-content\">\r\n                                                                        <p class=\"subheading\">Club<\/p>\r\n                                                                <h3 class=\"h3\">Kontakt<\/h3>\r\n                                                                <div class=\"text\"><p>Vertigo Jazz Club &amp; Restaurant,<br \/>\nul. O\u0142awska 13, 50-123 Wroc\u0142aw, Polska <\/p>\n<\/div>\r\n                                        <div class=\"bottom\">\r\n                                            <div class=\"left\"><ul>\n<li><a href=\"tel:717182581\">Das Telefon wird zwischen 12:00 und 22:00 Uhr beantwortet.<\/a><\/li>\n<li class=\"phone\"><a href=\"tel:717182581\">71 718 25 81<\/a><\/li>\n<li class=\"mail\"><a href=\"mailto:rezerwacje@vertigojazz.pl\">rezerwacje@vertigojazz.pl<\/a><\/li>\n<\/ul>\n<\/div>\r\n                                                            <\/div>\r\n                                        <\/div>\r\n        <\/div>\r\n\t        <div class=\"box\">\r\n            <div class=\"box-content\">\r\n                                                                        <p class=\"subheading\">Kontakt<\/p>\r\n                                                                <h3 class=\"h3\">Kontakt f\u00fcr K\u00fcnstler<\/h3>\r\n                                                                <div class=\"text\"><p>K\u00fcnstler, Manager und alle, die an einem Auftritt bei Vertigo interessiert sind, wenden sich bitte an unseren k\u00fcnstlerischen Leiter.<\/p>\n<\/div>\r\n                                        <div class=\"bottom\">\r\n                                            <div class=\"left\"><ul>\n<li class=\"person\">Piotr Karwat<\/li>\n<li class=\"mail\"><a href=\"mailto:p.karwat@vertigojazz.pl\">p.karwat@vertigojazz.pl<\/a><\/li>\n<\/ul>\n<\/div>\r\n                                                            <\/div>\r\n                                        <\/div>\r\n        <\/div>\r\n\t        <div class=\"box\">\r\n            <div class=\"box-content\">\r\n                                                                        <p class=\"subheading\">Kontakt<\/p>\r\n                                                                <h3 class=\"h3\">Kontakt f\u00fcr Unternehmen<\/h3>\r\n                                                                <div class=\"text\"><p>Unternehmen, die daran interessiert sind, R\u00e4umlichkeiten von Vertigo zu mieten und mit uns zusammenzuarbeiten, wenden sich bitte an unsere Manager:<\/p>\n<\/div>\r\n                                        <div class=\"bottom\">\r\n                                            <div class=\"left\"><ul>\n<li class=\"person\">Andrzej Rze\u017awicki<\/li>\n<li class=\"mail\"><a href=\"mailto:andrzej.rzezwicki@vertigojazz.pl\">andrzej.rzezwicki@vertigojazz.pl<\/a><\/li>\n<\/ul>\n<\/div>\r\n                                                            <\/div>\r\n                                        <\/div>\r\n        <\/div>\r\n\t        <div class=\"box\">\r\n            <div class=\"box-content\">\r\n                                                                        <p class=\"subheading\">Kontakt<\/p>\r\n                                                                <h3 class=\"h3\">Marketing und Werbung<\/h3>\r\n                                                                <div class=\"text\"><p>Wenn Sie Fragen zu Werbung, Marketing und Markenimage haben, wenden Sie sich bitte an den Marketingleiter. <\/p>\n<\/div>\r\n                                        <div class=\"bottom\">\r\n                                            <div class=\"left\"><ul>\n<li class=\"person\">Angelika Czekan<\/li>\n<li class=\"mail\"><a href=\"mailto:a.czekan@vertigojazz.pl\">a.czekan@vertigojazz.pl<\/a><\/li>\n<\/ul>\n<\/div>\r\n                                                            <\/div>\r\n                                        <\/div>\r\n        <\/div>\r\n\t    <\/section>\r\n<section class=\"form-newsletter\">\r\n    <div class=\"row\">\r\n        <div class=\"col-lg-6\">\r\n            <p class='subheading'>Kontakt-Formular<\/p>            <div class=\"form\">\r\n            <div class=\"wpforms-container wpforms-container-full wpforms-render-modern\" id=\"wpforms-7217\"><form id=\"wpforms-form-7217\" class=\"wpforms-validate wpforms-form wpforms-ajax-form\" data-formid=\"7217\" method=\"post\" enctype=\"multipart\/form-data\" action=\"\/de\/wp-json\/wp\/v2\/pages\/8793?wpforms_form_id=7217\" data-token=\"38d107674621fa5590c6a1faf5675016\" data-token-time=\"1776757934\"><noscript class=\"wpforms-error-noscript\">Bitte aktiviere JavaScript in deinem Browser, um dieses Formular fertigzustellen.<\/noscript><div class=\"wpforms-hidden\" id=\"wpforms-error-noscript\">Bitte aktiviere JavaScript in deinem Browser, um dieses Formular fertigzustellen.<\/div><div class=\"wpforms-field-container\"><div id=\"wpforms-7217-field_1-container\" class=\"wpforms-field wpforms-field-select wpforms-conditional-trigger wpforms-field-select-style-modern\" data-field-id=\"1\"><label class=\"wpforms-field-label wpforms-label-hide\" for=\"wpforms-7217-field_1\" aria-hidden=\"false\">Wybierz temat <span class=\"wpforms-required-label\" aria-hidden=\"true\">*<\/span><\/label><select id=\"wpforms-7217-field_1\" class=\"wpforms-field-large wpforms-field-required choicesjs-select\" data-size-class=\"wpforms-field-row wpforms-field-large\" data-search-enabled=\"\" name=\"wpforms[fields][1]\" required=\"required\"><option value=\"\" class=\"placeholder\" disabled >Wybierz temat<\/option><option value=\"Wybierz temat\"  selected='selected'>Wybierz temat<\/option><option value=\"Bilety i wydarzenia w klubie\" >Bilety i wydarzenia w klubie<\/option><option value=\"Organizacja przyj\u0119cia firmowego oraz marketing i promocja\" >Organizacja przyj\u0119cia firmowego oraz marketing i promocja<\/option><option value=\"Chc\u0119 przes\u0142a\u0107 ofert\u0119 artystyczn\u0105\" >Chc\u0119 przes\u0142a\u0107 ofert\u0119 artystyczn\u0105<\/option><option value=\"Inne\" >Inne<\/option><\/select><\/div><div id=\"wpforms-7217-field_2-container\" class=\"wpforms-field wpforms-field-name\" data-field-id=\"2\"><label class=\"wpforms-field-label wpforms-label-hide\" for=\"wpforms-7217-field_2\" aria-hidden=\"false\">Imi\u0119 i nazwisko <span class=\"wpforms-required-label\" aria-hidden=\"true\">*<\/span><\/label><input type=\"text\" id=\"wpforms-7217-field_2\" class=\"wpforms-field-large wpforms-field-required\" name=\"wpforms[fields][2]\" placeholder=\"Imi\u0119 i nazwisko\" aria-errormessage=\"wpforms-7217-field_2-error\" required><\/div><div id=\"wpforms-7217-field_7-container\" class=\"wpforms-field wpforms-field-layout\" data-field-id=\"7\"><div class=\"wpforms-field-layout-rows wpforms-field-large\"><div class=\"wpforms-layout-row\"><div class=\"wpforms-layout-column wpforms-layout-column-50\"><div id=\"wpforms-7217-field_3-container\" class=\"wpforms-field wpforms-field-email\" data-field-id=\"3\"><label class=\"wpforms-field-label wpforms-label-hide\" for=\"wpforms-7217-field_3\" aria-hidden=\"false\">Adres e-mail <span class=\"wpforms-required-label\" aria-hidden=\"true\">*<\/span><\/label><input type=\"email\" id=\"wpforms-7217-field_3\" class=\"wpforms-field-medium wpforms-field-required\" name=\"wpforms[fields][3]\" placeholder=\"Tw\u00f3j adres e-mail\" spellcheck=\"false\" aria-errormessage=\"wpforms-7217-field_3-error\" required><\/div><\/div><div class=\"wpforms-layout-column wpforms-layout-column-50\"><div id=\"wpforms-7217-field_4-container\" class=\"wpforms-field wpforms-field-phone\" data-field-id=\"4\"><label class=\"wpforms-field-label wpforms-label-hide\" for=\"wpforms-7217-field_4\" aria-hidden=\"false\">Telefon<\/label><input type=\"tel\" id=\"wpforms-7217-field_4\" class=\"wpforms-field-medium\" data-rule-int-phone-field=\"true\" name=\"wpforms[fields][4]\" placeholder=\"Tw\u00f3j numer telefonu\" aria-label=\"Telefon\" aria-errormessage=\"wpforms-7217-field_4-error\" ><\/div><\/div><\/div><\/div><\/div><div id=\"wpforms-7217-field_5-container\" class=\"wpforms-field wpforms-field-textarea\" data-field-id=\"5\"><label class=\"wpforms-field-label wpforms-label-hide\" for=\"wpforms-7217-field_5\" aria-hidden=\"false\">Wiadomo\u015b\u0107<\/label><textarea id=\"wpforms-7217-field_5\" class=\"wpforms-field-large\" name=\"wpforms[fields][5]\" placeholder=\"Schreiben Sie eine Nachricht...\" aria-errormessage=\"wpforms-7217-field_5-error\" ><\/textarea><\/div><div id=\"wpforms-7217-field_8-container\" class=\"wpforms-field wpforms-field-file-upload wpforms-conditional-field wpforms-conditional-show\" data-field-id=\"8\" style=\"display:none;\"><label class=\"wpforms-field-label\" for=\"wpforms-7217-field_8\">Przesy\u0142any plik<\/label><div\n\t\tclass=\"wpforms-uploader\"\n\t\tdata-field-id=\"8\"\n\t\tdata-form-id=\"7217\"\n\t\tdata-input-name=\"wpforms_7217_8\"\n\t\tdata-extensions=\"jpg,jpeg,jpe,gif,png,bmp,tiff,tif,webp,avif,ico,heic,heif,heics,heifs,asf,asx,wmv,wmx,wm,avi,divx,mov,qt,mpeg,mpg,mpe,mp4,m4v,ogv,webm,mkv,3gp,3gpp,3g2,3gp2,txt,asc,c,cc,h,srt,csv,tsv,ics,rtx,css,vtt,mp3,m4a,m4b,aac,ra,ram,wav,ogg,oga,flac,mid,midi,wma,wax,mka,rtf,pdf,class,tar,zip,gz,gzip,rar,7z,psd,xcf,doc,pot,pps,ppt,wri,xla,xls,xlt,xlw,mpp,docx,docm,dotx,dotm,xlsx,xlsm,xlsb,xltx,xltm,xlam,pptx,pptm,ppsx,ppsm,potx,potm,ppam,sldx,sldm,onetoc,onetoc2,onepkg,oxps,xps,odt,odp,ods,odg,odc,odb,odf,wp,wpd,key,numbers,pages\"\n\t\tdata-max-size=\"268435456\"\n\t\tdata-max-file-number=\"1\"\n\t\tdata-post-max-size=\"268435456\"\n\t\tdata-max-parallel-uploads=\"4\"\n\t\tdata-parallel-uploads=\"true\"\n\t\tdata-file-chunk-size=\"2097152\">\n\t<div class=\"dz-message\">\n\t\t<svg viewBox=\"0 0 1024 1024\" focusable=\"false\" data-icon=\"inbox\" width=\"50px\" height=\"50px\" fill=\"currentColor\" aria-hidden=\"true\">\n\t\t\t<path d=\"M885.2 446.3l-.2-.8-112.2-285.1c-5-16.1-19.9-27.2-36.8-27.2H281.2c-17 0-32.1 11.3-36.9 27.6L139.4 443l-.3.7-.2.8c-1.3 4.9-1.7 9.9-1 14.8-.1 1.6-.2 3.2-.2 4.8V830a60.9 60.9 0 0 0 60.8 60.8h627.2c33.5 0 60.8-27.3 60.9-60.8V464.1c0-1.3 0-2.6-.1-3.7.4-4.9 0-9.6-1.3-14.1zm-295.8-43l-.3 15.7c-.8 44.9-31.8 75.1-77.1 75.1-22.1 0-41.1-7.1-54.8-20.6S436 441.2 435.6 419l-.3-15.7H229.5L309 210h399.2l81.7 193.3H589.4zm-375 76.8h157.3c24.3 57.1 76 90.8 140.4 90.8 33.7 0 65-9.4 90.3-27.2 22.2-15.6 39.5-37.4 50.7-63.6h156.5V814H214.4V480.1z\"><\/path>\n\t\t<\/svg>\n\t\t<span class=\"modern-title\">Click or drag a file to this area to upload.<\/span>\n\n\t\t\t<\/div>\n<\/div>\n<input\n\t\ttype=\"text\"\n\t\tautocomplete=\"off\"\n\t\treadonly\n\t\tclass=\"dropzone-input\"\n\t\tstyle=\"position:absolute!important;clip:rect(0,0,0,0)!important;height:1px!important;width:1px!important;border:0!important;overflow:hidden!important;padding:0!important;margin:0!important;\"\n\t\tid=\"wpforms-7217-field_8\"\n\t\tname=\"wpforms_7217_8\" \t\tvalue=\"\">\n<\/div><div id=\"wpforms-7217-field_6-container\" class=\"wpforms-field wpforms-field-checkbox\" data-field-id=\"6\"><fieldset><legend class=\"wpforms-field-label wpforms-label-hide\" aria-hidden=\"false\">Pola wyboru <span class=\"wpforms-required-label\" aria-hidden=\"true\">*<\/span><\/legend><ul id=\"wpforms-7217-field_6\" class=\"wpforms-field-required\"><li class=\"choice-1 depth-1\"><input type=\"checkbox\" id=\"wpforms-7217-field_6_1\" name=\"wpforms[fields][6][]\" value=\"Wyra\u017cam zgod\u0119 na przetwarzanie moich danych osobowych podanych w formularzu przez Vertigo Jazz Club &amp; Restaurant.\" aria-errormessage=\"wpforms-7217-field_6_1-error\" required ><label class=\"wpforms-field-label-inline\" for=\"wpforms-7217-field_6_1\">Wyra\u017cam zgod\u0119 na przetwarzanie moich danych osobowych podanych w formularzu przez Vertigo Jazz Club &amp; Restaurant.<\/label><\/li><\/ul><\/fieldset><\/div><\/div><!-- .wpforms-field-container --><div class=\"wpforms-recaptcha-container wpforms-is-recaptcha wpforms-is-recaptcha-type-v3\" ><input type=\"hidden\" name=\"wpforms[recaptcha]\" value=\"\"><\/div><div class=\"wpforms-submit-container\" ><input type=\"hidden\" name=\"wpforms[id]\" value=\"7217\"><input type=\"hidden\" name=\"page_title\" value=\"\"><input type=\"hidden\" name=\"page_url\" value=\"https:\/\/vertigojazz.pl\/de\/wp-json\/wp\/v2\/pages\/8793\"><input type=\"hidden\" name=\"url_referer\" value=\"\"><button type=\"submit\" name=\"wpforms[submit]\" id=\"wpforms-submit-7217\" class=\"wpforms-submit btn-main\" data-alt-text=\"Wysy\u0142anie...\" data-submit-text=\"Wy\u015blij\" aria-live=\"assertive\" value=\"wpforms-submit\">Wy\u015blij<\/button><img decoding=\"async\" src=\"https:\/\/vertigojazz.pl\/wp-content\/plugins\/wpforms\/assets\/images\/submit-spin.svg\" class=\"wpforms-submit-spinner\" style=\"display: none;\" width=\"26\" height=\"26\" alt=\"Wird geladen\"><\/div><\/form><\/div>  <!-- .wpforms-container -->            <\/div>\r\n        <\/div>\r\n        <div class=\"col-lg-6\">\r\n                <p class='subheading'>Newsletter<\/p>                <div class=\"newsletter\">\r\n                    <div class=\"wpforms-container wpforms-container-full wpforms-render-modern\" id=\"wpforms-7322\"><form id=\"wpforms-form-7322\" class=\"wpforms-validate wpforms-form wpforms-ajax-form\" data-formid=\"7322\" method=\"post\" enctype=\"multipart\/form-data\" action=\"\/de\/wp-json\/wp\/v2\/pages\/8793\" data-token=\"88df748502b56d2ebf8d6312ce1379bc\" data-token-time=\"1776757934\"><noscript class=\"wpforms-error-noscript\">Bitte aktiviere JavaScript in deinem Browser, um dieses Formular fertigzustellen.<\/noscript><div class=\"wpforms-hidden\" id=\"wpforms-error-noscript\">Bitte aktiviere JavaScript in deinem Browser, um dieses Formular fertigzustellen.<\/div><div class=\"wpforms-field-container\"><div id=\"wpforms-7322-field_2-container\" class=\"wpforms-field wpforms-field-html\" data-field-id=\"2\"><div id=\"wpforms-7322-field_2\" aria-errormessage=\"wpforms-7322-field_2-error\"><p class=\"h3\">B\u0105d\u017a na bie\u017c\u0105co<\/p>\r\n<p class=\"desc\">Zapisz si\u0119 do Newslettera i zobacz czym \u017cyje Vertigo Jazz Club &#038; Restaurant<\/p><\/div><\/div><div id=\"wpforms-7322-field_1-container\" class=\"wpforms-field wpforms-field-email\" data-field-id=\"1\"><label class=\"wpforms-field-label wpforms-label-hide\" for=\"wpforms-7322-field_1\" aria-hidden=\"false\">Email <span class=\"wpforms-required-label\" aria-hidden=\"true\">*<\/span><\/label><input type=\"email\" id=\"wpforms-7322-field_1\" class=\"wpforms-field-medium wpforms-field-required\" name=\"wpforms[fields][1]\" placeholder=\"Adres e-mail\" spellcheck=\"false\" aria-errormessage=\"wpforms-7322-field_1-error\" required><\/div><div id=\"wpforms-7322-field_3-container\" class=\"wpforms-field wpforms-field-html\" data-field-id=\"3\"><div id=\"wpforms-7322-field_3\" aria-errormessage=\"wpforms-7322-field_3-error\"><p class=\"approve\">Indem Sie auf &#8222;Newsletter abonnieren&#8220; klicken, erkl\u00e4ren Sie sich mit unserer Datenschutzrichtlinie einverstanden. Ausf\u00fchrliche Informationen \u00fcber unsere Datenschutzpolitik und die Verarbeitung Ihrer pers\u00f6nlichen Daten finden Sie in unserer aktuellen Datenschutzpolitik. Um unsere Newsletter abzubestellen, senden Sie bitte eine E-Mail an: marketing@vertigojazz.pl  <\/p><\/div><\/div><\/div><!-- .wpforms-field-container --><div class=\"wpforms-recaptcha-container wpforms-is-recaptcha wpforms-is-recaptcha-type-v3\" ><input type=\"hidden\" name=\"wpforms[recaptcha]\" value=\"\"><\/div><div class=\"wpforms-submit-container\" ><input type=\"hidden\" name=\"wpforms[id]\" value=\"7322\"><input type=\"hidden\" name=\"page_title\" value=\"\"><input type=\"hidden\" name=\"page_url\" value=\"https:\/\/vertigojazz.pl\/de\/wp-json\/wp\/v2\/pages\/8793\"><input type=\"hidden\" name=\"url_referer\" value=\"\"><button type=\"submit\" name=\"wpforms[submit]\" id=\"wpforms-submit-7322\" class=\"wpforms-submit\" data-alt-text=\"Sending...\" data-submit-text=\"Zapisz si\u0119\" aria-live=\"assertive\" value=\"wpforms-submit\">Zapisz si\u0119<\/button><img decoding=\"async\" src=\"https:\/\/vertigojazz.pl\/wp-content\/plugins\/wpforms\/assets\/images\/submit-spin.svg\" class=\"wpforms-submit-spinner\" style=\"display: none;\" width=\"26\" height=\"26\" alt=\"Wird geladen\"><\/div><\/form><\/div>  <!-- .wpforms-container -->                <\/div>\r\n        <\/div>\r\n    <\/div>\r\n<\/section>\n","protected":false},"excerpt":{"rendered":"","protected":false},"author":4,"featured_media":0,"parent":0,"menu_order":0,"comment_status":"closed","ping_status":"closed","template":"","meta":{"_acf_changed":false,"footnotes":""},"class_list":["post-8793","page","type-page","status-publish","hentry"],"acf":[],"yoast_head":"<!-- This site is optimized with the Yoast SEO plugin v26.0 - https:\/\/yoast.com\/wordpress\/plugins\/seo\/ -->\n<title>Kontakt - Vertigo Jazz Club &amp; Restaurant<\/title>\n<meta name=\"robots\" content=\"index, follow, max-snippet:-1, max-image-preview:large, max-video-preview:-1\" \/>\n<link rel=\"canonical\" href=\"https:\/\/vertigojazz.pl\/de\/kontakt\/\" \/>\n<meta property=\"og:locale\" content=\"de_DE\" \/>\n<meta property=\"og:type\" content=\"article\" \/>\n<meta property=\"og:title\" content=\"Kontakt - Vertigo Jazz Club &amp; Restaurant\" \/>\n<meta property=\"og:url\" content=\"https:\/\/vertigojazz.pl\/de\/kontakt\/\" \/>\n<meta property=\"og:site_name\" content=\"Vertigo Jazz Club &amp; Restaurant\" \/>\n<meta property=\"article:publisher\" content=\"https:\/\/www.facebook.com\/vertigojazzclub\" \/>\n<meta property=\"article:modified_time\" content=\"2026-02-08T10:54:39+00:00\" \/>\n<meta property=\"og:image\" content=\"https:\/\/vertigojazz.pl\/wp-content\/uploads\/2025\/08\/VertigoJazz-Logo_1080_1080.jpeg\" \/>\n\t<meta property=\"og:image:width\" content=\"768\" \/>\n\t<meta property=\"og:image:height\" content=\"768\" \/>\n\t<meta property=\"og:image:type\" content=\"image\/jpeg\" \/>\n<meta name=\"twitter:card\" content=\"summary_large_image\" \/>\n<script type=\"application\/ld+json\" class=\"yoast-schema-graph\">{\"@context\":\"https:\/\/schema.org\",\"@graph\":[{\"@type\":\"WebPage\",\"@id\":\"https:\/\/vertigojazz.pl\/de\/kontakt\/\",\"url\":\"https:\/\/vertigojazz.pl\/de\/kontakt\/\",\"name\":\"Kontakt - Vertigo Jazz Club &amp; Restaurant\",\"isPartOf\":{\"@id\":\"https:\/\/vertigojazz.pl\/#website\"},\"datePublished\":\"2025-02-25T17:52:04+00:00\",\"dateModified\":\"2026-02-08T10:54:39+00:00\",\"breadcrumb\":{\"@id\":\"https:\/\/vertigojazz.pl\/de\/kontakt\/#breadcrumb\"},\"inLanguage\":\"de\",\"potentialAction\":[{\"@type\":\"ReadAction\",\"target\":[\"https:\/\/vertigojazz.pl\/de\/kontakt\/\"]}]},{\"@type\":\"BreadcrumbList\",\"@id\":\"https:\/\/vertigojazz.pl\/de\/kontakt\/#breadcrumb\",\"itemListElement\":[{\"@type\":\"ListItem\",\"position\":1,\"name\":\"Strona g\u0142\u00f3wna\",\"item\":\"https:\/\/vertigojazz.pl\/de\/\"},{\"@type\":\"ListItem\",\"position\":2,\"name\":\"Kontakt\"}]},{\"@type\":\"WebSite\",\"@id\":\"https:\/\/vertigojazz.pl\/#website\",\"url\":\"https:\/\/vertigojazz.pl\/\",\"name\":\"Vertigo Jazz Club & Restaurant\",\"description\":\"klub muzyczny we Wroc\u0142awiu\",\"publisher\":{\"@id\":\"https:\/\/vertigojazz.pl\/#organization\"},\"potentialAction\":[{\"@type\":\"SearchAction\",\"target\":{\"@type\":\"EntryPoint\",\"urlTemplate\":\"https:\/\/vertigojazz.pl\/?s={search_term_string}\"},\"query-input\":{\"@type\":\"PropertyValueSpecification\",\"valueRequired\":true,\"valueName\":\"search_term_string\"}}],\"inLanguage\":\"de\"},{\"@type\":\"Organization\",\"@id\":\"https:\/\/vertigojazz.pl\/#organization\",\"name\":\"Vertigo Jazz Club & Restaurant\",\"alternateName\":\"Klub muzyczny we Wroc\u0142awiu\",\"url\":\"https:\/\/vertigojazz.pl\/\",\"logo\":{\"@type\":\"ImageObject\",\"inLanguage\":\"de\",\"@id\":\"https:\/\/vertigojazz.pl\/#\/schema\/logo\/image\/\",\"url\":\"https:\/\/vertigojazz.pl\/wp-content\/uploads\/2025\/04\/cropped-vertigo_logo_biale-180x180-1.jpg\",\"contentUrl\":\"https:\/\/vertigojazz.pl\/wp-content\/uploads\/2025\/04\/cropped-vertigo_logo_biale-180x180-1.jpg\",\"width\":180,\"height\":180,\"caption\":\"Vertigo Jazz Club & Restaurant\"},\"image\":{\"@id\":\"https:\/\/vertigojazz.pl\/#\/schema\/logo\/image\/\"},\"sameAs\":[\"https:\/\/www.facebook.com\/vertigojazzclub\",\"https:\/\/www.instagram.com\/vertigo_jazz_club\/\",\"https:\/\/www.youtube.com\/channel\/UC8sPrX3Xuv7bfuhfr3XbqXg\",\"https:\/\/www.tiktok.com\/@vertigojazzclub\"]}]}<\/script>\n<!-- \/ Yoast SEO plugin. -->","yoast_head_json":{"title":"Kontakt - Vertigo Jazz Club &amp; Restaurant","robots":{"index":"index","follow":"follow","max-snippet":"max-snippet:-1","max-image-preview":"max-image-preview:large","max-video-preview":"max-video-preview:-1"},"canonical":"https:\/\/vertigojazz.pl\/de\/kontakt\/","og_locale":"de_DE","og_type":"article","og_title":"Kontakt - Vertigo Jazz Club &amp; Restaurant","og_url":"https:\/\/vertigojazz.pl\/de\/kontakt\/","og_site_name":"Vertigo Jazz Club &amp; Restaurant","article_publisher":"https:\/\/www.facebook.com\/vertigojazzclub","article_modified_time":"2026-02-08T10:54:39+00:00","og_image":[{"width":768,"height":768,"url":"https:\/\/vertigojazz.pl\/wp-content\/uploads\/2025\/08\/VertigoJazz-Logo_1080_1080.jpeg","type":"image\/jpeg"}],"twitter_card":"summary_large_image","schema":{"@context":"https:\/\/schema.org","@graph":[{"@type":"WebPage","@id":"https:\/\/vertigojazz.pl\/de\/kontakt\/","url":"https:\/\/vertigojazz.pl\/de\/kontakt\/","name":"Kontakt - Vertigo Jazz Club &amp; Restaurant","isPartOf":{"@id":"https:\/\/vertigojazz.pl\/#website"},"datePublished":"2025-02-25T17:52:04+00:00","dateModified":"2026-02-08T10:54:39+00:00","breadcrumb":{"@id":"https:\/\/vertigojazz.pl\/de\/kontakt\/#breadcrumb"},"inLanguage":"de","potentialAction":[{"@type":"ReadAction","target":["https:\/\/vertigojazz.pl\/de\/kontakt\/"]}]},{"@type":"BreadcrumbList","@id":"https:\/\/vertigojazz.pl\/de\/kontakt\/#breadcrumb","itemListElement":[{"@type":"ListItem","position":1,"name":"Strona g\u0142\u00f3wna","item":"https:\/\/vertigojazz.pl\/de\/"},{"@type":"ListItem","position":2,"name":"Kontakt"}]},{"@type":"WebSite","@id":"https:\/\/vertigojazz.pl\/#website","url":"https:\/\/vertigojazz.pl\/","name":"Vertigo Jazz Club & Restaurant","description":"klub muzyczny we Wroc\u0142awiu","publisher":{"@id":"https:\/\/vertigojazz.pl\/#organization"},"potentialAction":[{"@type":"SearchAction","target":{"@type":"EntryPoint","urlTemplate":"https:\/\/vertigojazz.pl\/?s={search_term_string}"},"query-input":{"@type":"PropertyValueSpecification","valueRequired":true,"valueName":"search_term_string"}}],"inLanguage":"de"},{"@type":"Organization","@id":"https:\/\/vertigojazz.pl\/#organization","name":"Vertigo Jazz Club & Restaurant","alternateName":"Klub muzyczny we Wroc\u0142awiu","url":"https:\/\/vertigojazz.pl\/","logo":{"@type":"ImageObject","inLanguage":"de","@id":"https:\/\/vertigojazz.pl\/#\/schema\/logo\/image\/","url":"https:\/\/vertigojazz.pl\/wp-content\/uploads\/2025\/04\/cropped-vertigo_logo_biale-180x180-1.jpg","contentUrl":"https:\/\/vertigojazz.pl\/wp-content\/uploads\/2025\/04\/cropped-vertigo_logo_biale-180x180-1.jpg","width":180,"height":180,"caption":"Vertigo Jazz Club & Restaurant"},"image":{"@id":"https:\/\/vertigojazz.pl\/#\/schema\/logo\/image\/"},"sameAs":["https:\/\/www.facebook.com\/vertigojazzclub","https:\/\/www.instagram.com\/vertigo_jazz_club\/","https:\/\/www.youtube.com\/channel\/UC8sPrX3Xuv7bfuhfr3XbqXg","https:\/\/www.tiktok.com\/@vertigojazzclub"]}]}},"_links":{"self":[{"href":"https:\/\/vertigojazz.pl\/de\/wp-json\/wp\/v2\/pages\/8793","targetHints":{"allow":["GET"]}}],"collection":[{"href":"https:\/\/vertigojazz.pl\/de\/wp-json\/wp\/v2\/pages"}],"about":[{"href":"https:\/\/vertigojazz.pl\/de\/wp-json\/wp\/v2\/types\/page"}],"author":[{"embeddable":true,"href":"https:\/\/vertigojazz.pl\/de\/wp-json\/wp\/v2\/users\/4"}],"replies":[{"embeddable":true,"href":"https:\/\/vertigojazz.pl\/de\/wp-json\/wp\/v2\/comments?post=8793"}],"version-history":[{"count":15,"href":"https:\/\/vertigojazz.pl\/de\/wp-json\/wp\/v2\/pages\/8793\/revisions"}],"predecessor-version":[{"id":18328,"href":"https:\/\/vertigojazz.pl\/de\/wp-json\/wp\/v2\/pages\/8793\/revisions\/18328"}],"wp:attachment":[{"href":"https:\/\/vertigojazz.pl\/de\/wp-json\/wp\/v2\/media?parent=8793"}],"curies":[{"name":"wp","href":"https:\/\/api.w.org\/{rel}","templated":true}]}}