{"id":15013,"date":"2025-11-18T11:58:55","date_gmt":"2025-11-18T10:58:55","guid":{"rendered":"https:\/\/vertigojazz.pl\/?post_type=product&#038;p=15013"},"modified":"2026-03-13T18:33:15","modified_gmt":"2026-03-13T17:33:15","slug":"torba-bawelniana-vertigo-jazz-do-it","status":"publish","type":"product","link":"https:\/\/vertigojazz.pl\/de\/produkt\/torba-bawelniana-vertigo-jazz-do-it\/","title":{"rendered":"Torba bawe\u0142niana Vertigo JAZZ DO IT"},"content":{"rendered":"","protected":false},"excerpt":{"rendered":"<p data-start=\"33\" data-end=\"456\"><strong data-start=\"33\" data-end=\"73\">Torba bawe\u0142niana Vertigo Jazz Do It!<\/strong>\u00a0to obowi\u0105zkowy gad\u017cet ka\u017cdego prawdziwego fana jazzu. Inspirowana klimatem legendarnych klub\u00f3w i g\u0142\u0119bokim brzmieniem kontrabasu, idealnie \u0142\u0105czy funkcjonalno\u015b\u0107 z muzyczn\u0105 pasj\u0105.<br data-start=\"250\" data-end=\"253\" \/>Wykonana w <strong data-start=\"264\" data-end=\"299\">100% z wysokiej jako\u015bci bawe\u0142ny<\/strong>, jest wytrzyma\u0142a i komfortowa w codziennym u\u017cytkowaniu. \u015awietnie sprawdzi si\u0119 na koncertach, w drodze na jam session, na uczelni\u0119 czy do pracy.<\/p>\n<p data-start=\"458\" data-end=\"691\">Minimalistyczny, a jednocze\u015bnie wyrazisty nadruk sprawia, \u017ce torba przyci\u0105ga uwag\u0119 i podkre\u015bla wyj\u0105tkowy styl jej w\u0142a\u015bciciela. Doskona\u0142y prezent dla mi\u0142o\u015bnik\u00f3w jazzu, muzyk\u00f3w i wszystkich, kt\u00f3rzy kochaj\u0105 rytm, groove i dobr\u0105 energi\u0119.<\/p>\n<p data-start=\"693\" data-end=\"751\" data-is-last-node=\"\" data-is-only-node=\"\"><strong data-start=\"693\" data-end=\"751\" data-is-last-node=\"\">Poka\u017c swoj\u0105 mi\u0142o\u015b\u0107 do jazzu &#8211; no\u015b j\u0105 ze sob\u0105 wsz\u0119dzie!<\/strong><\/p>\n","protected":false},"featured_media":14997,"template":"","meta":{"_acf_changed":false},"product_brand":[],"product_cat":[152],"product_tag":[],"class_list":{"0":"post-15013","1":"product","2":"type-product","3":"status-publish","4":"has-post-thumbnail","6":"product_cat-gadzety-klubu","8":"first","9":"instock","10":"shipping-taxable","11":"purchasable","12":"product-type-simple"},"acf":[],"yoast_head":"<!-- This site is optimized with the Yoast SEO plugin v26.0 - https:\/\/yoast.com\/wordpress\/plugins\/seo\/ -->\n<title>Torba bawe\u0142niana Vertigo JAZZ DO IT - Vertigo Jazz Club &amp; Restaurant<\/title>\n<meta name=\"description\" content=\"Wykonana w 100% z wysokiej jako\u015bci bawe\u0142ny, jest wytrzyma\u0142a i komfortowa w codziennym u\u017cytkowaniu. \u015awietnie sprawdzi si\u0119 na koncertach, w drodze na jam session, na uczelni\u0119 czy do pracy.\" \/>\n<meta name=\"robots\" content=\"index, follow, max-snippet:-1, max-image-preview:large, max-video-preview:-1\" \/>\n<link rel=\"canonical\" href=\"https:\/\/vertigojazz.pl\/produkt\/torba-bawelniana-vertigo-jazz-do-it\/\" \/>\n<meta property=\"og:locale\" content=\"de_DE\" \/>\n<meta property=\"og:type\" content=\"article\" \/>\n<meta property=\"og:title\" content=\"Torba bawe\u0142niana Vertigo JAZZ DO IT - Vertigo Jazz Club &amp; Restaurant\" \/>\n<meta property=\"og:description\" content=\"Wykonana w 100% z wysokiej jako\u015bci bawe\u0142ny, jest wytrzyma\u0142a i komfortowa w codziennym u\u017cytkowaniu. \u015awietnie sprawdzi si\u0119 na koncertach, w drodze na jam session, na uczelni\u0119 czy do pracy.\" \/>\n<meta property=\"og:url\" content=\"https:\/\/vertigojazz.pl\/produkt\/torba-bawelniana-vertigo-jazz-do-it\/\" \/>\n<meta property=\"og:site_name\" content=\"Vertigo Jazz Club &amp; Restaurant\" \/>\n<meta property=\"article:publisher\" content=\"https:\/\/www.facebook.com\/vertigojazzclub\" \/>\n<meta property=\"article:modified_time\" content=\"2026-03-13T17:33:15+00:00\" \/>\n<meta property=\"og:image\" content=\"https:\/\/vertigojazz.pl\/wp-content\/uploads\/2025\/11\/Jazz-do-it.jpg\" \/>\n\t<meta property=\"og:image:width\" content=\"1080\" \/>\n\t<meta property=\"og:image:height\" content=\"1080\" \/>\n\t<meta property=\"og:image:type\" content=\"image\/jpeg\" \/>\n<meta name=\"twitter:card\" content=\"summary_large_image\" \/>\n<meta name=\"twitter:label1\" content=\"Gesch\u00e4tzte Lesezeit\" \/>\n\t<meta name=\"twitter:data1\" content=\"1\u00a0Minute\" \/>\n<script type=\"application\/ld+json\" class=\"yoast-schema-graph\">{\"@context\":\"https:\/\/schema.org\",\"@graph\":[{\"@type\":\"WebPage\",\"@id\":\"https:\/\/vertigojazz.pl\/produkt\/torba-bawelniana-vertigo-jazz-do-it\/\",\"url\":\"https:\/\/vertigojazz.pl\/produkt\/torba-bawelniana-vertigo-jazz-do-it\/\",\"name\":\"Torba bawe\u0142niana Vertigo JAZZ DO IT - Vertigo Jazz Club &amp; Restaurant\",\"isPartOf\":{\"@id\":\"https:\/\/vertigojazz.pl\/#website\"},\"primaryImageOfPage\":{\"@id\":\"https:\/\/vertigojazz.pl\/produkt\/torba-bawelniana-vertigo-jazz-do-it\/#primaryimage\"},\"image\":{\"@id\":\"https:\/\/vertigojazz.pl\/produkt\/torba-bawelniana-vertigo-jazz-do-it\/#primaryimage\"},\"thumbnailUrl\":\"https:\/\/vertigojazz.pl\/wp-content\/uploads\/2025\/11\/Jazz-do-it.jpg\",\"datePublished\":\"2025-11-18T10:58:55+00:00\",\"dateModified\":\"2026-03-13T17:33:15+00:00\",\"description\":\"Wykonana w 100% z wysokiej jako\u015bci bawe\u0142ny, jest wytrzyma\u0142a i komfortowa w codziennym u\u017cytkowaniu. \u015awietnie sprawdzi si\u0119 na koncertach, w drodze na jam session, na uczelni\u0119 czy do pracy.\",\"breadcrumb\":{\"@id\":\"https:\/\/vertigojazz.pl\/produkt\/torba-bawelniana-vertigo-jazz-do-it\/#breadcrumb\"},\"inLanguage\":\"de\",\"potentialAction\":[{\"@type\":\"ReadAction\",\"target\":[\"https:\/\/vertigojazz.pl\/produkt\/torba-bawelniana-vertigo-jazz-do-it\/\"]}]},{\"@type\":\"ImageObject\",\"inLanguage\":\"de\",\"@id\":\"https:\/\/vertigojazz.pl\/produkt\/torba-bawelniana-vertigo-jazz-do-it\/#primaryimage\",\"url\":\"https:\/\/vertigojazz.pl\/wp-content\/uploads\/2025\/11\/Jazz-do-it.jpg\",\"contentUrl\":\"https:\/\/vertigojazz.pl\/wp-content\/uploads\/2025\/11\/Jazz-do-it.jpg\",\"width\":1080,\"height\":1080},{\"@type\":\"BreadcrumbList\",\"@id\":\"https:\/\/vertigojazz.pl\/produkt\/torba-bawelniana-vertigo-jazz-do-it\/#breadcrumb\",\"itemListElement\":[{\"@type\":\"ListItem\",\"position\":1,\"name\":\"Strona g\u0142\u00f3wna\",\"item\":\"https:\/\/vertigojazz.pl\/de\/\"},{\"@type\":\"ListItem\",\"position\":2,\"name\":\"Shop\",\"item\":\"https:\/\/vertigojazz.pl\/de\/shop\/\"},{\"@type\":\"ListItem\",\"position\":3,\"name\":\"Torba bawe\u0142niana Vertigo JAZZ DO IT\"}]},{\"@type\":\"WebSite\",\"@id\":\"https:\/\/vertigojazz.pl\/#website\",\"url\":\"https:\/\/vertigojazz.pl\/\",\"name\":\"Vertigo Jazz Club & Restaurant\",\"description\":\"klub muzyczny we Wroc\u0142awiu\",\"publisher\":{\"@id\":\"https:\/\/vertigojazz.pl\/#organization\"},\"potentialAction\":[{\"@type\":\"SearchAction\",\"target\":{\"@type\":\"EntryPoint\",\"urlTemplate\":\"https:\/\/vertigojazz.pl\/?s={search_term_string}\"},\"query-input\":{\"@type\":\"PropertyValueSpecification\",\"valueRequired\":true,\"valueName\":\"search_term_string\"}}],\"inLanguage\":\"de\"},{\"@type\":\"Organization\",\"@id\":\"https:\/\/vertigojazz.pl\/#organization\",\"name\":\"Vertigo Jazz Club & Restaurant\",\"alternateName\":\"Klub muzyczny we Wroc\u0142awiu\",\"url\":\"https:\/\/vertigojazz.pl\/\",\"logo\":{\"@type\":\"ImageObject\",\"inLanguage\":\"de\",\"@id\":\"https:\/\/vertigojazz.pl\/#\/schema\/logo\/image\/\",\"url\":\"https:\/\/vertigojazz.pl\/wp-content\/uploads\/2025\/04\/cropped-vertigo_logo_biale-180x180-1.jpg\",\"contentUrl\":\"https:\/\/vertigojazz.pl\/wp-content\/uploads\/2025\/04\/cropped-vertigo_logo_biale-180x180-1.jpg\",\"width\":180,\"height\":180,\"caption\":\"Vertigo Jazz Club & Restaurant\"},\"image\":{\"@id\":\"https:\/\/vertigojazz.pl\/#\/schema\/logo\/image\/\"},\"sameAs\":[\"https:\/\/www.facebook.com\/vertigojazzclub\",\"https:\/\/www.instagram.com\/vertigo_jazz_club\/\",\"https:\/\/www.youtube.com\/channel\/UC8sPrX3Xuv7bfuhfr3XbqXg\",\"https:\/\/www.tiktok.com\/@vertigojazzclub\"]}]}<\/script>\n<!-- \/ Yoast SEO plugin. -->","yoast_head_json":{"title":"Torba bawe\u0142niana Vertigo JAZZ DO IT - Vertigo Jazz Club &amp; Restaurant","description":"Wykonana w 100% z wysokiej jako\u015bci bawe\u0142ny, jest wytrzyma\u0142a i komfortowa w codziennym u\u017cytkowaniu. \u015awietnie sprawdzi si\u0119 na koncertach, w drodze na jam session, na uczelni\u0119 czy do pracy.","robots":{"index":"index","follow":"follow","max-snippet":"max-snippet:-1","max-image-preview":"max-image-preview:large","max-video-preview":"max-video-preview:-1"},"canonical":"https:\/\/vertigojazz.pl\/produkt\/torba-bawelniana-vertigo-jazz-do-it\/","og_locale":"de_DE","og_type":"article","og_title":"Torba bawe\u0142niana Vertigo JAZZ DO IT - Vertigo Jazz Club &amp; Restaurant","og_description":"Wykonana w 100% z wysokiej jako\u015bci bawe\u0142ny, jest wytrzyma\u0142a i komfortowa w codziennym u\u017cytkowaniu. \u015awietnie sprawdzi si\u0119 na koncertach, w drodze na jam session, na uczelni\u0119 czy do pracy.","og_url":"https:\/\/vertigojazz.pl\/produkt\/torba-bawelniana-vertigo-jazz-do-it\/","og_site_name":"Vertigo Jazz Club &amp; Restaurant","article_publisher":"https:\/\/www.facebook.com\/vertigojazzclub","article_modified_time":"2026-03-13T17:33:15+00:00","og_image":[{"width":1080,"height":1080,"url":"https:\/\/vertigojazz.pl\/wp-content\/uploads\/2025\/11\/Jazz-do-it.jpg","type":"image\/jpeg"}],"twitter_card":"summary_large_image","twitter_misc":{"Gesch\u00e4tzte Lesezeit":"1\u00a0Minute"},"schema":{"@context":"https:\/\/schema.org","@graph":[{"@type":"WebPage","@id":"https:\/\/vertigojazz.pl\/produkt\/torba-bawelniana-vertigo-jazz-do-it\/","url":"https:\/\/vertigojazz.pl\/produkt\/torba-bawelniana-vertigo-jazz-do-it\/","name":"Torba bawe\u0142niana Vertigo JAZZ DO IT - Vertigo Jazz Club &amp; Restaurant","isPartOf":{"@id":"https:\/\/vertigojazz.pl\/#website"},"primaryImageOfPage":{"@id":"https:\/\/vertigojazz.pl\/produkt\/torba-bawelniana-vertigo-jazz-do-it\/#primaryimage"},"image":{"@id":"https:\/\/vertigojazz.pl\/produkt\/torba-bawelniana-vertigo-jazz-do-it\/#primaryimage"},"thumbnailUrl":"https:\/\/vertigojazz.pl\/wp-content\/uploads\/2025\/11\/Jazz-do-it.jpg","datePublished":"2025-11-18T10:58:55+00:00","dateModified":"2026-03-13T17:33:15+00:00","description":"Wykonana w 100% z wysokiej jako\u015bci bawe\u0142ny, jest wytrzyma\u0142a i komfortowa w codziennym u\u017cytkowaniu. \u015awietnie sprawdzi si\u0119 na koncertach, w drodze na jam session, na uczelni\u0119 czy do pracy.","breadcrumb":{"@id":"https:\/\/vertigojazz.pl\/produkt\/torba-bawelniana-vertigo-jazz-do-it\/#breadcrumb"},"inLanguage":"de","potentialAction":[{"@type":"ReadAction","target":["https:\/\/vertigojazz.pl\/produkt\/torba-bawelniana-vertigo-jazz-do-it\/"]}]},{"@type":"ImageObject","inLanguage":"de","@id":"https:\/\/vertigojazz.pl\/produkt\/torba-bawelniana-vertigo-jazz-do-it\/#primaryimage","url":"https:\/\/vertigojazz.pl\/wp-content\/uploads\/2025\/11\/Jazz-do-it.jpg","contentUrl":"https:\/\/vertigojazz.pl\/wp-content\/uploads\/2025\/11\/Jazz-do-it.jpg","width":1080,"height":1080},{"@type":"BreadcrumbList","@id":"https:\/\/vertigojazz.pl\/produkt\/torba-bawelniana-vertigo-jazz-do-it\/#breadcrumb","itemListElement":[{"@type":"ListItem","position":1,"name":"Strona g\u0142\u00f3wna","item":"https:\/\/vertigojazz.pl\/de\/"},{"@type":"ListItem","position":2,"name":"Shop","item":"https:\/\/vertigojazz.pl\/de\/shop\/"},{"@type":"ListItem","position":3,"name":"Torba bawe\u0142niana Vertigo JAZZ DO IT"}]},{"@type":"WebSite","@id":"https:\/\/vertigojazz.pl\/#website","url":"https:\/\/vertigojazz.pl\/","name":"Vertigo Jazz Club & Restaurant","description":"klub muzyczny we Wroc\u0142awiu","publisher":{"@id":"https:\/\/vertigojazz.pl\/#organization"},"potentialAction":[{"@type":"SearchAction","target":{"@type":"EntryPoint","urlTemplate":"https:\/\/vertigojazz.pl\/?s={search_term_string}"},"query-input":{"@type":"PropertyValueSpecification","valueRequired":true,"valueName":"search_term_string"}}],"inLanguage":"de"},{"@type":"Organization","@id":"https:\/\/vertigojazz.pl\/#organization","name":"Vertigo Jazz Club & Restaurant","alternateName":"Klub muzyczny we Wroc\u0142awiu","url":"https:\/\/vertigojazz.pl\/","logo":{"@type":"ImageObject","inLanguage":"de","@id":"https:\/\/vertigojazz.pl\/#\/schema\/logo\/image\/","url":"https:\/\/vertigojazz.pl\/wp-content\/uploads\/2025\/04\/cropped-vertigo_logo_biale-180x180-1.jpg","contentUrl":"https:\/\/vertigojazz.pl\/wp-content\/uploads\/2025\/04\/cropped-vertigo_logo_biale-180x180-1.jpg","width":180,"height":180,"caption":"Vertigo Jazz Club & Restaurant"},"image":{"@id":"https:\/\/vertigojazz.pl\/#\/schema\/logo\/image\/"},"sameAs":["https:\/\/www.facebook.com\/vertigojazzclub","https:\/\/www.instagram.com\/vertigo_jazz_club\/","https:\/\/www.youtube.com\/channel\/UC8sPrX3Xuv7bfuhfr3XbqXg","https:\/\/www.tiktok.com\/@vertigojazzclub"]}]}},"_links":{"self":[{"href":"https:\/\/vertigojazz.pl\/de\/wp-json\/wp\/v2\/product\/15013","targetHints":{"allow":["GET"]}}],"collection":[{"href":"https:\/\/vertigojazz.pl\/de\/wp-json\/wp\/v2\/product"}],"about":[{"href":"https:\/\/vertigojazz.pl\/de\/wp-json\/wp\/v2\/types\/product"}],"wp:featuredmedia":[{"embeddable":true,"href":"https:\/\/vertigojazz.pl\/de\/wp-json\/wp\/v2\/media\/14997"}],"wp:attachment":[{"href":"https:\/\/vertigojazz.pl\/de\/wp-json\/wp\/v2\/media?parent=15013"}],"wp:term":[{"taxonomy":"product_brand","embeddable":true,"href":"https:\/\/vertigojazz.pl\/de\/wp-json\/wp\/v2\/product_brand?post=15013"},{"taxonomy":"product_cat","embeddable":true,"href":"https:\/\/vertigojazz.pl\/de\/wp-json\/wp\/v2\/product_cat?post=15013"},{"taxonomy":"product_tag","embeddable":true,"href":"https:\/\/vertigojazz.pl\/de\/wp-json\/wp\/v2\/product_tag?post=15013"}],"curies":[{"name":"wp","href":"https:\/\/api.w.org\/{rel}","templated":true}]}}