{"id":15504,"date":"2025-12-03T10:25:14","date_gmt":"2025-12-03T09:25:14","guid":{"rendered":"https:\/\/vertigojazz.pl\/?post_type=product&#038;p=15504"},"modified":"2026-05-07T10:06:08","modified_gmt":"2026-05-07T08:06:08","slug":"koktajle-gwiazd-warsztaty-barmanskie","status":"publish","type":"product","link":"https:\/\/vertigojazz.pl\/de\/produkt\/koktajle-gwiazd-warsztaty-barmanskie\/","title":{"rendered":"Koktajle gwiazd &#8211; warsztaty barma\u0144skie"},"content":{"rendered":"","protected":false},"excerpt":{"rendered":"<p><span style=\"font-weight: 400;\">Zapraszamy Ci\u0119 na wyj\u0105tkowy wiecz\u00f3r, podczas kt\u00f3rego poczujesz si\u0119 jak na planie filmowym pe\u0142nym b\u0142ysku, stylu i\u2026 doskonale zmieszanych koktajli. Nasza podr\u00f3\u017c po \u015bwiecie Koktajli Gwiazd zabierze Ci\u0119 tam, gdzie elegancja spotyka si\u0119 z fantazj\u0105, a ka\u017cdy \u0142yk smakuje jak czerwony dywan w p\u0142ynie.<\/span><\/p>\n<p><span style=\"font-weight: 400;\">A teraz \u015bwiat\u0142a, kamera\u2026 koktajle!<\/span><span style=\"font-weight: 400;\"><br \/>\n<\/span><span style=\"font-weight: 400;\"> Wsp\u00f3lnie odkryjemy kompozycje, kt\u00f3re zdoby\u0142y s\u0142aw\u0119 dzi\u0119ki kultowym produkcjom \u2014 od legendarnego Martini Jamesa Bonda, wstrz\u0105\u015bni\u0119tego, nie mieszanego, po Cosmopolitan znany z \u201eSeksu w wielkim mie\u015bcie\u201d. Pod okiem do\u015bwiadczonych barman\u00f3w nauczysz si\u0119 tworzy\u0107 te filmowe klasyki oraz inne koktajlowe gwiazdy, kt\u00f3re podbi\u0142y ekrany i serca fan\u00f3w kina.<\/span><\/p>\n<p><span style=\"font-weight: 400;\">Ka\u017cdy z tych koktajli ma swoj\u0105 histori\u0119, charakter i styl \u2014 a co najlepsze, z \u0142atwo\u015bci\u0105 przygotujesz je p\u00f3\u017aniej u siebie w domu. Wystarczy moment, by poczu\u0107 klimat bondowskiego kasyna, manhatta\u0144skiego zgie\u0142ku albo sceny, kt\u00f3ra od zawsze mia\u0142a w sobie to \u201eco\u015b\u201d.<\/span><\/p>\n<p><span style=\"font-weight: 400;\">Przyjd\u017a i odkryj smak kina w szklance \u2014 elegancki, zabawny i pe\u0142en charakteru.<\/span><\/p>\n","protected":false},"featured_media":20425,"template":"","meta":{"_acf_changed":false},"product_brand":[],"product_cat":[153],"product_tag":[],"class_list":{"0":"post-15504","1":"product","2":"type-product","3":"status-publish","4":"has-post-thumbnail","6":"product_cat-warsztaty","8":"first","9":"instock","10":"shipping-taxable","11":"purchasable","12":"product-type-simple"},"acf":[],"yoast_head":"<!-- This site is optimized with the Yoast SEO plugin v26.0 - https:\/\/yoast.com\/wordpress\/plugins\/seo\/ -->\n<title>Koktajle gwiazd - warsztaty barma\u0144skie - Vertigo Jazz Club &amp; Restaurant<\/title>\n<meta name=\"description\" content=\"Ka\u017cdy z tych koktajli ma swoj\u0105 histori\u0119, charakter i styl, a co najlepsze, z \u0142atwo\u015bci\u0105 przygotujesz je p\u00f3\u017aniej u siebie w domu.\" \/>\n<meta name=\"robots\" content=\"index, follow, max-snippet:-1, max-image-preview:large, max-video-preview:-1\" \/>\n<link rel=\"canonical\" href=\"https:\/\/vertigojazz.pl\/produkt\/koktajle-gwiazd-warsztaty-barmanskie\/\" \/>\n<meta property=\"og:locale\" content=\"de_DE\" \/>\n<meta property=\"og:type\" content=\"article\" \/>\n<meta property=\"og:title\" content=\"Koktajle gwiazd - warsztaty barma\u0144skie - Vertigo Jazz Club &amp; Restaurant\" \/>\n<meta property=\"og:description\" content=\"Ka\u017cdy z tych koktajli ma swoj\u0105 histori\u0119, charakter i styl, a co najlepsze, z \u0142atwo\u015bci\u0105 przygotujesz je p\u00f3\u017aniej u siebie w domu.\" \/>\n<meta property=\"og:url\" content=\"https:\/\/vertigojazz.pl\/produkt\/koktajle-gwiazd-warsztaty-barmanskie\/\" \/>\n<meta property=\"og:site_name\" content=\"Vertigo Jazz Club &amp; Restaurant\" \/>\n<meta property=\"article:publisher\" content=\"https:\/\/www.facebook.com\/vertigojazzclub\" \/>\n<meta property=\"article:modified_time\" content=\"2026-05-07T08:06:08+00:00\" \/>\n<meta property=\"og:image\" content=\"https:\/\/vertigojazz.pl\/wp-content\/uploads\/2025\/12\/kwadrat-13.06.jpg\" \/>\n\t<meta property=\"og:image:width\" content=\"1080\" \/>\n\t<meta property=\"og:image:height\" content=\"1080\" \/>\n\t<meta property=\"og:image:type\" content=\"image\/jpeg\" \/>\n<meta name=\"twitter:card\" content=\"summary_large_image\" \/>\n<meta name=\"twitter:label1\" content=\"Gesch\u00e4tzte Lesezeit\" \/>\n\t<meta name=\"twitter:data1\" content=\"1\u00a0Minute\" \/>\n<script type=\"application\/ld+json\" class=\"yoast-schema-graph\">{\"@context\":\"https:\/\/schema.org\",\"@graph\":[{\"@type\":\"WebPage\",\"@id\":\"https:\/\/vertigojazz.pl\/produkt\/koktajle-gwiazd-warsztaty-barmanskie\/\",\"url\":\"https:\/\/vertigojazz.pl\/produkt\/koktajle-gwiazd-warsztaty-barmanskie\/\",\"name\":\"Koktajle gwiazd - warsztaty barma\u0144skie - Vertigo Jazz Club &amp; Restaurant\",\"isPartOf\":{\"@id\":\"https:\/\/vertigojazz.pl\/#website\"},\"primaryImageOfPage\":{\"@id\":\"https:\/\/vertigojazz.pl\/produkt\/koktajle-gwiazd-warsztaty-barmanskie\/#primaryimage\"},\"image\":{\"@id\":\"https:\/\/vertigojazz.pl\/produkt\/koktajle-gwiazd-warsztaty-barmanskie\/#primaryimage\"},\"thumbnailUrl\":\"https:\/\/vertigojazz.pl\/wp-content\/uploads\/2025\/12\/kwadrat-13.06.jpg\",\"datePublished\":\"2025-12-03T09:25:14+00:00\",\"dateModified\":\"2026-05-07T08:06:08+00:00\",\"description\":\"Ka\u017cdy z tych koktajli ma swoj\u0105 histori\u0119, charakter i styl, a co najlepsze, z \u0142atwo\u015bci\u0105 przygotujesz je p\u00f3\u017aniej u siebie w domu.\",\"breadcrumb\":{\"@id\":\"https:\/\/vertigojazz.pl\/produkt\/koktajle-gwiazd-warsztaty-barmanskie\/#breadcrumb\"},\"inLanguage\":\"de\",\"potentialAction\":[{\"@type\":\"ReadAction\",\"target\":[\"https:\/\/vertigojazz.pl\/produkt\/koktajle-gwiazd-warsztaty-barmanskie\/\"]}]},{\"@type\":\"ImageObject\",\"inLanguage\":\"de\",\"@id\":\"https:\/\/vertigojazz.pl\/produkt\/koktajle-gwiazd-warsztaty-barmanskie\/#primaryimage\",\"url\":\"https:\/\/vertigojazz.pl\/wp-content\/uploads\/2025\/12\/kwadrat-13.06.jpg\",\"contentUrl\":\"https:\/\/vertigojazz.pl\/wp-content\/uploads\/2025\/12\/kwadrat-13.06.jpg\",\"width\":1080,\"height\":1080},{\"@type\":\"BreadcrumbList\",\"@id\":\"https:\/\/vertigojazz.pl\/produkt\/koktajle-gwiazd-warsztaty-barmanskie\/#breadcrumb\",\"itemListElement\":[{\"@type\":\"ListItem\",\"position\":1,\"name\":\"Strona g\u0142\u00f3wna\",\"item\":\"https:\/\/vertigojazz.pl\/de\/\"},{\"@type\":\"ListItem\",\"position\":2,\"name\":\"Shop\",\"item\":\"https:\/\/vertigojazz.pl\/de\/shop\/\"},{\"@type\":\"ListItem\",\"position\":3,\"name\":\"Koktajle gwiazd &#8211; warsztaty barma\u0144skie\"}]},{\"@type\":\"WebSite\",\"@id\":\"https:\/\/vertigojazz.pl\/#website\",\"url\":\"https:\/\/vertigojazz.pl\/\",\"name\":\"Vertigo Jazz Club & Restaurant\",\"description\":\"klub muzyczny we Wroc\u0142awiu\",\"publisher\":{\"@id\":\"https:\/\/vertigojazz.pl\/#organization\"},\"potentialAction\":[{\"@type\":\"SearchAction\",\"target\":{\"@type\":\"EntryPoint\",\"urlTemplate\":\"https:\/\/vertigojazz.pl\/?s={search_term_string}\"},\"query-input\":{\"@type\":\"PropertyValueSpecification\",\"valueRequired\":true,\"valueName\":\"search_term_string\"}}],\"inLanguage\":\"de\"},{\"@type\":\"Organization\",\"@id\":\"https:\/\/vertigojazz.pl\/#organization\",\"name\":\"Vertigo Jazz Club & Restaurant\",\"alternateName\":\"Klub muzyczny we Wroc\u0142awiu\",\"url\":\"https:\/\/vertigojazz.pl\/\",\"logo\":{\"@type\":\"ImageObject\",\"inLanguage\":\"de\",\"@id\":\"https:\/\/vertigojazz.pl\/#\/schema\/logo\/image\/\",\"url\":\"https:\/\/vertigojazz.pl\/wp-content\/uploads\/2025\/04\/cropped-vertigo_logo_biale-180x180-1.jpg\",\"contentUrl\":\"https:\/\/vertigojazz.pl\/wp-content\/uploads\/2025\/04\/cropped-vertigo_logo_biale-180x180-1.jpg\",\"width\":180,\"height\":180,\"caption\":\"Vertigo Jazz Club & Restaurant\"},\"image\":{\"@id\":\"https:\/\/vertigojazz.pl\/#\/schema\/logo\/image\/\"},\"sameAs\":[\"https:\/\/www.facebook.com\/vertigojazzclub\",\"https:\/\/www.instagram.com\/vertigo_jazz_club\/\",\"https:\/\/www.youtube.com\/channel\/UC8sPrX3Xuv7bfuhfr3XbqXg\",\"https:\/\/www.tiktok.com\/@vertigojazzclub\"]}]}<\/script>\n<!-- \/ Yoast SEO plugin. -->","yoast_head_json":{"title":"Koktajle gwiazd - warsztaty barma\u0144skie - Vertigo Jazz Club &amp; Restaurant","description":"Ka\u017cdy z tych koktajli ma swoj\u0105 histori\u0119, charakter i styl, a co najlepsze, z \u0142atwo\u015bci\u0105 przygotujesz je p\u00f3\u017aniej u siebie w domu.","robots":{"index":"index","follow":"follow","max-snippet":"max-snippet:-1","max-image-preview":"max-image-preview:large","max-video-preview":"max-video-preview:-1"},"canonical":"https:\/\/vertigojazz.pl\/produkt\/koktajle-gwiazd-warsztaty-barmanskie\/","og_locale":"de_DE","og_type":"article","og_title":"Koktajle gwiazd - warsztaty barma\u0144skie - Vertigo Jazz Club &amp; Restaurant","og_description":"Ka\u017cdy z tych koktajli ma swoj\u0105 histori\u0119, charakter i styl, a co najlepsze, z \u0142atwo\u015bci\u0105 przygotujesz je p\u00f3\u017aniej u siebie w domu.","og_url":"https:\/\/vertigojazz.pl\/produkt\/koktajle-gwiazd-warsztaty-barmanskie\/","og_site_name":"Vertigo Jazz Club &amp; Restaurant","article_publisher":"https:\/\/www.facebook.com\/vertigojazzclub","article_modified_time":"2026-05-07T08:06:08+00:00","og_image":[{"width":1080,"height":1080,"url":"https:\/\/vertigojazz.pl\/wp-content\/uploads\/2025\/12\/kwadrat-13.06.jpg","type":"image\/jpeg"}],"twitter_card":"summary_large_image","twitter_misc":{"Gesch\u00e4tzte Lesezeit":"1\u00a0Minute"},"schema":{"@context":"https:\/\/schema.org","@graph":[{"@type":"WebPage","@id":"https:\/\/vertigojazz.pl\/produkt\/koktajle-gwiazd-warsztaty-barmanskie\/","url":"https:\/\/vertigojazz.pl\/produkt\/koktajle-gwiazd-warsztaty-barmanskie\/","name":"Koktajle gwiazd - warsztaty barma\u0144skie - Vertigo Jazz Club &amp; Restaurant","isPartOf":{"@id":"https:\/\/vertigojazz.pl\/#website"},"primaryImageOfPage":{"@id":"https:\/\/vertigojazz.pl\/produkt\/koktajle-gwiazd-warsztaty-barmanskie\/#primaryimage"},"image":{"@id":"https:\/\/vertigojazz.pl\/produkt\/koktajle-gwiazd-warsztaty-barmanskie\/#primaryimage"},"thumbnailUrl":"https:\/\/vertigojazz.pl\/wp-content\/uploads\/2025\/12\/kwadrat-13.06.jpg","datePublished":"2025-12-03T09:25:14+00:00","dateModified":"2026-05-07T08:06:08+00:00","description":"Ka\u017cdy z tych koktajli ma swoj\u0105 histori\u0119, charakter i styl, a co najlepsze, z \u0142atwo\u015bci\u0105 przygotujesz je p\u00f3\u017aniej u siebie w domu.","breadcrumb":{"@id":"https:\/\/vertigojazz.pl\/produkt\/koktajle-gwiazd-warsztaty-barmanskie\/#breadcrumb"},"inLanguage":"de","potentialAction":[{"@type":"ReadAction","target":["https:\/\/vertigojazz.pl\/produkt\/koktajle-gwiazd-warsztaty-barmanskie\/"]}]},{"@type":"ImageObject","inLanguage":"de","@id":"https:\/\/vertigojazz.pl\/produkt\/koktajle-gwiazd-warsztaty-barmanskie\/#primaryimage","url":"https:\/\/vertigojazz.pl\/wp-content\/uploads\/2025\/12\/kwadrat-13.06.jpg","contentUrl":"https:\/\/vertigojazz.pl\/wp-content\/uploads\/2025\/12\/kwadrat-13.06.jpg","width":1080,"height":1080},{"@type":"BreadcrumbList","@id":"https:\/\/vertigojazz.pl\/produkt\/koktajle-gwiazd-warsztaty-barmanskie\/#breadcrumb","itemListElement":[{"@type":"ListItem","position":1,"name":"Strona g\u0142\u00f3wna","item":"https:\/\/vertigojazz.pl\/de\/"},{"@type":"ListItem","position":2,"name":"Shop","item":"https:\/\/vertigojazz.pl\/de\/shop\/"},{"@type":"ListItem","position":3,"name":"Koktajle gwiazd &#8211; warsztaty barma\u0144skie"}]},{"@type":"WebSite","@id":"https:\/\/vertigojazz.pl\/#website","url":"https:\/\/vertigojazz.pl\/","name":"Vertigo Jazz Club & Restaurant","description":"klub muzyczny we Wroc\u0142awiu","publisher":{"@id":"https:\/\/vertigojazz.pl\/#organization"},"potentialAction":[{"@type":"SearchAction","target":{"@type":"EntryPoint","urlTemplate":"https:\/\/vertigojazz.pl\/?s={search_term_string}"},"query-input":{"@type":"PropertyValueSpecification","valueRequired":true,"valueName":"search_term_string"}}],"inLanguage":"de"},{"@type":"Organization","@id":"https:\/\/vertigojazz.pl\/#organization","name":"Vertigo Jazz Club & Restaurant","alternateName":"Klub muzyczny we Wroc\u0142awiu","url":"https:\/\/vertigojazz.pl\/","logo":{"@type":"ImageObject","inLanguage":"de","@id":"https:\/\/vertigojazz.pl\/#\/schema\/logo\/image\/","url":"https:\/\/vertigojazz.pl\/wp-content\/uploads\/2025\/04\/cropped-vertigo_logo_biale-180x180-1.jpg","contentUrl":"https:\/\/vertigojazz.pl\/wp-content\/uploads\/2025\/04\/cropped-vertigo_logo_biale-180x180-1.jpg","width":180,"height":180,"caption":"Vertigo Jazz Club & Restaurant"},"image":{"@id":"https:\/\/vertigojazz.pl\/#\/schema\/logo\/image\/"},"sameAs":["https:\/\/www.facebook.com\/vertigojazzclub","https:\/\/www.instagram.com\/vertigo_jazz_club\/","https:\/\/www.youtube.com\/channel\/UC8sPrX3Xuv7bfuhfr3XbqXg","https:\/\/www.tiktok.com\/@vertigojazzclub"]}]}},"_links":{"self":[{"href":"https:\/\/vertigojazz.pl\/de\/wp-json\/wp\/v2\/product\/15504","targetHints":{"allow":["GET"]}}],"collection":[{"href":"https:\/\/vertigojazz.pl\/de\/wp-json\/wp\/v2\/product"}],"about":[{"href":"https:\/\/vertigojazz.pl\/de\/wp-json\/wp\/v2\/types\/product"}],"wp:featuredmedia":[{"embeddable":true,"href":"https:\/\/vertigojazz.pl\/de\/wp-json\/wp\/v2\/media\/20425"}],"wp:attachment":[{"href":"https:\/\/vertigojazz.pl\/de\/wp-json\/wp\/v2\/media?parent=15504"}],"wp:term":[{"taxonomy":"product_brand","embeddable":true,"href":"https:\/\/vertigojazz.pl\/de\/wp-json\/wp\/v2\/product_brand?post=15504"},{"taxonomy":"product_cat","embeddable":true,"href":"https:\/\/vertigojazz.pl\/de\/wp-json\/wp\/v2\/product_cat?post=15504"},{"taxonomy":"product_tag","embeddable":true,"href":"https:\/\/vertigojazz.pl\/de\/wp-json\/wp\/v2\/product_tag?post=15504"}],"curies":[{"name":"wp","href":"https:\/\/api.w.org\/{rel}","templated":true}]}}