{"id":15777,"date":"2025-12-11T14:36:58","date_gmt":"2025-12-11T13:36:58","guid":{"rendered":"https:\/\/vertigojazz.pl\/?post_type=product&#038;p=15777"},"modified":"2025-12-28T19:44:43","modified_gmt":"2025-12-28T18:44:43","slug":"zestaw-vertigo-friend","status":"publish","type":"product","link":"https:\/\/vertigojazz.pl\/de\/produkt\/zestaw-vertigo-friend\/","title":{"rendered":"Zestaw Vertigo Friend"},"content":{"rendered":"","protected":false},"excerpt":{"rendered":"<p data-start=\"35\" data-end=\"327\"><strong data-start=\"35\" data-end=\"60\">Zestaw Vertigo Friend<\/strong> to idealny prezent dla ka\u017cdego, kto kocha klimat jazzu i chce mie\u0107 ze sob\u0105 odrobin\u0119 Vertigo na co dzie\u0144. Praktyczny, stylowy i pe\u0142en muzycznego charakteru, sprawdzi si\u0119 zar\u00f3wno dla sta\u0142ych bywalc\u00f3w klubu, jak i os\u00f3b, kt\u00f3re dopiero zaczynaj\u0105 swoj\u0105 przygod\u0119 z jazzem.<\/p>\n<p data-start=\"329\" data-end=\"348\">Zestaw zawiera:<\/p>\n<ul data-start=\"350\" data-end=\"621\">\n<li data-start=\"350\" data-end=\"443\">\n<p data-start=\"352\" data-end=\"443\"><strong data-start=\"352\" data-end=\"396\">Automatyczny parasol kieszonkowy Vertigo<\/strong> &#8211; (do wyboru: bordowy lub czarny)<\/p>\n<\/li>\n<li data-start=\"444\" data-end=\"531\">\n<p data-start=\"446\" data-end=\"531\"><strong data-start=\"446\" data-end=\"466\">Torba bawe\u0142niana<\/strong> (1 z 4 wzor\u00f3w: basista \/ saksofonista \/ pianista \/ jazz do it)<\/p>\n<\/li>\n<li data-start=\"532\" data-end=\"621\">\n<p data-start=\"534\" data-end=\"621\"><strong data-start=\"534\" data-end=\"572\">Voucher biletowy o warto\u015bci 100 z\u0142<\/strong> do wykorzystania na wybrane wydarzenie w Vertigo<\/p>\n<\/li>\n<\/ul>\n<p><span style=\"font-weight: 400;\">Zestaw jest estetycznie i starannie zapakowany, dzi\u0119ki czemu prezentuje si\u0119 wyj\u0105tkowo ju\u017c od pierwszego spojrzenia. Idealnie nadaje si\u0119 na prezent dla mi\u0142o\u015bnika muzyki lub jako stylowa pami\u0105tka z klubu.<\/span><\/p>\n<p data-start=\"753\" data-end=\"882\" data-is-last-node=\"\" data-is-only-node=\"\">*W uwagach do zam\u00f3wienia prosimy o informacj\u0119, kt\u00f3ry kolor parasola oraz kt\u00f3ry wariant torby Pa\u0144stwo wybieraj\u0105.<\/p>\n","protected":false},"featured_media":15782,"template":"","meta":{"_acf_changed":false},"product_brand":[],"product_cat":[145],"product_tag":[],"class_list":{"0":"post-15777","1":"product","2":"type-product","3":"status-publish","4":"has-post-thumbnail","6":"product_cat-zestawy-prezentowe","8":"first","9":"instock","10":"shipping-taxable","11":"purchasable","12":"product-type-simple"},"acf":[],"yoast_head":"<!-- This site is optimized with the Yoast SEO plugin v26.0 - https:\/\/yoast.com\/wordpress\/plugins\/seo\/ -->\n<title>Zestaw Vertigo Friend - Vertigo Jazz Club &amp; Restaurant<\/title>\n<meta name=\"description\" content=\"Zestaw jest estetycznie i starannie zapakowany. Idealnie nadaje si\u0119 na prezent dla mi\u0142o\u015bnika muzyki lub jako stylowa pami\u0105tka z klubu.\" \/>\n<meta name=\"robots\" content=\"index, follow, max-snippet:-1, max-image-preview:large, max-video-preview:-1\" \/>\n<link rel=\"canonical\" href=\"https:\/\/vertigojazz.pl\/produkt\/zestaw-vertigo-friend\/\" \/>\n<meta property=\"og:locale\" content=\"de_DE\" \/>\n<meta property=\"og:type\" content=\"article\" \/>\n<meta property=\"og:title\" content=\"Zestaw Vertigo Friend - Vertigo Jazz Club &amp; Restaurant\" \/>\n<meta property=\"og:description\" content=\"Zestaw jest estetycznie i starannie zapakowany. Idealnie nadaje si\u0119 na prezent dla mi\u0142o\u015bnika muzyki lub jako stylowa pami\u0105tka z klubu.\" \/>\n<meta property=\"og:url\" content=\"https:\/\/vertigojazz.pl\/produkt\/zestaw-vertigo-friend\/\" \/>\n<meta property=\"og:site_name\" content=\"Vertigo Jazz Club &amp; Restaurant\" \/>\n<meta property=\"article:publisher\" content=\"https:\/\/www.facebook.com\/vertigojazzclub\" \/>\n<meta property=\"article:modified_time\" content=\"2025-12-28T18:44:43+00:00\" \/>\n<meta property=\"og:image\" content=\"https:\/\/vertigojazz.pl\/wp-content\/uploads\/2025\/12\/zestaw-2.jpg\" \/>\n\t<meta property=\"og:image:width\" content=\"1080\" \/>\n\t<meta property=\"og:image:height\" content=\"1080\" \/>\n\t<meta property=\"og:image:type\" content=\"image\/jpeg\" \/>\n<meta name=\"twitter:card\" content=\"summary_large_image\" \/>\n<meta name=\"twitter:label1\" content=\"Gesch\u00e4tzte Lesezeit\" \/>\n\t<meta name=\"twitter:data1\" content=\"1\u00a0Minute\" \/>\n<script type=\"application\/ld+json\" class=\"yoast-schema-graph\">{\"@context\":\"https:\/\/schema.org\",\"@graph\":[{\"@type\":\"WebPage\",\"@id\":\"https:\/\/vertigojazz.pl\/produkt\/zestaw-vertigo-friend\/\",\"url\":\"https:\/\/vertigojazz.pl\/produkt\/zestaw-vertigo-friend\/\",\"name\":\"Zestaw Vertigo Friend - Vertigo Jazz Club &amp; Restaurant\",\"isPartOf\":{\"@id\":\"https:\/\/vertigojazz.pl\/#website\"},\"primaryImageOfPage\":{\"@id\":\"https:\/\/vertigojazz.pl\/produkt\/zestaw-vertigo-friend\/#primaryimage\"},\"image\":{\"@id\":\"https:\/\/vertigojazz.pl\/produkt\/zestaw-vertigo-friend\/#primaryimage\"},\"thumbnailUrl\":\"https:\/\/vertigojazz.pl\/wp-content\/uploads\/2025\/12\/zestaw-2.jpg\",\"datePublished\":\"2025-12-11T13:36:58+00:00\",\"dateModified\":\"2025-12-28T18:44:43+00:00\",\"description\":\"Zestaw jest estetycznie i starannie zapakowany. Idealnie nadaje si\u0119 na prezent dla mi\u0142o\u015bnika muzyki lub jako stylowa pami\u0105tka z klubu.\",\"breadcrumb\":{\"@id\":\"https:\/\/vertigojazz.pl\/produkt\/zestaw-vertigo-friend\/#breadcrumb\"},\"inLanguage\":\"de\",\"potentialAction\":[{\"@type\":\"ReadAction\",\"target\":[\"https:\/\/vertigojazz.pl\/produkt\/zestaw-vertigo-friend\/\"]}]},{\"@type\":\"ImageObject\",\"inLanguage\":\"de\",\"@id\":\"https:\/\/vertigojazz.pl\/produkt\/zestaw-vertigo-friend\/#primaryimage\",\"url\":\"https:\/\/vertigojazz.pl\/wp-content\/uploads\/2025\/12\/zestaw-2.jpg\",\"contentUrl\":\"https:\/\/vertigojazz.pl\/wp-content\/uploads\/2025\/12\/zestaw-2.jpg\",\"width\":1080,\"height\":1080},{\"@type\":\"BreadcrumbList\",\"@id\":\"https:\/\/vertigojazz.pl\/produkt\/zestaw-vertigo-friend\/#breadcrumb\",\"itemListElement\":[{\"@type\":\"ListItem\",\"position\":1,\"name\":\"Strona g\u0142\u00f3wna\",\"item\":\"https:\/\/vertigojazz.pl\/de\/\"},{\"@type\":\"ListItem\",\"position\":2,\"name\":\"Shop\",\"item\":\"https:\/\/vertigojazz.pl\/de\/shop\/\"},{\"@type\":\"ListItem\",\"position\":3,\"name\":\"Zestaw Vertigo Friend\"}]},{\"@type\":\"WebSite\",\"@id\":\"https:\/\/vertigojazz.pl\/#website\",\"url\":\"https:\/\/vertigojazz.pl\/\",\"name\":\"Vertigo Jazz Club & Restaurant\",\"description\":\"klub muzyczny we Wroc\u0142awiu\",\"publisher\":{\"@id\":\"https:\/\/vertigojazz.pl\/#organization\"},\"potentialAction\":[{\"@type\":\"SearchAction\",\"target\":{\"@type\":\"EntryPoint\",\"urlTemplate\":\"https:\/\/vertigojazz.pl\/?s={search_term_string}\"},\"query-input\":{\"@type\":\"PropertyValueSpecification\",\"valueRequired\":true,\"valueName\":\"search_term_string\"}}],\"inLanguage\":\"de\"},{\"@type\":\"Organization\",\"@id\":\"https:\/\/vertigojazz.pl\/#organization\",\"name\":\"Vertigo Jazz Club & Restaurant\",\"alternateName\":\"Klub muzyczny we Wroc\u0142awiu\",\"url\":\"https:\/\/vertigojazz.pl\/\",\"logo\":{\"@type\":\"ImageObject\",\"inLanguage\":\"de\",\"@id\":\"https:\/\/vertigojazz.pl\/#\/schema\/logo\/image\/\",\"url\":\"https:\/\/vertigojazz.pl\/wp-content\/uploads\/2025\/04\/cropped-vertigo_logo_biale-180x180-1.jpg\",\"contentUrl\":\"https:\/\/vertigojazz.pl\/wp-content\/uploads\/2025\/04\/cropped-vertigo_logo_biale-180x180-1.jpg\",\"width\":180,\"height\":180,\"caption\":\"Vertigo Jazz Club & Restaurant\"},\"image\":{\"@id\":\"https:\/\/vertigojazz.pl\/#\/schema\/logo\/image\/\"},\"sameAs\":[\"https:\/\/www.facebook.com\/vertigojazzclub\",\"https:\/\/www.instagram.com\/vertigo_jazz_club\/\",\"https:\/\/www.youtube.com\/channel\/UC8sPrX3Xuv7bfuhfr3XbqXg\",\"https:\/\/www.tiktok.com\/@vertigojazzclub\"]}]}<\/script>\n<!-- \/ Yoast SEO plugin. -->","yoast_head_json":{"title":"Zestaw Vertigo Friend - Vertigo Jazz Club &amp; Restaurant","description":"Zestaw jest estetycznie i starannie zapakowany. Idealnie nadaje si\u0119 na prezent dla mi\u0142o\u015bnika muzyki lub jako stylowa pami\u0105tka z klubu.","robots":{"index":"index","follow":"follow","max-snippet":"max-snippet:-1","max-image-preview":"max-image-preview:large","max-video-preview":"max-video-preview:-1"},"canonical":"https:\/\/vertigojazz.pl\/produkt\/zestaw-vertigo-friend\/","og_locale":"de_DE","og_type":"article","og_title":"Zestaw Vertigo Friend - Vertigo Jazz Club &amp; Restaurant","og_description":"Zestaw jest estetycznie i starannie zapakowany. Idealnie nadaje si\u0119 na prezent dla mi\u0142o\u015bnika muzyki lub jako stylowa pami\u0105tka z klubu.","og_url":"https:\/\/vertigojazz.pl\/produkt\/zestaw-vertigo-friend\/","og_site_name":"Vertigo Jazz Club &amp; Restaurant","article_publisher":"https:\/\/www.facebook.com\/vertigojazzclub","article_modified_time":"2025-12-28T18:44:43+00:00","og_image":[{"width":1080,"height":1080,"url":"https:\/\/vertigojazz.pl\/wp-content\/uploads\/2025\/12\/zestaw-2.jpg","type":"image\/jpeg"}],"twitter_card":"summary_large_image","twitter_misc":{"Gesch\u00e4tzte Lesezeit":"1\u00a0Minute"},"schema":{"@context":"https:\/\/schema.org","@graph":[{"@type":"WebPage","@id":"https:\/\/vertigojazz.pl\/produkt\/zestaw-vertigo-friend\/","url":"https:\/\/vertigojazz.pl\/produkt\/zestaw-vertigo-friend\/","name":"Zestaw Vertigo Friend - Vertigo Jazz Club &amp; Restaurant","isPartOf":{"@id":"https:\/\/vertigojazz.pl\/#website"},"primaryImageOfPage":{"@id":"https:\/\/vertigojazz.pl\/produkt\/zestaw-vertigo-friend\/#primaryimage"},"image":{"@id":"https:\/\/vertigojazz.pl\/produkt\/zestaw-vertigo-friend\/#primaryimage"},"thumbnailUrl":"https:\/\/vertigojazz.pl\/wp-content\/uploads\/2025\/12\/zestaw-2.jpg","datePublished":"2025-12-11T13:36:58+00:00","dateModified":"2025-12-28T18:44:43+00:00","description":"Zestaw jest estetycznie i starannie zapakowany. Idealnie nadaje si\u0119 na prezent dla mi\u0142o\u015bnika muzyki lub jako stylowa pami\u0105tka z klubu.","breadcrumb":{"@id":"https:\/\/vertigojazz.pl\/produkt\/zestaw-vertigo-friend\/#breadcrumb"},"inLanguage":"de","potentialAction":[{"@type":"ReadAction","target":["https:\/\/vertigojazz.pl\/produkt\/zestaw-vertigo-friend\/"]}]},{"@type":"ImageObject","inLanguage":"de","@id":"https:\/\/vertigojazz.pl\/produkt\/zestaw-vertigo-friend\/#primaryimage","url":"https:\/\/vertigojazz.pl\/wp-content\/uploads\/2025\/12\/zestaw-2.jpg","contentUrl":"https:\/\/vertigojazz.pl\/wp-content\/uploads\/2025\/12\/zestaw-2.jpg","width":1080,"height":1080},{"@type":"BreadcrumbList","@id":"https:\/\/vertigojazz.pl\/produkt\/zestaw-vertigo-friend\/#breadcrumb","itemListElement":[{"@type":"ListItem","position":1,"name":"Strona g\u0142\u00f3wna","item":"https:\/\/vertigojazz.pl\/de\/"},{"@type":"ListItem","position":2,"name":"Shop","item":"https:\/\/vertigojazz.pl\/de\/shop\/"},{"@type":"ListItem","position":3,"name":"Zestaw Vertigo Friend"}]},{"@type":"WebSite","@id":"https:\/\/vertigojazz.pl\/#website","url":"https:\/\/vertigojazz.pl\/","name":"Vertigo Jazz Club & Restaurant","description":"klub muzyczny we Wroc\u0142awiu","publisher":{"@id":"https:\/\/vertigojazz.pl\/#organization"},"potentialAction":[{"@type":"SearchAction","target":{"@type":"EntryPoint","urlTemplate":"https:\/\/vertigojazz.pl\/?s={search_term_string}"},"query-input":{"@type":"PropertyValueSpecification","valueRequired":true,"valueName":"search_term_string"}}],"inLanguage":"de"},{"@type":"Organization","@id":"https:\/\/vertigojazz.pl\/#organization","name":"Vertigo Jazz Club & Restaurant","alternateName":"Klub muzyczny we Wroc\u0142awiu","url":"https:\/\/vertigojazz.pl\/","logo":{"@type":"ImageObject","inLanguage":"de","@id":"https:\/\/vertigojazz.pl\/#\/schema\/logo\/image\/","url":"https:\/\/vertigojazz.pl\/wp-content\/uploads\/2025\/04\/cropped-vertigo_logo_biale-180x180-1.jpg","contentUrl":"https:\/\/vertigojazz.pl\/wp-content\/uploads\/2025\/04\/cropped-vertigo_logo_biale-180x180-1.jpg","width":180,"height":180,"caption":"Vertigo Jazz Club & Restaurant"},"image":{"@id":"https:\/\/vertigojazz.pl\/#\/schema\/logo\/image\/"},"sameAs":["https:\/\/www.facebook.com\/vertigojazzclub","https:\/\/www.instagram.com\/vertigo_jazz_club\/","https:\/\/www.youtube.com\/channel\/UC8sPrX3Xuv7bfuhfr3XbqXg","https:\/\/www.tiktok.com\/@vertigojazzclub"]}]}},"_links":{"self":[{"href":"https:\/\/vertigojazz.pl\/de\/wp-json\/wp\/v2\/product\/15777","targetHints":{"allow":["GET"]}}],"collection":[{"href":"https:\/\/vertigojazz.pl\/de\/wp-json\/wp\/v2\/product"}],"about":[{"href":"https:\/\/vertigojazz.pl\/de\/wp-json\/wp\/v2\/types\/product"}],"wp:featuredmedia":[{"embeddable":true,"href":"https:\/\/vertigojazz.pl\/de\/wp-json\/wp\/v2\/media\/15782"}],"wp:attachment":[{"href":"https:\/\/vertigojazz.pl\/de\/wp-json\/wp\/v2\/media?parent=15777"}],"wp:term":[{"taxonomy":"product_brand","embeddable":true,"href":"https:\/\/vertigojazz.pl\/de\/wp-json\/wp\/v2\/product_brand?post=15777"},{"taxonomy":"product_cat","embeddable":true,"href":"https:\/\/vertigojazz.pl\/de\/wp-json\/wp\/v2\/product_cat?post=15777"},{"taxonomy":"product_tag","embeddable":true,"href":"https:\/\/vertigojazz.pl\/de\/wp-json\/wp\/v2\/product_tag?post=15777"}],"curies":[{"name":"wp","href":"https:\/\/api.w.org\/{rel}","templated":true}]}}