{"id":16902,"date":"2026-01-15T11:31:23","date_gmt":"2026-01-15T10:31:23","guid":{"rendered":"https:\/\/vertigojazz.pl\/?post_type=product&#038;p=16902"},"modified":"2026-02-13T11:45:34","modified_gmt":"2026-02-13T10:45:34","slug":"vip-voucher-na-burleske","status":"publish","type":"product","link":"https:\/\/vertigojazz.pl\/de\/produkt\/vip-voucher-na-burleske\/","title":{"rendered":"VIP voucher na Burlesk\u0119"},"content":{"rendered":"","protected":false},"excerpt":{"rendered":"<p data-start=\"26\" data-end=\"68\"><strong data-start=\"26\" data-end=\"66\">VIP Voucher na burlesk\u0119 &#8211; dla 2 os\u00f3b<\/strong><\/p>\n<p data-start=\"70\" data-end=\"320\">Podaruj wiecz\u00f3r pe\u0142en blasku, zmys\u0142owo\u015bci i niezapomnianych emocji! VIP VOUCHER zapewnia wej\u015bcie dla dw\u00f3ch os\u00f3b na wybrany spektakl burleski w 2026 roku oraz stolik w pierwszym rz\u0119dzie, tam, gdzie magia dzieje si\u0119 na wyci\u0105gni\u0119cie r\u0119ki.<\/p>\n<p data-start=\"322\" data-end=\"456\"><strong data-start=\"322\" data-end=\"350\">Jak wykorzysta\u0107 voucher?<\/strong><br data-start=\"350\" data-end=\"353\" \/>Realizacja mo\u017cliwa na dowolne przedstawienie burleski w 2026 r., z uwzgl\u0119dnieniem dost\u0119pno\u015bci miejsc.<\/p>\n<p data-start=\"458\" data-end=\"556\">Aby zarezerwowa\u0107 termin, nale\u017cy wys\u0142a\u0107 wiadomo\u015b\u0107 mailow\u0105 na adres: <strong data-start=\"525\" data-end=\"554\"><a class=\"decorated-link cursor-pointer\" rel=\"noopener\" data-start=\"527\" data-end=\"552\">rezerwacje@vertigojazz.pl<\/a><\/strong><\/p>\n<p data-start=\"558\" data-end=\"695\" data-is-last-node=\"\" data-is-only-node=\"\">Czeka na Pa\u0144stwa wyj\u0105tkowy wiecz\u00f3r pe\u0142en muzyki, kobiecej si\u0142y i czaru. \u015awietny pomys\u0142 na prezent dla bliskich\u2026 albo dla siebie!<\/p>\n","protected":false},"featured_media":16903,"template":"","meta":{"_acf_changed":false},"product_brand":[],"product_cat":[230],"product_tag":[],"class_list":{"0":"post-16902","1":"product","2":"type-product","3":"status-publish","4":"has-post-thumbnail","6":"product_cat-vouchery","8":"first","9":"instock","10":"shipping-taxable","11":"purchasable","12":"product-type-simple"},"acf":[],"yoast_head":"<!-- This site is optimized with the Yoast SEO plugin v26.0 - https:\/\/yoast.com\/wordpress\/plugins\/seo\/ -->\n<title>VIP voucher na Burlesk\u0119 - Vertigo Jazz Club &amp; Restaurant<\/title>\n<meta name=\"description\" content=\"Ten VIP voucher zapewnia wej\u015bcie dla dw\u00f3ch os\u00f3b na wybrany spektakl burleski w 2026 roku oraz stolik w pierwszym rz\u0119dzie.\" \/>\n<meta name=\"robots\" content=\"index, follow, max-snippet:-1, max-image-preview:large, max-video-preview:-1\" \/>\n<link rel=\"canonical\" href=\"https:\/\/vertigojazz.pl\/produkt\/vip-voucher-na-burleske\/\" \/>\n<meta property=\"og:locale\" content=\"de_DE\" \/>\n<meta property=\"og:type\" content=\"article\" \/>\n<meta property=\"og:title\" content=\"VIP voucher na Burlesk\u0119 - Vertigo Jazz Club &amp; Restaurant\" \/>\n<meta property=\"og:description\" content=\"Ten VIP voucher zapewnia wej\u015bcie dla dw\u00f3ch os\u00f3b na wybrany spektakl burleski w 2026 roku oraz stolik w pierwszym rz\u0119dzie.\" \/>\n<meta property=\"og:url\" content=\"https:\/\/vertigojazz.pl\/produkt\/vip-voucher-na-burleske\/\" \/>\n<meta property=\"og:site_name\" content=\"Vertigo Jazz Club &amp; Restaurant\" \/>\n<meta property=\"article:publisher\" content=\"https:\/\/www.facebook.com\/vertigojazzclub\" \/>\n<meta property=\"article:modified_time\" content=\"2026-02-13T10:45:34+00:00\" \/>\n<meta property=\"og:image\" content=\"https:\/\/vertigojazz.pl\/wp-content\/uploads\/2025\/12\/sklep.jpg\" \/>\n\t<meta property=\"og:image:width\" content=\"1080\" \/>\n\t<meta property=\"og:image:height\" content=\"1080\" \/>\n\t<meta property=\"og:image:type\" content=\"image\/jpeg\" \/>\n<meta name=\"twitter:card\" content=\"summary_large_image\" \/>\n<meta name=\"twitter:label1\" content=\"Gesch\u00e4tzte Lesezeit\" \/>\n\t<meta name=\"twitter:data1\" content=\"1\u00a0Minute\" \/>\n<script type=\"application\/ld+json\" class=\"yoast-schema-graph\">{\"@context\":\"https:\/\/schema.org\",\"@graph\":[{\"@type\":\"WebPage\",\"@id\":\"https:\/\/vertigojazz.pl\/produkt\/vip-voucher-na-burleske\/\",\"url\":\"https:\/\/vertigojazz.pl\/produkt\/vip-voucher-na-burleske\/\",\"name\":\"VIP voucher na Burlesk\u0119 - Vertigo Jazz Club &amp; Restaurant\",\"isPartOf\":{\"@id\":\"https:\/\/vertigojazz.pl\/#website\"},\"primaryImageOfPage\":{\"@id\":\"https:\/\/vertigojazz.pl\/produkt\/vip-voucher-na-burleske\/#primaryimage\"},\"image\":{\"@id\":\"https:\/\/vertigojazz.pl\/produkt\/vip-voucher-na-burleske\/#primaryimage\"},\"thumbnailUrl\":\"https:\/\/vertigojazz.pl\/wp-content\/uploads\/2025\/12\/sklep.jpg\",\"datePublished\":\"2026-01-15T10:31:23+00:00\",\"dateModified\":\"2026-02-13T10:45:34+00:00\",\"description\":\"Ten VIP voucher zapewnia wej\u015bcie dla dw\u00f3ch os\u00f3b na wybrany spektakl burleski w 2026 roku oraz stolik w pierwszym rz\u0119dzie.\",\"breadcrumb\":{\"@id\":\"https:\/\/vertigojazz.pl\/produkt\/vip-voucher-na-burleske\/#breadcrumb\"},\"inLanguage\":\"de\",\"potentialAction\":[{\"@type\":\"ReadAction\",\"target\":[\"https:\/\/vertigojazz.pl\/produkt\/vip-voucher-na-burleske\/\"]}]},{\"@type\":\"ImageObject\",\"inLanguage\":\"de\",\"@id\":\"https:\/\/vertigojazz.pl\/produkt\/vip-voucher-na-burleske\/#primaryimage\",\"url\":\"https:\/\/vertigojazz.pl\/wp-content\/uploads\/2025\/12\/sklep.jpg\",\"contentUrl\":\"https:\/\/vertigojazz.pl\/wp-content\/uploads\/2025\/12\/sklep.jpg\",\"width\":1080,\"height\":1080},{\"@type\":\"BreadcrumbList\",\"@id\":\"https:\/\/vertigojazz.pl\/produkt\/vip-voucher-na-burleske\/#breadcrumb\",\"itemListElement\":[{\"@type\":\"ListItem\",\"position\":1,\"name\":\"Strona g\u0142\u00f3wna\",\"item\":\"https:\/\/vertigojazz.pl\/de\/\"},{\"@type\":\"ListItem\",\"position\":2,\"name\":\"Shop\",\"item\":\"https:\/\/vertigojazz.pl\/de\/shop\/\"},{\"@type\":\"ListItem\",\"position\":3,\"name\":\"VIP voucher na Burlesk\u0119\"}]},{\"@type\":\"WebSite\",\"@id\":\"https:\/\/vertigojazz.pl\/#website\",\"url\":\"https:\/\/vertigojazz.pl\/\",\"name\":\"Vertigo Jazz Club & Restaurant\",\"description\":\"klub muzyczny we Wroc\u0142awiu\",\"publisher\":{\"@id\":\"https:\/\/vertigojazz.pl\/#organization\"},\"potentialAction\":[{\"@type\":\"SearchAction\",\"target\":{\"@type\":\"EntryPoint\",\"urlTemplate\":\"https:\/\/vertigojazz.pl\/?s={search_term_string}\"},\"query-input\":{\"@type\":\"PropertyValueSpecification\",\"valueRequired\":true,\"valueName\":\"search_term_string\"}}],\"inLanguage\":\"de\"},{\"@type\":\"Organization\",\"@id\":\"https:\/\/vertigojazz.pl\/#organization\",\"name\":\"Vertigo Jazz Club & Restaurant\",\"alternateName\":\"Klub muzyczny we Wroc\u0142awiu\",\"url\":\"https:\/\/vertigojazz.pl\/\",\"logo\":{\"@type\":\"ImageObject\",\"inLanguage\":\"de\",\"@id\":\"https:\/\/vertigojazz.pl\/#\/schema\/logo\/image\/\",\"url\":\"https:\/\/vertigojazz.pl\/wp-content\/uploads\/2025\/04\/cropped-vertigo_logo_biale-180x180-1.jpg\",\"contentUrl\":\"https:\/\/vertigojazz.pl\/wp-content\/uploads\/2025\/04\/cropped-vertigo_logo_biale-180x180-1.jpg\",\"width\":180,\"height\":180,\"caption\":\"Vertigo Jazz Club & Restaurant\"},\"image\":{\"@id\":\"https:\/\/vertigojazz.pl\/#\/schema\/logo\/image\/\"},\"sameAs\":[\"https:\/\/www.facebook.com\/vertigojazzclub\",\"https:\/\/www.instagram.com\/vertigo_jazz_club\/\",\"https:\/\/www.youtube.com\/channel\/UC8sPrX3Xuv7bfuhfr3XbqXg\",\"https:\/\/www.tiktok.com\/@vertigojazzclub\"]}]}<\/script>\n<!-- \/ Yoast SEO plugin. -->","yoast_head_json":{"title":"VIP voucher na Burlesk\u0119 - Vertigo Jazz Club &amp; Restaurant","description":"Ten VIP voucher zapewnia wej\u015bcie dla dw\u00f3ch os\u00f3b na wybrany spektakl burleski w 2026 roku oraz stolik w pierwszym rz\u0119dzie.","robots":{"index":"index","follow":"follow","max-snippet":"max-snippet:-1","max-image-preview":"max-image-preview:large","max-video-preview":"max-video-preview:-1"},"canonical":"https:\/\/vertigojazz.pl\/produkt\/vip-voucher-na-burleske\/","og_locale":"de_DE","og_type":"article","og_title":"VIP voucher na Burlesk\u0119 - Vertigo Jazz Club &amp; Restaurant","og_description":"Ten VIP voucher zapewnia wej\u015bcie dla dw\u00f3ch os\u00f3b na wybrany spektakl burleski w 2026 roku oraz stolik w pierwszym rz\u0119dzie.","og_url":"https:\/\/vertigojazz.pl\/produkt\/vip-voucher-na-burleske\/","og_site_name":"Vertigo Jazz Club &amp; Restaurant","article_publisher":"https:\/\/www.facebook.com\/vertigojazzclub","article_modified_time":"2026-02-13T10:45:34+00:00","og_image":[{"width":1080,"height":1080,"url":"https:\/\/vertigojazz.pl\/wp-content\/uploads\/2025\/12\/sklep.jpg","type":"image\/jpeg"}],"twitter_card":"summary_large_image","twitter_misc":{"Gesch\u00e4tzte Lesezeit":"1\u00a0Minute"},"schema":{"@context":"https:\/\/schema.org","@graph":[{"@type":"WebPage","@id":"https:\/\/vertigojazz.pl\/produkt\/vip-voucher-na-burleske\/","url":"https:\/\/vertigojazz.pl\/produkt\/vip-voucher-na-burleske\/","name":"VIP voucher na Burlesk\u0119 - Vertigo Jazz Club &amp; Restaurant","isPartOf":{"@id":"https:\/\/vertigojazz.pl\/#website"},"primaryImageOfPage":{"@id":"https:\/\/vertigojazz.pl\/produkt\/vip-voucher-na-burleske\/#primaryimage"},"image":{"@id":"https:\/\/vertigojazz.pl\/produkt\/vip-voucher-na-burleske\/#primaryimage"},"thumbnailUrl":"https:\/\/vertigojazz.pl\/wp-content\/uploads\/2025\/12\/sklep.jpg","datePublished":"2026-01-15T10:31:23+00:00","dateModified":"2026-02-13T10:45:34+00:00","description":"Ten VIP voucher zapewnia wej\u015bcie dla dw\u00f3ch os\u00f3b na wybrany spektakl burleski w 2026 roku oraz stolik w pierwszym rz\u0119dzie.","breadcrumb":{"@id":"https:\/\/vertigojazz.pl\/produkt\/vip-voucher-na-burleske\/#breadcrumb"},"inLanguage":"de","potentialAction":[{"@type":"ReadAction","target":["https:\/\/vertigojazz.pl\/produkt\/vip-voucher-na-burleske\/"]}]},{"@type":"ImageObject","inLanguage":"de","@id":"https:\/\/vertigojazz.pl\/produkt\/vip-voucher-na-burleske\/#primaryimage","url":"https:\/\/vertigojazz.pl\/wp-content\/uploads\/2025\/12\/sklep.jpg","contentUrl":"https:\/\/vertigojazz.pl\/wp-content\/uploads\/2025\/12\/sklep.jpg","width":1080,"height":1080},{"@type":"BreadcrumbList","@id":"https:\/\/vertigojazz.pl\/produkt\/vip-voucher-na-burleske\/#breadcrumb","itemListElement":[{"@type":"ListItem","position":1,"name":"Strona g\u0142\u00f3wna","item":"https:\/\/vertigojazz.pl\/de\/"},{"@type":"ListItem","position":2,"name":"Shop","item":"https:\/\/vertigojazz.pl\/de\/shop\/"},{"@type":"ListItem","position":3,"name":"VIP voucher na Burlesk\u0119"}]},{"@type":"WebSite","@id":"https:\/\/vertigojazz.pl\/#website","url":"https:\/\/vertigojazz.pl\/","name":"Vertigo Jazz Club & Restaurant","description":"klub muzyczny we Wroc\u0142awiu","publisher":{"@id":"https:\/\/vertigojazz.pl\/#organization"},"potentialAction":[{"@type":"SearchAction","target":{"@type":"EntryPoint","urlTemplate":"https:\/\/vertigojazz.pl\/?s={search_term_string}"},"query-input":{"@type":"PropertyValueSpecification","valueRequired":true,"valueName":"search_term_string"}}],"inLanguage":"de"},{"@type":"Organization","@id":"https:\/\/vertigojazz.pl\/#organization","name":"Vertigo Jazz Club & Restaurant","alternateName":"Klub muzyczny we Wroc\u0142awiu","url":"https:\/\/vertigojazz.pl\/","logo":{"@type":"ImageObject","inLanguage":"de","@id":"https:\/\/vertigojazz.pl\/#\/schema\/logo\/image\/","url":"https:\/\/vertigojazz.pl\/wp-content\/uploads\/2025\/04\/cropped-vertigo_logo_biale-180x180-1.jpg","contentUrl":"https:\/\/vertigojazz.pl\/wp-content\/uploads\/2025\/04\/cropped-vertigo_logo_biale-180x180-1.jpg","width":180,"height":180,"caption":"Vertigo Jazz Club & Restaurant"},"image":{"@id":"https:\/\/vertigojazz.pl\/#\/schema\/logo\/image\/"},"sameAs":["https:\/\/www.facebook.com\/vertigojazzclub","https:\/\/www.instagram.com\/vertigo_jazz_club\/","https:\/\/www.youtube.com\/channel\/UC8sPrX3Xuv7bfuhfr3XbqXg","https:\/\/www.tiktok.com\/@vertigojazzclub"]}]}},"_links":{"self":[{"href":"https:\/\/vertigojazz.pl\/de\/wp-json\/wp\/v2\/product\/16902","targetHints":{"allow":["GET"]}}],"collection":[{"href":"https:\/\/vertigojazz.pl\/de\/wp-json\/wp\/v2\/product"}],"about":[{"href":"https:\/\/vertigojazz.pl\/de\/wp-json\/wp\/v2\/types\/product"}],"wp:featuredmedia":[{"embeddable":true,"href":"https:\/\/vertigojazz.pl\/de\/wp-json\/wp\/v2\/media\/16903"}],"wp:attachment":[{"href":"https:\/\/vertigojazz.pl\/de\/wp-json\/wp\/v2\/media?parent=16902"}],"wp:term":[{"taxonomy":"product_brand","embeddable":true,"href":"https:\/\/vertigojazz.pl\/de\/wp-json\/wp\/v2\/product_brand?post=16902"},{"taxonomy":"product_cat","embeddable":true,"href":"https:\/\/vertigojazz.pl\/de\/wp-json\/wp\/v2\/product_cat?post=16902"},{"taxonomy":"product_tag","embeddable":true,"href":"https:\/\/vertigojazz.pl\/de\/wp-json\/wp\/v2\/product_tag?post=16902"}],"curies":[{"name":"wp","href":"https:\/\/api.w.org\/{rel}","templated":true}]}}