{"id":19556,"date":"2026-03-31T15:56:23","date_gmt":"2026-03-31T13:56:23","guid":{"rendered":"https:\/\/vertigojazz.pl\/?post_type=product&#038;p=19556"},"modified":"2026-03-31T22:39:20","modified_gmt":"2026-03-31T20:39:20","slug":"gin-experience-podroz-po-swiecie-ginu","status":"publish","type":"product","link":"https:\/\/vertigojazz.pl\/de\/produkt\/gin-experience-podroz-po-swiecie-ginu\/","title":{"rendered":"Gin Experience &#8211; podr\u00f3\u017c po \u015bwiecie ginu"},"content":{"rendered":"","protected":false},"excerpt":{"rendered":"<p>Zapraszamy Ci\u0119 w wyj\u0105tkow\u0105 podr\u00f3\u017c po \u015bwiecie ginu \u2013 trunku o fascynuj\u0105cej historii,<br \/>\nzaskakuj\u0105cej r\u00f3\u017cnorodno\u015bci smak\u00f3w.<br \/>\nPodczas spotkania odkryjemy sekrety jednego z najbardziej charakterystycznych alkoholi<br \/>\n\u015bwiata: od jego genezy w XVII-wiecznej Holandii, przez brytyjsk\u0105 rewolucj\u0119 ginow\u0105, a\u017c po<br \/>\nwsp\u00f3\u0142czesne, rzemie\u015blnicze destylarnie, kt\u00f3re na nowo definiuj\u0105 poj\u0119cie ginu.<br \/>\nW trakcie degustacji:<br \/>\n&#8211; poznamy r\u00f3\u017cne style ginu \u2013 od klasycznego London Dry, przez zio\u0142owe New Western, a\u017c<br \/>\npo aromatyczne Old Tom czy Navy Strength,<br \/>\n&#8211; nauczymy si\u0119 rozpoznawa\u0107 botaniki \u2013 czyli ro\u015blinne sk\u0142adniki, kt\u00f3re nadaj\u0105 ginowi jego<br \/>\nniepowtarzalny charakter,<br \/>\n&#8211; odkryjemy tajemnice \u0142\u0105czenia ginu z tonikiem i zasad\u0119 tworzenia idealnego balansu w<br \/>\nkoktajlu,<br \/>\n&#8211; a przede wszystkim \u2013 spr\u00f3bujemy wyj\u0105tkowych gin\u00f3w z r\u00f3\u017cnych zak\u0105tk\u00f3w \u015bwiata,<br \/>\npoznaj\u0105c ich histori\u0119, aromat i smak krok po kroku.<\/p>\n<p>Degustowa\u0107 b\u0119dziecie Pa\u0144stwo:<br \/>\n&#8211; Botanist 22 London dry<br \/>\n&#8211; Blackwoods Vintage Gin 2021 Navy Strength<br \/>\n&#8211; Bathtub Gin Old Tom<br \/>\n&#8211; Gin Mare<br \/>\n&#8211; Sloe elephant<\/p>\n","protected":false},"featured_media":19557,"template":"","meta":{"_acf_changed":false},"product_brand":[],"product_cat":[153],"product_tag":[],"class_list":{"0":"post-19556","1":"product","2":"type-product","3":"status-publish","4":"has-post-thumbnail","6":"product_cat-warsztaty","8":"first","9":"instock","10":"downloadable","11":"virtual","12":"purchasable","13":"product-type-simple"},"acf":[],"yoast_head":"<!-- This site is optimized with the Yoast SEO plugin v26.0 - https:\/\/yoast.com\/wordpress\/plugins\/seo\/ -->\n<title>Gin Experience - podr\u00f3\u017c po \u015bwiecie ginu - Vertigo Jazz Club &amp; Restaurant<\/title>\n<meta name=\"description\" content=\"Zapraszamy Ci\u0119 w wyj\u0105tkow\u0105 podr\u00f3\u017c po \u015bwiecie ginu \u2013 trunku o fascynuj\u0105cej historii, zaskakuj\u0105cej r\u00f3\u017cnorodno\u015bci smak\u00f3w.\" \/>\n<meta name=\"robots\" content=\"index, follow, max-snippet:-1, max-image-preview:large, max-video-preview:-1\" \/>\n<link rel=\"canonical\" href=\"https:\/\/vertigojazz.pl\/produkt\/gin-experience-podroz-po-swiecie-ginu\/\" \/>\n<meta property=\"og:locale\" content=\"de_DE\" \/>\n<meta property=\"og:type\" content=\"article\" \/>\n<meta property=\"og:title\" content=\"Gin Experience - podr\u00f3\u017c po \u015bwiecie ginu - Vertigo Jazz Club &amp; Restaurant\" \/>\n<meta property=\"og:description\" content=\"Zapraszamy Ci\u0119 w wyj\u0105tkow\u0105 podr\u00f3\u017c po \u015bwiecie ginu \u2013 trunku o fascynuj\u0105cej historii, zaskakuj\u0105cej r\u00f3\u017cnorodno\u015bci smak\u00f3w.\" \/>\n<meta property=\"og:url\" content=\"https:\/\/vertigojazz.pl\/produkt\/gin-experience-podroz-po-swiecie-ginu\/\" \/>\n<meta property=\"og:site_name\" content=\"Vertigo Jazz Club &amp; Restaurant\" \/>\n<meta property=\"article:publisher\" content=\"https:\/\/www.facebook.com\/vertigojazzclub\" \/>\n<meta property=\"article:modified_time\" content=\"2026-03-31T20:39:20+00:00\" \/>\n<meta property=\"og:image\" content=\"https:\/\/vertigojazz.pl\/wp-content\/uploads\/2026\/03\/24.04-kwadrat-1.jpg\" \/>\n\t<meta property=\"og:image:width\" content=\"1080\" \/>\n\t<meta property=\"og:image:height\" content=\"1080\" \/>\n\t<meta property=\"og:image:type\" content=\"image\/jpeg\" \/>\n<meta name=\"twitter:card\" content=\"summary_large_image\" \/>\n<meta name=\"twitter:label1\" content=\"Gesch\u00e4tzte Lesezeit\" \/>\n\t<meta name=\"twitter:data1\" content=\"1\u00a0Minute\" \/>\n<script type=\"application\/ld+json\" class=\"yoast-schema-graph\">{\"@context\":\"https:\/\/schema.org\",\"@graph\":[{\"@type\":\"WebPage\",\"@id\":\"https:\/\/vertigojazz.pl\/produkt\/gin-experience-podroz-po-swiecie-ginu\/\",\"url\":\"https:\/\/vertigojazz.pl\/produkt\/gin-experience-podroz-po-swiecie-ginu\/\",\"name\":\"Gin Experience - podr\u00f3\u017c po \u015bwiecie ginu - Vertigo Jazz Club &amp; Restaurant\",\"isPartOf\":{\"@id\":\"https:\/\/vertigojazz.pl\/#website\"},\"primaryImageOfPage\":{\"@id\":\"https:\/\/vertigojazz.pl\/produkt\/gin-experience-podroz-po-swiecie-ginu\/#primaryimage\"},\"image\":{\"@id\":\"https:\/\/vertigojazz.pl\/produkt\/gin-experience-podroz-po-swiecie-ginu\/#primaryimage\"},\"thumbnailUrl\":\"https:\/\/vertigojazz.pl\/wp-content\/uploads\/2026\/03\/24.04-kwadrat-1.jpg\",\"datePublished\":\"2026-03-31T13:56:23+00:00\",\"dateModified\":\"2026-03-31T20:39:20+00:00\",\"description\":\"Zapraszamy Ci\u0119 w wyj\u0105tkow\u0105 podr\u00f3\u017c po \u015bwiecie ginu \u2013 trunku o fascynuj\u0105cej historii, zaskakuj\u0105cej r\u00f3\u017cnorodno\u015bci smak\u00f3w.\",\"breadcrumb\":{\"@id\":\"https:\/\/vertigojazz.pl\/produkt\/gin-experience-podroz-po-swiecie-ginu\/#breadcrumb\"},\"inLanguage\":\"de\",\"potentialAction\":[{\"@type\":\"ReadAction\",\"target\":[\"https:\/\/vertigojazz.pl\/produkt\/gin-experience-podroz-po-swiecie-ginu\/\"]}]},{\"@type\":\"ImageObject\",\"inLanguage\":\"de\",\"@id\":\"https:\/\/vertigojazz.pl\/produkt\/gin-experience-podroz-po-swiecie-ginu\/#primaryimage\",\"url\":\"https:\/\/vertigojazz.pl\/wp-content\/uploads\/2026\/03\/24.04-kwadrat-1.jpg\",\"contentUrl\":\"https:\/\/vertigojazz.pl\/wp-content\/uploads\/2026\/03\/24.04-kwadrat-1.jpg\",\"width\":1080,\"height\":1080},{\"@type\":\"BreadcrumbList\",\"@id\":\"https:\/\/vertigojazz.pl\/produkt\/gin-experience-podroz-po-swiecie-ginu\/#breadcrumb\",\"itemListElement\":[{\"@type\":\"ListItem\",\"position\":1,\"name\":\"Strona g\u0142\u00f3wna\",\"item\":\"https:\/\/vertigojazz.pl\/de\/\"},{\"@type\":\"ListItem\",\"position\":2,\"name\":\"Shop\",\"item\":\"https:\/\/vertigojazz.pl\/de\/shop\/\"},{\"@type\":\"ListItem\",\"position\":3,\"name\":\"Gin Experience &#8211; podr\u00f3\u017c po \u015bwiecie ginu\"}]},{\"@type\":\"WebSite\",\"@id\":\"https:\/\/vertigojazz.pl\/#website\",\"url\":\"https:\/\/vertigojazz.pl\/\",\"name\":\"Vertigo Jazz Club & Restaurant\",\"description\":\"klub muzyczny we Wroc\u0142awiu\",\"publisher\":{\"@id\":\"https:\/\/vertigojazz.pl\/#organization\"},\"potentialAction\":[{\"@type\":\"SearchAction\",\"target\":{\"@type\":\"EntryPoint\",\"urlTemplate\":\"https:\/\/vertigojazz.pl\/?s={search_term_string}\"},\"query-input\":{\"@type\":\"PropertyValueSpecification\",\"valueRequired\":true,\"valueName\":\"search_term_string\"}}],\"inLanguage\":\"de\"},{\"@type\":\"Organization\",\"@id\":\"https:\/\/vertigojazz.pl\/#organization\",\"name\":\"Vertigo Jazz Club & Restaurant\",\"alternateName\":\"Klub muzyczny we Wroc\u0142awiu\",\"url\":\"https:\/\/vertigojazz.pl\/\",\"logo\":{\"@type\":\"ImageObject\",\"inLanguage\":\"de\",\"@id\":\"https:\/\/vertigojazz.pl\/#\/schema\/logo\/image\/\",\"url\":\"https:\/\/vertigojazz.pl\/wp-content\/uploads\/2025\/04\/cropped-vertigo_logo_biale-180x180-1.jpg\",\"contentUrl\":\"https:\/\/vertigojazz.pl\/wp-content\/uploads\/2025\/04\/cropped-vertigo_logo_biale-180x180-1.jpg\",\"width\":180,\"height\":180,\"caption\":\"Vertigo Jazz Club & Restaurant\"},\"image\":{\"@id\":\"https:\/\/vertigojazz.pl\/#\/schema\/logo\/image\/\"},\"sameAs\":[\"https:\/\/www.facebook.com\/vertigojazzclub\",\"https:\/\/www.instagram.com\/vertigo_jazz_club\/\",\"https:\/\/www.youtube.com\/channel\/UC8sPrX3Xuv7bfuhfr3XbqXg\",\"https:\/\/www.tiktok.com\/@vertigojazzclub\"]}]}<\/script>\n<!-- \/ Yoast SEO plugin. -->","yoast_head_json":{"title":"Gin Experience - podr\u00f3\u017c po \u015bwiecie ginu - Vertigo Jazz Club &amp; Restaurant","description":"Zapraszamy Ci\u0119 w wyj\u0105tkow\u0105 podr\u00f3\u017c po \u015bwiecie ginu \u2013 trunku o fascynuj\u0105cej historii, zaskakuj\u0105cej r\u00f3\u017cnorodno\u015bci smak\u00f3w.","robots":{"index":"index","follow":"follow","max-snippet":"max-snippet:-1","max-image-preview":"max-image-preview:large","max-video-preview":"max-video-preview:-1"},"canonical":"https:\/\/vertigojazz.pl\/produkt\/gin-experience-podroz-po-swiecie-ginu\/","og_locale":"de_DE","og_type":"article","og_title":"Gin Experience - podr\u00f3\u017c po \u015bwiecie ginu - Vertigo Jazz Club &amp; Restaurant","og_description":"Zapraszamy Ci\u0119 w wyj\u0105tkow\u0105 podr\u00f3\u017c po \u015bwiecie ginu \u2013 trunku o fascynuj\u0105cej historii, zaskakuj\u0105cej r\u00f3\u017cnorodno\u015bci smak\u00f3w.","og_url":"https:\/\/vertigojazz.pl\/produkt\/gin-experience-podroz-po-swiecie-ginu\/","og_site_name":"Vertigo Jazz Club &amp; Restaurant","article_publisher":"https:\/\/www.facebook.com\/vertigojazzclub","article_modified_time":"2026-03-31T20:39:20+00:00","og_image":[{"width":1080,"height":1080,"url":"https:\/\/vertigojazz.pl\/wp-content\/uploads\/2026\/03\/24.04-kwadrat-1.jpg","type":"image\/jpeg"}],"twitter_card":"summary_large_image","twitter_misc":{"Gesch\u00e4tzte Lesezeit":"1\u00a0Minute"},"schema":{"@context":"https:\/\/schema.org","@graph":[{"@type":"WebPage","@id":"https:\/\/vertigojazz.pl\/produkt\/gin-experience-podroz-po-swiecie-ginu\/","url":"https:\/\/vertigojazz.pl\/produkt\/gin-experience-podroz-po-swiecie-ginu\/","name":"Gin Experience - podr\u00f3\u017c po \u015bwiecie ginu - Vertigo Jazz Club &amp; Restaurant","isPartOf":{"@id":"https:\/\/vertigojazz.pl\/#website"},"primaryImageOfPage":{"@id":"https:\/\/vertigojazz.pl\/produkt\/gin-experience-podroz-po-swiecie-ginu\/#primaryimage"},"image":{"@id":"https:\/\/vertigojazz.pl\/produkt\/gin-experience-podroz-po-swiecie-ginu\/#primaryimage"},"thumbnailUrl":"https:\/\/vertigojazz.pl\/wp-content\/uploads\/2026\/03\/24.04-kwadrat-1.jpg","datePublished":"2026-03-31T13:56:23+00:00","dateModified":"2026-03-31T20:39:20+00:00","description":"Zapraszamy Ci\u0119 w wyj\u0105tkow\u0105 podr\u00f3\u017c po \u015bwiecie ginu \u2013 trunku o fascynuj\u0105cej historii, zaskakuj\u0105cej r\u00f3\u017cnorodno\u015bci smak\u00f3w.","breadcrumb":{"@id":"https:\/\/vertigojazz.pl\/produkt\/gin-experience-podroz-po-swiecie-ginu\/#breadcrumb"},"inLanguage":"de","potentialAction":[{"@type":"ReadAction","target":["https:\/\/vertigojazz.pl\/produkt\/gin-experience-podroz-po-swiecie-ginu\/"]}]},{"@type":"ImageObject","inLanguage":"de","@id":"https:\/\/vertigojazz.pl\/produkt\/gin-experience-podroz-po-swiecie-ginu\/#primaryimage","url":"https:\/\/vertigojazz.pl\/wp-content\/uploads\/2026\/03\/24.04-kwadrat-1.jpg","contentUrl":"https:\/\/vertigojazz.pl\/wp-content\/uploads\/2026\/03\/24.04-kwadrat-1.jpg","width":1080,"height":1080},{"@type":"BreadcrumbList","@id":"https:\/\/vertigojazz.pl\/produkt\/gin-experience-podroz-po-swiecie-ginu\/#breadcrumb","itemListElement":[{"@type":"ListItem","position":1,"name":"Strona g\u0142\u00f3wna","item":"https:\/\/vertigojazz.pl\/de\/"},{"@type":"ListItem","position":2,"name":"Shop","item":"https:\/\/vertigojazz.pl\/de\/shop\/"},{"@type":"ListItem","position":3,"name":"Gin Experience &#8211; podr\u00f3\u017c po \u015bwiecie ginu"}]},{"@type":"WebSite","@id":"https:\/\/vertigojazz.pl\/#website","url":"https:\/\/vertigojazz.pl\/","name":"Vertigo Jazz Club & Restaurant","description":"klub muzyczny we Wroc\u0142awiu","publisher":{"@id":"https:\/\/vertigojazz.pl\/#organization"},"potentialAction":[{"@type":"SearchAction","target":{"@type":"EntryPoint","urlTemplate":"https:\/\/vertigojazz.pl\/?s={search_term_string}"},"query-input":{"@type":"PropertyValueSpecification","valueRequired":true,"valueName":"search_term_string"}}],"inLanguage":"de"},{"@type":"Organization","@id":"https:\/\/vertigojazz.pl\/#organization","name":"Vertigo Jazz Club & Restaurant","alternateName":"Klub muzyczny we Wroc\u0142awiu","url":"https:\/\/vertigojazz.pl\/","logo":{"@type":"ImageObject","inLanguage":"de","@id":"https:\/\/vertigojazz.pl\/#\/schema\/logo\/image\/","url":"https:\/\/vertigojazz.pl\/wp-content\/uploads\/2025\/04\/cropped-vertigo_logo_biale-180x180-1.jpg","contentUrl":"https:\/\/vertigojazz.pl\/wp-content\/uploads\/2025\/04\/cropped-vertigo_logo_biale-180x180-1.jpg","width":180,"height":180,"caption":"Vertigo Jazz Club & Restaurant"},"image":{"@id":"https:\/\/vertigojazz.pl\/#\/schema\/logo\/image\/"},"sameAs":["https:\/\/www.facebook.com\/vertigojazzclub","https:\/\/www.instagram.com\/vertigo_jazz_club\/","https:\/\/www.youtube.com\/channel\/UC8sPrX3Xuv7bfuhfr3XbqXg","https:\/\/www.tiktok.com\/@vertigojazzclub"]}]}},"_links":{"self":[{"href":"https:\/\/vertigojazz.pl\/de\/wp-json\/wp\/v2\/product\/19556","targetHints":{"allow":["GET"]}}],"collection":[{"href":"https:\/\/vertigojazz.pl\/de\/wp-json\/wp\/v2\/product"}],"about":[{"href":"https:\/\/vertigojazz.pl\/de\/wp-json\/wp\/v2\/types\/product"}],"wp:featuredmedia":[{"embeddable":true,"href":"https:\/\/vertigojazz.pl\/de\/wp-json\/wp\/v2\/media\/19557"}],"wp:attachment":[{"href":"https:\/\/vertigojazz.pl\/de\/wp-json\/wp\/v2\/media?parent=19556"}],"wp:term":[{"taxonomy":"product_brand","embeddable":true,"href":"https:\/\/vertigojazz.pl\/de\/wp-json\/wp\/v2\/product_brand?post=19556"},{"taxonomy":"product_cat","embeddable":true,"href":"https:\/\/vertigojazz.pl\/de\/wp-json\/wp\/v2\/product_cat?post=19556"},{"taxonomy":"product_tag","embeddable":true,"href":"https:\/\/vertigojazz.pl\/de\/wp-json\/wp\/v2\/product_tag?post=19556"}],"curies":[{"name":"wp","href":"https:\/\/api.w.org\/{rel}","templated":true}]}}