{"id":20235,"date":"2026-04-25T17:21:36","date_gmt":"2026-04-25T15:21:36","guid":{"rendered":"https:\/\/vertigojazz.pl\/?post_type=product&#038;p=20235"},"modified":"2026-04-25T17:21:37","modified_gmt":"2026-04-25T15:21:37","slug":"degustacja-destylatow-piwnych-i-owocowych-destylarnia-probus","status":"publish","type":"product","link":"https:\/\/vertigojazz.pl\/de\/produkt\/degustacja-destylatow-piwnych-i-owocowych-destylarnia-probus\/","title":{"rendered":"Degustacja destylat\u00f3w piwnych i owocowych &#8211; Destylarnia Probus"},"content":{"rendered":"","protected":false},"excerpt":{"rendered":"<div class=\"gmail_quote\">Zapraszamy na kolejne spotkanie z Destylarni\u0105 Probus, kt\u00f3re poprowadzi\u00a0master distiller i head brewer Jacek Przywara.<\/div>\n<div class=\"gmail_quote\"><\/div>\n<div class=\"gmail_quote\">Prowadz\u0105cy w jasny i przejrzysty spos\u00f3b opowie o tajnikach produkcji\u00a0tych szlachetnych alkoholi. Tym razem na tapet we\u017amiemy destylaty z piwa\u00a0 czyli bierbrandy oraz okowity owocowe. Uczestnicy degustacji poznaj\u0105 wp\u0142yw poszczeg\u00f3lnych sk\u0142adowych jak chmiel czy s\u0142\u00f3d w\u0119dzony na\u00a0 ostateczny bukiet smakowy oraz por\u00f3wnaj\u0105 r\u00f3\u017cnice mi\u0119dzy okowit\u0105 saute, a t\u0105 starzon\u0105 w beczce.<\/div>\n<div class=\"gmail_quote\"><\/div>\n<div class=\"gmail_quote\">W menu degustacji:<\/div>\n<div class=\"gmail_quote\">Bierbrand Raspberry Berliner Weisse 40%<\/div>\n<div class=\"gmail_quote\">Bierbrand Black IPA 40%<\/div>\n<div class=\"gmail_quote\">Bierbrand Rauchbock 40%<\/div>\n<div class=\"gmail_quote\">Okowita Gruszkowa 40%<\/div>\n<div class=\"gmail_quote\">Okowita Jab\u0142kowa 40%<\/div>\n<div class=\"gmail_quote\">Brandy Jab\u0142kowa 2YO Cask Strenght 63%<\/div>\n<div class=\"adL\"><\/div>\n","protected":false},"featured_media":20236,"template":"","meta":{"_acf_changed":false},"product_brand":[],"product_cat":[153],"product_tag":[],"class_list":{"0":"post-20235","1":"product","2":"type-product","3":"status-publish","4":"has-post-thumbnail","6":"product_cat-warsztaty","8":"first","9":"instock","10":"virtual","11":"purchasable","12":"product-type-simple"},"acf":[],"yoast_head":"<!-- This site is optimized with the Yoast SEO plugin v26.0 - https:\/\/yoast.com\/wordpress\/plugins\/seo\/ -->\n<title>Degustacja destylat\u00f3w piwnych i owocowych - Destylarnia Probus - Vertigo Jazz Club &amp; Restaurant<\/title>\n<meta name=\"robots\" content=\"index, follow, max-snippet:-1, max-image-preview:large, max-video-preview:-1\" \/>\n<link rel=\"canonical\" href=\"https:\/\/vertigojazz.pl\/produkt\/degustacja-destylatow-piwnych-i-owocowych-destylarnia-probus\/\" \/>\n<meta property=\"og:locale\" content=\"de_DE\" \/>\n<meta property=\"og:type\" content=\"article\" \/>\n<meta property=\"og:title\" content=\"Degustacja destylat\u00f3w piwnych i owocowych - Destylarnia Probus - Vertigo Jazz Club &amp; Restaurant\" \/>\n<meta property=\"og:description\" content=\"Zapraszamy na kolejne spotkanie z Destylarni\u0105 Probus, kt\u00f3re poprowadzi\u00a0master distiller i head brewer Jacek Przywara.  Prowadz\u0105cy w jasny i przejrzysty spos\u00f3b opowie o tajnikach produkcji\u00a0tych szlachetnych alkoholi. Tym razem na tapet we\u017amiemy destylaty z piwa\u00a0 czyli bierbrandy oraz okowity owocowe. Uczestnicy degustacji poznaj\u0105 wp\u0142yw poszczeg\u00f3lnych sk\u0142adowych jak chmiel czy s\u0142\u00f3d w\u0119dzony na\u00a0 ostateczny bukiet smakowy oraz por\u00f3wnaj\u0105 r\u00f3\u017cnice mi\u0119dzy okowit\u0105 saute, a t\u0105 starzon\u0105 w beczce.  W menu degustacji: Bierbrand Raspberry Berliner Weisse 40% Bierbrand Black IPA 40% Bierbrand Rauchbock 40% Okowita Gruszkowa 40% Okowita Jab\u0142kowa 40% Brandy Jab\u0142kowa 2YO Cask Strenght 63%\" \/>\n<meta property=\"og:url\" content=\"https:\/\/vertigojazz.pl\/produkt\/degustacja-destylatow-piwnych-i-owocowych-destylarnia-probus\/\" \/>\n<meta property=\"og:site_name\" content=\"Vertigo Jazz Club &amp; Restaurant\" \/>\n<meta property=\"article:publisher\" content=\"https:\/\/www.facebook.com\/vertigojazzclub\" \/>\n<meta property=\"article:modified_time\" content=\"2026-04-25T15:21:37+00:00\" \/>\n<meta property=\"og:image\" content=\"https:\/\/vertigojazz.pl\/wp-content\/uploads\/2026\/04\/12.06-kwadrat.jpg\" \/>\n\t<meta property=\"og:image:width\" content=\"1080\" \/>\n\t<meta property=\"og:image:height\" content=\"1080\" \/>\n\t<meta property=\"og:image:type\" content=\"image\/jpeg\" \/>\n<meta name=\"twitter:card\" content=\"summary_large_image\" \/>\n<meta name=\"twitter:label1\" content=\"Gesch\u00e4tzte Lesezeit\" \/>\n\t<meta name=\"twitter:data1\" content=\"1\u00a0Minute\" \/>\n<script type=\"application\/ld+json\" class=\"yoast-schema-graph\">{\"@context\":\"https:\/\/schema.org\",\"@graph\":[{\"@type\":\"WebPage\",\"@id\":\"https:\/\/vertigojazz.pl\/produkt\/degustacja-destylatow-piwnych-i-owocowych-destylarnia-probus\/\",\"url\":\"https:\/\/vertigojazz.pl\/produkt\/degustacja-destylatow-piwnych-i-owocowych-destylarnia-probus\/\",\"name\":\"Degustacja destylat\u00f3w piwnych i owocowych - Destylarnia Probus - Vertigo Jazz Club &amp; Restaurant\",\"isPartOf\":{\"@id\":\"https:\/\/vertigojazz.pl\/#website\"},\"primaryImageOfPage\":{\"@id\":\"https:\/\/vertigojazz.pl\/produkt\/degustacja-destylatow-piwnych-i-owocowych-destylarnia-probus\/#primaryimage\"},\"image\":{\"@id\":\"https:\/\/vertigojazz.pl\/produkt\/degustacja-destylatow-piwnych-i-owocowych-destylarnia-probus\/#primaryimage\"},\"thumbnailUrl\":\"https:\/\/vertigojazz.pl\/wp-content\/uploads\/2026\/04\/12.06-kwadrat.jpg\",\"datePublished\":\"2026-04-25T15:21:36+00:00\",\"dateModified\":\"2026-04-25T15:21:37+00:00\",\"breadcrumb\":{\"@id\":\"https:\/\/vertigojazz.pl\/produkt\/degustacja-destylatow-piwnych-i-owocowych-destylarnia-probus\/#breadcrumb\"},\"inLanguage\":\"de\",\"potentialAction\":[{\"@type\":\"ReadAction\",\"target\":[\"https:\/\/vertigojazz.pl\/produkt\/degustacja-destylatow-piwnych-i-owocowych-destylarnia-probus\/\"]}]},{\"@type\":\"ImageObject\",\"inLanguage\":\"de\",\"@id\":\"https:\/\/vertigojazz.pl\/produkt\/degustacja-destylatow-piwnych-i-owocowych-destylarnia-probus\/#primaryimage\",\"url\":\"https:\/\/vertigojazz.pl\/wp-content\/uploads\/2026\/04\/12.06-kwadrat.jpg\",\"contentUrl\":\"https:\/\/vertigojazz.pl\/wp-content\/uploads\/2026\/04\/12.06-kwadrat.jpg\",\"width\":1080,\"height\":1080},{\"@type\":\"BreadcrumbList\",\"@id\":\"https:\/\/vertigojazz.pl\/produkt\/degustacja-destylatow-piwnych-i-owocowych-destylarnia-probus\/#breadcrumb\",\"itemListElement\":[{\"@type\":\"ListItem\",\"position\":1,\"name\":\"Strona g\u0142\u00f3wna\",\"item\":\"https:\/\/vertigojazz.pl\/de\/\"},{\"@type\":\"ListItem\",\"position\":2,\"name\":\"Shop\",\"item\":\"https:\/\/vertigojazz.pl\/de\/shop\/\"},{\"@type\":\"ListItem\",\"position\":3,\"name\":\"Degustacja destylat\u00f3w piwnych i owocowych &#8211; Destylarnia Probus\"}]},{\"@type\":\"WebSite\",\"@id\":\"https:\/\/vertigojazz.pl\/#website\",\"url\":\"https:\/\/vertigojazz.pl\/\",\"name\":\"Vertigo Jazz Club & Restaurant\",\"description\":\"klub muzyczny we Wroc\u0142awiu\",\"publisher\":{\"@id\":\"https:\/\/vertigojazz.pl\/#organization\"},\"potentialAction\":[{\"@type\":\"SearchAction\",\"target\":{\"@type\":\"EntryPoint\",\"urlTemplate\":\"https:\/\/vertigojazz.pl\/?s={search_term_string}\"},\"query-input\":{\"@type\":\"PropertyValueSpecification\",\"valueRequired\":true,\"valueName\":\"search_term_string\"}}],\"inLanguage\":\"de\"},{\"@type\":\"Organization\",\"@id\":\"https:\/\/vertigojazz.pl\/#organization\",\"name\":\"Vertigo Jazz Club & Restaurant\",\"alternateName\":\"Klub muzyczny we Wroc\u0142awiu\",\"url\":\"https:\/\/vertigojazz.pl\/\",\"logo\":{\"@type\":\"ImageObject\",\"inLanguage\":\"de\",\"@id\":\"https:\/\/vertigojazz.pl\/#\/schema\/logo\/image\/\",\"url\":\"https:\/\/vertigojazz.pl\/wp-content\/uploads\/2025\/04\/cropped-vertigo_logo_biale-180x180-1.jpg\",\"contentUrl\":\"https:\/\/vertigojazz.pl\/wp-content\/uploads\/2025\/04\/cropped-vertigo_logo_biale-180x180-1.jpg\",\"width\":180,\"height\":180,\"caption\":\"Vertigo Jazz Club & Restaurant\"},\"image\":{\"@id\":\"https:\/\/vertigojazz.pl\/#\/schema\/logo\/image\/\"},\"sameAs\":[\"https:\/\/www.facebook.com\/vertigojazzclub\",\"https:\/\/www.instagram.com\/vertigo_jazz_club\/\",\"https:\/\/www.youtube.com\/channel\/UC8sPrX3Xuv7bfuhfr3XbqXg\",\"https:\/\/www.tiktok.com\/@vertigojazzclub\"]}]}<\/script>\n<!-- \/ Yoast SEO plugin. -->","yoast_head_json":{"title":"Degustacja destylat\u00f3w piwnych i owocowych - Destylarnia Probus - Vertigo Jazz Club &amp; Restaurant","robots":{"index":"index","follow":"follow","max-snippet":"max-snippet:-1","max-image-preview":"max-image-preview:large","max-video-preview":"max-video-preview:-1"},"canonical":"https:\/\/vertigojazz.pl\/produkt\/degustacja-destylatow-piwnych-i-owocowych-destylarnia-probus\/","og_locale":"de_DE","og_type":"article","og_title":"Degustacja destylat\u00f3w piwnych i owocowych - Destylarnia Probus - Vertigo Jazz Club &amp; Restaurant","og_description":"Zapraszamy na kolejne spotkanie z Destylarni\u0105 Probus, kt\u00f3re poprowadzi\u00a0master distiller i head brewer Jacek Przywara.  Prowadz\u0105cy w jasny i przejrzysty spos\u00f3b opowie o tajnikach produkcji\u00a0tych szlachetnych alkoholi. Tym razem na tapet we\u017amiemy destylaty z piwa\u00a0 czyli bierbrandy oraz okowity owocowe. Uczestnicy degustacji poznaj\u0105 wp\u0142yw poszczeg\u00f3lnych sk\u0142adowych jak chmiel czy s\u0142\u00f3d w\u0119dzony na\u00a0 ostateczny bukiet smakowy oraz por\u00f3wnaj\u0105 r\u00f3\u017cnice mi\u0119dzy okowit\u0105 saute, a t\u0105 starzon\u0105 w beczce.  W menu degustacji: Bierbrand Raspberry Berliner Weisse 40% Bierbrand Black IPA 40% Bierbrand Rauchbock 40% Okowita Gruszkowa 40% Okowita Jab\u0142kowa 40% Brandy Jab\u0142kowa 2YO Cask Strenght 63%","og_url":"https:\/\/vertigojazz.pl\/produkt\/degustacja-destylatow-piwnych-i-owocowych-destylarnia-probus\/","og_site_name":"Vertigo Jazz Club &amp; Restaurant","article_publisher":"https:\/\/www.facebook.com\/vertigojazzclub","article_modified_time":"2026-04-25T15:21:37+00:00","og_image":[{"width":1080,"height":1080,"url":"https:\/\/vertigojazz.pl\/wp-content\/uploads\/2026\/04\/12.06-kwadrat.jpg","type":"image\/jpeg"}],"twitter_card":"summary_large_image","twitter_misc":{"Gesch\u00e4tzte Lesezeit":"1\u00a0Minute"},"schema":{"@context":"https:\/\/schema.org","@graph":[{"@type":"WebPage","@id":"https:\/\/vertigojazz.pl\/produkt\/degustacja-destylatow-piwnych-i-owocowych-destylarnia-probus\/","url":"https:\/\/vertigojazz.pl\/produkt\/degustacja-destylatow-piwnych-i-owocowych-destylarnia-probus\/","name":"Degustacja destylat\u00f3w piwnych i owocowych - Destylarnia Probus - Vertigo Jazz Club &amp; Restaurant","isPartOf":{"@id":"https:\/\/vertigojazz.pl\/#website"},"primaryImageOfPage":{"@id":"https:\/\/vertigojazz.pl\/produkt\/degustacja-destylatow-piwnych-i-owocowych-destylarnia-probus\/#primaryimage"},"image":{"@id":"https:\/\/vertigojazz.pl\/produkt\/degustacja-destylatow-piwnych-i-owocowych-destylarnia-probus\/#primaryimage"},"thumbnailUrl":"https:\/\/vertigojazz.pl\/wp-content\/uploads\/2026\/04\/12.06-kwadrat.jpg","datePublished":"2026-04-25T15:21:36+00:00","dateModified":"2026-04-25T15:21:37+00:00","breadcrumb":{"@id":"https:\/\/vertigojazz.pl\/produkt\/degustacja-destylatow-piwnych-i-owocowych-destylarnia-probus\/#breadcrumb"},"inLanguage":"de","potentialAction":[{"@type":"ReadAction","target":["https:\/\/vertigojazz.pl\/produkt\/degustacja-destylatow-piwnych-i-owocowych-destylarnia-probus\/"]}]},{"@type":"ImageObject","inLanguage":"de","@id":"https:\/\/vertigojazz.pl\/produkt\/degustacja-destylatow-piwnych-i-owocowych-destylarnia-probus\/#primaryimage","url":"https:\/\/vertigojazz.pl\/wp-content\/uploads\/2026\/04\/12.06-kwadrat.jpg","contentUrl":"https:\/\/vertigojazz.pl\/wp-content\/uploads\/2026\/04\/12.06-kwadrat.jpg","width":1080,"height":1080},{"@type":"BreadcrumbList","@id":"https:\/\/vertigojazz.pl\/produkt\/degustacja-destylatow-piwnych-i-owocowych-destylarnia-probus\/#breadcrumb","itemListElement":[{"@type":"ListItem","position":1,"name":"Strona g\u0142\u00f3wna","item":"https:\/\/vertigojazz.pl\/de\/"},{"@type":"ListItem","position":2,"name":"Shop","item":"https:\/\/vertigojazz.pl\/de\/shop\/"},{"@type":"ListItem","position":3,"name":"Degustacja destylat\u00f3w piwnych i owocowych &#8211; Destylarnia Probus"}]},{"@type":"WebSite","@id":"https:\/\/vertigojazz.pl\/#website","url":"https:\/\/vertigojazz.pl\/","name":"Vertigo Jazz Club & Restaurant","description":"klub muzyczny we Wroc\u0142awiu","publisher":{"@id":"https:\/\/vertigojazz.pl\/#organization"},"potentialAction":[{"@type":"SearchAction","target":{"@type":"EntryPoint","urlTemplate":"https:\/\/vertigojazz.pl\/?s={search_term_string}"},"query-input":{"@type":"PropertyValueSpecification","valueRequired":true,"valueName":"search_term_string"}}],"inLanguage":"de"},{"@type":"Organization","@id":"https:\/\/vertigojazz.pl\/#organization","name":"Vertigo Jazz Club & Restaurant","alternateName":"Klub muzyczny we Wroc\u0142awiu","url":"https:\/\/vertigojazz.pl\/","logo":{"@type":"ImageObject","inLanguage":"de","@id":"https:\/\/vertigojazz.pl\/#\/schema\/logo\/image\/","url":"https:\/\/vertigojazz.pl\/wp-content\/uploads\/2025\/04\/cropped-vertigo_logo_biale-180x180-1.jpg","contentUrl":"https:\/\/vertigojazz.pl\/wp-content\/uploads\/2025\/04\/cropped-vertigo_logo_biale-180x180-1.jpg","width":180,"height":180,"caption":"Vertigo Jazz Club & Restaurant"},"image":{"@id":"https:\/\/vertigojazz.pl\/#\/schema\/logo\/image\/"},"sameAs":["https:\/\/www.facebook.com\/vertigojazzclub","https:\/\/www.instagram.com\/vertigo_jazz_club\/","https:\/\/www.youtube.com\/channel\/UC8sPrX3Xuv7bfuhfr3XbqXg","https:\/\/www.tiktok.com\/@vertigojazzclub"]}]}},"_links":{"self":[{"href":"https:\/\/vertigojazz.pl\/de\/wp-json\/wp\/v2\/product\/20235","targetHints":{"allow":["GET"]}}],"collection":[{"href":"https:\/\/vertigojazz.pl\/de\/wp-json\/wp\/v2\/product"}],"about":[{"href":"https:\/\/vertigojazz.pl\/de\/wp-json\/wp\/v2\/types\/product"}],"wp:featuredmedia":[{"embeddable":true,"href":"https:\/\/vertigojazz.pl\/de\/wp-json\/wp\/v2\/media\/20236"}],"wp:attachment":[{"href":"https:\/\/vertigojazz.pl\/de\/wp-json\/wp\/v2\/media?parent=20235"}],"wp:term":[{"taxonomy":"product_brand","embeddable":true,"href":"https:\/\/vertigojazz.pl\/de\/wp-json\/wp\/v2\/product_brand?post=20235"},{"taxonomy":"product_cat","embeddable":true,"href":"https:\/\/vertigojazz.pl\/de\/wp-json\/wp\/v2\/product_cat?post=20235"},{"taxonomy":"product_tag","embeddable":true,"href":"https:\/\/vertigojazz.pl\/de\/wp-json\/wp\/v2\/product_tag?post=20235"}],"curies":[{"name":"wp","href":"https:\/\/api.w.org\/{rel}","templated":true}]}}