{"id":20379,"date":"2026-05-05T09:47:50","date_gmt":"2026-05-05T07:47:50","guid":{"rendered":"https:\/\/vertigojazz.pl\/?post_type=product&#038;p=20379"},"modified":"2026-05-07T10:04:37","modified_gmt":"2026-05-07T08:04:37","slug":"degustacja-win-polskich","status":"publish","type":"product","link":"https:\/\/vertigojazz.pl\/de\/produkt\/degustacja-win-polskich\/","title":{"rendered":"Degustacja win polskich"},"content":{"rendered":"","protected":false},"excerpt":{"rendered":"<p><span style=\"font-weight: 400;\">Zapraszamy Pa\u0144stwa na wyj\u0105tkow\u0105 degustacj\u0119 win polskich, podczas kt\u00f3rej odkryj\u0105 Pa\u0144stwo rosn\u0105cy potencja\u0142 winnic dolno\u015bl\u0105skich i nie tylko. W trakcie spotkania b\u0119d\u0105 mieli Pa\u0144stwo okazj\u0119 spr\u00f3bowa\u0107<strong> pi\u0119ciu starannie wyselekcjonowanych butelek,<\/strong> reprezentuj\u0105cych r\u00f3\u017cnorodne style i regiony naszego kraju. Wsp\u00f3lnie zg\u0142\u0119bimy aromaty i smaki zar\u00f3wno eleganckich win bia\u0142ych, jak i wyrazistych czerwieni, poznaj\u0105c przy tym ciekawostki o producentach oraz specyfice polskiego winiarstwa. To doskona\u0142a okazja, by przekona\u0107 si\u0119, jak r\u00f3\u017cnorodne i inspiruj\u0105ce mog\u0105 by\u0107 wina z Polski oraz znale\u017a\u0107 swoje ulubione propozycje.\u00a0<\/span><\/p>\n<p><span style=\"font-weight: 400;\">Prowadz\u0105cy: Aleksandra Kurzawa<\/span><\/p>\n<p><span style=\"font-weight: 400;\">Miejsce: Sztuka Na Miejscu<\/span><span style=\"font-weight: 400;\"><br \/>\n<\/span><span style=\"font-weight: 400;\">Termin: 20.06.2026 (sobota) godz. 19:00<\/span><span style=\"font-weight: 400;\"><br \/>\n<\/span><span style=\"font-weight: 400;\">Cena: 199z\u0142<\/span><\/p>\n","protected":false},"featured_media":20380,"template":"","meta":{"_acf_changed":false},"product_brand":[],"product_cat":[153],"product_tag":[],"class_list":{"0":"post-20379","1":"product","2":"type-product","3":"status-publish","4":"has-post-thumbnail","6":"product_cat-warsztaty","8":"first","9":"instock","10":"shipping-taxable","11":"purchasable","12":"product-type-simple"},"acf":[],"yoast_head":"<!-- This site is optimized with the Yoast SEO plugin v26.0 - https:\/\/yoast.com\/wordpress\/plugins\/seo\/ -->\n<title>Degustacja win polskich - Vertigo Jazz Club &amp; Restaurant<\/title>\n<meta name=\"description\" content=\"Zapraszamy Pa\u0144stwa na wyj\u0105tkow\u0105 degustacj\u0119 win polskich, podczas kt\u00f3rej odkryj\u0105 Pa\u0144stwo rosn\u0105cy potencja\u0142 winnic dolno\u015bl\u0105skich i nie tylko.\" \/>\n<meta name=\"robots\" content=\"index, follow, max-snippet:-1, max-image-preview:large, max-video-preview:-1\" \/>\n<link rel=\"canonical\" href=\"https:\/\/vertigojazz.pl\/produkt\/degustacja-win-polskich\/\" \/>\n<meta property=\"og:locale\" content=\"de_DE\" \/>\n<meta property=\"og:type\" content=\"article\" \/>\n<meta property=\"og:title\" content=\"Degustacja win polskich - Vertigo Jazz Club &amp; Restaurant\" \/>\n<meta property=\"og:description\" content=\"Zapraszamy Pa\u0144stwa na wyj\u0105tkow\u0105 degustacj\u0119 win polskich, podczas kt\u00f3rej odkryj\u0105 Pa\u0144stwo rosn\u0105cy potencja\u0142 winnic dolno\u015bl\u0105skich i nie tylko.\" \/>\n<meta property=\"og:url\" content=\"https:\/\/vertigojazz.pl\/produkt\/degustacja-win-polskich\/\" \/>\n<meta property=\"og:site_name\" content=\"Vertigo Jazz Club &amp; Restaurant\" \/>\n<meta property=\"article:publisher\" content=\"https:\/\/www.facebook.com\/vertigojazzclub\" \/>\n<meta property=\"article:modified_time\" content=\"2026-05-07T08:04:37+00:00\" \/>\n<meta property=\"og:image\" content=\"https:\/\/vertigojazz.pl\/wp-content\/uploads\/2026\/05\/kwadrat-warsztaty-20.06.jpg\" \/>\n\t<meta property=\"og:image:width\" content=\"1080\" \/>\n\t<meta property=\"og:image:height\" content=\"1080\" \/>\n\t<meta property=\"og:image:type\" content=\"image\/jpeg\" \/>\n<meta name=\"twitter:card\" content=\"summary_large_image\" \/>\n<meta name=\"twitter:label1\" content=\"Gesch\u00e4tzte Lesezeit\" \/>\n\t<meta name=\"twitter:data1\" content=\"1\u00a0Minute\" \/>\n<script type=\"application\/ld+json\" class=\"yoast-schema-graph\">{\"@context\":\"https:\/\/schema.org\",\"@graph\":[{\"@type\":\"WebPage\",\"@id\":\"https:\/\/vertigojazz.pl\/produkt\/degustacja-win-polskich\/\",\"url\":\"https:\/\/vertigojazz.pl\/produkt\/degustacja-win-polskich\/\",\"name\":\"Degustacja win polskich - Vertigo Jazz Club &amp; Restaurant\",\"isPartOf\":{\"@id\":\"https:\/\/vertigojazz.pl\/#website\"},\"primaryImageOfPage\":{\"@id\":\"https:\/\/vertigojazz.pl\/produkt\/degustacja-win-polskich\/#primaryimage\"},\"image\":{\"@id\":\"https:\/\/vertigojazz.pl\/produkt\/degustacja-win-polskich\/#primaryimage\"},\"thumbnailUrl\":\"https:\/\/vertigojazz.pl\/wp-content\/uploads\/2026\/05\/kwadrat-warsztaty-20.06.jpg\",\"datePublished\":\"2026-05-05T07:47:50+00:00\",\"dateModified\":\"2026-05-07T08:04:37+00:00\",\"description\":\"Zapraszamy Pa\u0144stwa na wyj\u0105tkow\u0105 degustacj\u0119 win polskich, podczas kt\u00f3rej odkryj\u0105 Pa\u0144stwo rosn\u0105cy potencja\u0142 winnic dolno\u015bl\u0105skich i nie tylko.\",\"breadcrumb\":{\"@id\":\"https:\/\/vertigojazz.pl\/produkt\/degustacja-win-polskich\/#breadcrumb\"},\"inLanguage\":\"de\",\"potentialAction\":[{\"@type\":\"ReadAction\",\"target\":[\"https:\/\/vertigojazz.pl\/produkt\/degustacja-win-polskich\/\"]}]},{\"@type\":\"ImageObject\",\"inLanguage\":\"de\",\"@id\":\"https:\/\/vertigojazz.pl\/produkt\/degustacja-win-polskich\/#primaryimage\",\"url\":\"https:\/\/vertigojazz.pl\/wp-content\/uploads\/2026\/05\/kwadrat-warsztaty-20.06.jpg\",\"contentUrl\":\"https:\/\/vertigojazz.pl\/wp-content\/uploads\/2026\/05\/kwadrat-warsztaty-20.06.jpg\",\"width\":1080,\"height\":1080},{\"@type\":\"BreadcrumbList\",\"@id\":\"https:\/\/vertigojazz.pl\/produkt\/degustacja-win-polskich\/#breadcrumb\",\"itemListElement\":[{\"@type\":\"ListItem\",\"position\":1,\"name\":\"Strona g\u0142\u00f3wna\",\"item\":\"https:\/\/vertigojazz.pl\/de\/\"},{\"@type\":\"ListItem\",\"position\":2,\"name\":\"Shop\",\"item\":\"https:\/\/vertigojazz.pl\/de\/shop\/\"},{\"@type\":\"ListItem\",\"position\":3,\"name\":\"Degustacja win polskich\"}]},{\"@type\":\"WebSite\",\"@id\":\"https:\/\/vertigojazz.pl\/#website\",\"url\":\"https:\/\/vertigojazz.pl\/\",\"name\":\"Vertigo Jazz Club & Restaurant\",\"description\":\"klub muzyczny we Wroc\u0142awiu\",\"publisher\":{\"@id\":\"https:\/\/vertigojazz.pl\/#organization\"},\"potentialAction\":[{\"@type\":\"SearchAction\",\"target\":{\"@type\":\"EntryPoint\",\"urlTemplate\":\"https:\/\/vertigojazz.pl\/?s={search_term_string}\"},\"query-input\":{\"@type\":\"PropertyValueSpecification\",\"valueRequired\":true,\"valueName\":\"search_term_string\"}}],\"inLanguage\":\"de\"},{\"@type\":\"Organization\",\"@id\":\"https:\/\/vertigojazz.pl\/#organization\",\"name\":\"Vertigo Jazz Club & Restaurant\",\"alternateName\":\"Klub muzyczny we Wroc\u0142awiu\",\"url\":\"https:\/\/vertigojazz.pl\/\",\"logo\":{\"@type\":\"ImageObject\",\"inLanguage\":\"de\",\"@id\":\"https:\/\/vertigojazz.pl\/#\/schema\/logo\/image\/\",\"url\":\"https:\/\/vertigojazz.pl\/wp-content\/uploads\/2025\/04\/cropped-vertigo_logo_biale-180x180-1.jpg\",\"contentUrl\":\"https:\/\/vertigojazz.pl\/wp-content\/uploads\/2025\/04\/cropped-vertigo_logo_biale-180x180-1.jpg\",\"width\":180,\"height\":180,\"caption\":\"Vertigo Jazz Club & Restaurant\"},\"image\":{\"@id\":\"https:\/\/vertigojazz.pl\/#\/schema\/logo\/image\/\"},\"sameAs\":[\"https:\/\/www.facebook.com\/vertigojazzclub\",\"https:\/\/www.instagram.com\/vertigo_jazz_club\/\",\"https:\/\/www.youtube.com\/channel\/UC8sPrX3Xuv7bfuhfr3XbqXg\",\"https:\/\/www.tiktok.com\/@vertigojazzclub\"]}]}<\/script>\n<!-- \/ Yoast SEO plugin. -->","yoast_head_json":{"title":"Degustacja win polskich - Vertigo Jazz Club &amp; Restaurant","description":"Zapraszamy Pa\u0144stwa na wyj\u0105tkow\u0105 degustacj\u0119 win polskich, podczas kt\u00f3rej odkryj\u0105 Pa\u0144stwo rosn\u0105cy potencja\u0142 winnic dolno\u015bl\u0105skich i nie tylko.","robots":{"index":"index","follow":"follow","max-snippet":"max-snippet:-1","max-image-preview":"max-image-preview:large","max-video-preview":"max-video-preview:-1"},"canonical":"https:\/\/vertigojazz.pl\/produkt\/degustacja-win-polskich\/","og_locale":"de_DE","og_type":"article","og_title":"Degustacja win polskich - Vertigo Jazz Club &amp; Restaurant","og_description":"Zapraszamy Pa\u0144stwa na wyj\u0105tkow\u0105 degustacj\u0119 win polskich, podczas kt\u00f3rej odkryj\u0105 Pa\u0144stwo rosn\u0105cy potencja\u0142 winnic dolno\u015bl\u0105skich i nie tylko.","og_url":"https:\/\/vertigojazz.pl\/produkt\/degustacja-win-polskich\/","og_site_name":"Vertigo Jazz Club &amp; Restaurant","article_publisher":"https:\/\/www.facebook.com\/vertigojazzclub","article_modified_time":"2026-05-07T08:04:37+00:00","og_image":[{"width":1080,"height":1080,"url":"https:\/\/vertigojazz.pl\/wp-content\/uploads\/2026\/05\/kwadrat-warsztaty-20.06.jpg","type":"image\/jpeg"}],"twitter_card":"summary_large_image","twitter_misc":{"Gesch\u00e4tzte Lesezeit":"1\u00a0Minute"},"schema":{"@context":"https:\/\/schema.org","@graph":[{"@type":"WebPage","@id":"https:\/\/vertigojazz.pl\/produkt\/degustacja-win-polskich\/","url":"https:\/\/vertigojazz.pl\/produkt\/degustacja-win-polskich\/","name":"Degustacja win polskich - Vertigo Jazz Club &amp; Restaurant","isPartOf":{"@id":"https:\/\/vertigojazz.pl\/#website"},"primaryImageOfPage":{"@id":"https:\/\/vertigojazz.pl\/produkt\/degustacja-win-polskich\/#primaryimage"},"image":{"@id":"https:\/\/vertigojazz.pl\/produkt\/degustacja-win-polskich\/#primaryimage"},"thumbnailUrl":"https:\/\/vertigojazz.pl\/wp-content\/uploads\/2026\/05\/kwadrat-warsztaty-20.06.jpg","datePublished":"2026-05-05T07:47:50+00:00","dateModified":"2026-05-07T08:04:37+00:00","description":"Zapraszamy Pa\u0144stwa na wyj\u0105tkow\u0105 degustacj\u0119 win polskich, podczas kt\u00f3rej odkryj\u0105 Pa\u0144stwo rosn\u0105cy potencja\u0142 winnic dolno\u015bl\u0105skich i nie tylko.","breadcrumb":{"@id":"https:\/\/vertigojazz.pl\/produkt\/degustacja-win-polskich\/#breadcrumb"},"inLanguage":"de","potentialAction":[{"@type":"ReadAction","target":["https:\/\/vertigojazz.pl\/produkt\/degustacja-win-polskich\/"]}]},{"@type":"ImageObject","inLanguage":"de","@id":"https:\/\/vertigojazz.pl\/produkt\/degustacja-win-polskich\/#primaryimage","url":"https:\/\/vertigojazz.pl\/wp-content\/uploads\/2026\/05\/kwadrat-warsztaty-20.06.jpg","contentUrl":"https:\/\/vertigojazz.pl\/wp-content\/uploads\/2026\/05\/kwadrat-warsztaty-20.06.jpg","width":1080,"height":1080},{"@type":"BreadcrumbList","@id":"https:\/\/vertigojazz.pl\/produkt\/degustacja-win-polskich\/#breadcrumb","itemListElement":[{"@type":"ListItem","position":1,"name":"Strona g\u0142\u00f3wna","item":"https:\/\/vertigojazz.pl\/de\/"},{"@type":"ListItem","position":2,"name":"Shop","item":"https:\/\/vertigojazz.pl\/de\/shop\/"},{"@type":"ListItem","position":3,"name":"Degustacja win polskich"}]},{"@type":"WebSite","@id":"https:\/\/vertigojazz.pl\/#website","url":"https:\/\/vertigojazz.pl\/","name":"Vertigo Jazz Club & Restaurant","description":"klub muzyczny we Wroc\u0142awiu","publisher":{"@id":"https:\/\/vertigojazz.pl\/#organization"},"potentialAction":[{"@type":"SearchAction","target":{"@type":"EntryPoint","urlTemplate":"https:\/\/vertigojazz.pl\/?s={search_term_string}"},"query-input":{"@type":"PropertyValueSpecification","valueRequired":true,"valueName":"search_term_string"}}],"inLanguage":"de"},{"@type":"Organization","@id":"https:\/\/vertigojazz.pl\/#organization","name":"Vertigo Jazz Club & Restaurant","alternateName":"Klub muzyczny we Wroc\u0142awiu","url":"https:\/\/vertigojazz.pl\/","logo":{"@type":"ImageObject","inLanguage":"de","@id":"https:\/\/vertigojazz.pl\/#\/schema\/logo\/image\/","url":"https:\/\/vertigojazz.pl\/wp-content\/uploads\/2025\/04\/cropped-vertigo_logo_biale-180x180-1.jpg","contentUrl":"https:\/\/vertigojazz.pl\/wp-content\/uploads\/2025\/04\/cropped-vertigo_logo_biale-180x180-1.jpg","width":180,"height":180,"caption":"Vertigo Jazz Club & Restaurant"},"image":{"@id":"https:\/\/vertigojazz.pl\/#\/schema\/logo\/image\/"},"sameAs":["https:\/\/www.facebook.com\/vertigojazzclub","https:\/\/www.instagram.com\/vertigo_jazz_club\/","https:\/\/www.youtube.com\/channel\/UC8sPrX3Xuv7bfuhfr3XbqXg","https:\/\/www.tiktok.com\/@vertigojazzclub"]}]}},"_links":{"self":[{"href":"https:\/\/vertigojazz.pl\/de\/wp-json\/wp\/v2\/product\/20379","targetHints":{"allow":["GET"]}}],"collection":[{"href":"https:\/\/vertigojazz.pl\/de\/wp-json\/wp\/v2\/product"}],"about":[{"href":"https:\/\/vertigojazz.pl\/de\/wp-json\/wp\/v2\/types\/product"}],"wp:featuredmedia":[{"embeddable":true,"href":"https:\/\/vertigojazz.pl\/de\/wp-json\/wp\/v2\/media\/20380"}],"wp:attachment":[{"href":"https:\/\/vertigojazz.pl\/de\/wp-json\/wp\/v2\/media?parent=20379"}],"wp:term":[{"taxonomy":"product_brand","embeddable":true,"href":"https:\/\/vertigojazz.pl\/de\/wp-json\/wp\/v2\/product_brand?post=20379"},{"taxonomy":"product_cat","embeddable":true,"href":"https:\/\/vertigojazz.pl\/de\/wp-json\/wp\/v2\/product_cat?post=20379"},{"taxonomy":"product_tag","embeddable":true,"href":"https:\/\/vertigojazz.pl\/de\/wp-json\/wp\/v2\/product_tag?post=20379"}],"curies":[{"name":"wp","href":"https:\/\/api.w.org\/{rel}","templated":true}]}}