{"id":9820,"date":"2025-03-26T17:24:20","date_gmt":"2025-03-26T16:24:20","guid":{"rendered":"https:\/\/vertigojazz.pl\/produkt\/caribbean-journey-cocktail-workshop\/"},"modified":"2025-04-17T12:47:37","modified_gmt":"2025-04-17T10:47:37","slug":"caribbean-journey-cocktail-workshop","status":"publish","type":"product","link":"https:\/\/vertigojazz.pl\/de\/produkt\/caribbean-journey-cocktail-workshop\/","title":{"rendered":"Caribbean Journey &#8211; Cocktail-Workshop"},"content":{"rendered":"","protected":false},"excerpt":{"rendered":"<p><span style=\"font-weight: 400;\">Begleiten Sie uns auf eine unvergessliche Cocktailreise durch die Karibik bei Art on the Spot!<\/span><\/p>\n<p><span style=\"font-weight: 400;\">Haben Sie jemals davon getr\u00e4umt, auf eine tropische Reise voller exotischer Aromen und erfrischender Drinks zu gehen? Jetzt k\u00f6nnen Sie das tun, ohne unseren Cocktail-Workshop zu verlassen! Machen Sie sich bereit f\u00fcr ein unvergessliches Abenteuer, das Ihre Sinne belebt und Sie in die Kultur der Karibik eintauchen l\u00e4sst.  <\/span><\/p>\n<p><span style=\"font-weight: 400;\">Unsere erfahrenen Barkeeper und Mixologen werden Sie durch die faszinierende Welt der karibischen Cocktails f\u00fchren und ihr Wissen und K\u00f6nnen mit Ihnen teilen. Sie werden in die Geheimnisse der Kreation authentischer Inselcocktails eingeweiht, die Ihren Gaumen verw\u00f6hnen und Sie an wei\u00dfe Str\u00e4nde mit t\u00fcrkisfarbenem Wasser entf\u00fchren werden. <\/span><\/p>\n<p><span style=\"font-weight: 400;\">W\u00e4hrend unseres Workshops lernen Sie, wie man kultige karibische Drinks wie den ber\u00fchmten Queen&#8217;s Park Swizzle mit seiner erfrischenden Mischung aus Rum, Limette und Minze zubereitet. Sie werden auch die schmackhaften Geheimnisse des El Presidente entdecken, der mit Wermut und Angostura aufgegossen wird und ein Symbol f\u00fcr die Wiege des kubanischen Barkeepings ist. <\/span><\/p>\n<p><span style=\"font-weight: 400;\">F\u00fcr den Preis des Workshops erhalten Sie alle Zutaten und Werkzeuge, die Sie ben\u00f6tigen, sowie die M\u00f6glichkeit, die von Ihnen kreierten karibischen Cocktails zu verkosten. Sie werden die Rezepte und das Wissen mitnehmen k\u00f6nnen, um Ihre Reise durch die karibischen Cocktails zu Hause fortzusetzen. <\/span><\/p>\n<p><strong>Details zur Veranstaltung:<\/strong><\/p>\n<ul>\n<li style=\"font-weight: 400;\"><span style=\"font-weight: 400;\">Ein 2-st\u00fcndiger Barkeeper-Workshop f\u00fcr Anf\u00e4nger;<\/span><\/li>\n<li style=\"font-weight: 400;\"><span style=\"font-weight: 400;\">Zubereitung von 5 Cocktails unter Aufsicht von professionellen Barkeepern mit langj\u00e4hriger Erfahrung und deren Verkostung;<\/span><\/li>\n<li style=\"font-weight: 400;\"><span style=\"font-weight: 400;\">speziell ausgew\u00e4hlte Snacks, die nacheinander zu jedem der zubereiteten Cocktails serviert werden,<\/span><\/li>\n<li style=\"font-weight: 400;\"><span style=\"font-weight: 400;\">Cocktailrezepte, die w\u00e4hrend des Workshops zubereitet wurden, elektronisch an jeden Teilnehmer geschickt;<\/span><\/li>\n<li style=\"font-weight: 400;\"><span style=\"font-weight: 400;\">Zwei Einladungen f\u00fcr jeden Teilnehmer zu zuk\u00fcnftigen Veranstaltungen im Vertigo Jazz Club &amp; Restaurant und bei Art in Place.<\/span><\/li>\n<\/ul>\n<p><span style=\"font-weight: 400;\">Die Anzahl der Pl\u00e4tze ist begrenzt. Wenn die Mindestteilnehmerzahl nicht erreicht wird, beh\u00e4lt sich der Veranstalter das Recht vor, den Workshop bis zu drei Tage vor der Veranstaltung abzusagen. <\/span><\/p>\n","protected":false},"featured_media":9821,"template":"","meta":{"_acf_changed":false},"product_brand":[],"product_cat":[153],"product_tag":[],"class_list":{"0":"post-9820","1":"product","2":"type-product","3":"status-publish","4":"has-post-thumbnail","6":"product_cat-warsztaty","8":"first","9":"instock","10":"shipping-taxable","11":"purchasable","12":"product-type-simple"},"acf":[],"yoast_head":"<!-- This site is optimized with the Yoast SEO plugin v26.0 - https:\/\/yoast.com\/wordpress\/plugins\/seo\/ -->\n<title>Caribbean Journey - Cocktail-Workshop - Vertigo Jazz Club &amp; Restaurant<\/title>\n<meta name=\"robots\" content=\"index, follow, max-snippet:-1, max-image-preview:large, max-video-preview:-1\" \/>\n<link rel=\"canonical\" href=\"https:\/\/vertigojazz.pl\/de\/produkt\/caribbean-journey-cocktail-workshop\/\" \/>\n<meta property=\"og:locale\" content=\"de_DE\" \/>\n<meta property=\"og:type\" content=\"article\" \/>\n<meta property=\"og:title\" content=\"Caribbean Journey - Cocktail-Workshop - Vertigo Jazz Club &amp; Restaurant\" \/>\n<meta property=\"og:description\" content=\"Begleiten Sie uns auf eine unvergessliche Cocktailreise durch die Karibik bei Art on the Spot! Haben Sie jemals davon getr\u00e4umt, auf eine tropische Reise voller exotischer Aromen und erfrischender Drinks zu gehen? Jetzt k\u00f6nnen Sie das tun, ohne unseren Cocktail-Workshop zu verlassen! Machen Sie sich bereit f\u00fcr ein unvergessliches Abenteuer, das Ihre Sinne belebt und Sie in die Kultur der Karibik eintauchen l\u00e4sst.  Unsere erfahrenen Barkeeper und Mixologen werden Sie durch die faszinierende Welt der karibischen Cocktails f\u00fchren und ihr Wissen und K\u00f6nnen mit Ihnen teilen. Sie werden in die Geheimnisse der Kreation authentischer Inselcocktails eingeweiht, die Ihren Gaumen verw\u00f6hnen und Sie an wei\u00dfe Str\u00e4nde mit t\u00fcrkisfarbenem Wasser entf\u00fchren werden.  W\u00e4hrend unseres Workshops lernen Sie, wie man kultige karibische Drinks wie den ber\u00fchmten Queen&#039;s Park Swizzle mit seiner erfrischenden Mischung aus Rum, Limette und Minze zubereitet. Sie werden auch die schmackhaften Geheimnisse des El Presidente entdecken, der mit Wermut und Angostura aufgegossen wird und ein Symbol f\u00fcr die Wiege des kubanischen Barkeepings ist.  F\u00fcr den Preis des Workshops erhalten Sie alle Zutaten und Werkzeuge, die Sie ben\u00f6tigen, sowie die M\u00f6glichkeit, die von Ihnen kreierten karibischen Cocktails zu verkosten. Sie werden die Rezepte und das Wissen mitnehmen k\u00f6nnen, um Ihre Reise durch die karibischen Cocktails zu Hause fortzusetzen.  Details zur Veranstaltung:  Ein 2-st\u00fcndiger Barkeeper-Workshop f\u00fcr Anf\u00e4nger;  Zubereitung von 5 Cocktails unter Aufsicht von professionellen Barkeepern mit langj\u00e4hriger Erfahrung und deren Verkostung;  speziell ausgew\u00e4hlte Snacks, die nacheinander zu jedem der zubereiteten Cocktails serviert werden,  Cocktailrezepte, die w\u00e4hrend des Workshops zubereitet wurden, elektronisch an jeden Teilnehmer geschickt;  Zwei Einladungen f\u00fcr jeden Teilnehmer zu zuk\u00fcnftigen Veranstaltungen im Vertigo Jazz Club &amp; Restaurant und bei Art in Place. Die Anzahl der Pl\u00e4tze ist begrenzt. Wenn die Mindestteilnehmerzahl nicht erreicht wird, beh\u00e4lt sich der Veranstalter das Recht vor, den Workshop bis zu drei Tage vor der Veranstaltung abzusagen.\" \/>\n<meta property=\"og:url\" content=\"https:\/\/vertigojazz.pl\/de\/produkt\/caribbean-journey-cocktail-workshop\/\" \/>\n<meta property=\"og:site_name\" content=\"Vertigo Jazz Club &amp; Restaurant\" \/>\n<meta property=\"article:publisher\" content=\"https:\/\/www.facebook.com\/vertigojazzclub\" \/>\n<meta property=\"article:modified_time\" content=\"2025-04-17T10:47:37+00:00\" \/>\n<meta property=\"og:image\" content=\"https:\/\/vertigojazz.pl\/wp-content\/uploads\/2025\/03\/4.07-kwadrat.jpg\" \/>\n\t<meta property=\"og:image:width\" content=\"1080\" \/>\n\t<meta property=\"og:image:height\" content=\"1080\" \/>\n\t<meta property=\"og:image:type\" content=\"image\/jpeg\" \/>\n<meta name=\"twitter:card\" content=\"summary_large_image\" \/>\n<script type=\"application\/ld+json\" class=\"yoast-schema-graph\">{\"@context\":\"https:\/\/schema.org\",\"@graph\":[{\"@type\":\"WebPage\",\"@id\":\"https:\/\/vertigojazz.pl\/de\/produkt\/caribbean-journey-cocktail-workshop\/\",\"url\":\"https:\/\/vertigojazz.pl\/de\/produkt\/caribbean-journey-cocktail-workshop\/\",\"name\":\"Caribbean Journey - Cocktail-Workshop - Vertigo Jazz Club &amp; Restaurant\",\"isPartOf\":{\"@id\":\"https:\/\/vertigojazz.pl\/#website\"},\"primaryImageOfPage\":{\"@id\":\"https:\/\/vertigojazz.pl\/de\/produkt\/caribbean-journey-cocktail-workshop\/#primaryimage\"},\"image\":{\"@id\":\"https:\/\/vertigojazz.pl\/de\/produkt\/caribbean-journey-cocktail-workshop\/#primaryimage\"},\"thumbnailUrl\":\"https:\/\/vertigojazz.pl\/wp-content\/uploads\/2025\/03\/4.07-kwadrat.jpg\",\"datePublished\":\"2025-03-26T16:24:20+00:00\",\"dateModified\":\"2025-04-17T10:47:37+00:00\",\"breadcrumb\":{\"@id\":\"https:\/\/vertigojazz.pl\/de\/produkt\/caribbean-journey-cocktail-workshop\/#breadcrumb\"},\"inLanguage\":\"de\",\"potentialAction\":[{\"@type\":\"ReadAction\",\"target\":[\"https:\/\/vertigojazz.pl\/de\/produkt\/caribbean-journey-cocktail-workshop\/\"]}]},{\"@type\":\"ImageObject\",\"inLanguage\":\"de\",\"@id\":\"https:\/\/vertigojazz.pl\/de\/produkt\/caribbean-journey-cocktail-workshop\/#primaryimage\",\"url\":\"https:\/\/vertigojazz.pl\/wp-content\/uploads\/2025\/03\/4.07-kwadrat.jpg\",\"contentUrl\":\"https:\/\/vertigojazz.pl\/wp-content\/uploads\/2025\/03\/4.07-kwadrat.jpg\",\"width\":1080,\"height\":1080},{\"@type\":\"BreadcrumbList\",\"@id\":\"https:\/\/vertigojazz.pl\/de\/produkt\/caribbean-journey-cocktail-workshop\/#breadcrumb\",\"itemListElement\":[{\"@type\":\"ListItem\",\"position\":1,\"name\":\"Strona g\u0142\u00f3wna\",\"item\":\"https:\/\/vertigojazz.pl\/de\/\"},{\"@type\":\"ListItem\",\"position\":2,\"name\":\"Shop\",\"item\":\"https:\/\/vertigojazz.pl\/de\/shop\/\"},{\"@type\":\"ListItem\",\"position\":3,\"name\":\"Caribbean Journey &#8211; Cocktail-Workshop\"}]},{\"@type\":\"WebSite\",\"@id\":\"https:\/\/vertigojazz.pl\/#website\",\"url\":\"https:\/\/vertigojazz.pl\/\",\"name\":\"Vertigo Jazz Club & Restaurant\",\"description\":\"klub muzyczny we Wroc\u0142awiu\",\"publisher\":{\"@id\":\"https:\/\/vertigojazz.pl\/#organization\"},\"potentialAction\":[{\"@type\":\"SearchAction\",\"target\":{\"@type\":\"EntryPoint\",\"urlTemplate\":\"https:\/\/vertigojazz.pl\/?s={search_term_string}\"},\"query-input\":{\"@type\":\"PropertyValueSpecification\",\"valueRequired\":true,\"valueName\":\"search_term_string\"}}],\"inLanguage\":\"de\"},{\"@type\":\"Organization\",\"@id\":\"https:\/\/vertigojazz.pl\/#organization\",\"name\":\"Vertigo Jazz Club & Restaurant\",\"alternateName\":\"Klub muzyczny we Wroc\u0142awiu\",\"url\":\"https:\/\/vertigojazz.pl\/\",\"logo\":{\"@type\":\"ImageObject\",\"inLanguage\":\"de\",\"@id\":\"https:\/\/vertigojazz.pl\/#\/schema\/logo\/image\/\",\"url\":\"https:\/\/vertigojazz.pl\/wp-content\/uploads\/2025\/04\/cropped-vertigo_logo_biale-180x180-1.jpg\",\"contentUrl\":\"https:\/\/vertigojazz.pl\/wp-content\/uploads\/2025\/04\/cropped-vertigo_logo_biale-180x180-1.jpg\",\"width\":180,\"height\":180,\"caption\":\"Vertigo Jazz Club & Restaurant\"},\"image\":{\"@id\":\"https:\/\/vertigojazz.pl\/#\/schema\/logo\/image\/\"},\"sameAs\":[\"https:\/\/www.facebook.com\/vertigojazzclub\",\"https:\/\/www.instagram.com\/vertigo_jazz_club\/\",\"https:\/\/www.youtube.com\/channel\/UC8sPrX3Xuv7bfuhfr3XbqXg\",\"https:\/\/www.tiktok.com\/@vertigojazzclub\"]}]}<\/script>\n<!-- \/ Yoast SEO plugin. -->","yoast_head_json":{"title":"Caribbean Journey - Cocktail-Workshop - Vertigo Jazz Club &amp; Restaurant","robots":{"index":"index","follow":"follow","max-snippet":"max-snippet:-1","max-image-preview":"max-image-preview:large","max-video-preview":"max-video-preview:-1"},"canonical":"https:\/\/vertigojazz.pl\/de\/produkt\/caribbean-journey-cocktail-workshop\/","og_locale":"de_DE","og_type":"article","og_title":"Caribbean Journey - Cocktail-Workshop - Vertigo Jazz Club &amp; Restaurant","og_description":"Begleiten Sie uns auf eine unvergessliche Cocktailreise durch die Karibik bei Art on the Spot! Haben Sie jemals davon getr\u00e4umt, auf eine tropische Reise voller exotischer Aromen und erfrischender Drinks zu gehen? Jetzt k\u00f6nnen Sie das tun, ohne unseren Cocktail-Workshop zu verlassen! Machen Sie sich bereit f\u00fcr ein unvergessliches Abenteuer, das Ihre Sinne belebt und Sie in die Kultur der Karibik eintauchen l\u00e4sst.  Unsere erfahrenen Barkeeper und Mixologen werden Sie durch die faszinierende Welt der karibischen Cocktails f\u00fchren und ihr Wissen und K\u00f6nnen mit Ihnen teilen. Sie werden in die Geheimnisse der Kreation authentischer Inselcocktails eingeweiht, die Ihren Gaumen verw\u00f6hnen und Sie an wei\u00dfe Str\u00e4nde mit t\u00fcrkisfarbenem Wasser entf\u00fchren werden.  W\u00e4hrend unseres Workshops lernen Sie, wie man kultige karibische Drinks wie den ber\u00fchmten Queen's Park Swizzle mit seiner erfrischenden Mischung aus Rum, Limette und Minze zubereitet. Sie werden auch die schmackhaften Geheimnisse des El Presidente entdecken, der mit Wermut und Angostura aufgegossen wird und ein Symbol f\u00fcr die Wiege des kubanischen Barkeepings ist.  F\u00fcr den Preis des Workshops erhalten Sie alle Zutaten und Werkzeuge, die Sie ben\u00f6tigen, sowie die M\u00f6glichkeit, die von Ihnen kreierten karibischen Cocktails zu verkosten. Sie werden die Rezepte und das Wissen mitnehmen k\u00f6nnen, um Ihre Reise durch die karibischen Cocktails zu Hause fortzusetzen.  Details zur Veranstaltung:  Ein 2-st\u00fcndiger Barkeeper-Workshop f\u00fcr Anf\u00e4nger;  Zubereitung von 5 Cocktails unter Aufsicht von professionellen Barkeepern mit langj\u00e4hriger Erfahrung und deren Verkostung;  speziell ausgew\u00e4hlte Snacks, die nacheinander zu jedem der zubereiteten Cocktails serviert werden,  Cocktailrezepte, die w\u00e4hrend des Workshops zubereitet wurden, elektronisch an jeden Teilnehmer geschickt;  Zwei Einladungen f\u00fcr jeden Teilnehmer zu zuk\u00fcnftigen Veranstaltungen im Vertigo Jazz Club &amp; Restaurant und bei Art in Place. Die Anzahl der Pl\u00e4tze ist begrenzt. Wenn die Mindestteilnehmerzahl nicht erreicht wird, beh\u00e4lt sich der Veranstalter das Recht vor, den Workshop bis zu drei Tage vor der Veranstaltung abzusagen.","og_url":"https:\/\/vertigojazz.pl\/de\/produkt\/caribbean-journey-cocktail-workshop\/","og_site_name":"Vertigo Jazz Club &amp; Restaurant","article_publisher":"https:\/\/www.facebook.com\/vertigojazzclub","article_modified_time":"2025-04-17T10:47:37+00:00","og_image":[{"width":1080,"height":1080,"url":"https:\/\/vertigojazz.pl\/wp-content\/uploads\/2025\/03\/4.07-kwadrat.jpg","type":"image\/jpeg"}],"twitter_card":"summary_large_image","schema":{"@context":"https:\/\/schema.org","@graph":[{"@type":"WebPage","@id":"https:\/\/vertigojazz.pl\/de\/produkt\/caribbean-journey-cocktail-workshop\/","url":"https:\/\/vertigojazz.pl\/de\/produkt\/caribbean-journey-cocktail-workshop\/","name":"Caribbean Journey - Cocktail-Workshop - Vertigo Jazz Club &amp; Restaurant","isPartOf":{"@id":"https:\/\/vertigojazz.pl\/#website"},"primaryImageOfPage":{"@id":"https:\/\/vertigojazz.pl\/de\/produkt\/caribbean-journey-cocktail-workshop\/#primaryimage"},"image":{"@id":"https:\/\/vertigojazz.pl\/de\/produkt\/caribbean-journey-cocktail-workshop\/#primaryimage"},"thumbnailUrl":"https:\/\/vertigojazz.pl\/wp-content\/uploads\/2025\/03\/4.07-kwadrat.jpg","datePublished":"2025-03-26T16:24:20+00:00","dateModified":"2025-04-17T10:47:37+00:00","breadcrumb":{"@id":"https:\/\/vertigojazz.pl\/de\/produkt\/caribbean-journey-cocktail-workshop\/#breadcrumb"},"inLanguage":"de","potentialAction":[{"@type":"ReadAction","target":["https:\/\/vertigojazz.pl\/de\/produkt\/caribbean-journey-cocktail-workshop\/"]}]},{"@type":"ImageObject","inLanguage":"de","@id":"https:\/\/vertigojazz.pl\/de\/produkt\/caribbean-journey-cocktail-workshop\/#primaryimage","url":"https:\/\/vertigojazz.pl\/wp-content\/uploads\/2025\/03\/4.07-kwadrat.jpg","contentUrl":"https:\/\/vertigojazz.pl\/wp-content\/uploads\/2025\/03\/4.07-kwadrat.jpg","width":1080,"height":1080},{"@type":"BreadcrumbList","@id":"https:\/\/vertigojazz.pl\/de\/produkt\/caribbean-journey-cocktail-workshop\/#breadcrumb","itemListElement":[{"@type":"ListItem","position":1,"name":"Strona g\u0142\u00f3wna","item":"https:\/\/vertigojazz.pl\/de\/"},{"@type":"ListItem","position":2,"name":"Shop","item":"https:\/\/vertigojazz.pl\/de\/shop\/"},{"@type":"ListItem","position":3,"name":"Caribbean Journey &#8211; Cocktail-Workshop"}]},{"@type":"WebSite","@id":"https:\/\/vertigojazz.pl\/#website","url":"https:\/\/vertigojazz.pl\/","name":"Vertigo Jazz Club & Restaurant","description":"klub muzyczny we Wroc\u0142awiu","publisher":{"@id":"https:\/\/vertigojazz.pl\/#organization"},"potentialAction":[{"@type":"SearchAction","target":{"@type":"EntryPoint","urlTemplate":"https:\/\/vertigojazz.pl\/?s={search_term_string}"},"query-input":{"@type":"PropertyValueSpecification","valueRequired":true,"valueName":"search_term_string"}}],"inLanguage":"de"},{"@type":"Organization","@id":"https:\/\/vertigojazz.pl\/#organization","name":"Vertigo Jazz Club & Restaurant","alternateName":"Klub muzyczny we Wroc\u0142awiu","url":"https:\/\/vertigojazz.pl\/","logo":{"@type":"ImageObject","inLanguage":"de","@id":"https:\/\/vertigojazz.pl\/#\/schema\/logo\/image\/","url":"https:\/\/vertigojazz.pl\/wp-content\/uploads\/2025\/04\/cropped-vertigo_logo_biale-180x180-1.jpg","contentUrl":"https:\/\/vertigojazz.pl\/wp-content\/uploads\/2025\/04\/cropped-vertigo_logo_biale-180x180-1.jpg","width":180,"height":180,"caption":"Vertigo Jazz Club & Restaurant"},"image":{"@id":"https:\/\/vertigojazz.pl\/#\/schema\/logo\/image\/"},"sameAs":["https:\/\/www.facebook.com\/vertigojazzclub","https:\/\/www.instagram.com\/vertigo_jazz_club\/","https:\/\/www.youtube.com\/channel\/UC8sPrX3Xuv7bfuhfr3XbqXg","https:\/\/www.tiktok.com\/@vertigojazzclub"]}]}},"_links":{"self":[{"href":"https:\/\/vertigojazz.pl\/de\/wp-json\/wp\/v2\/product\/9820","targetHints":{"allow":["GET"]}}],"collection":[{"href":"https:\/\/vertigojazz.pl\/de\/wp-json\/wp\/v2\/product"}],"about":[{"href":"https:\/\/vertigojazz.pl\/de\/wp-json\/wp\/v2\/types\/product"}],"wp:featuredmedia":[{"embeddable":true,"href":"https:\/\/vertigojazz.pl\/de\/wp-json\/wp\/v2\/media\/9821"}],"wp:attachment":[{"href":"https:\/\/vertigojazz.pl\/de\/wp-json\/wp\/v2\/media?parent=9820"}],"wp:term":[{"taxonomy":"product_brand","embeddable":true,"href":"https:\/\/vertigojazz.pl\/de\/wp-json\/wp\/v2\/product_brand?post=9820"},{"taxonomy":"product_cat","embeddable":true,"href":"https:\/\/vertigojazz.pl\/de\/wp-json\/wp\/v2\/product_cat?post=9820"},{"taxonomy":"product_tag","embeddable":true,"href":"https:\/\/vertigojazz.pl\/de\/wp-json\/wp\/v2\/product_tag?post=9820"}],"curies":[{"name":"wp","href":"https:\/\/api.w.org\/{rel}","templated":true}]}}