{"id":9837,"date":"2025-03-26T11:09:53","date_gmt":"2025-03-26T10:09:53","guid":{"rendered":"https:\/\/vertigojazz.pl\/produkt\/die-welt-des-rums-verkostung\/"},"modified":"2025-03-26T11:09:53","modified_gmt":"2025-03-26T10:09:53","slug":"die-welt-des-rums-verkostung","status":"publish","type":"product","link":"https:\/\/vertigojazz.pl\/de\/produkt\/die-welt-des-rums-verkostung\/","title":{"rendered":"Die Welt des Rums &#8211; Verkostung"},"content":{"rendered":"","protected":false},"excerpt":{"rendered":"<p><span style=\"font-weight: 400;\">Haben Sie sich jemals \u00fcber die geheimnisvolle Welt des Rums gewundert? Wussten Sie, dass er nicht nur ein Getr\u00e4nk f\u00fcr Piraten oder freche Matrosen ist? Entdecken Sie mit uns die Welt des Rums auf eine ganz neue Art und Weise und brechen Sie mit den Klischees, die man mit diesem einzigartigen Getr\u00e4nk verbindet!  <\/span><\/p>\n<p><span style=\"font-weight: 400;\">Was Sie bei der Verkostung herausfinden werden:<\/span><\/p>\n<p><span style=\"font-weight: 400;\">Geschichte im Glas: Begeben Sie sich mit uns auf eine Reise durch Zeit und Raum und entdecken Sie die Geschichte der Kolonialisierung, des Handels und der Kultur, aus der dieses faszinierende Getr\u00e4nk hervorgegangen ist. Rum ist nicht nur ein Geschmack, er ist auch eine Geschichte der Entdeckung und des Kampfes. <\/span><\/p>\n<p><span style=\"font-weight: 400;\">Geschmacksvielfalt: Entdecken Sie, dass es bei Rum nicht nur um s\u00fc\u00dfe und karamellige Noten geht. Entdecken Sie eine F\u00fclle von unterschiedlichen Aromen &#8211; von zarten, blumigen T\u00f6nen bis hin zu intensiven, rauchigen Akzenten. Jeder Rum ist eine eigene Geschichte.  <\/span><\/p>\n<p><span style=\"font-weight: 400;\">Die Kunst der Meisterdestillateure: Lernen Sie die Geheimnisse des Herstellungsprozesses kennen, die jeden Rum einzigartig machen. Von der Zuckerrohrernte \u00fcber die G\u00e4rung und Destillation bis hin zur langen Reifung in den F\u00e4ssern &#8211; jeder Schritt macht einen Unterschied f\u00fcr den endg\u00fcltigen Geschmack. <\/span><\/p>\n<p><span style=\"font-weight: 400;\">Experimentieren Sie mit Aromen: Lassen Sie Ihre Sinne w\u00e4hrend der Verkostung durch ein Bouquet von Aromen reisen &#8211; von Vanille und Eiche bis hin zu Gew\u00fcrzen. \u00dcberraschen Sie Ihre Geschmacksnerven und entdecken Sie neue Lieblingsrumsorten. <\/span><\/p>\n<p><span style=\"font-weight: 400;\">Treffen Sie die Experten: Unser Experte wird Ihnen leidenschaftlich \u00fcber jeden ausgestellten Rum erz\u00e4hlen und sein Wissen und seine Erfahrung mit Ihnen teilen. G\u00f6nnen Sie sich ein anregendes Gespr\u00e4ch mit einem Liebhaber dieses einzigartigen Getr\u00e4nks. <\/span><\/p>\n<p><span style=\"font-weight: 400;\">Wir laden Sie zu einer Rumverkostung ein, die Ihnen ganz neue Geschmackshorizonte er\u00f6ffnet und Sie den Reichtum der Kultur und Geschichte hinter jeder Flasche entdecken l\u00e4sst. Nehmen Sie an unserer Reise teil und lassen Sie sich inspirieren! <\/span><\/p>\n<p><strong>Details zur Veranstaltung:<\/strong><\/p>\n<ul>\n<li style=\"font-weight: 400;\"><span style=\"font-weight: 400;\">Eine 2-st\u00fcndige Verkostung f\u00fcr Anf\u00e4nger wie f\u00fcr Fortgeschrittene;<\/span><\/li>\n<li style=\"font-weight: 400;\"><span style=\"font-weight: 400;\">Probieren Sie mehr als 6 verschiedene Flaschen mit Rumsorten unterschiedlicher Stilrichtungen;<\/span><\/li>\n<li style=\"font-weight: 400;\"><span style=\"font-weight: 400;\">ein Handout mit Verkostungsnotizen und einem kleinen Leckerbissen f\u00fcr jede Flasche;<\/span><\/li>\n<li style=\"font-weight: 400;\"><span style=\"font-weight: 400;\">Zwei Einladungen f\u00fcr jeden Teilnehmer zu zuk\u00fcnftigen Veranstaltungen im Vertigo Jazz Club &amp; Restaurant.<\/span><\/li>\n<\/ul>\n<p><span style=\"font-weight: 400;\">Die Anzahl der Pl\u00e4tze ist begrenzt. Sollte die Mindestteilnehmerzahl nicht erreicht werden, beh\u00e4lt sich der Veranstalter das Recht vor, die Verkostung bis zu zwei Tage vor der Veranstaltung abzusagen. <\/span><\/p>\n","protected":false},"featured_media":9838,"template":"","meta":{"_acf_changed":false},"product_brand":[],"product_cat":[153],"product_tag":[],"class_list":{"0":"post-9837","1":"product","2":"type-product","3":"status-publish","4":"has-post-thumbnail","6":"product_cat-warsztaty","8":"first","9":"instock","10":"shipping-taxable","11":"purchasable","12":"product-type-simple"},"acf":[],"yoast_head":"<!-- This site is optimized with the Yoast SEO plugin v26.0 - https:\/\/yoast.com\/wordpress\/plugins\/seo\/ -->\n<title>Die Welt des Rums - Verkostung - Vertigo Jazz Club &amp; Restaurant<\/title>\n<meta name=\"robots\" content=\"index, follow, max-snippet:-1, max-image-preview:large, max-video-preview:-1\" \/>\n<link rel=\"canonical\" href=\"https:\/\/vertigojazz.pl\/de\/produkt\/die-welt-des-rums-verkostung\/\" \/>\n<meta property=\"og:locale\" content=\"de_DE\" \/>\n<meta property=\"og:type\" content=\"article\" \/>\n<meta property=\"og:title\" content=\"Die Welt des Rums - Verkostung - Vertigo Jazz Club &amp; Restaurant\" \/>\n<meta property=\"og:description\" content=\"Haben Sie sich jemals \u00fcber die geheimnisvolle Welt des Rums gewundert? Wussten Sie, dass er nicht nur ein Getr\u00e4nk f\u00fcr Piraten oder freche Matrosen ist? Entdecken Sie mit uns die Welt des Rums auf eine ganz neue Art und Weise und brechen Sie mit den Klischees, die man mit diesem einzigartigen Getr\u00e4nk verbindet!  Was Sie bei der Verkostung herausfinden werden: Geschichte im Glas: Begeben Sie sich mit uns auf eine Reise durch Zeit und Raum und entdecken Sie die Geschichte der Kolonialisierung, des Handels und der Kultur, aus der dieses faszinierende Getr\u00e4nk hervorgegangen ist. Rum ist nicht nur ein Geschmack, er ist auch eine Geschichte der Entdeckung und des Kampfes.  Geschmacksvielfalt: Entdecken Sie, dass es bei Rum nicht nur um s\u00fc\u00dfe und karamellige Noten geht. Entdecken Sie eine F\u00fclle von unterschiedlichen Aromen - von zarten, blumigen T\u00f6nen bis hin zu intensiven, rauchigen Akzenten. Jeder Rum ist eine eigene Geschichte.  Die Kunst der Meisterdestillateure: Lernen Sie die Geheimnisse des Herstellungsprozesses kennen, die jeden Rum einzigartig machen. Von der Zuckerrohrernte \u00fcber die G\u00e4rung und Destillation bis hin zur langen Reifung in den F\u00e4ssern - jeder Schritt macht einen Unterschied f\u00fcr den endg\u00fcltigen Geschmack.  Experimentieren Sie mit Aromen: Lassen Sie Ihre Sinne w\u00e4hrend der Verkostung durch ein Bouquet von Aromen reisen - von Vanille und Eiche bis hin zu Gew\u00fcrzen. \u00dcberraschen Sie Ihre Geschmacksnerven und entdecken Sie neue Lieblingsrumsorten.  Treffen Sie die Experten: Unser Experte wird Ihnen leidenschaftlich \u00fcber jeden ausgestellten Rum erz\u00e4hlen und sein Wissen und seine Erfahrung mit Ihnen teilen. G\u00f6nnen Sie sich ein anregendes Gespr\u00e4ch mit einem Liebhaber dieses einzigartigen Getr\u00e4nks.  Wir laden Sie zu einer Rumverkostung ein, die Ihnen ganz neue Geschmackshorizonte er\u00f6ffnet und Sie den Reichtum der Kultur und Geschichte hinter jeder Flasche entdecken l\u00e4sst. Nehmen Sie an unserer Reise teil und lassen Sie sich inspirieren!  Details zur Veranstaltung:  Eine 2-st\u00fcndige Verkostung f\u00fcr Anf\u00e4nger wie f\u00fcr Fortgeschrittene;  Probieren Sie mehr als 6 verschiedene Flaschen mit Rumsorten unterschiedlicher Stilrichtungen;  ein Handout mit Verkostungsnotizen und einem kleinen Leckerbissen f\u00fcr jede Flasche;  Zwei Einladungen f\u00fcr jeden Teilnehmer zu zuk\u00fcnftigen Veranstaltungen im Vertigo Jazz Club &amp; Restaurant. Die Anzahl der Pl\u00e4tze ist begrenzt. Sollte die Mindestteilnehmerzahl nicht erreicht werden, beh\u00e4lt sich der Veranstalter das Recht vor, die Verkostung bis zu zwei Tage vor der Veranstaltung abzusagen.\" \/>\n<meta property=\"og:url\" content=\"https:\/\/vertigojazz.pl\/de\/produkt\/die-welt-des-rums-verkostung\/\" \/>\n<meta property=\"og:site_name\" content=\"Vertigo Jazz Club &amp; Restaurant\" \/>\n<meta property=\"article:publisher\" content=\"https:\/\/www.facebook.com\/vertigojazzclub\" \/>\n<meta property=\"og:image\" content=\"https:\/\/vertigojazz.pl\/wp-content\/uploads\/2025\/03\/20.06-kwadrat.jpg\" \/>\n\t<meta property=\"og:image:width\" content=\"1080\" \/>\n\t<meta property=\"og:image:height\" content=\"1080\" \/>\n\t<meta property=\"og:image:type\" content=\"image\/jpeg\" \/>\n<meta name=\"twitter:card\" content=\"summary_large_image\" \/>\n<script type=\"application\/ld+json\" class=\"yoast-schema-graph\">{\"@context\":\"https:\/\/schema.org\",\"@graph\":[{\"@type\":\"WebPage\",\"@id\":\"https:\/\/vertigojazz.pl\/de\/produkt\/die-welt-des-rums-verkostung\/\",\"url\":\"https:\/\/vertigojazz.pl\/de\/produkt\/die-welt-des-rums-verkostung\/\",\"name\":\"Die Welt des Rums - Verkostung - Vertigo Jazz Club &amp; Restaurant\",\"isPartOf\":{\"@id\":\"https:\/\/vertigojazz.pl\/#website\"},\"primaryImageOfPage\":{\"@id\":\"https:\/\/vertigojazz.pl\/de\/produkt\/die-welt-des-rums-verkostung\/#primaryimage\"},\"image\":{\"@id\":\"https:\/\/vertigojazz.pl\/de\/produkt\/die-welt-des-rums-verkostung\/#primaryimage\"},\"thumbnailUrl\":\"https:\/\/vertigojazz.pl\/wp-content\/uploads\/2025\/03\/20.06-kwadrat.jpg\",\"datePublished\":\"2025-03-26T10:09:53+00:00\",\"breadcrumb\":{\"@id\":\"https:\/\/vertigojazz.pl\/de\/produkt\/die-welt-des-rums-verkostung\/#breadcrumb\"},\"inLanguage\":\"de\",\"potentialAction\":[{\"@type\":\"ReadAction\",\"target\":[\"https:\/\/vertigojazz.pl\/de\/produkt\/die-welt-des-rums-verkostung\/\"]}]},{\"@type\":\"ImageObject\",\"inLanguage\":\"de\",\"@id\":\"https:\/\/vertigojazz.pl\/de\/produkt\/die-welt-des-rums-verkostung\/#primaryimage\",\"url\":\"https:\/\/vertigojazz.pl\/wp-content\/uploads\/2025\/03\/20.06-kwadrat.jpg\",\"contentUrl\":\"https:\/\/vertigojazz.pl\/wp-content\/uploads\/2025\/03\/20.06-kwadrat.jpg\",\"width\":1080,\"height\":1080},{\"@type\":\"BreadcrumbList\",\"@id\":\"https:\/\/vertigojazz.pl\/de\/produkt\/die-welt-des-rums-verkostung\/#breadcrumb\",\"itemListElement\":[{\"@type\":\"ListItem\",\"position\":1,\"name\":\"Strona g\u0142\u00f3wna\",\"item\":\"https:\/\/vertigojazz.pl\/de\/\"},{\"@type\":\"ListItem\",\"position\":2,\"name\":\"Shop\",\"item\":\"https:\/\/vertigojazz.pl\/de\/shop\/\"},{\"@type\":\"ListItem\",\"position\":3,\"name\":\"Die Welt des Rums &#8211; Verkostung\"}]},{\"@type\":\"WebSite\",\"@id\":\"https:\/\/vertigojazz.pl\/#website\",\"url\":\"https:\/\/vertigojazz.pl\/\",\"name\":\"Vertigo Jazz Club & Restaurant\",\"description\":\"klub muzyczny we Wroc\u0142awiu\",\"publisher\":{\"@id\":\"https:\/\/vertigojazz.pl\/#organization\"},\"potentialAction\":[{\"@type\":\"SearchAction\",\"target\":{\"@type\":\"EntryPoint\",\"urlTemplate\":\"https:\/\/vertigojazz.pl\/?s={search_term_string}\"},\"query-input\":{\"@type\":\"PropertyValueSpecification\",\"valueRequired\":true,\"valueName\":\"search_term_string\"}}],\"inLanguage\":\"de\"},{\"@type\":\"Organization\",\"@id\":\"https:\/\/vertigojazz.pl\/#organization\",\"name\":\"Vertigo Jazz Club & Restaurant\",\"alternateName\":\"Klub muzyczny we Wroc\u0142awiu\",\"url\":\"https:\/\/vertigojazz.pl\/\",\"logo\":{\"@type\":\"ImageObject\",\"inLanguage\":\"de\",\"@id\":\"https:\/\/vertigojazz.pl\/#\/schema\/logo\/image\/\",\"url\":\"https:\/\/vertigojazz.pl\/wp-content\/uploads\/2025\/04\/cropped-vertigo_logo_biale-180x180-1.jpg\",\"contentUrl\":\"https:\/\/vertigojazz.pl\/wp-content\/uploads\/2025\/04\/cropped-vertigo_logo_biale-180x180-1.jpg\",\"width\":180,\"height\":180,\"caption\":\"Vertigo Jazz Club & Restaurant\"},\"image\":{\"@id\":\"https:\/\/vertigojazz.pl\/#\/schema\/logo\/image\/\"},\"sameAs\":[\"https:\/\/www.facebook.com\/vertigojazzclub\",\"https:\/\/www.instagram.com\/vertigo_jazz_club\/\",\"https:\/\/www.youtube.com\/channel\/UC8sPrX3Xuv7bfuhfr3XbqXg\",\"https:\/\/www.tiktok.com\/@vertigojazzclub\"]}]}<\/script>\n<!-- \/ Yoast SEO plugin. -->","yoast_head_json":{"title":"Die Welt des Rums - Verkostung - Vertigo Jazz Club &amp; Restaurant","robots":{"index":"index","follow":"follow","max-snippet":"max-snippet:-1","max-image-preview":"max-image-preview:large","max-video-preview":"max-video-preview:-1"},"canonical":"https:\/\/vertigojazz.pl\/de\/produkt\/die-welt-des-rums-verkostung\/","og_locale":"de_DE","og_type":"article","og_title":"Die Welt des Rums - Verkostung - Vertigo Jazz Club &amp; Restaurant","og_description":"Haben Sie sich jemals \u00fcber die geheimnisvolle Welt des Rums gewundert? Wussten Sie, dass er nicht nur ein Getr\u00e4nk f\u00fcr Piraten oder freche Matrosen ist? Entdecken Sie mit uns die Welt des Rums auf eine ganz neue Art und Weise und brechen Sie mit den Klischees, die man mit diesem einzigartigen Getr\u00e4nk verbindet!  Was Sie bei der Verkostung herausfinden werden: Geschichte im Glas: Begeben Sie sich mit uns auf eine Reise durch Zeit und Raum und entdecken Sie die Geschichte der Kolonialisierung, des Handels und der Kultur, aus der dieses faszinierende Getr\u00e4nk hervorgegangen ist. Rum ist nicht nur ein Geschmack, er ist auch eine Geschichte der Entdeckung und des Kampfes.  Geschmacksvielfalt: Entdecken Sie, dass es bei Rum nicht nur um s\u00fc\u00dfe und karamellige Noten geht. Entdecken Sie eine F\u00fclle von unterschiedlichen Aromen - von zarten, blumigen T\u00f6nen bis hin zu intensiven, rauchigen Akzenten. Jeder Rum ist eine eigene Geschichte.  Die Kunst der Meisterdestillateure: Lernen Sie die Geheimnisse des Herstellungsprozesses kennen, die jeden Rum einzigartig machen. Von der Zuckerrohrernte \u00fcber die G\u00e4rung und Destillation bis hin zur langen Reifung in den F\u00e4ssern - jeder Schritt macht einen Unterschied f\u00fcr den endg\u00fcltigen Geschmack.  Experimentieren Sie mit Aromen: Lassen Sie Ihre Sinne w\u00e4hrend der Verkostung durch ein Bouquet von Aromen reisen - von Vanille und Eiche bis hin zu Gew\u00fcrzen. \u00dcberraschen Sie Ihre Geschmacksnerven und entdecken Sie neue Lieblingsrumsorten.  Treffen Sie die Experten: Unser Experte wird Ihnen leidenschaftlich \u00fcber jeden ausgestellten Rum erz\u00e4hlen und sein Wissen und seine Erfahrung mit Ihnen teilen. G\u00f6nnen Sie sich ein anregendes Gespr\u00e4ch mit einem Liebhaber dieses einzigartigen Getr\u00e4nks.  Wir laden Sie zu einer Rumverkostung ein, die Ihnen ganz neue Geschmackshorizonte er\u00f6ffnet und Sie den Reichtum der Kultur und Geschichte hinter jeder Flasche entdecken l\u00e4sst. Nehmen Sie an unserer Reise teil und lassen Sie sich inspirieren!  Details zur Veranstaltung:  Eine 2-st\u00fcndige Verkostung f\u00fcr Anf\u00e4nger wie f\u00fcr Fortgeschrittene;  Probieren Sie mehr als 6 verschiedene Flaschen mit Rumsorten unterschiedlicher Stilrichtungen;  ein Handout mit Verkostungsnotizen und einem kleinen Leckerbissen f\u00fcr jede Flasche;  Zwei Einladungen f\u00fcr jeden Teilnehmer zu zuk\u00fcnftigen Veranstaltungen im Vertigo Jazz Club &amp; Restaurant. Die Anzahl der Pl\u00e4tze ist begrenzt. Sollte die Mindestteilnehmerzahl nicht erreicht werden, beh\u00e4lt sich der Veranstalter das Recht vor, die Verkostung bis zu zwei Tage vor der Veranstaltung abzusagen.","og_url":"https:\/\/vertigojazz.pl\/de\/produkt\/die-welt-des-rums-verkostung\/","og_site_name":"Vertigo Jazz Club &amp; Restaurant","article_publisher":"https:\/\/www.facebook.com\/vertigojazzclub","og_image":[{"width":1080,"height":1080,"url":"https:\/\/vertigojazz.pl\/wp-content\/uploads\/2025\/03\/20.06-kwadrat.jpg","type":"image\/jpeg"}],"twitter_card":"summary_large_image","schema":{"@context":"https:\/\/schema.org","@graph":[{"@type":"WebPage","@id":"https:\/\/vertigojazz.pl\/de\/produkt\/die-welt-des-rums-verkostung\/","url":"https:\/\/vertigojazz.pl\/de\/produkt\/die-welt-des-rums-verkostung\/","name":"Die Welt des Rums - Verkostung - Vertigo Jazz Club &amp; Restaurant","isPartOf":{"@id":"https:\/\/vertigojazz.pl\/#website"},"primaryImageOfPage":{"@id":"https:\/\/vertigojazz.pl\/de\/produkt\/die-welt-des-rums-verkostung\/#primaryimage"},"image":{"@id":"https:\/\/vertigojazz.pl\/de\/produkt\/die-welt-des-rums-verkostung\/#primaryimage"},"thumbnailUrl":"https:\/\/vertigojazz.pl\/wp-content\/uploads\/2025\/03\/20.06-kwadrat.jpg","datePublished":"2025-03-26T10:09:53+00:00","breadcrumb":{"@id":"https:\/\/vertigojazz.pl\/de\/produkt\/die-welt-des-rums-verkostung\/#breadcrumb"},"inLanguage":"de","potentialAction":[{"@type":"ReadAction","target":["https:\/\/vertigojazz.pl\/de\/produkt\/die-welt-des-rums-verkostung\/"]}]},{"@type":"ImageObject","inLanguage":"de","@id":"https:\/\/vertigojazz.pl\/de\/produkt\/die-welt-des-rums-verkostung\/#primaryimage","url":"https:\/\/vertigojazz.pl\/wp-content\/uploads\/2025\/03\/20.06-kwadrat.jpg","contentUrl":"https:\/\/vertigojazz.pl\/wp-content\/uploads\/2025\/03\/20.06-kwadrat.jpg","width":1080,"height":1080},{"@type":"BreadcrumbList","@id":"https:\/\/vertigojazz.pl\/de\/produkt\/die-welt-des-rums-verkostung\/#breadcrumb","itemListElement":[{"@type":"ListItem","position":1,"name":"Strona g\u0142\u00f3wna","item":"https:\/\/vertigojazz.pl\/de\/"},{"@type":"ListItem","position":2,"name":"Shop","item":"https:\/\/vertigojazz.pl\/de\/shop\/"},{"@type":"ListItem","position":3,"name":"Die Welt des Rums &#8211; Verkostung"}]},{"@type":"WebSite","@id":"https:\/\/vertigojazz.pl\/#website","url":"https:\/\/vertigojazz.pl\/","name":"Vertigo Jazz Club & Restaurant","description":"klub muzyczny we Wroc\u0142awiu","publisher":{"@id":"https:\/\/vertigojazz.pl\/#organization"},"potentialAction":[{"@type":"SearchAction","target":{"@type":"EntryPoint","urlTemplate":"https:\/\/vertigojazz.pl\/?s={search_term_string}"},"query-input":{"@type":"PropertyValueSpecification","valueRequired":true,"valueName":"search_term_string"}}],"inLanguage":"de"},{"@type":"Organization","@id":"https:\/\/vertigojazz.pl\/#organization","name":"Vertigo Jazz Club & Restaurant","alternateName":"Klub muzyczny we Wroc\u0142awiu","url":"https:\/\/vertigojazz.pl\/","logo":{"@type":"ImageObject","inLanguage":"de","@id":"https:\/\/vertigojazz.pl\/#\/schema\/logo\/image\/","url":"https:\/\/vertigojazz.pl\/wp-content\/uploads\/2025\/04\/cropped-vertigo_logo_biale-180x180-1.jpg","contentUrl":"https:\/\/vertigojazz.pl\/wp-content\/uploads\/2025\/04\/cropped-vertigo_logo_biale-180x180-1.jpg","width":180,"height":180,"caption":"Vertigo Jazz Club & Restaurant"},"image":{"@id":"https:\/\/vertigojazz.pl\/#\/schema\/logo\/image\/"},"sameAs":["https:\/\/www.facebook.com\/vertigojazzclub","https:\/\/www.instagram.com\/vertigo_jazz_club\/","https:\/\/www.youtube.com\/channel\/UC8sPrX3Xuv7bfuhfr3XbqXg","https:\/\/www.tiktok.com\/@vertigojazzclub"]}]}},"_links":{"self":[{"href":"https:\/\/vertigojazz.pl\/de\/wp-json\/wp\/v2\/product\/9837","targetHints":{"allow":["GET"]}}],"collection":[{"href":"https:\/\/vertigojazz.pl\/de\/wp-json\/wp\/v2\/product"}],"about":[{"href":"https:\/\/vertigojazz.pl\/de\/wp-json\/wp\/v2\/types\/product"}],"wp:featuredmedia":[{"embeddable":true,"href":"https:\/\/vertigojazz.pl\/de\/wp-json\/wp\/v2\/media\/9838"}],"wp:attachment":[{"href":"https:\/\/vertigojazz.pl\/de\/wp-json\/wp\/v2\/media?parent=9837"}],"wp:term":[{"taxonomy":"product_brand","embeddable":true,"href":"https:\/\/vertigojazz.pl\/de\/wp-json\/wp\/v2\/product_brand?post=9837"},{"taxonomy":"product_cat","embeddable":true,"href":"https:\/\/vertigojazz.pl\/de\/wp-json\/wp\/v2\/product_cat?post=9837"},{"taxonomy":"product_tag","embeddable":true,"href":"https:\/\/vertigojazz.pl\/de\/wp-json\/wp\/v2\/product_tag?post=9837"}],"curies":[{"name":"wp","href":"https:\/\/api.w.org\/{rel}","templated":true}]}}