{"id":9842,"date":"2025-03-26T11:08:24","date_gmt":"2025-03-26T10:08:24","guid":{"rendered":"https:\/\/vertigojazz.pl\/produkt\/die-ersten-cocktails-die-mixologien-hervorgebracht-haben-cocktail-workshop\/"},"modified":"2025-03-26T11:08:24","modified_gmt":"2025-03-26T10:08:24","slug":"die-ersten-cocktails-die-mixologien-hervorgebracht-haben-cocktail-workshop","status":"publish","type":"product","link":"https:\/\/vertigojazz.pl\/de\/produkt\/die-ersten-cocktails-die-mixologien-hervorgebracht-haben-cocktail-workshop\/","title":{"rendered":"Die ersten Cocktails, die Mixologien hervorgebracht haben &#8211; Cocktail Workshop"},"content":{"rendered":"","protected":false},"excerpt":{"rendered":"<p><span style=\"font-weight: 400;\">Die 1800er Jahre, die Anf\u00e4nge der Mixologie, die Geburt der klassischen Cocktails, die den modernen Ansatz der Barkeeperkunst gepr\u00e4gt haben. Begleiten Sie uns zu einem Cocktail-Workshop, der Sie auf eine Reise zur\u00fcck in die Zeit f\u00fchrt, in der Drinks kreiert wurden, die noch heute die Grundlage der Mixologie bilden!  <\/span><\/p>\n<p><span style=\"font-weight: 400;\">Unter der Anleitung eines erfahrenen Barkeepers mit jahrelanger Erfahrung werden Sie die Aromen von Cocktails entdecken, die die Welt der Bars und Restaurants revolutioniert haben, und Barkeepern zeigen, wie man Drinks mit Klasse kreiert. Gemeinsam werden Sie f\u00fcnf ikonische Cocktails zubereiten, die zu Vorbildern f\u00fcr zeitgen\u00f6ssische Mixes geworden sind. <\/span><\/p>\n<p><span style=\"font-weight: 400;\">Sie werden erfahren, wie die ersten Rezepte entstanden sind, die die Entwicklung moderner Cocktails beeinflusst haben, welche Techniken von den Pionieren der Mixologie eingef\u00fchrt wurden und wie Einfachheit und Eleganz zur Grundlage der modernen Barkeeperkunst wurden. Jeder dieser Cocktails hat die Barkeeper von heute dazu inspiriert, die perfekte Balance der Aromen zu finden. <\/span><\/p>\n<p><span style=\"font-weight: 400;\">W\u00e4hrend des Workshops werden Sie nicht nur die Geschichte dieser klassischen Drinks erforschen, sondern auch professionelle Barkeepertechniken erlernen, um diese legend\u00e4ren Cocktails bei sich zu Hause nachzumachen. Sind Sie bereit, sich wie ein Meistermixer zu f\u00fchlen? <\/span><\/p>\n<p><strong>Details zur Veranstaltung:<\/strong><\/p>\n<ul>\n<li style=\"font-weight: 400;\"><span style=\"font-weight: 400;\">Ein 2-st\u00fcndiger Barkeeper-Workshop f\u00fcr Anf\u00e4nger;<\/span><\/li>\n<li style=\"font-weight: 400;\"><span style=\"font-weight: 400;\">Zubereitung von 5 Cocktails unter Aufsicht von professionellen Barkeepern mit langj\u00e4hriger Erfahrung und deren Verkostung;<\/span><\/li>\n<li style=\"font-weight: 400;\"><span style=\"font-weight: 400;\">speziell ausgew\u00e4hlte Snacks, die nacheinander zu jedem der zubereiteten Cocktails serviert werden,<\/span><\/li>\n<li style=\"font-weight: 400;\"><span style=\"font-weight: 400;\">Cocktailrezepte, die w\u00e4hrend des Workshops zubereitet wurden, elektronisch an jeden Teilnehmer geschickt;<\/span><\/li>\n<li style=\"font-weight: 400;\"><span style=\"font-weight: 400;\">Zwei Einladungen f\u00fcr jeden Teilnehmer zu zuk\u00fcnftigen Veranstaltungen im Vertigo Jazz Club &amp; Restaurant.<\/span><\/li>\n<\/ul>\n<p><span style=\"font-weight: 400;\">Die Anzahl der Pl\u00e4tze ist begrenzt. Wenn die Mindestteilnehmerzahl nicht erreicht wird, beh\u00e4lt sich der Veranstalter das Recht vor, den Workshop bis zu drei Tage vor der Veranstaltung abzusagen. <\/span><\/p>\n","protected":false},"featured_media":9843,"template":"","meta":{"_acf_changed":false},"product_brand":[],"product_cat":[153],"product_tag":[],"class_list":{"0":"post-9842","1":"product","2":"type-product","3":"status-publish","4":"has-post-thumbnail","6":"product_cat-warsztaty","8":"first","9":"instock","10":"shipping-taxable","11":"purchasable","12":"product-type-simple"},"acf":[],"yoast_head":"<!-- This site is optimized with the Yoast SEO plugin v26.0 - https:\/\/yoast.com\/wordpress\/plugins\/seo\/ -->\n<title>Die ersten Cocktails, die Mixologien hervorgebracht haben - Cocktail Workshop - Vertigo Jazz Club &amp; Restaurant<\/title>\n<meta name=\"robots\" content=\"index, follow, max-snippet:-1, max-image-preview:large, max-video-preview:-1\" \/>\n<link rel=\"canonical\" href=\"https:\/\/vertigojazz.pl\/de\/produkt\/die-ersten-cocktails-die-mixologien-hervorgebracht-haben-cocktail-workshop\/\" \/>\n<meta property=\"og:locale\" content=\"de_DE\" \/>\n<meta property=\"og:type\" content=\"article\" \/>\n<meta property=\"og:title\" content=\"Die ersten Cocktails, die Mixologien hervorgebracht haben - Cocktail Workshop - Vertigo Jazz Club &amp; Restaurant\" \/>\n<meta property=\"og:description\" content=\"Die 1800er Jahre, die Anf\u00e4nge der Mixologie, die Geburt der klassischen Cocktails, die den modernen Ansatz der Barkeeperkunst gepr\u00e4gt haben. Begleiten Sie uns zu einem Cocktail-Workshop, der Sie auf eine Reise zur\u00fcck in die Zeit f\u00fchrt, in der Drinks kreiert wurden, die noch heute die Grundlage der Mixologie bilden!  Unter der Anleitung eines erfahrenen Barkeepers mit jahrelanger Erfahrung werden Sie die Aromen von Cocktails entdecken, die die Welt der Bars und Restaurants revolutioniert haben, und Barkeepern zeigen, wie man Drinks mit Klasse kreiert. Gemeinsam werden Sie f\u00fcnf ikonische Cocktails zubereiten, die zu Vorbildern f\u00fcr zeitgen\u00f6ssische Mixes geworden sind.  Sie werden erfahren, wie die ersten Rezepte entstanden sind, die die Entwicklung moderner Cocktails beeinflusst haben, welche Techniken von den Pionieren der Mixologie eingef\u00fchrt wurden und wie Einfachheit und Eleganz zur Grundlage der modernen Barkeeperkunst wurden. Jeder dieser Cocktails hat die Barkeeper von heute dazu inspiriert, die perfekte Balance der Aromen zu finden.  W\u00e4hrend des Workshops werden Sie nicht nur die Geschichte dieser klassischen Drinks erforschen, sondern auch professionelle Barkeepertechniken erlernen, um diese legend\u00e4ren Cocktails bei sich zu Hause nachzumachen. Sind Sie bereit, sich wie ein Meistermixer zu f\u00fchlen?  Details zur Veranstaltung:  Ein 2-st\u00fcndiger Barkeeper-Workshop f\u00fcr Anf\u00e4nger;  Zubereitung von 5 Cocktails unter Aufsicht von professionellen Barkeepern mit langj\u00e4hriger Erfahrung und deren Verkostung;  speziell ausgew\u00e4hlte Snacks, die nacheinander zu jedem der zubereiteten Cocktails serviert werden,  Cocktailrezepte, die w\u00e4hrend des Workshops zubereitet wurden, elektronisch an jeden Teilnehmer geschickt;  Zwei Einladungen f\u00fcr jeden Teilnehmer zu zuk\u00fcnftigen Veranstaltungen im Vertigo Jazz Club &amp; Restaurant. Die Anzahl der Pl\u00e4tze ist begrenzt. Wenn die Mindestteilnehmerzahl nicht erreicht wird, beh\u00e4lt sich der Veranstalter das Recht vor, den Workshop bis zu drei Tage vor der Veranstaltung abzusagen.\" \/>\n<meta property=\"og:url\" content=\"https:\/\/vertigojazz.pl\/de\/produkt\/die-ersten-cocktails-die-mixologien-hervorgebracht-haben-cocktail-workshop\/\" \/>\n<meta property=\"og:site_name\" content=\"Vertigo Jazz Club &amp; Restaurant\" \/>\n<meta property=\"article:publisher\" content=\"https:\/\/www.facebook.com\/vertigojazzclub\" \/>\n<meta property=\"og:image\" content=\"https:\/\/vertigojazz.pl\/wp-content\/uploads\/2025\/03\/17.06-kwadrat.jpg\" \/>\n\t<meta property=\"og:image:width\" content=\"1080\" \/>\n\t<meta property=\"og:image:height\" content=\"1080\" \/>\n\t<meta property=\"og:image:type\" content=\"image\/jpeg\" \/>\n<meta name=\"twitter:card\" content=\"summary_large_image\" \/>\n<script type=\"application\/ld+json\" class=\"yoast-schema-graph\">{\"@context\":\"https:\/\/schema.org\",\"@graph\":[{\"@type\":\"WebPage\",\"@id\":\"https:\/\/vertigojazz.pl\/de\/produkt\/die-ersten-cocktails-die-mixologien-hervorgebracht-haben-cocktail-workshop\/\",\"url\":\"https:\/\/vertigojazz.pl\/de\/produkt\/die-ersten-cocktails-die-mixologien-hervorgebracht-haben-cocktail-workshop\/\",\"name\":\"Die ersten Cocktails, die Mixologien hervorgebracht haben - Cocktail Workshop - Vertigo Jazz Club &amp; Restaurant\",\"isPartOf\":{\"@id\":\"https:\/\/vertigojazz.pl\/#website\"},\"primaryImageOfPage\":{\"@id\":\"https:\/\/vertigojazz.pl\/de\/produkt\/die-ersten-cocktails-die-mixologien-hervorgebracht-haben-cocktail-workshop\/#primaryimage\"},\"image\":{\"@id\":\"https:\/\/vertigojazz.pl\/de\/produkt\/die-ersten-cocktails-die-mixologien-hervorgebracht-haben-cocktail-workshop\/#primaryimage\"},\"thumbnailUrl\":\"https:\/\/vertigojazz.pl\/wp-content\/uploads\/2025\/03\/17.06-kwadrat.jpg\",\"datePublished\":\"2025-03-26T10:08:24+00:00\",\"breadcrumb\":{\"@id\":\"https:\/\/vertigojazz.pl\/de\/produkt\/die-ersten-cocktails-die-mixologien-hervorgebracht-haben-cocktail-workshop\/#breadcrumb\"},\"inLanguage\":\"de\",\"potentialAction\":[{\"@type\":\"ReadAction\",\"target\":[\"https:\/\/vertigojazz.pl\/de\/produkt\/die-ersten-cocktails-die-mixologien-hervorgebracht-haben-cocktail-workshop\/\"]}]},{\"@type\":\"ImageObject\",\"inLanguage\":\"de\",\"@id\":\"https:\/\/vertigojazz.pl\/de\/produkt\/die-ersten-cocktails-die-mixologien-hervorgebracht-haben-cocktail-workshop\/#primaryimage\",\"url\":\"https:\/\/vertigojazz.pl\/wp-content\/uploads\/2025\/03\/17.06-kwadrat.jpg\",\"contentUrl\":\"https:\/\/vertigojazz.pl\/wp-content\/uploads\/2025\/03\/17.06-kwadrat.jpg\",\"width\":1080,\"height\":1080},{\"@type\":\"BreadcrumbList\",\"@id\":\"https:\/\/vertigojazz.pl\/de\/produkt\/die-ersten-cocktails-die-mixologien-hervorgebracht-haben-cocktail-workshop\/#breadcrumb\",\"itemListElement\":[{\"@type\":\"ListItem\",\"position\":1,\"name\":\"Strona g\u0142\u00f3wna\",\"item\":\"https:\/\/vertigojazz.pl\/de\/\"},{\"@type\":\"ListItem\",\"position\":2,\"name\":\"Shop\",\"item\":\"https:\/\/vertigojazz.pl\/de\/shop\/\"},{\"@type\":\"ListItem\",\"position\":3,\"name\":\"Die ersten Cocktails, die Mixologien hervorgebracht haben &#8211; Cocktail Workshop\"}]},{\"@type\":\"WebSite\",\"@id\":\"https:\/\/vertigojazz.pl\/#website\",\"url\":\"https:\/\/vertigojazz.pl\/\",\"name\":\"Vertigo Jazz Club & Restaurant\",\"description\":\"klub muzyczny we Wroc\u0142awiu\",\"publisher\":{\"@id\":\"https:\/\/vertigojazz.pl\/#organization\"},\"potentialAction\":[{\"@type\":\"SearchAction\",\"target\":{\"@type\":\"EntryPoint\",\"urlTemplate\":\"https:\/\/vertigojazz.pl\/?s={search_term_string}\"},\"query-input\":{\"@type\":\"PropertyValueSpecification\",\"valueRequired\":true,\"valueName\":\"search_term_string\"}}],\"inLanguage\":\"de\"},{\"@type\":\"Organization\",\"@id\":\"https:\/\/vertigojazz.pl\/#organization\",\"name\":\"Vertigo Jazz Club & Restaurant\",\"alternateName\":\"Klub muzyczny we Wroc\u0142awiu\",\"url\":\"https:\/\/vertigojazz.pl\/\",\"logo\":{\"@type\":\"ImageObject\",\"inLanguage\":\"de\",\"@id\":\"https:\/\/vertigojazz.pl\/#\/schema\/logo\/image\/\",\"url\":\"https:\/\/vertigojazz.pl\/wp-content\/uploads\/2025\/04\/cropped-vertigo_logo_biale-180x180-1.jpg\",\"contentUrl\":\"https:\/\/vertigojazz.pl\/wp-content\/uploads\/2025\/04\/cropped-vertigo_logo_biale-180x180-1.jpg\",\"width\":180,\"height\":180,\"caption\":\"Vertigo Jazz Club & Restaurant\"},\"image\":{\"@id\":\"https:\/\/vertigojazz.pl\/#\/schema\/logo\/image\/\"},\"sameAs\":[\"https:\/\/www.facebook.com\/vertigojazzclub\",\"https:\/\/www.instagram.com\/vertigo_jazz_club\/\",\"https:\/\/www.youtube.com\/channel\/UC8sPrX3Xuv7bfuhfr3XbqXg\",\"https:\/\/www.tiktok.com\/@vertigojazzclub\"]}]}<\/script>\n<!-- \/ Yoast SEO plugin. -->","yoast_head_json":{"title":"Die ersten Cocktails, die Mixologien hervorgebracht haben - Cocktail Workshop - Vertigo Jazz Club &amp; Restaurant","robots":{"index":"index","follow":"follow","max-snippet":"max-snippet:-1","max-image-preview":"max-image-preview:large","max-video-preview":"max-video-preview:-1"},"canonical":"https:\/\/vertigojazz.pl\/de\/produkt\/die-ersten-cocktails-die-mixologien-hervorgebracht-haben-cocktail-workshop\/","og_locale":"de_DE","og_type":"article","og_title":"Die ersten Cocktails, die Mixologien hervorgebracht haben - Cocktail Workshop - Vertigo Jazz Club &amp; Restaurant","og_description":"Die 1800er Jahre, die Anf\u00e4nge der Mixologie, die Geburt der klassischen Cocktails, die den modernen Ansatz der Barkeeperkunst gepr\u00e4gt haben. Begleiten Sie uns zu einem Cocktail-Workshop, der Sie auf eine Reise zur\u00fcck in die Zeit f\u00fchrt, in der Drinks kreiert wurden, die noch heute die Grundlage der Mixologie bilden!  Unter der Anleitung eines erfahrenen Barkeepers mit jahrelanger Erfahrung werden Sie die Aromen von Cocktails entdecken, die die Welt der Bars und Restaurants revolutioniert haben, und Barkeepern zeigen, wie man Drinks mit Klasse kreiert. Gemeinsam werden Sie f\u00fcnf ikonische Cocktails zubereiten, die zu Vorbildern f\u00fcr zeitgen\u00f6ssische Mixes geworden sind.  Sie werden erfahren, wie die ersten Rezepte entstanden sind, die die Entwicklung moderner Cocktails beeinflusst haben, welche Techniken von den Pionieren der Mixologie eingef\u00fchrt wurden und wie Einfachheit und Eleganz zur Grundlage der modernen Barkeeperkunst wurden. Jeder dieser Cocktails hat die Barkeeper von heute dazu inspiriert, die perfekte Balance der Aromen zu finden.  W\u00e4hrend des Workshops werden Sie nicht nur die Geschichte dieser klassischen Drinks erforschen, sondern auch professionelle Barkeepertechniken erlernen, um diese legend\u00e4ren Cocktails bei sich zu Hause nachzumachen. Sind Sie bereit, sich wie ein Meistermixer zu f\u00fchlen?  Details zur Veranstaltung:  Ein 2-st\u00fcndiger Barkeeper-Workshop f\u00fcr Anf\u00e4nger;  Zubereitung von 5 Cocktails unter Aufsicht von professionellen Barkeepern mit langj\u00e4hriger Erfahrung und deren Verkostung;  speziell ausgew\u00e4hlte Snacks, die nacheinander zu jedem der zubereiteten Cocktails serviert werden,  Cocktailrezepte, die w\u00e4hrend des Workshops zubereitet wurden, elektronisch an jeden Teilnehmer geschickt;  Zwei Einladungen f\u00fcr jeden Teilnehmer zu zuk\u00fcnftigen Veranstaltungen im Vertigo Jazz Club &amp; Restaurant. Die Anzahl der Pl\u00e4tze ist begrenzt. Wenn die Mindestteilnehmerzahl nicht erreicht wird, beh\u00e4lt sich der Veranstalter das Recht vor, den Workshop bis zu drei Tage vor der Veranstaltung abzusagen.","og_url":"https:\/\/vertigojazz.pl\/de\/produkt\/die-ersten-cocktails-die-mixologien-hervorgebracht-haben-cocktail-workshop\/","og_site_name":"Vertigo Jazz Club &amp; Restaurant","article_publisher":"https:\/\/www.facebook.com\/vertigojazzclub","og_image":[{"width":1080,"height":1080,"url":"https:\/\/vertigojazz.pl\/wp-content\/uploads\/2025\/03\/17.06-kwadrat.jpg","type":"image\/jpeg"}],"twitter_card":"summary_large_image","schema":{"@context":"https:\/\/schema.org","@graph":[{"@type":"WebPage","@id":"https:\/\/vertigojazz.pl\/de\/produkt\/die-ersten-cocktails-die-mixologien-hervorgebracht-haben-cocktail-workshop\/","url":"https:\/\/vertigojazz.pl\/de\/produkt\/die-ersten-cocktails-die-mixologien-hervorgebracht-haben-cocktail-workshop\/","name":"Die ersten Cocktails, die Mixologien hervorgebracht haben - Cocktail Workshop - Vertigo Jazz Club &amp; Restaurant","isPartOf":{"@id":"https:\/\/vertigojazz.pl\/#website"},"primaryImageOfPage":{"@id":"https:\/\/vertigojazz.pl\/de\/produkt\/die-ersten-cocktails-die-mixologien-hervorgebracht-haben-cocktail-workshop\/#primaryimage"},"image":{"@id":"https:\/\/vertigojazz.pl\/de\/produkt\/die-ersten-cocktails-die-mixologien-hervorgebracht-haben-cocktail-workshop\/#primaryimage"},"thumbnailUrl":"https:\/\/vertigojazz.pl\/wp-content\/uploads\/2025\/03\/17.06-kwadrat.jpg","datePublished":"2025-03-26T10:08:24+00:00","breadcrumb":{"@id":"https:\/\/vertigojazz.pl\/de\/produkt\/die-ersten-cocktails-die-mixologien-hervorgebracht-haben-cocktail-workshop\/#breadcrumb"},"inLanguage":"de","potentialAction":[{"@type":"ReadAction","target":["https:\/\/vertigojazz.pl\/de\/produkt\/die-ersten-cocktails-die-mixologien-hervorgebracht-haben-cocktail-workshop\/"]}]},{"@type":"ImageObject","inLanguage":"de","@id":"https:\/\/vertigojazz.pl\/de\/produkt\/die-ersten-cocktails-die-mixologien-hervorgebracht-haben-cocktail-workshop\/#primaryimage","url":"https:\/\/vertigojazz.pl\/wp-content\/uploads\/2025\/03\/17.06-kwadrat.jpg","contentUrl":"https:\/\/vertigojazz.pl\/wp-content\/uploads\/2025\/03\/17.06-kwadrat.jpg","width":1080,"height":1080},{"@type":"BreadcrumbList","@id":"https:\/\/vertigojazz.pl\/de\/produkt\/die-ersten-cocktails-die-mixologien-hervorgebracht-haben-cocktail-workshop\/#breadcrumb","itemListElement":[{"@type":"ListItem","position":1,"name":"Strona g\u0142\u00f3wna","item":"https:\/\/vertigojazz.pl\/de\/"},{"@type":"ListItem","position":2,"name":"Shop","item":"https:\/\/vertigojazz.pl\/de\/shop\/"},{"@type":"ListItem","position":3,"name":"Die ersten Cocktails, die Mixologien hervorgebracht haben &#8211; Cocktail Workshop"}]},{"@type":"WebSite","@id":"https:\/\/vertigojazz.pl\/#website","url":"https:\/\/vertigojazz.pl\/","name":"Vertigo Jazz Club & Restaurant","description":"klub muzyczny we Wroc\u0142awiu","publisher":{"@id":"https:\/\/vertigojazz.pl\/#organization"},"potentialAction":[{"@type":"SearchAction","target":{"@type":"EntryPoint","urlTemplate":"https:\/\/vertigojazz.pl\/?s={search_term_string}"},"query-input":{"@type":"PropertyValueSpecification","valueRequired":true,"valueName":"search_term_string"}}],"inLanguage":"de"},{"@type":"Organization","@id":"https:\/\/vertigojazz.pl\/#organization","name":"Vertigo Jazz Club & Restaurant","alternateName":"Klub muzyczny we Wroc\u0142awiu","url":"https:\/\/vertigojazz.pl\/","logo":{"@type":"ImageObject","inLanguage":"de","@id":"https:\/\/vertigojazz.pl\/#\/schema\/logo\/image\/","url":"https:\/\/vertigojazz.pl\/wp-content\/uploads\/2025\/04\/cropped-vertigo_logo_biale-180x180-1.jpg","contentUrl":"https:\/\/vertigojazz.pl\/wp-content\/uploads\/2025\/04\/cropped-vertigo_logo_biale-180x180-1.jpg","width":180,"height":180,"caption":"Vertigo Jazz Club & Restaurant"},"image":{"@id":"https:\/\/vertigojazz.pl\/#\/schema\/logo\/image\/"},"sameAs":["https:\/\/www.facebook.com\/vertigojazzclub","https:\/\/www.instagram.com\/vertigo_jazz_club\/","https:\/\/www.youtube.com\/channel\/UC8sPrX3Xuv7bfuhfr3XbqXg","https:\/\/www.tiktok.com\/@vertigojazzclub"]}]}},"_links":{"self":[{"href":"https:\/\/vertigojazz.pl\/de\/wp-json\/wp\/v2\/product\/9842","targetHints":{"allow":["GET"]}}],"collection":[{"href":"https:\/\/vertigojazz.pl\/de\/wp-json\/wp\/v2\/product"}],"about":[{"href":"https:\/\/vertigojazz.pl\/de\/wp-json\/wp\/v2\/types\/product"}],"wp:featuredmedia":[{"embeddable":true,"href":"https:\/\/vertigojazz.pl\/de\/wp-json\/wp\/v2\/media\/9843"}],"wp:attachment":[{"href":"https:\/\/vertigojazz.pl\/de\/wp-json\/wp\/v2\/media?parent=9842"}],"wp:term":[{"taxonomy":"product_brand","embeddable":true,"href":"https:\/\/vertigojazz.pl\/de\/wp-json\/wp\/v2\/product_brand?post=9842"},{"taxonomy":"product_cat","embeddable":true,"href":"https:\/\/vertigojazz.pl\/de\/wp-json\/wp\/v2\/product_cat?post=9842"},{"taxonomy":"product_tag","embeddable":true,"href":"https:\/\/vertigojazz.pl\/de\/wp-json\/wp\/v2\/product_tag?post=9842"}],"curies":[{"name":"wp","href":"https:\/\/api.w.org\/{rel}","templated":true}]}}