{"id":9851,"date":"2025-03-26T10:43:38","date_gmt":"2025-03-26T09:43:38","guid":{"rendered":"https:\/\/vertigojazz.pl\/produkt\/promi-cocktails-cocktail-workshop\/"},"modified":"2025-03-26T10:43:38","modified_gmt":"2025-03-26T09:43:38","slug":"promi-cocktails-cocktail-workshop","status":"publish","type":"product","link":"https:\/\/vertigojazz.pl\/de\/produkt\/promi-cocktails-cocktail-workshop\/","title":{"rendered":"Promi-Cocktails &#8211; Cocktail-Workshop"},"content":{"rendered":"","protected":false},"excerpt":{"rendered":"<p><span style=\"font-weight: 400;\">Haben Sie sich jemals gefragt, welche Cocktails die gro\u00dfen Pers\u00f6nlichkeiten in ihren Momenten der Entspannung oder kreativen Inspiration begleitet haben? Jetzt haben Sie die Gelegenheit, dies nicht nur herauszufinden, sondern sie auch selbst zuzubereiten! Nehmen Sie an einem einzigartigen Cocktail-Workshop teil und entdecken Sie die Geheimnisse hinter einigen der Lieblingsgetr\u00e4nke der Ber\u00fchmtheiten.  <\/span><\/p>\n<p><span style=\"font-weight: 400;\">Unter der Anleitung eines erfahrenen Barkeepers mit jahrelanger Erfahrung werden Sie f\u00fcnf Cocktails zubereiten, die bei Ikonen der Popkultur und der Politik Anklang gefunden haben:<\/span><\/p>\n<p><span style=\"font-weight: 400;\">Der Hemingway Daiquiri &#8211; ein Lieblingscocktail von Ernest Hemingway, der ihn w\u00e4hrend seiner Zeit in Kuba oft trank.<\/span><\/p>\n<p><span style=\"font-weight: 400;\">Der Martini &#8211; ein klassischer Drink, der durch James Bond popul\u00e4r wurde, allerdings gesch\u00fcttelt, nicht ger\u00fchrt.<\/span><\/p>\n<p><span style=\"font-weight: 400;\">Old Fashioned &#8211; ein Cocktail, der bei vielen Ber\u00fchmtheiten beliebt war, einschlie\u00dflich Pr\u00e4sident Harry S. Truman.<\/span><\/p>\n<p><span style=\"font-weight: 400;\">Negroni &#8211; ein eleganter Drink, der von K\u00fcnstlern und Schriftstellern auf der ganzen Welt gelobt wird.<\/span><\/p>\n<p><span style=\"font-weight: 400;\">Jack Rose &#8211; ein etwas in Vergessenheit geratener, aber einzigartiger Cocktail, der ein Lieblingsgetr\u00e4nk von John Steinbeck war.<\/span><\/p>\n<p><span style=\"font-weight: 400;\">W\u00e4hrend des Workshops erfahren Sie die Geschichten hinter jedem dieser Cocktails, welche Zutaten und Techniken f\u00fcr ihren perfekten Geschmack entscheidend sind und welche Abwandlungen von ihren ber\u00fchmten Liebhabern selbst vorgenommen wurden.<\/span><\/p>\n<p><span style=\"font-weight: 400;\">Dies ist eine einzigartige Gelegenheit, sich wie ein Filmstar, ein literarisches Genie oder ein einflussreicher Politiker zu f\u00fchlen, w\u00e4hrend Sie einen perfekt zubereiteten Cocktail in der Hand halten. Kommen Sie zu uns und entdecken Sie die Aromen, die die Gr\u00f6\u00dften inspiriert haben! <\/span><\/p>\n<p><span style=\"font-weight: 400;\">Bitte beachten Sie: Wir werden alle Cocktails nach und nach verkosten. Machen Sie sich also bereit f\u00fcr einen Abend voller einzigartiger Geschmackserlebnisse! <\/span><\/p>\n<p><strong>Details zur Veranstaltung:<\/strong><\/p>\n<ul>\n<li style=\"font-weight: 400;\"><span style=\"font-weight: 400;\">Ein 2-st\u00fcndiger Barkeeper-Workshop f\u00fcr Anf\u00e4nger;<\/span><\/li>\n<li style=\"font-weight: 400;\"><span style=\"font-weight: 400;\">Zubereitung von 5 Cocktails unter Aufsicht von professionellen Barkeepern mit langj\u00e4hriger Erfahrung und deren Verkostung;<\/span><\/li>\n<li style=\"font-weight: 400;\"><span style=\"font-weight: 400;\">speziell ausgew\u00e4hlte Snacks, die nacheinander zu jedem der zubereiteten Cocktails serviert werden,<\/span><\/li>\n<li style=\"font-weight: 400;\"><span style=\"font-weight: 400;\">Cocktailrezepte, die w\u00e4hrend des Workshops zubereitet wurden, elektronisch an jeden Teilnehmer geschickt;<\/span><\/li>\n<li style=\"font-weight: 400;\"><span style=\"font-weight: 400;\">Zwei Einladungen f\u00fcr jeden Teilnehmer zu zuk\u00fcnftigen Veranstaltungen im Vertigo Jazz Club &amp; Restaurant.<\/span><\/li>\n<\/ul>\n<p><span style=\"font-weight: 400;\">Die Anzahl der Pl\u00e4tze ist begrenzt. Wenn die Mindestteilnehmerzahl nicht erreicht wird, beh\u00e4lt sich der Veranstalter das Recht vor, den Workshop bis zu drei Tage vor der Veranstaltung abzusagen. <\/span><\/p>\n","protected":false},"featured_media":9852,"template":"","meta":{"_acf_changed":false},"product_brand":[],"product_cat":[153],"product_tag":[],"class_list":{"0":"post-9851","1":"product","2":"type-product","3":"status-publish","4":"has-post-thumbnail","6":"product_cat-warsztaty","8":"first","9":"instock","10":"shipping-taxable","11":"purchasable","12":"product-type-simple"},"acf":[],"yoast_head":"<!-- This site is optimized with the Yoast SEO plugin v26.0 - https:\/\/yoast.com\/wordpress\/plugins\/seo\/ -->\n<title>Promi-Cocktails - Cocktail-Workshop - Vertigo Jazz Club &amp; Restaurant<\/title>\n<meta name=\"robots\" content=\"index, follow, max-snippet:-1, max-image-preview:large, max-video-preview:-1\" \/>\n<link rel=\"canonical\" href=\"https:\/\/vertigojazz.pl\/de\/produkt\/promi-cocktails-cocktail-workshop\/\" \/>\n<meta property=\"og:locale\" content=\"de_DE\" \/>\n<meta property=\"og:type\" content=\"article\" \/>\n<meta property=\"og:title\" content=\"Promi-Cocktails - Cocktail-Workshop - Vertigo Jazz Club &amp; Restaurant\" \/>\n<meta property=\"og:description\" content=\"Haben Sie sich jemals gefragt, welche Cocktails die gro\u00dfen Pers\u00f6nlichkeiten in ihren Momenten der Entspannung oder kreativen Inspiration begleitet haben? Jetzt haben Sie die Gelegenheit, dies nicht nur herauszufinden, sondern sie auch selbst zuzubereiten! Nehmen Sie an einem einzigartigen Cocktail-Workshop teil und entdecken Sie die Geheimnisse hinter einigen der Lieblingsgetr\u00e4nke der Ber\u00fchmtheiten.  Unter der Anleitung eines erfahrenen Barkeepers mit jahrelanger Erfahrung werden Sie f\u00fcnf Cocktails zubereiten, die bei Ikonen der Popkultur und der Politik Anklang gefunden haben: Der Hemingway Daiquiri - ein Lieblingscocktail von Ernest Hemingway, der ihn w\u00e4hrend seiner Zeit in Kuba oft trank. Der Martini - ein klassischer Drink, der durch James Bond popul\u00e4r wurde, allerdings gesch\u00fcttelt, nicht ger\u00fchrt. Old Fashioned - ein Cocktail, der bei vielen Ber\u00fchmtheiten beliebt war, einschlie\u00dflich Pr\u00e4sident Harry S. Truman. Negroni - ein eleganter Drink, der von K\u00fcnstlern und Schriftstellern auf der ganzen Welt gelobt wird. Jack Rose - ein etwas in Vergessenheit geratener, aber einzigartiger Cocktail, der ein Lieblingsgetr\u00e4nk von John Steinbeck war. W\u00e4hrend des Workshops erfahren Sie die Geschichten hinter jedem dieser Cocktails, welche Zutaten und Techniken f\u00fcr ihren perfekten Geschmack entscheidend sind und welche Abwandlungen von ihren ber\u00fchmten Liebhabern selbst vorgenommen wurden. Dies ist eine einzigartige Gelegenheit, sich wie ein Filmstar, ein literarisches Genie oder ein einflussreicher Politiker zu f\u00fchlen, w\u00e4hrend Sie einen perfekt zubereiteten Cocktail in der Hand halten. Kommen Sie zu uns und entdecken Sie die Aromen, die die Gr\u00f6\u00dften inspiriert haben!  Bitte beachten Sie: Wir werden alle Cocktails nach und nach verkosten. Machen Sie sich also bereit f\u00fcr einen Abend voller einzigartiger Geschmackserlebnisse!  Details zur Veranstaltung:  Ein 2-st\u00fcndiger Barkeeper-Workshop f\u00fcr Anf\u00e4nger;  Zubereitung von 5 Cocktails unter Aufsicht von professionellen Barkeepern mit langj\u00e4hriger Erfahrung und deren Verkostung;  speziell ausgew\u00e4hlte Snacks, die nacheinander zu jedem der zubereiteten Cocktails serviert werden,  Cocktailrezepte, die w\u00e4hrend des Workshops zubereitet wurden, elektronisch an jeden Teilnehmer geschickt;  Zwei Einladungen f\u00fcr jeden Teilnehmer zu zuk\u00fcnftigen Veranstaltungen im Vertigo Jazz Club &amp; Restaurant. Die Anzahl der Pl\u00e4tze ist begrenzt. Wenn die Mindestteilnehmerzahl nicht erreicht wird, beh\u00e4lt sich der Veranstalter das Recht vor, den Workshop bis zu drei Tage vor der Veranstaltung abzusagen.\" \/>\n<meta property=\"og:url\" content=\"https:\/\/vertigojazz.pl\/de\/produkt\/promi-cocktails-cocktail-workshop\/\" \/>\n<meta property=\"og:site_name\" content=\"Vertigo Jazz Club &amp; Restaurant\" \/>\n<meta property=\"article:publisher\" content=\"https:\/\/www.facebook.com\/vertigojazzclub\" \/>\n<meta property=\"og:image\" content=\"https:\/\/vertigojazz.pl\/wp-content\/uploads\/2025\/03\/27.05-kwadrat.jpg\" \/>\n\t<meta property=\"og:image:width\" content=\"1080\" \/>\n\t<meta property=\"og:image:height\" content=\"1080\" \/>\n\t<meta property=\"og:image:type\" content=\"image\/jpeg\" \/>\n<meta name=\"twitter:card\" content=\"summary_large_image\" \/>\n<script type=\"application\/ld+json\" class=\"yoast-schema-graph\">{\"@context\":\"https:\/\/schema.org\",\"@graph\":[{\"@type\":\"WebPage\",\"@id\":\"https:\/\/vertigojazz.pl\/de\/produkt\/promi-cocktails-cocktail-workshop\/\",\"url\":\"https:\/\/vertigojazz.pl\/de\/produkt\/promi-cocktails-cocktail-workshop\/\",\"name\":\"Promi-Cocktails - Cocktail-Workshop - Vertigo Jazz Club &amp; Restaurant\",\"isPartOf\":{\"@id\":\"https:\/\/vertigojazz.pl\/#website\"},\"primaryImageOfPage\":{\"@id\":\"https:\/\/vertigojazz.pl\/de\/produkt\/promi-cocktails-cocktail-workshop\/#primaryimage\"},\"image\":{\"@id\":\"https:\/\/vertigojazz.pl\/de\/produkt\/promi-cocktails-cocktail-workshop\/#primaryimage\"},\"thumbnailUrl\":\"https:\/\/vertigojazz.pl\/wp-content\/uploads\/2025\/03\/27.05-kwadrat.jpg\",\"datePublished\":\"2025-03-26T09:43:38+00:00\",\"breadcrumb\":{\"@id\":\"https:\/\/vertigojazz.pl\/de\/produkt\/promi-cocktails-cocktail-workshop\/#breadcrumb\"},\"inLanguage\":\"de\",\"potentialAction\":[{\"@type\":\"ReadAction\",\"target\":[\"https:\/\/vertigojazz.pl\/de\/produkt\/promi-cocktails-cocktail-workshop\/\"]}]},{\"@type\":\"ImageObject\",\"inLanguage\":\"de\",\"@id\":\"https:\/\/vertigojazz.pl\/de\/produkt\/promi-cocktails-cocktail-workshop\/#primaryimage\",\"url\":\"https:\/\/vertigojazz.pl\/wp-content\/uploads\/2025\/03\/27.05-kwadrat.jpg\",\"contentUrl\":\"https:\/\/vertigojazz.pl\/wp-content\/uploads\/2025\/03\/27.05-kwadrat.jpg\",\"width\":1080,\"height\":1080},{\"@type\":\"BreadcrumbList\",\"@id\":\"https:\/\/vertigojazz.pl\/de\/produkt\/promi-cocktails-cocktail-workshop\/#breadcrumb\",\"itemListElement\":[{\"@type\":\"ListItem\",\"position\":1,\"name\":\"Strona g\u0142\u00f3wna\",\"item\":\"https:\/\/vertigojazz.pl\/de\/\"},{\"@type\":\"ListItem\",\"position\":2,\"name\":\"Shop\",\"item\":\"https:\/\/vertigojazz.pl\/de\/shop\/\"},{\"@type\":\"ListItem\",\"position\":3,\"name\":\"Promi-Cocktails &#8211; Cocktail-Workshop\"}]},{\"@type\":\"WebSite\",\"@id\":\"https:\/\/vertigojazz.pl\/#website\",\"url\":\"https:\/\/vertigojazz.pl\/\",\"name\":\"Vertigo Jazz Club & Restaurant\",\"description\":\"klub muzyczny we Wroc\u0142awiu\",\"publisher\":{\"@id\":\"https:\/\/vertigojazz.pl\/#organization\"},\"potentialAction\":[{\"@type\":\"SearchAction\",\"target\":{\"@type\":\"EntryPoint\",\"urlTemplate\":\"https:\/\/vertigojazz.pl\/?s={search_term_string}\"},\"query-input\":{\"@type\":\"PropertyValueSpecification\",\"valueRequired\":true,\"valueName\":\"search_term_string\"}}],\"inLanguage\":\"de\"},{\"@type\":\"Organization\",\"@id\":\"https:\/\/vertigojazz.pl\/#organization\",\"name\":\"Vertigo Jazz Club & Restaurant\",\"alternateName\":\"Klub muzyczny we Wroc\u0142awiu\",\"url\":\"https:\/\/vertigojazz.pl\/\",\"logo\":{\"@type\":\"ImageObject\",\"inLanguage\":\"de\",\"@id\":\"https:\/\/vertigojazz.pl\/#\/schema\/logo\/image\/\",\"url\":\"https:\/\/vertigojazz.pl\/wp-content\/uploads\/2025\/04\/cropped-vertigo_logo_biale-180x180-1.jpg\",\"contentUrl\":\"https:\/\/vertigojazz.pl\/wp-content\/uploads\/2025\/04\/cropped-vertigo_logo_biale-180x180-1.jpg\",\"width\":180,\"height\":180,\"caption\":\"Vertigo Jazz Club & Restaurant\"},\"image\":{\"@id\":\"https:\/\/vertigojazz.pl\/#\/schema\/logo\/image\/\"},\"sameAs\":[\"https:\/\/www.facebook.com\/vertigojazzclub\",\"https:\/\/www.instagram.com\/vertigo_jazz_club\/\",\"https:\/\/www.youtube.com\/channel\/UC8sPrX3Xuv7bfuhfr3XbqXg\",\"https:\/\/www.tiktok.com\/@vertigojazzclub\"]}]}<\/script>\n<!-- \/ Yoast SEO plugin. -->","yoast_head_json":{"title":"Promi-Cocktails - Cocktail-Workshop - Vertigo Jazz Club &amp; Restaurant","robots":{"index":"index","follow":"follow","max-snippet":"max-snippet:-1","max-image-preview":"max-image-preview:large","max-video-preview":"max-video-preview:-1"},"canonical":"https:\/\/vertigojazz.pl\/de\/produkt\/promi-cocktails-cocktail-workshop\/","og_locale":"de_DE","og_type":"article","og_title":"Promi-Cocktails - Cocktail-Workshop - Vertigo Jazz Club &amp; Restaurant","og_description":"Haben Sie sich jemals gefragt, welche Cocktails die gro\u00dfen Pers\u00f6nlichkeiten in ihren Momenten der Entspannung oder kreativen Inspiration begleitet haben? Jetzt haben Sie die Gelegenheit, dies nicht nur herauszufinden, sondern sie auch selbst zuzubereiten! Nehmen Sie an einem einzigartigen Cocktail-Workshop teil und entdecken Sie die Geheimnisse hinter einigen der Lieblingsgetr\u00e4nke der Ber\u00fchmtheiten.  Unter der Anleitung eines erfahrenen Barkeepers mit jahrelanger Erfahrung werden Sie f\u00fcnf Cocktails zubereiten, die bei Ikonen der Popkultur und der Politik Anklang gefunden haben: Der Hemingway Daiquiri - ein Lieblingscocktail von Ernest Hemingway, der ihn w\u00e4hrend seiner Zeit in Kuba oft trank. Der Martini - ein klassischer Drink, der durch James Bond popul\u00e4r wurde, allerdings gesch\u00fcttelt, nicht ger\u00fchrt. Old Fashioned - ein Cocktail, der bei vielen Ber\u00fchmtheiten beliebt war, einschlie\u00dflich Pr\u00e4sident Harry S. Truman. Negroni - ein eleganter Drink, der von K\u00fcnstlern und Schriftstellern auf der ganzen Welt gelobt wird. Jack Rose - ein etwas in Vergessenheit geratener, aber einzigartiger Cocktail, der ein Lieblingsgetr\u00e4nk von John Steinbeck war. W\u00e4hrend des Workshops erfahren Sie die Geschichten hinter jedem dieser Cocktails, welche Zutaten und Techniken f\u00fcr ihren perfekten Geschmack entscheidend sind und welche Abwandlungen von ihren ber\u00fchmten Liebhabern selbst vorgenommen wurden. Dies ist eine einzigartige Gelegenheit, sich wie ein Filmstar, ein literarisches Genie oder ein einflussreicher Politiker zu f\u00fchlen, w\u00e4hrend Sie einen perfekt zubereiteten Cocktail in der Hand halten. Kommen Sie zu uns und entdecken Sie die Aromen, die die Gr\u00f6\u00dften inspiriert haben!  Bitte beachten Sie: Wir werden alle Cocktails nach und nach verkosten. Machen Sie sich also bereit f\u00fcr einen Abend voller einzigartiger Geschmackserlebnisse!  Details zur Veranstaltung:  Ein 2-st\u00fcndiger Barkeeper-Workshop f\u00fcr Anf\u00e4nger;  Zubereitung von 5 Cocktails unter Aufsicht von professionellen Barkeepern mit langj\u00e4hriger Erfahrung und deren Verkostung;  speziell ausgew\u00e4hlte Snacks, die nacheinander zu jedem der zubereiteten Cocktails serviert werden,  Cocktailrezepte, die w\u00e4hrend des Workshops zubereitet wurden, elektronisch an jeden Teilnehmer geschickt;  Zwei Einladungen f\u00fcr jeden Teilnehmer zu zuk\u00fcnftigen Veranstaltungen im Vertigo Jazz Club &amp; Restaurant. Die Anzahl der Pl\u00e4tze ist begrenzt. Wenn die Mindestteilnehmerzahl nicht erreicht wird, beh\u00e4lt sich der Veranstalter das Recht vor, den Workshop bis zu drei Tage vor der Veranstaltung abzusagen.","og_url":"https:\/\/vertigojazz.pl\/de\/produkt\/promi-cocktails-cocktail-workshop\/","og_site_name":"Vertigo Jazz Club &amp; Restaurant","article_publisher":"https:\/\/www.facebook.com\/vertigojazzclub","og_image":[{"width":1080,"height":1080,"url":"https:\/\/vertigojazz.pl\/wp-content\/uploads\/2025\/03\/27.05-kwadrat.jpg","type":"image\/jpeg"}],"twitter_card":"summary_large_image","schema":{"@context":"https:\/\/schema.org","@graph":[{"@type":"WebPage","@id":"https:\/\/vertigojazz.pl\/de\/produkt\/promi-cocktails-cocktail-workshop\/","url":"https:\/\/vertigojazz.pl\/de\/produkt\/promi-cocktails-cocktail-workshop\/","name":"Promi-Cocktails - Cocktail-Workshop - Vertigo Jazz Club &amp; Restaurant","isPartOf":{"@id":"https:\/\/vertigojazz.pl\/#website"},"primaryImageOfPage":{"@id":"https:\/\/vertigojazz.pl\/de\/produkt\/promi-cocktails-cocktail-workshop\/#primaryimage"},"image":{"@id":"https:\/\/vertigojazz.pl\/de\/produkt\/promi-cocktails-cocktail-workshop\/#primaryimage"},"thumbnailUrl":"https:\/\/vertigojazz.pl\/wp-content\/uploads\/2025\/03\/27.05-kwadrat.jpg","datePublished":"2025-03-26T09:43:38+00:00","breadcrumb":{"@id":"https:\/\/vertigojazz.pl\/de\/produkt\/promi-cocktails-cocktail-workshop\/#breadcrumb"},"inLanguage":"de","potentialAction":[{"@type":"ReadAction","target":["https:\/\/vertigojazz.pl\/de\/produkt\/promi-cocktails-cocktail-workshop\/"]}]},{"@type":"ImageObject","inLanguage":"de","@id":"https:\/\/vertigojazz.pl\/de\/produkt\/promi-cocktails-cocktail-workshop\/#primaryimage","url":"https:\/\/vertigojazz.pl\/wp-content\/uploads\/2025\/03\/27.05-kwadrat.jpg","contentUrl":"https:\/\/vertigojazz.pl\/wp-content\/uploads\/2025\/03\/27.05-kwadrat.jpg","width":1080,"height":1080},{"@type":"BreadcrumbList","@id":"https:\/\/vertigojazz.pl\/de\/produkt\/promi-cocktails-cocktail-workshop\/#breadcrumb","itemListElement":[{"@type":"ListItem","position":1,"name":"Strona g\u0142\u00f3wna","item":"https:\/\/vertigojazz.pl\/de\/"},{"@type":"ListItem","position":2,"name":"Shop","item":"https:\/\/vertigojazz.pl\/de\/shop\/"},{"@type":"ListItem","position":3,"name":"Promi-Cocktails &#8211; Cocktail-Workshop"}]},{"@type":"WebSite","@id":"https:\/\/vertigojazz.pl\/#website","url":"https:\/\/vertigojazz.pl\/","name":"Vertigo Jazz Club & Restaurant","description":"klub muzyczny we Wroc\u0142awiu","publisher":{"@id":"https:\/\/vertigojazz.pl\/#organization"},"potentialAction":[{"@type":"SearchAction","target":{"@type":"EntryPoint","urlTemplate":"https:\/\/vertigojazz.pl\/?s={search_term_string}"},"query-input":{"@type":"PropertyValueSpecification","valueRequired":true,"valueName":"search_term_string"}}],"inLanguage":"de"},{"@type":"Organization","@id":"https:\/\/vertigojazz.pl\/#organization","name":"Vertigo Jazz Club & Restaurant","alternateName":"Klub muzyczny we Wroc\u0142awiu","url":"https:\/\/vertigojazz.pl\/","logo":{"@type":"ImageObject","inLanguage":"de","@id":"https:\/\/vertigojazz.pl\/#\/schema\/logo\/image\/","url":"https:\/\/vertigojazz.pl\/wp-content\/uploads\/2025\/04\/cropped-vertigo_logo_biale-180x180-1.jpg","contentUrl":"https:\/\/vertigojazz.pl\/wp-content\/uploads\/2025\/04\/cropped-vertigo_logo_biale-180x180-1.jpg","width":180,"height":180,"caption":"Vertigo Jazz Club & Restaurant"},"image":{"@id":"https:\/\/vertigojazz.pl\/#\/schema\/logo\/image\/"},"sameAs":["https:\/\/www.facebook.com\/vertigojazzclub","https:\/\/www.instagram.com\/vertigo_jazz_club\/","https:\/\/www.youtube.com\/channel\/UC8sPrX3Xuv7bfuhfr3XbqXg","https:\/\/www.tiktok.com\/@vertigojazzclub"]}]}},"_links":{"self":[{"href":"https:\/\/vertigojazz.pl\/de\/wp-json\/wp\/v2\/product\/9851","targetHints":{"allow":["GET"]}}],"collection":[{"href":"https:\/\/vertigojazz.pl\/de\/wp-json\/wp\/v2\/product"}],"about":[{"href":"https:\/\/vertigojazz.pl\/de\/wp-json\/wp\/v2\/types\/product"}],"wp:featuredmedia":[{"embeddable":true,"href":"https:\/\/vertigojazz.pl\/de\/wp-json\/wp\/v2\/media\/9852"}],"wp:attachment":[{"href":"https:\/\/vertigojazz.pl\/de\/wp-json\/wp\/v2\/media?parent=9851"}],"wp:term":[{"taxonomy":"product_brand","embeddable":true,"href":"https:\/\/vertigojazz.pl\/de\/wp-json\/wp\/v2\/product_brand?post=9851"},{"taxonomy":"product_cat","embeddable":true,"href":"https:\/\/vertigojazz.pl\/de\/wp-json\/wp\/v2\/product_cat?post=9851"},{"taxonomy":"product_tag","embeddable":true,"href":"https:\/\/vertigojazz.pl\/de\/wp-json\/wp\/v2\/product_tag?post=9851"}],"curies":[{"name":"wp","href":"https:\/\/api.w.org\/{rel}","templated":true}]}}