{"id":9855,"date":"2025-03-26T10:46:06","date_gmt":"2025-03-26T09:46:06","guid":{"rendered":"https:\/\/vertigojazz.pl\/produkt\/cocktail-workshop-sex-in-the-city\/"},"modified":"2025-03-26T10:46:06","modified_gmt":"2025-03-26T09:46:06","slug":"cocktail-workshop-sex-in-the-city","status":"publish","type":"product","link":"https:\/\/vertigojazz.pl\/de\/produkt\/cocktail-workshop-sex-in-the-city\/","title":{"rendered":"Cocktail Workshop Sex in the City"},"content":{"rendered":"","protected":false},"excerpt":{"rendered":"<p><span style=\"font-weight: 400;\">Wir m\u00f6chten Sie zu einem Cocktail-Workshop einladen, der auf einer sehr bekannten und von vielen sehr geliebten Serie basiert. Die Rede ist von Sex in the Big City. Die verwickelte Geschichte von vier Freundinnen wird in die Cocktailherstellung \u00fcbertragen. Unter der Anleitung erfahrener Barkeeper kreieren Sie Cocktails mit einem Hauch von Romantik, manchmal auch mit einem Hauch von Bitterkeit. Aber keine Angst, auch die S\u00fc\u00dfe wird nicht zu kurz kommen. Die Aromen werden Sie in die Gef\u00fchle einer Carrie, Samantha, Miranda oder Charlotte Geschichte versetzen.       <\/span><\/p>\n<p><span style=\"font-weight: 400;\">Ebenso d\u00fcrfen wir nicht vergessen, einen Klassiker unter den Klassikern zuzubereiten. Sie f\u00fchlen sich so gut&#8230; Die ganze Geschichte und alle Qualit\u00e4ten dieses Workshops werden wir mit dem am weitesten verbreiteten Cocktail von Sex in the Big City beenden. Wir sprechen von keinem anderen als dem Cosmopolitan!  <\/span><\/p>\n<p><span style=\"font-weight: 400;\">DARAUF M\u00d6CHTEN WIR HINWEISEN! Um die Geschichte dieser vier Freunde zu erforschen und die Gef\u00fchle, die sie hegen, anzuzapfen, muss jeder Cocktail auf die Probe gestellt werden, um Ihren Kopf sanft zum Summen zu bringen&#8230; Wie nach einem Besuch in New York. <\/span><\/p>\n<p><strong>Details zur Veranstaltung:<\/strong><\/p>\n<ul>\n<li style=\"font-weight: 400;\"><span style=\"font-weight: 400;\">Ein 2-st\u00fcndiger Barkeeper-Workshop f\u00fcr Anf\u00e4nger;<\/span><\/li>\n<li style=\"font-weight: 400;\"><span style=\"font-weight: 400;\">Zubereitung von 5 Cocktails unter Aufsicht von professionellen Barkeepern mit langj\u00e4hriger Erfahrung und deren Verkostung;<\/span><\/li>\n<li style=\"font-weight: 400;\"><span style=\"font-weight: 400;\">speziell ausgew\u00e4hlte Snacks, die nacheinander zu jedem der zubereiteten Cocktails serviert werden,<\/span><\/li>\n<li style=\"font-weight: 400;\"><span style=\"font-weight: 400;\">Cocktailrezepte, die w\u00e4hrend des Workshops zubereitet wurden, elektronisch an jeden Teilnehmer geschickt;<\/span><\/li>\n<li style=\"font-weight: 400;\"><span style=\"font-weight: 400;\">Zwei Einladungen f\u00fcr jeden Teilnehmer zu zuk\u00fcnftigen Veranstaltungen im Vertigo Jazz Club &amp; Restaurant.<\/span><\/li>\n<\/ul>\n<p><span style=\"font-weight: 400;\">Die Anzahl der Pl\u00e4tze ist begrenzt. Wenn die Mindestteilnehmerzahl nicht erreicht wird, beh\u00e4lt sich der Veranstalter das Recht vor, den Workshop bis zu drei Tage vor der Veranstaltung abzusagen. <\/span><\/p>\n<p><span style=\"font-weight: 400;\">Die Einladungen erhalten Sie elektronisch \u00fcber eine Veranstaltung auf unserer Website.<\/span><\/p>\n","protected":false},"featured_media":9856,"template":"","meta":{"_acf_changed":false},"product_brand":[],"product_cat":[153],"product_tag":[],"class_list":{"0":"post-9855","1":"product","2":"type-product","3":"status-publish","4":"has-post-thumbnail","6":"product_cat-warsztaty","8":"first","9":"instock","10":"shipping-taxable","11":"purchasable","12":"product-type-simple"},"acf":[],"yoast_head":"<!-- This site is optimized with the Yoast SEO plugin v26.0 - https:\/\/yoast.com\/wordpress\/plugins\/seo\/ -->\n<title>Cocktail Workshop Sex in the City - Vertigo Jazz Club &amp; Restaurant<\/title>\n<meta name=\"robots\" content=\"index, follow, max-snippet:-1, max-image-preview:large, max-video-preview:-1\" \/>\n<link rel=\"canonical\" href=\"https:\/\/vertigojazz.pl\/de\/produkt\/cocktail-workshop-sex-in-the-city\/\" \/>\n<meta property=\"og:locale\" content=\"de_DE\" \/>\n<meta property=\"og:type\" content=\"article\" \/>\n<meta property=\"og:title\" content=\"Cocktail Workshop Sex in the City - Vertigo Jazz Club &amp; Restaurant\" \/>\n<meta property=\"og:description\" content=\"Wir m\u00f6chten Sie zu einem Cocktail-Workshop einladen, der auf einer sehr bekannten und von vielen sehr geliebten Serie basiert. Die Rede ist von Sex in the Big City. Die verwickelte Geschichte von vier Freundinnen wird in die Cocktailherstellung \u00fcbertragen. Unter der Anleitung erfahrener Barkeeper kreieren Sie Cocktails mit einem Hauch von Romantik, manchmal auch mit einem Hauch von Bitterkeit. Aber keine Angst, auch die S\u00fc\u00dfe wird nicht zu kurz kommen. Die Aromen werden Sie in die Gef\u00fchle einer Carrie, Samantha, Miranda oder Charlotte Geschichte versetzen.     Ebenso d\u00fcrfen wir nicht vergessen, einen Klassiker unter den Klassikern zuzubereiten. Sie f\u00fchlen sich so gut... Die ganze Geschichte und alle Qualit\u00e4ten dieses Workshops werden wir mit dem am weitesten verbreiteten Cocktail von Sex in the Big City beenden. Wir sprechen von keinem anderen als dem Cosmopolitan!  DARAUF M\u00d6CHTEN WIR HINWEISEN! Um die Geschichte dieser vier Freunde zu erforschen und die Gef\u00fchle, die sie hegen, anzuzapfen, muss jeder Cocktail auf die Probe gestellt werden, um Ihren Kopf sanft zum Summen zu bringen... Wie nach einem Besuch in New York.  Details zur Veranstaltung:  Ein 2-st\u00fcndiger Barkeeper-Workshop f\u00fcr Anf\u00e4nger;  Zubereitung von 5 Cocktails unter Aufsicht von professionellen Barkeepern mit langj\u00e4hriger Erfahrung und deren Verkostung;  speziell ausgew\u00e4hlte Snacks, die nacheinander zu jedem der zubereiteten Cocktails serviert werden,  Cocktailrezepte, die w\u00e4hrend des Workshops zubereitet wurden, elektronisch an jeden Teilnehmer geschickt;  Zwei Einladungen f\u00fcr jeden Teilnehmer zu zuk\u00fcnftigen Veranstaltungen im Vertigo Jazz Club &amp; Restaurant. Die Anzahl der Pl\u00e4tze ist begrenzt. Wenn die Mindestteilnehmerzahl nicht erreicht wird, beh\u00e4lt sich der Veranstalter das Recht vor, den Workshop bis zu drei Tage vor der Veranstaltung abzusagen.  Die Einladungen erhalten Sie elektronisch \u00fcber eine Veranstaltung auf unserer Website.\" \/>\n<meta property=\"og:url\" content=\"https:\/\/vertigojazz.pl\/de\/produkt\/cocktail-workshop-sex-in-the-city\/\" \/>\n<meta property=\"og:site_name\" content=\"Vertigo Jazz Club &amp; Restaurant\" \/>\n<meta property=\"article:publisher\" content=\"https:\/\/www.facebook.com\/vertigojazzclub\" \/>\n<meta property=\"og:image\" content=\"https:\/\/vertigojazz.pl\/wp-content\/uploads\/2025\/03\/28.05-kwadrat.jpg\" \/>\n\t<meta property=\"og:image:width\" content=\"1080\" \/>\n\t<meta property=\"og:image:height\" content=\"1080\" \/>\n\t<meta property=\"og:image:type\" content=\"image\/jpeg\" \/>\n<meta name=\"twitter:card\" content=\"summary_large_image\" \/>\n<script type=\"application\/ld+json\" class=\"yoast-schema-graph\">{\"@context\":\"https:\/\/schema.org\",\"@graph\":[{\"@type\":\"WebPage\",\"@id\":\"https:\/\/vertigojazz.pl\/de\/produkt\/cocktail-workshop-sex-in-the-city\/\",\"url\":\"https:\/\/vertigojazz.pl\/de\/produkt\/cocktail-workshop-sex-in-the-city\/\",\"name\":\"Cocktail Workshop Sex in the City - Vertigo Jazz Club &amp; Restaurant\",\"isPartOf\":{\"@id\":\"https:\/\/vertigojazz.pl\/#website\"},\"primaryImageOfPage\":{\"@id\":\"https:\/\/vertigojazz.pl\/de\/produkt\/cocktail-workshop-sex-in-the-city\/#primaryimage\"},\"image\":{\"@id\":\"https:\/\/vertigojazz.pl\/de\/produkt\/cocktail-workshop-sex-in-the-city\/#primaryimage\"},\"thumbnailUrl\":\"https:\/\/vertigojazz.pl\/wp-content\/uploads\/2025\/03\/28.05-kwadrat.jpg\",\"datePublished\":\"2025-03-26T09:46:06+00:00\",\"breadcrumb\":{\"@id\":\"https:\/\/vertigojazz.pl\/de\/produkt\/cocktail-workshop-sex-in-the-city\/#breadcrumb\"},\"inLanguage\":\"de\",\"potentialAction\":[{\"@type\":\"ReadAction\",\"target\":[\"https:\/\/vertigojazz.pl\/de\/produkt\/cocktail-workshop-sex-in-the-city\/\"]}]},{\"@type\":\"ImageObject\",\"inLanguage\":\"de\",\"@id\":\"https:\/\/vertigojazz.pl\/de\/produkt\/cocktail-workshop-sex-in-the-city\/#primaryimage\",\"url\":\"https:\/\/vertigojazz.pl\/wp-content\/uploads\/2025\/03\/28.05-kwadrat.jpg\",\"contentUrl\":\"https:\/\/vertigojazz.pl\/wp-content\/uploads\/2025\/03\/28.05-kwadrat.jpg\",\"width\":1080,\"height\":1080},{\"@type\":\"BreadcrumbList\",\"@id\":\"https:\/\/vertigojazz.pl\/de\/produkt\/cocktail-workshop-sex-in-the-city\/#breadcrumb\",\"itemListElement\":[{\"@type\":\"ListItem\",\"position\":1,\"name\":\"Strona g\u0142\u00f3wna\",\"item\":\"https:\/\/vertigojazz.pl\/de\/\"},{\"@type\":\"ListItem\",\"position\":2,\"name\":\"Shop\",\"item\":\"https:\/\/vertigojazz.pl\/de\/shop\/\"},{\"@type\":\"ListItem\",\"position\":3,\"name\":\"Cocktail Workshop Sex in the City\"}]},{\"@type\":\"WebSite\",\"@id\":\"https:\/\/vertigojazz.pl\/#website\",\"url\":\"https:\/\/vertigojazz.pl\/\",\"name\":\"Vertigo Jazz Club & Restaurant\",\"description\":\"klub muzyczny we Wroc\u0142awiu\",\"publisher\":{\"@id\":\"https:\/\/vertigojazz.pl\/#organization\"},\"potentialAction\":[{\"@type\":\"SearchAction\",\"target\":{\"@type\":\"EntryPoint\",\"urlTemplate\":\"https:\/\/vertigojazz.pl\/?s={search_term_string}\"},\"query-input\":{\"@type\":\"PropertyValueSpecification\",\"valueRequired\":true,\"valueName\":\"search_term_string\"}}],\"inLanguage\":\"de\"},{\"@type\":\"Organization\",\"@id\":\"https:\/\/vertigojazz.pl\/#organization\",\"name\":\"Vertigo Jazz Club & Restaurant\",\"alternateName\":\"Klub muzyczny we Wroc\u0142awiu\",\"url\":\"https:\/\/vertigojazz.pl\/\",\"logo\":{\"@type\":\"ImageObject\",\"inLanguage\":\"de\",\"@id\":\"https:\/\/vertigojazz.pl\/#\/schema\/logo\/image\/\",\"url\":\"https:\/\/vertigojazz.pl\/wp-content\/uploads\/2025\/04\/cropped-vertigo_logo_biale-180x180-1.jpg\",\"contentUrl\":\"https:\/\/vertigojazz.pl\/wp-content\/uploads\/2025\/04\/cropped-vertigo_logo_biale-180x180-1.jpg\",\"width\":180,\"height\":180,\"caption\":\"Vertigo Jazz Club & Restaurant\"},\"image\":{\"@id\":\"https:\/\/vertigojazz.pl\/#\/schema\/logo\/image\/\"},\"sameAs\":[\"https:\/\/www.facebook.com\/vertigojazzclub\",\"https:\/\/www.instagram.com\/vertigo_jazz_club\/\",\"https:\/\/www.youtube.com\/channel\/UC8sPrX3Xuv7bfuhfr3XbqXg\",\"https:\/\/www.tiktok.com\/@vertigojazzclub\"]}]}<\/script>\n<!-- \/ Yoast SEO plugin. -->","yoast_head_json":{"title":"Cocktail Workshop Sex in the City - Vertigo Jazz Club &amp; Restaurant","robots":{"index":"index","follow":"follow","max-snippet":"max-snippet:-1","max-image-preview":"max-image-preview:large","max-video-preview":"max-video-preview:-1"},"canonical":"https:\/\/vertigojazz.pl\/de\/produkt\/cocktail-workshop-sex-in-the-city\/","og_locale":"de_DE","og_type":"article","og_title":"Cocktail Workshop Sex in the City - Vertigo Jazz Club &amp; Restaurant","og_description":"Wir m\u00f6chten Sie zu einem Cocktail-Workshop einladen, der auf einer sehr bekannten und von vielen sehr geliebten Serie basiert. Die Rede ist von Sex in the Big City. Die verwickelte Geschichte von vier Freundinnen wird in die Cocktailherstellung \u00fcbertragen. Unter der Anleitung erfahrener Barkeeper kreieren Sie Cocktails mit einem Hauch von Romantik, manchmal auch mit einem Hauch von Bitterkeit. Aber keine Angst, auch die S\u00fc\u00dfe wird nicht zu kurz kommen. Die Aromen werden Sie in die Gef\u00fchle einer Carrie, Samantha, Miranda oder Charlotte Geschichte versetzen.     Ebenso d\u00fcrfen wir nicht vergessen, einen Klassiker unter den Klassikern zuzubereiten. Sie f\u00fchlen sich so gut... Die ganze Geschichte und alle Qualit\u00e4ten dieses Workshops werden wir mit dem am weitesten verbreiteten Cocktail von Sex in the Big City beenden. Wir sprechen von keinem anderen als dem Cosmopolitan!  DARAUF M\u00d6CHTEN WIR HINWEISEN! Um die Geschichte dieser vier Freunde zu erforschen und die Gef\u00fchle, die sie hegen, anzuzapfen, muss jeder Cocktail auf die Probe gestellt werden, um Ihren Kopf sanft zum Summen zu bringen... Wie nach einem Besuch in New York.  Details zur Veranstaltung:  Ein 2-st\u00fcndiger Barkeeper-Workshop f\u00fcr Anf\u00e4nger;  Zubereitung von 5 Cocktails unter Aufsicht von professionellen Barkeepern mit langj\u00e4hriger Erfahrung und deren Verkostung;  speziell ausgew\u00e4hlte Snacks, die nacheinander zu jedem der zubereiteten Cocktails serviert werden,  Cocktailrezepte, die w\u00e4hrend des Workshops zubereitet wurden, elektronisch an jeden Teilnehmer geschickt;  Zwei Einladungen f\u00fcr jeden Teilnehmer zu zuk\u00fcnftigen Veranstaltungen im Vertigo Jazz Club &amp; Restaurant. Die Anzahl der Pl\u00e4tze ist begrenzt. Wenn die Mindestteilnehmerzahl nicht erreicht wird, beh\u00e4lt sich der Veranstalter das Recht vor, den Workshop bis zu drei Tage vor der Veranstaltung abzusagen.  Die Einladungen erhalten Sie elektronisch \u00fcber eine Veranstaltung auf unserer Website.","og_url":"https:\/\/vertigojazz.pl\/de\/produkt\/cocktail-workshop-sex-in-the-city\/","og_site_name":"Vertigo Jazz Club &amp; Restaurant","article_publisher":"https:\/\/www.facebook.com\/vertigojazzclub","og_image":[{"width":1080,"height":1080,"url":"https:\/\/vertigojazz.pl\/wp-content\/uploads\/2025\/03\/28.05-kwadrat.jpg","type":"image\/jpeg"}],"twitter_card":"summary_large_image","schema":{"@context":"https:\/\/schema.org","@graph":[{"@type":"WebPage","@id":"https:\/\/vertigojazz.pl\/de\/produkt\/cocktail-workshop-sex-in-the-city\/","url":"https:\/\/vertigojazz.pl\/de\/produkt\/cocktail-workshop-sex-in-the-city\/","name":"Cocktail Workshop Sex in the City - Vertigo Jazz Club &amp; Restaurant","isPartOf":{"@id":"https:\/\/vertigojazz.pl\/#website"},"primaryImageOfPage":{"@id":"https:\/\/vertigojazz.pl\/de\/produkt\/cocktail-workshop-sex-in-the-city\/#primaryimage"},"image":{"@id":"https:\/\/vertigojazz.pl\/de\/produkt\/cocktail-workshop-sex-in-the-city\/#primaryimage"},"thumbnailUrl":"https:\/\/vertigojazz.pl\/wp-content\/uploads\/2025\/03\/28.05-kwadrat.jpg","datePublished":"2025-03-26T09:46:06+00:00","breadcrumb":{"@id":"https:\/\/vertigojazz.pl\/de\/produkt\/cocktail-workshop-sex-in-the-city\/#breadcrumb"},"inLanguage":"de","potentialAction":[{"@type":"ReadAction","target":["https:\/\/vertigojazz.pl\/de\/produkt\/cocktail-workshop-sex-in-the-city\/"]}]},{"@type":"ImageObject","inLanguage":"de","@id":"https:\/\/vertigojazz.pl\/de\/produkt\/cocktail-workshop-sex-in-the-city\/#primaryimage","url":"https:\/\/vertigojazz.pl\/wp-content\/uploads\/2025\/03\/28.05-kwadrat.jpg","contentUrl":"https:\/\/vertigojazz.pl\/wp-content\/uploads\/2025\/03\/28.05-kwadrat.jpg","width":1080,"height":1080},{"@type":"BreadcrumbList","@id":"https:\/\/vertigojazz.pl\/de\/produkt\/cocktail-workshop-sex-in-the-city\/#breadcrumb","itemListElement":[{"@type":"ListItem","position":1,"name":"Strona g\u0142\u00f3wna","item":"https:\/\/vertigojazz.pl\/de\/"},{"@type":"ListItem","position":2,"name":"Shop","item":"https:\/\/vertigojazz.pl\/de\/shop\/"},{"@type":"ListItem","position":3,"name":"Cocktail Workshop Sex in the City"}]},{"@type":"WebSite","@id":"https:\/\/vertigojazz.pl\/#website","url":"https:\/\/vertigojazz.pl\/","name":"Vertigo Jazz Club & Restaurant","description":"klub muzyczny we Wroc\u0142awiu","publisher":{"@id":"https:\/\/vertigojazz.pl\/#organization"},"potentialAction":[{"@type":"SearchAction","target":{"@type":"EntryPoint","urlTemplate":"https:\/\/vertigojazz.pl\/?s={search_term_string}"},"query-input":{"@type":"PropertyValueSpecification","valueRequired":true,"valueName":"search_term_string"}}],"inLanguage":"de"},{"@type":"Organization","@id":"https:\/\/vertigojazz.pl\/#organization","name":"Vertigo Jazz Club & Restaurant","alternateName":"Klub muzyczny we Wroc\u0142awiu","url":"https:\/\/vertigojazz.pl\/","logo":{"@type":"ImageObject","inLanguage":"de","@id":"https:\/\/vertigojazz.pl\/#\/schema\/logo\/image\/","url":"https:\/\/vertigojazz.pl\/wp-content\/uploads\/2025\/04\/cropped-vertigo_logo_biale-180x180-1.jpg","contentUrl":"https:\/\/vertigojazz.pl\/wp-content\/uploads\/2025\/04\/cropped-vertigo_logo_biale-180x180-1.jpg","width":180,"height":180,"caption":"Vertigo Jazz Club & Restaurant"},"image":{"@id":"https:\/\/vertigojazz.pl\/#\/schema\/logo\/image\/"},"sameAs":["https:\/\/www.facebook.com\/vertigojazzclub","https:\/\/www.instagram.com\/vertigo_jazz_club\/","https:\/\/www.youtube.com\/channel\/UC8sPrX3Xuv7bfuhfr3XbqXg","https:\/\/www.tiktok.com\/@vertigojazzclub"]}]}},"_links":{"self":[{"href":"https:\/\/vertigojazz.pl\/de\/wp-json\/wp\/v2\/product\/9855","targetHints":{"allow":["GET"]}}],"collection":[{"href":"https:\/\/vertigojazz.pl\/de\/wp-json\/wp\/v2\/product"}],"about":[{"href":"https:\/\/vertigojazz.pl\/de\/wp-json\/wp\/v2\/types\/product"}],"wp:featuredmedia":[{"embeddable":true,"href":"https:\/\/vertigojazz.pl\/de\/wp-json\/wp\/v2\/media\/9856"}],"wp:attachment":[{"href":"https:\/\/vertigojazz.pl\/de\/wp-json\/wp\/v2\/media?parent=9855"}],"wp:term":[{"taxonomy":"product_brand","embeddable":true,"href":"https:\/\/vertigojazz.pl\/de\/wp-json\/wp\/v2\/product_brand?post=9855"},{"taxonomy":"product_cat","embeddable":true,"href":"https:\/\/vertigojazz.pl\/de\/wp-json\/wp\/v2\/product_cat?post=9855"},{"taxonomy":"product_tag","embeddable":true,"href":"https:\/\/vertigojazz.pl\/de\/wp-json\/wp\/v2\/product_tag?post=9855"}],"curies":[{"name":"wp","href":"https:\/\/api.w.org\/{rel}","templated":true}]}}