{"id":15017,"date":"2025-11-18T12:04:30","date_gmt":"2025-11-18T11:04:30","guid":{"rendered":"https:\/\/vertigojazz.pl\/?post_type=product&#038;p=15017"},"modified":"2025-12-28T19:48:01","modified_gmt":"2025-12-28T18:48:01","slug":"parasol-milosnika-vertigo-bordowy","status":"publish","type":"product","link":"https:\/\/vertigojazz.pl\/en\/produkt\/parasol-milosnika-vertigo-bordowy\/","title":{"rendered":"Parasol mi\u0142o\u015bnika Vertigo &#8211; BORDOWY"},"content":{"rendered":"","protected":false},"excerpt":{"rendered":"<p><strong data-start=\"28\" data-end=\"80\">Automatyczny parasol kieszonkowy Vertigo bordowy<\/strong> to praktyczny i stylowy dodatek, kt\u00f3ry sprawdzi si\u0119 w ka\u017cdej sytuacji. Dzi\u0119ki kompaktowym rozmiarom z \u0142atwo\u015bci\u0105 zmie\u015bci si\u0119 w torebce, plecaku czy samochodowym schowku, zawsze b\u0119d\u0105c pod r\u0119k\u0105, gdy zaskoczy Pa\u0144stwa deszcz.<\/p>\n<p>Wyposa\u017cony w <strong data-start=\"312\" data-end=\"349\">automatyczny mechanizm otwierania<\/strong>, umo\u017cliwia szybkie i wygodne roz\u0142o\u017cenie jednym przyciskiem. Solidna, <strong data-start=\"419\" data-end=\"449\">3-cz\u0119\u015bciowa metalowa laska<\/strong>, wzmacniane szyny i kolce gwarantuj\u0105 stabilno\u015b\u0107 i odporno\u015b\u0107 na podmuchy wiatru.<\/p>\n<p><strong data-start=\"757\" data-end=\"774\">Kolor bordowy<\/strong> nadaje parasolowi elegancji i ponadczasowego charakteru. Idealny dla os\u00f3b ceni\u0105cych funkcjonalno\u015b\u0107 po\u0142\u0105czon\u0105 z dobrym stylem.<\/p>\n<p>&nbsp;<\/p>\n","protected":false},"featured_media":15005,"template":"","meta":{"_acf_changed":false},"product_brand":[],"product_cat":[152],"product_tag":[],"class_list":{"0":"post-15017","1":"product","2":"type-product","3":"status-publish","4":"has-post-thumbnail","6":"product_cat-gadzety-klubu","8":"first","9":"instock","10":"shipping-taxable","11":"purchasable","12":"product-type-simple"},"acf":[],"yoast_head":"<!-- This site is optimized with the Yoast SEO plugin v26.0 - https:\/\/yoast.com\/wordpress\/plugins\/seo\/ -->\n<title>Parasol mi\u0142o\u015bnika Vertigo - BORDOWY - Vertigo Jazz Club &amp; Restaurant<\/title>\n<meta name=\"description\" content=\"Automatyczny parasol kieszonkowy Vertigo bordowy to praktyczny i stylowy dodatek, kt\u00f3ry sprawdzi si\u0119 w ka\u017cdej sytuacji.\" \/>\n<meta name=\"robots\" content=\"index, follow, max-snippet:-1, max-image-preview:large, max-video-preview:-1\" \/>\n<link rel=\"canonical\" href=\"https:\/\/vertigojazz.pl\/produkt\/parasol-milosnika-vertigo-bordowy\/\" \/>\n<meta property=\"og:locale\" content=\"en_US\" \/>\n<meta property=\"og:type\" content=\"article\" \/>\n<meta property=\"og:title\" content=\"Parasol mi\u0142o\u015bnika Vertigo - BORDOWY - Vertigo Jazz Club &amp; Restaurant\" \/>\n<meta property=\"og:description\" content=\"Automatyczny parasol kieszonkowy Vertigo bordowy to praktyczny i stylowy dodatek, kt\u00f3ry sprawdzi si\u0119 w ka\u017cdej sytuacji.\" \/>\n<meta property=\"og:url\" content=\"https:\/\/vertigojazz.pl\/produkt\/parasol-milosnika-vertigo-bordowy\/\" \/>\n<meta property=\"og:site_name\" content=\"Vertigo Jazz Club &amp; Restaurant\" \/>\n<meta property=\"article:publisher\" content=\"https:\/\/www.facebook.com\/vertigojazzclub\" \/>\n<meta property=\"article:modified_time\" content=\"2025-12-28T18:48:01+00:00\" \/>\n<meta property=\"og:image\" content=\"https:\/\/vertigojazz.pl\/wp-content\/uploads\/2025\/11\/parasol-bordo.jpg\" \/>\n\t<meta property=\"og:image:width\" content=\"1080\" \/>\n\t<meta property=\"og:image:height\" content=\"1080\" \/>\n\t<meta property=\"og:image:type\" content=\"image\/jpeg\" \/>\n<meta name=\"twitter:card\" content=\"summary_large_image\" \/>\n<meta name=\"twitter:label1\" content=\"Est. reading time\" \/>\n\t<meta name=\"twitter:data1\" content=\"1 minute\" \/>\n<script type=\"application\/ld+json\" class=\"yoast-schema-graph\">{\"@context\":\"https:\/\/schema.org\",\"@graph\":[{\"@type\":\"WebPage\",\"@id\":\"https:\/\/vertigojazz.pl\/produkt\/parasol-milosnika-vertigo-bordowy\/\",\"url\":\"https:\/\/vertigojazz.pl\/produkt\/parasol-milosnika-vertigo-bordowy\/\",\"name\":\"Parasol mi\u0142o\u015bnika Vertigo - BORDOWY - Vertigo Jazz Club &amp; Restaurant\",\"isPartOf\":{\"@id\":\"https:\/\/vertigojazz.pl\/#website\"},\"primaryImageOfPage\":{\"@id\":\"https:\/\/vertigojazz.pl\/produkt\/parasol-milosnika-vertigo-bordowy\/#primaryimage\"},\"image\":{\"@id\":\"https:\/\/vertigojazz.pl\/produkt\/parasol-milosnika-vertigo-bordowy\/#primaryimage\"},\"thumbnailUrl\":\"https:\/\/vertigojazz.pl\/wp-content\/uploads\/2025\/11\/parasol-bordo.jpg\",\"datePublished\":\"2025-11-18T11:04:30+00:00\",\"dateModified\":\"2025-12-28T18:48:01+00:00\",\"description\":\"Automatyczny parasol kieszonkowy Vertigo bordowy to praktyczny i stylowy dodatek, kt\u00f3ry sprawdzi si\u0119 w ka\u017cdej sytuacji.\",\"breadcrumb\":{\"@id\":\"https:\/\/vertigojazz.pl\/produkt\/parasol-milosnika-vertigo-bordowy\/#breadcrumb\"},\"inLanguage\":\"en-US\",\"potentialAction\":[{\"@type\":\"ReadAction\",\"target\":[\"https:\/\/vertigojazz.pl\/produkt\/parasol-milosnika-vertigo-bordowy\/\"]}]},{\"@type\":\"ImageObject\",\"inLanguage\":\"en-US\",\"@id\":\"https:\/\/vertigojazz.pl\/produkt\/parasol-milosnika-vertigo-bordowy\/#primaryimage\",\"url\":\"https:\/\/vertigojazz.pl\/wp-content\/uploads\/2025\/11\/parasol-bordo.jpg\",\"contentUrl\":\"https:\/\/vertigojazz.pl\/wp-content\/uploads\/2025\/11\/parasol-bordo.jpg\",\"width\":1080,\"height\":1080},{\"@type\":\"BreadcrumbList\",\"@id\":\"https:\/\/vertigojazz.pl\/produkt\/parasol-milosnika-vertigo-bordowy\/#breadcrumb\",\"itemListElement\":[{\"@type\":\"ListItem\",\"position\":1,\"name\":\"Strona g\u0142\u00f3wna\",\"item\":\"https:\/\/vertigojazz.pl\/en\/\"},{\"@type\":\"ListItem\",\"position\":2,\"name\":\"Store\",\"item\":\"https:\/\/vertigojazz.pl\/en\/shop\/\"},{\"@type\":\"ListItem\",\"position\":3,\"name\":\"Parasol mi\u0142o\u015bnika Vertigo &#8211; BORDOWY\"}]},{\"@type\":\"WebSite\",\"@id\":\"https:\/\/vertigojazz.pl\/#website\",\"url\":\"https:\/\/vertigojazz.pl\/\",\"name\":\"Vertigo Jazz Club & Restaurant\",\"description\":\"klub muzyczny we Wroc\u0142awiu\",\"publisher\":{\"@id\":\"https:\/\/vertigojazz.pl\/#organization\"},\"potentialAction\":[{\"@type\":\"SearchAction\",\"target\":{\"@type\":\"EntryPoint\",\"urlTemplate\":\"https:\/\/vertigojazz.pl\/?s={search_term_string}\"},\"query-input\":{\"@type\":\"PropertyValueSpecification\",\"valueRequired\":true,\"valueName\":\"search_term_string\"}}],\"inLanguage\":\"en-US\"},{\"@type\":\"Organization\",\"@id\":\"https:\/\/vertigojazz.pl\/#organization\",\"name\":\"Vertigo Jazz Club & Restaurant\",\"alternateName\":\"Klub muzyczny we Wroc\u0142awiu\",\"url\":\"https:\/\/vertigojazz.pl\/\",\"logo\":{\"@type\":\"ImageObject\",\"inLanguage\":\"en-US\",\"@id\":\"https:\/\/vertigojazz.pl\/#\/schema\/logo\/image\/\",\"url\":\"https:\/\/vertigojazz.pl\/wp-content\/uploads\/2025\/04\/cropped-vertigo_logo_biale-180x180-1.jpg\",\"contentUrl\":\"https:\/\/vertigojazz.pl\/wp-content\/uploads\/2025\/04\/cropped-vertigo_logo_biale-180x180-1.jpg\",\"width\":180,\"height\":180,\"caption\":\"Vertigo Jazz Club & Restaurant\"},\"image\":{\"@id\":\"https:\/\/vertigojazz.pl\/#\/schema\/logo\/image\/\"},\"sameAs\":[\"https:\/\/www.facebook.com\/vertigojazzclub\",\"https:\/\/www.instagram.com\/vertigo_jazz_club\/\",\"https:\/\/www.youtube.com\/channel\/UC8sPrX3Xuv7bfuhfr3XbqXg\",\"https:\/\/www.tiktok.com\/@vertigojazzclub\"]}]}<\/script>\n<!-- \/ Yoast SEO plugin. -->","yoast_head_json":{"title":"Parasol mi\u0142o\u015bnika Vertigo - BORDOWY - Vertigo Jazz Club &amp; Restaurant","description":"Automatyczny parasol kieszonkowy Vertigo bordowy to praktyczny i stylowy dodatek, kt\u00f3ry sprawdzi si\u0119 w ka\u017cdej sytuacji.","robots":{"index":"index","follow":"follow","max-snippet":"max-snippet:-1","max-image-preview":"max-image-preview:large","max-video-preview":"max-video-preview:-1"},"canonical":"https:\/\/vertigojazz.pl\/produkt\/parasol-milosnika-vertigo-bordowy\/","og_locale":"en_US","og_type":"article","og_title":"Parasol mi\u0142o\u015bnika Vertigo - BORDOWY - Vertigo Jazz Club &amp; Restaurant","og_description":"Automatyczny parasol kieszonkowy Vertigo bordowy to praktyczny i stylowy dodatek, kt\u00f3ry sprawdzi si\u0119 w ka\u017cdej sytuacji.","og_url":"https:\/\/vertigojazz.pl\/produkt\/parasol-milosnika-vertigo-bordowy\/","og_site_name":"Vertigo Jazz Club &amp; Restaurant","article_publisher":"https:\/\/www.facebook.com\/vertigojazzclub","article_modified_time":"2025-12-28T18:48:01+00:00","og_image":[{"width":1080,"height":1080,"url":"https:\/\/vertigojazz.pl\/wp-content\/uploads\/2025\/11\/parasol-bordo.jpg","type":"image\/jpeg"}],"twitter_card":"summary_large_image","twitter_misc":{"Est. reading time":"1 minute"},"schema":{"@context":"https:\/\/schema.org","@graph":[{"@type":"WebPage","@id":"https:\/\/vertigojazz.pl\/produkt\/parasol-milosnika-vertigo-bordowy\/","url":"https:\/\/vertigojazz.pl\/produkt\/parasol-milosnika-vertigo-bordowy\/","name":"Parasol mi\u0142o\u015bnika Vertigo - BORDOWY - Vertigo Jazz Club &amp; Restaurant","isPartOf":{"@id":"https:\/\/vertigojazz.pl\/#website"},"primaryImageOfPage":{"@id":"https:\/\/vertigojazz.pl\/produkt\/parasol-milosnika-vertigo-bordowy\/#primaryimage"},"image":{"@id":"https:\/\/vertigojazz.pl\/produkt\/parasol-milosnika-vertigo-bordowy\/#primaryimage"},"thumbnailUrl":"https:\/\/vertigojazz.pl\/wp-content\/uploads\/2025\/11\/parasol-bordo.jpg","datePublished":"2025-11-18T11:04:30+00:00","dateModified":"2025-12-28T18:48:01+00:00","description":"Automatyczny parasol kieszonkowy Vertigo bordowy to praktyczny i stylowy dodatek, kt\u00f3ry sprawdzi si\u0119 w ka\u017cdej sytuacji.","breadcrumb":{"@id":"https:\/\/vertigojazz.pl\/produkt\/parasol-milosnika-vertigo-bordowy\/#breadcrumb"},"inLanguage":"en-US","potentialAction":[{"@type":"ReadAction","target":["https:\/\/vertigojazz.pl\/produkt\/parasol-milosnika-vertigo-bordowy\/"]}]},{"@type":"ImageObject","inLanguage":"en-US","@id":"https:\/\/vertigojazz.pl\/produkt\/parasol-milosnika-vertigo-bordowy\/#primaryimage","url":"https:\/\/vertigojazz.pl\/wp-content\/uploads\/2025\/11\/parasol-bordo.jpg","contentUrl":"https:\/\/vertigojazz.pl\/wp-content\/uploads\/2025\/11\/parasol-bordo.jpg","width":1080,"height":1080},{"@type":"BreadcrumbList","@id":"https:\/\/vertigojazz.pl\/produkt\/parasol-milosnika-vertigo-bordowy\/#breadcrumb","itemListElement":[{"@type":"ListItem","position":1,"name":"Strona g\u0142\u00f3wna","item":"https:\/\/vertigojazz.pl\/en\/"},{"@type":"ListItem","position":2,"name":"Store","item":"https:\/\/vertigojazz.pl\/en\/shop\/"},{"@type":"ListItem","position":3,"name":"Parasol mi\u0142o\u015bnika Vertigo &#8211; BORDOWY"}]},{"@type":"WebSite","@id":"https:\/\/vertigojazz.pl\/#website","url":"https:\/\/vertigojazz.pl\/","name":"Vertigo Jazz Club & Restaurant","description":"klub muzyczny we Wroc\u0142awiu","publisher":{"@id":"https:\/\/vertigojazz.pl\/#organization"},"potentialAction":[{"@type":"SearchAction","target":{"@type":"EntryPoint","urlTemplate":"https:\/\/vertigojazz.pl\/?s={search_term_string}"},"query-input":{"@type":"PropertyValueSpecification","valueRequired":true,"valueName":"search_term_string"}}],"inLanguage":"en-US"},{"@type":"Organization","@id":"https:\/\/vertigojazz.pl\/#organization","name":"Vertigo Jazz Club & Restaurant","alternateName":"Klub muzyczny we Wroc\u0142awiu","url":"https:\/\/vertigojazz.pl\/","logo":{"@type":"ImageObject","inLanguage":"en-US","@id":"https:\/\/vertigojazz.pl\/#\/schema\/logo\/image\/","url":"https:\/\/vertigojazz.pl\/wp-content\/uploads\/2025\/04\/cropped-vertigo_logo_biale-180x180-1.jpg","contentUrl":"https:\/\/vertigojazz.pl\/wp-content\/uploads\/2025\/04\/cropped-vertigo_logo_biale-180x180-1.jpg","width":180,"height":180,"caption":"Vertigo Jazz Club & Restaurant"},"image":{"@id":"https:\/\/vertigojazz.pl\/#\/schema\/logo\/image\/"},"sameAs":["https:\/\/www.facebook.com\/vertigojazzclub","https:\/\/www.instagram.com\/vertigo_jazz_club\/","https:\/\/www.youtube.com\/channel\/UC8sPrX3Xuv7bfuhfr3XbqXg","https:\/\/www.tiktok.com\/@vertigojazzclub"]}]}},"_links":{"self":[{"href":"https:\/\/vertigojazz.pl\/en\/wp-json\/wp\/v2\/product\/15017","targetHints":{"allow":["GET"]}}],"collection":[{"href":"https:\/\/vertigojazz.pl\/en\/wp-json\/wp\/v2\/product"}],"about":[{"href":"https:\/\/vertigojazz.pl\/en\/wp-json\/wp\/v2\/types\/product"}],"wp:featuredmedia":[{"embeddable":true,"href":"https:\/\/vertigojazz.pl\/en\/wp-json\/wp\/v2\/media\/15005"}],"wp:attachment":[{"href":"https:\/\/vertigojazz.pl\/en\/wp-json\/wp\/v2\/media?parent=15017"}],"wp:term":[{"taxonomy":"product_brand","embeddable":true,"href":"https:\/\/vertigojazz.pl\/en\/wp-json\/wp\/v2\/product_brand?post=15017"},{"taxonomy":"product_cat","embeddable":true,"href":"https:\/\/vertigojazz.pl\/en\/wp-json\/wp\/v2\/product_cat?post=15017"},{"taxonomy":"product_tag","embeddable":true,"href":"https:\/\/vertigojazz.pl\/en\/wp-json\/wp\/v2\/product_tag?post=15017"}],"curies":[{"name":"wp","href":"https:\/\/api.w.org\/{rel}","templated":true}]}}