{"id":15564,"date":"2025-12-05T17:57:59","date_gmt":"2025-12-05T16:57:59","guid":{"rendered":"https:\/\/vertigojazz.pl\/?post_type=product&#038;p=15564"},"modified":"2025-12-28T19:45:16","modified_gmt":"2025-12-28T18:45:16","slug":"swieca-sojowa-vertigo-evening","status":"publish","type":"product","link":"https:\/\/vertigojazz.pl\/en\/produkt\/swieca-sojowa-vertigo-evening\/","title":{"rendered":"\u015awieca sojowa Vertigo Evening"},"content":{"rendered":"","protected":false},"excerpt":{"rendered":"<p data-start=\"97\" data-end=\"327\"><strong data-start=\"97\" data-end=\"108\">Vertigo<\/strong> <strong>Evening<\/strong> to zapach o bursztynowo-kwiatowym charakterze, stworzony z my\u015bl\u0105 o tych, kt\u00f3rzy ceni\u0105 subteln\u0105 zmys\u0142owo\u015b\u0107 i ponadczasow\u0105 elegancj\u0119. Kompozycja jest lekka i \u015bwietlista, a jednocze\u015bnie niezwykle g\u0142\u0119boka oraz magnetyczna.<\/p>\n<p data-start=\"329\" data-end=\"676\">Otwarcie zachwyca iskrz\u0105c\u0105 \u015bwie\u017co\u015bci\u0105 bergamotki i soczystych owoc\u00f3w le\u015bnych, kt\u00f3re nadaj\u0105 zapachowi lekko\u015bci i wyrafinowanego blasku. W sercu rozwija si\u0119 delikatny ja\u015bmin &#8211; szlachetny, czysty i pe\u0142en klasy. Ca\u0142o\u015b\u0107 dope\u0142nia bogata baza ambry, szarej ambry oraz mchu d\u0119bowego, otulaj\u0105ca wn\u0119trze ciep\u0142em, zmys\u0142owo\u015bci\u0105 i trwa\u0142ym, eleganckim finiszem.<\/p>\n<p data-start=\"329\" data-end=\"676\">Zapach zosta\u0142 zamkni\u0119ty w bursztynowym s\u0142oiczku z <strong data-start=\"1039\" data-end=\"1060\">autorsk\u0105 etykiet\u0105.<\/strong><\/p>\n<p><strong data-start=\"1688\" data-end=\"1727\">\u015awieca zawiera 200 g wosku sojowego<\/strong> i zosta\u0142a stworzona na specjalne zam\u00f3wienie, w ma\u0142ej manufakturze w Gda\u0144sku. Wysoka jako\u015b\u0107 oraz intensywny, pi\u0119kny zapach sprawiaj\u0105, \u017ce jest to doskona\u0142y prezent \u015bwi\u0105teczny &#8211; dla kogo\u015b bliskiego lub samego siebie.<\/p>\n","protected":false},"featured_media":15601,"template":"","meta":{"_acf_changed":false},"product_brand":[],"product_cat":[152],"product_tag":[],"class_list":{"0":"post-15564","1":"product","2":"type-product","3":"status-publish","4":"has-post-thumbnail","6":"product_cat-gadzety-klubu","8":"first","9":"instock","10":"shipping-taxable","11":"purchasable","12":"product-type-simple"},"acf":[],"yoast_head":"<!-- This site is optimized with the Yoast SEO plugin v26.0 - https:\/\/yoast.com\/wordpress\/plugins\/seo\/ -->\n<title>\u015awieca sojowa Vertigo Evening - Vertigo Jazz Club &amp; Restaurant<\/title>\n<meta name=\"description\" content=\"\u015awieca sojowa, wysoka jako\u015b\u0107 oraz intensywny, pi\u0119kny zapach sprawiaj\u0105, \u017ce jest to doskona\u0142y prezent \u015bwi\u0105teczny - dla kogo\u015b bliskiego lub samego siebie.\" \/>\n<meta name=\"robots\" content=\"index, follow, max-snippet:-1, max-image-preview:large, max-video-preview:-1\" \/>\n<link rel=\"canonical\" href=\"https:\/\/vertigojazz.pl\/produkt\/swieca-sojowa-vertigo-evening\/\" \/>\n<meta property=\"og:locale\" content=\"en_US\" \/>\n<meta property=\"og:type\" content=\"article\" \/>\n<meta property=\"og:title\" content=\"\u015awieca sojowa Vertigo Evening - Vertigo Jazz Club &amp; Restaurant\" \/>\n<meta property=\"og:description\" content=\"\u015awieca sojowa, wysoka jako\u015b\u0107 oraz intensywny, pi\u0119kny zapach sprawiaj\u0105, \u017ce jest to doskona\u0142y prezent \u015bwi\u0105teczny - dla kogo\u015b bliskiego lub samego siebie.\" \/>\n<meta property=\"og:url\" content=\"https:\/\/vertigojazz.pl\/produkt\/swieca-sojowa-vertigo-evening\/\" \/>\n<meta property=\"og:site_name\" content=\"Vertigo Jazz Club &amp; Restaurant\" \/>\n<meta property=\"article:publisher\" content=\"https:\/\/www.facebook.com\/vertigojazzclub\" \/>\n<meta property=\"article:modified_time\" content=\"2025-12-28T18:45:16+00:00\" \/>\n<meta property=\"og:image\" content=\"https:\/\/vertigojazz.pl\/wp-content\/uploads\/2025\/12\/s\u0301wieca-2.jpg\" \/>\n\t<meta property=\"og:image:width\" content=\"1080\" \/>\n\t<meta property=\"og:image:height\" content=\"1080\" \/>\n\t<meta property=\"og:image:type\" content=\"image\/jpeg\" \/>\n<meta name=\"twitter:card\" content=\"summary_large_image\" \/>\n<meta name=\"twitter:label1\" content=\"Est. reading time\" \/>\n\t<meta name=\"twitter:data1\" content=\"1 minute\" \/>\n<script type=\"application\/ld+json\" class=\"yoast-schema-graph\">{\"@context\":\"https:\/\/schema.org\",\"@graph\":[{\"@type\":\"WebPage\",\"@id\":\"https:\/\/vertigojazz.pl\/produkt\/swieca-sojowa-vertigo-evening\/\",\"url\":\"https:\/\/vertigojazz.pl\/produkt\/swieca-sojowa-vertigo-evening\/\",\"name\":\"\u015awieca sojowa Vertigo Evening - Vertigo Jazz Club &amp; Restaurant\",\"isPartOf\":{\"@id\":\"https:\/\/vertigojazz.pl\/#website\"},\"primaryImageOfPage\":{\"@id\":\"https:\/\/vertigojazz.pl\/produkt\/swieca-sojowa-vertigo-evening\/#primaryimage\"},\"image\":{\"@id\":\"https:\/\/vertigojazz.pl\/produkt\/swieca-sojowa-vertigo-evening\/#primaryimage\"},\"thumbnailUrl\":\"https:\/\/vertigojazz.pl\/wp-content\/uploads\/2025\/12\/s\u0301wieca-2.jpg\",\"datePublished\":\"2025-12-05T16:57:59+00:00\",\"dateModified\":\"2025-12-28T18:45:16+00:00\",\"description\":\"\u015awieca sojowa, wysoka jako\u015b\u0107 oraz intensywny, pi\u0119kny zapach sprawiaj\u0105, \u017ce jest to doskona\u0142y prezent \u015bwi\u0105teczny - dla kogo\u015b bliskiego lub samego siebie.\",\"breadcrumb\":{\"@id\":\"https:\/\/vertigojazz.pl\/produkt\/swieca-sojowa-vertigo-evening\/#breadcrumb\"},\"inLanguage\":\"en-US\",\"potentialAction\":[{\"@type\":\"ReadAction\",\"target\":[\"https:\/\/vertigojazz.pl\/produkt\/swieca-sojowa-vertigo-evening\/\"]}]},{\"@type\":\"ImageObject\",\"inLanguage\":\"en-US\",\"@id\":\"https:\/\/vertigojazz.pl\/produkt\/swieca-sojowa-vertigo-evening\/#primaryimage\",\"url\":\"https:\/\/vertigojazz.pl\/wp-content\/uploads\/2025\/12\/s\u0301wieca-2.jpg\",\"contentUrl\":\"https:\/\/vertigojazz.pl\/wp-content\/uploads\/2025\/12\/s\u0301wieca-2.jpg\",\"width\":1080,\"height\":1080},{\"@type\":\"BreadcrumbList\",\"@id\":\"https:\/\/vertigojazz.pl\/produkt\/swieca-sojowa-vertigo-evening\/#breadcrumb\",\"itemListElement\":[{\"@type\":\"ListItem\",\"position\":1,\"name\":\"Strona g\u0142\u00f3wna\",\"item\":\"https:\/\/vertigojazz.pl\/en\/\"},{\"@type\":\"ListItem\",\"position\":2,\"name\":\"Store\",\"item\":\"https:\/\/vertigojazz.pl\/en\/shop\/\"},{\"@type\":\"ListItem\",\"position\":3,\"name\":\"\u015awieca sojowa Vertigo Evening\"}]},{\"@type\":\"WebSite\",\"@id\":\"https:\/\/vertigojazz.pl\/#website\",\"url\":\"https:\/\/vertigojazz.pl\/\",\"name\":\"Vertigo Jazz Club & Restaurant\",\"description\":\"klub muzyczny we Wroc\u0142awiu\",\"publisher\":{\"@id\":\"https:\/\/vertigojazz.pl\/#organization\"},\"potentialAction\":[{\"@type\":\"SearchAction\",\"target\":{\"@type\":\"EntryPoint\",\"urlTemplate\":\"https:\/\/vertigojazz.pl\/?s={search_term_string}\"},\"query-input\":{\"@type\":\"PropertyValueSpecification\",\"valueRequired\":true,\"valueName\":\"search_term_string\"}}],\"inLanguage\":\"en-US\"},{\"@type\":\"Organization\",\"@id\":\"https:\/\/vertigojazz.pl\/#organization\",\"name\":\"Vertigo Jazz Club & Restaurant\",\"alternateName\":\"Klub muzyczny we Wroc\u0142awiu\",\"url\":\"https:\/\/vertigojazz.pl\/\",\"logo\":{\"@type\":\"ImageObject\",\"inLanguage\":\"en-US\",\"@id\":\"https:\/\/vertigojazz.pl\/#\/schema\/logo\/image\/\",\"url\":\"https:\/\/vertigojazz.pl\/wp-content\/uploads\/2025\/04\/cropped-vertigo_logo_biale-180x180-1.jpg\",\"contentUrl\":\"https:\/\/vertigojazz.pl\/wp-content\/uploads\/2025\/04\/cropped-vertigo_logo_biale-180x180-1.jpg\",\"width\":180,\"height\":180,\"caption\":\"Vertigo Jazz Club & Restaurant\"},\"image\":{\"@id\":\"https:\/\/vertigojazz.pl\/#\/schema\/logo\/image\/\"},\"sameAs\":[\"https:\/\/www.facebook.com\/vertigojazzclub\",\"https:\/\/www.instagram.com\/vertigo_jazz_club\/\",\"https:\/\/www.youtube.com\/channel\/UC8sPrX3Xuv7bfuhfr3XbqXg\",\"https:\/\/www.tiktok.com\/@vertigojazzclub\"]}]}<\/script>\n<!-- \/ Yoast SEO plugin. -->","yoast_head_json":{"title":"\u015awieca sojowa Vertigo Evening - Vertigo Jazz Club &amp; Restaurant","description":"\u015awieca sojowa, wysoka jako\u015b\u0107 oraz intensywny, pi\u0119kny zapach sprawiaj\u0105, \u017ce jest to doskona\u0142y prezent \u015bwi\u0105teczny - dla kogo\u015b bliskiego lub samego siebie.","robots":{"index":"index","follow":"follow","max-snippet":"max-snippet:-1","max-image-preview":"max-image-preview:large","max-video-preview":"max-video-preview:-1"},"canonical":"https:\/\/vertigojazz.pl\/produkt\/swieca-sojowa-vertigo-evening\/","og_locale":"en_US","og_type":"article","og_title":"\u015awieca sojowa Vertigo Evening - Vertigo Jazz Club &amp; Restaurant","og_description":"\u015awieca sojowa, wysoka jako\u015b\u0107 oraz intensywny, pi\u0119kny zapach sprawiaj\u0105, \u017ce jest to doskona\u0142y prezent \u015bwi\u0105teczny - dla kogo\u015b bliskiego lub samego siebie.","og_url":"https:\/\/vertigojazz.pl\/produkt\/swieca-sojowa-vertigo-evening\/","og_site_name":"Vertigo Jazz Club &amp; Restaurant","article_publisher":"https:\/\/www.facebook.com\/vertigojazzclub","article_modified_time":"2025-12-28T18:45:16+00:00","og_image":[{"width":1080,"height":1080,"url":"https:\/\/vertigojazz.pl\/wp-content\/uploads\/2025\/12\/s\u0301wieca-2.jpg","type":"image\/jpeg"}],"twitter_card":"summary_large_image","twitter_misc":{"Est. reading time":"1 minute"},"schema":{"@context":"https:\/\/schema.org","@graph":[{"@type":"WebPage","@id":"https:\/\/vertigojazz.pl\/produkt\/swieca-sojowa-vertigo-evening\/","url":"https:\/\/vertigojazz.pl\/produkt\/swieca-sojowa-vertigo-evening\/","name":"\u015awieca sojowa Vertigo Evening - Vertigo Jazz Club &amp; Restaurant","isPartOf":{"@id":"https:\/\/vertigojazz.pl\/#website"},"primaryImageOfPage":{"@id":"https:\/\/vertigojazz.pl\/produkt\/swieca-sojowa-vertigo-evening\/#primaryimage"},"image":{"@id":"https:\/\/vertigojazz.pl\/produkt\/swieca-sojowa-vertigo-evening\/#primaryimage"},"thumbnailUrl":"https:\/\/vertigojazz.pl\/wp-content\/uploads\/2025\/12\/s\u0301wieca-2.jpg","datePublished":"2025-12-05T16:57:59+00:00","dateModified":"2025-12-28T18:45:16+00:00","description":"\u015awieca sojowa, wysoka jako\u015b\u0107 oraz intensywny, pi\u0119kny zapach sprawiaj\u0105, \u017ce jest to doskona\u0142y prezent \u015bwi\u0105teczny - dla kogo\u015b bliskiego lub samego siebie.","breadcrumb":{"@id":"https:\/\/vertigojazz.pl\/produkt\/swieca-sojowa-vertigo-evening\/#breadcrumb"},"inLanguage":"en-US","potentialAction":[{"@type":"ReadAction","target":["https:\/\/vertigojazz.pl\/produkt\/swieca-sojowa-vertigo-evening\/"]}]},{"@type":"ImageObject","inLanguage":"en-US","@id":"https:\/\/vertigojazz.pl\/produkt\/swieca-sojowa-vertigo-evening\/#primaryimage","url":"https:\/\/vertigojazz.pl\/wp-content\/uploads\/2025\/12\/s\u0301wieca-2.jpg","contentUrl":"https:\/\/vertigojazz.pl\/wp-content\/uploads\/2025\/12\/s\u0301wieca-2.jpg","width":1080,"height":1080},{"@type":"BreadcrumbList","@id":"https:\/\/vertigojazz.pl\/produkt\/swieca-sojowa-vertigo-evening\/#breadcrumb","itemListElement":[{"@type":"ListItem","position":1,"name":"Strona g\u0142\u00f3wna","item":"https:\/\/vertigojazz.pl\/en\/"},{"@type":"ListItem","position":2,"name":"Store","item":"https:\/\/vertigojazz.pl\/en\/shop\/"},{"@type":"ListItem","position":3,"name":"\u015awieca sojowa Vertigo Evening"}]},{"@type":"WebSite","@id":"https:\/\/vertigojazz.pl\/#website","url":"https:\/\/vertigojazz.pl\/","name":"Vertigo Jazz Club & Restaurant","description":"klub muzyczny we Wroc\u0142awiu","publisher":{"@id":"https:\/\/vertigojazz.pl\/#organization"},"potentialAction":[{"@type":"SearchAction","target":{"@type":"EntryPoint","urlTemplate":"https:\/\/vertigojazz.pl\/?s={search_term_string}"},"query-input":{"@type":"PropertyValueSpecification","valueRequired":true,"valueName":"search_term_string"}}],"inLanguage":"en-US"},{"@type":"Organization","@id":"https:\/\/vertigojazz.pl\/#organization","name":"Vertigo Jazz Club & Restaurant","alternateName":"Klub muzyczny we Wroc\u0142awiu","url":"https:\/\/vertigojazz.pl\/","logo":{"@type":"ImageObject","inLanguage":"en-US","@id":"https:\/\/vertigojazz.pl\/#\/schema\/logo\/image\/","url":"https:\/\/vertigojazz.pl\/wp-content\/uploads\/2025\/04\/cropped-vertigo_logo_biale-180x180-1.jpg","contentUrl":"https:\/\/vertigojazz.pl\/wp-content\/uploads\/2025\/04\/cropped-vertigo_logo_biale-180x180-1.jpg","width":180,"height":180,"caption":"Vertigo Jazz Club & Restaurant"},"image":{"@id":"https:\/\/vertigojazz.pl\/#\/schema\/logo\/image\/"},"sameAs":["https:\/\/www.facebook.com\/vertigojazzclub","https:\/\/www.instagram.com\/vertigo_jazz_club\/","https:\/\/www.youtube.com\/channel\/UC8sPrX3Xuv7bfuhfr3XbqXg","https:\/\/www.tiktok.com\/@vertigojazzclub"]}]}},"_links":{"self":[{"href":"https:\/\/vertigojazz.pl\/en\/wp-json\/wp\/v2\/product\/15564","targetHints":{"allow":["GET"]}}],"collection":[{"href":"https:\/\/vertigojazz.pl\/en\/wp-json\/wp\/v2\/product"}],"about":[{"href":"https:\/\/vertigojazz.pl\/en\/wp-json\/wp\/v2\/types\/product"}],"wp:featuredmedia":[{"embeddable":true,"href":"https:\/\/vertigojazz.pl\/en\/wp-json\/wp\/v2\/media\/15601"}],"wp:attachment":[{"href":"https:\/\/vertigojazz.pl\/en\/wp-json\/wp\/v2\/media?parent=15564"}],"wp:term":[{"taxonomy":"product_brand","embeddable":true,"href":"https:\/\/vertigojazz.pl\/en\/wp-json\/wp\/v2\/product_brand?post=15564"},{"taxonomy":"product_cat","embeddable":true,"href":"https:\/\/vertigojazz.pl\/en\/wp-json\/wp\/v2\/product_cat?post=15564"},{"taxonomy":"product_tag","embeddable":true,"href":"https:\/\/vertigojazz.pl\/en\/wp-json\/wp\/v2\/product_tag?post=15564"}],"curies":[{"name":"wp","href":"https:\/\/api.w.org\/{rel}","templated":true}]}}