{"id":6885,"date":"2025-03-13T15:41:40","date_gmt":"2025-03-13T14:41:40","guid":{"rendered":"https:\/\/vertigojazz.pl\/?post_type=product&#038;p=6885"},"modified":"2026-01-15T11:33:42","modified_gmt":"2026-01-15T10:33:42","slug":"zaproszenie-dla-dwoch-osob","status":"publish","type":"product","link":"https:\/\/vertigojazz.pl\/en\/produkt\/zaproszenie-dla-dwoch-osob\/","title":{"rendered":"Zaproszenie dla dw\u00f3ch os\u00f3b"},"content":{"rendered":"","protected":false},"excerpt":{"rendered":"<p>Zaproszenie dla dw\u00f3ch os\u00f3b, kt\u00f3re mo\u017cna wykorzysta\u0107 na dowolne wydarzenie dost\u0119pne na stronie <a href=\"http:\/\/www.vertigojazz.pl\/zaproszenia\">www.vertigojazz.pl\/zaproszenia.<\/a><\/p>\n<p>Prosimy o wybranie wydarzenia z listy dost\u0119pnych na stronie oraz zapisanie si\u0119 na nie za pomoc\u0105 formularza. W ten spos\u00f3b Pa\u0144stwa nazwisko pojawi si\u0119 na li\u015bcie Go\u015bci. Konieczne jest r\u00f3wnie\u017c okazanie zaproszenia w formie papierowej naszemu hostowi. Do zobaczenia w Vertigo!<\/p>\n","protected":false},"featured_media":6944,"template":"","meta":{"_acf_changed":false},"product_brand":[],"product_cat":[230],"product_tag":[],"class_list":{"0":"post-6885","1":"product","2":"type-product","3":"status-publish","4":"has-post-thumbnail","6":"product_cat-vouchery","8":"first","9":"instock","10":"shipping-taxable","11":"purchasable","12":"product-type-simple"},"acf":[],"yoast_head":"<!-- This site is optimized with the Yoast SEO plugin v26.0 - https:\/\/yoast.com\/wordpress\/plugins\/seo\/ -->\n<title>Zaproszenie dla dw\u00f3ch os\u00f3b - Vertigo Jazz Club &amp; Restaurant<\/title>\n<meta name=\"robots\" content=\"index, follow, max-snippet:-1, max-image-preview:large, max-video-preview:-1\" \/>\n<link rel=\"canonical\" href=\"https:\/\/vertigojazz.pl\/produkt\/zaproszenie-dla-dwoch-osob\/\" \/>\n<meta property=\"og:locale\" content=\"en_US\" \/>\n<meta property=\"og:type\" content=\"article\" \/>\n<meta property=\"og:title\" content=\"Zaproszenie dla dw\u00f3ch os\u00f3b - Vertigo Jazz Club &amp; Restaurant\" \/>\n<meta property=\"og:description\" content=\"Zaproszenie dla dw\u00f3ch os\u00f3b, kt\u00f3re mo\u017cna wykorzysta\u0107 na dowolne wydarzenie dost\u0119pne na stronie www.vertigojazz.pl\/zaproszenia.  Prosimy o wybranie wydarzenia z listy dost\u0119pnych na stronie oraz zapisanie si\u0119 na nie za pomoc\u0105 formularza. W ten spos\u00f3b Pa\u0144stwa nazwisko pojawi si\u0119 na li\u015bcie Go\u015bci. Konieczne jest r\u00f3wnie\u017c okazanie zaproszenia w formie papierowej naszemu hostowi. Do zobaczenia w Vertigo!\" \/>\n<meta property=\"og:url\" content=\"https:\/\/vertigojazz.pl\/produkt\/zaproszenie-dla-dwoch-osob\/\" \/>\n<meta property=\"og:site_name\" content=\"Vertigo Jazz Club &amp; Restaurant\" \/>\n<meta property=\"article:publisher\" content=\"https:\/\/www.facebook.com\/vertigojazzclub\" \/>\n<meta property=\"article:modified_time\" content=\"2026-01-15T10:33:42+00:00\" \/>\n<meta property=\"og:image\" content=\"https:\/\/vertigojazz.pl\/wp-content\/uploads\/2025\/03\/zaproszenie-1-1024x1024.png\" \/>\n\t<meta property=\"og:image:width\" content=\"1024\" \/>\n\t<meta property=\"og:image:height\" content=\"1024\" \/>\n\t<meta property=\"og:image:type\" content=\"image\/png\" \/>\n<meta name=\"twitter:card\" content=\"summary_large_image\" \/>\n<script type=\"application\/ld+json\" class=\"yoast-schema-graph\">{\"@context\":\"https:\/\/schema.org\",\"@graph\":[{\"@type\":\"WebPage\",\"@id\":\"https:\/\/vertigojazz.pl\/produkt\/zaproszenie-dla-dwoch-osob\/\",\"url\":\"https:\/\/vertigojazz.pl\/produkt\/zaproszenie-dla-dwoch-osob\/\",\"name\":\"Zaproszenie dla dw\u00f3ch os\u00f3b - Vertigo Jazz Club &amp; Restaurant\",\"isPartOf\":{\"@id\":\"https:\/\/vertigojazz.pl\/#website\"},\"primaryImageOfPage\":{\"@id\":\"https:\/\/vertigojazz.pl\/produkt\/zaproszenie-dla-dwoch-osob\/#primaryimage\"},\"image\":{\"@id\":\"https:\/\/vertigojazz.pl\/produkt\/zaproszenie-dla-dwoch-osob\/#primaryimage\"},\"thumbnailUrl\":\"https:\/\/vertigojazz.pl\/wp-content\/uploads\/2025\/03\/zaproszenie-1.png\",\"datePublished\":\"2025-03-13T14:41:40+00:00\",\"dateModified\":\"2026-01-15T10:33:42+00:00\",\"breadcrumb\":{\"@id\":\"https:\/\/vertigojazz.pl\/produkt\/zaproszenie-dla-dwoch-osob\/#breadcrumb\"},\"inLanguage\":\"en-US\",\"potentialAction\":[{\"@type\":\"ReadAction\",\"target\":[\"https:\/\/vertigojazz.pl\/produkt\/zaproszenie-dla-dwoch-osob\/\"]}]},{\"@type\":\"ImageObject\",\"inLanguage\":\"en-US\",\"@id\":\"https:\/\/vertigojazz.pl\/produkt\/zaproszenie-dla-dwoch-osob\/#primaryimage\",\"url\":\"https:\/\/vertigojazz.pl\/wp-content\/uploads\/2025\/03\/zaproszenie-1.png\",\"contentUrl\":\"https:\/\/vertigojazz.pl\/wp-content\/uploads\/2025\/03\/zaproszenie-1.png\",\"width\":2160,\"height\":2160},{\"@type\":\"BreadcrumbList\",\"@id\":\"https:\/\/vertigojazz.pl\/produkt\/zaproszenie-dla-dwoch-osob\/#breadcrumb\",\"itemListElement\":[{\"@type\":\"ListItem\",\"position\":1,\"name\":\"Strona g\u0142\u00f3wna\",\"item\":\"https:\/\/vertigojazz.pl\/en\/\"},{\"@type\":\"ListItem\",\"position\":2,\"name\":\"Store\",\"item\":\"https:\/\/vertigojazz.pl\/en\/shop\/\"},{\"@type\":\"ListItem\",\"position\":3,\"name\":\"Zaproszenie dla dw\u00f3ch os\u00f3b\"}]},{\"@type\":\"WebSite\",\"@id\":\"https:\/\/vertigojazz.pl\/#website\",\"url\":\"https:\/\/vertigojazz.pl\/\",\"name\":\"Vertigo Jazz Club & Restaurant\",\"description\":\"klub muzyczny we Wroc\u0142awiu\",\"publisher\":{\"@id\":\"https:\/\/vertigojazz.pl\/#organization\"},\"potentialAction\":[{\"@type\":\"SearchAction\",\"target\":{\"@type\":\"EntryPoint\",\"urlTemplate\":\"https:\/\/vertigojazz.pl\/?s={search_term_string}\"},\"query-input\":{\"@type\":\"PropertyValueSpecification\",\"valueRequired\":true,\"valueName\":\"search_term_string\"}}],\"inLanguage\":\"en-US\"},{\"@type\":\"Organization\",\"@id\":\"https:\/\/vertigojazz.pl\/#organization\",\"name\":\"Vertigo Jazz Club & Restaurant\",\"alternateName\":\"Klub muzyczny we Wroc\u0142awiu\",\"url\":\"https:\/\/vertigojazz.pl\/\",\"logo\":{\"@type\":\"ImageObject\",\"inLanguage\":\"en-US\",\"@id\":\"https:\/\/vertigojazz.pl\/#\/schema\/logo\/image\/\",\"url\":\"https:\/\/vertigojazz.pl\/wp-content\/uploads\/2025\/04\/cropped-vertigo_logo_biale-180x180-1.jpg\",\"contentUrl\":\"https:\/\/vertigojazz.pl\/wp-content\/uploads\/2025\/04\/cropped-vertigo_logo_biale-180x180-1.jpg\",\"width\":180,\"height\":180,\"caption\":\"Vertigo Jazz Club & Restaurant\"},\"image\":{\"@id\":\"https:\/\/vertigojazz.pl\/#\/schema\/logo\/image\/\"},\"sameAs\":[\"https:\/\/www.facebook.com\/vertigojazzclub\",\"https:\/\/www.instagram.com\/vertigo_jazz_club\/\",\"https:\/\/www.youtube.com\/channel\/UC8sPrX3Xuv7bfuhfr3XbqXg\",\"https:\/\/www.tiktok.com\/@vertigojazzclub\"]}]}<\/script>\n<!-- \/ Yoast SEO plugin. -->","yoast_head_json":{"title":"Zaproszenie dla dw\u00f3ch os\u00f3b - Vertigo Jazz Club &amp; Restaurant","robots":{"index":"index","follow":"follow","max-snippet":"max-snippet:-1","max-image-preview":"max-image-preview:large","max-video-preview":"max-video-preview:-1"},"canonical":"https:\/\/vertigojazz.pl\/produkt\/zaproszenie-dla-dwoch-osob\/","og_locale":"en_US","og_type":"article","og_title":"Zaproszenie dla dw\u00f3ch os\u00f3b - Vertigo Jazz Club &amp; Restaurant","og_description":"Zaproszenie dla dw\u00f3ch os\u00f3b, kt\u00f3re mo\u017cna wykorzysta\u0107 na dowolne wydarzenie dost\u0119pne na stronie www.vertigojazz.pl\/zaproszenia.  Prosimy o wybranie wydarzenia z listy dost\u0119pnych na stronie oraz zapisanie si\u0119 na nie za pomoc\u0105 formularza. W ten spos\u00f3b Pa\u0144stwa nazwisko pojawi si\u0119 na li\u015bcie Go\u015bci. Konieczne jest r\u00f3wnie\u017c okazanie zaproszenia w formie papierowej naszemu hostowi. Do zobaczenia w Vertigo!","og_url":"https:\/\/vertigojazz.pl\/produkt\/zaproszenie-dla-dwoch-osob\/","og_site_name":"Vertigo Jazz Club &amp; Restaurant","article_publisher":"https:\/\/www.facebook.com\/vertigojazzclub","article_modified_time":"2026-01-15T10:33:42+00:00","og_image":[{"width":1024,"height":1024,"url":"https:\/\/vertigojazz.pl\/wp-content\/uploads\/2025\/03\/zaproszenie-1-1024x1024.png","type":"image\/png"}],"twitter_card":"summary_large_image","schema":{"@context":"https:\/\/schema.org","@graph":[{"@type":"WebPage","@id":"https:\/\/vertigojazz.pl\/produkt\/zaproszenie-dla-dwoch-osob\/","url":"https:\/\/vertigojazz.pl\/produkt\/zaproszenie-dla-dwoch-osob\/","name":"Zaproszenie dla dw\u00f3ch os\u00f3b - Vertigo Jazz Club &amp; Restaurant","isPartOf":{"@id":"https:\/\/vertigojazz.pl\/#website"},"primaryImageOfPage":{"@id":"https:\/\/vertigojazz.pl\/produkt\/zaproszenie-dla-dwoch-osob\/#primaryimage"},"image":{"@id":"https:\/\/vertigojazz.pl\/produkt\/zaproszenie-dla-dwoch-osob\/#primaryimage"},"thumbnailUrl":"https:\/\/vertigojazz.pl\/wp-content\/uploads\/2025\/03\/zaproszenie-1.png","datePublished":"2025-03-13T14:41:40+00:00","dateModified":"2026-01-15T10:33:42+00:00","breadcrumb":{"@id":"https:\/\/vertigojazz.pl\/produkt\/zaproszenie-dla-dwoch-osob\/#breadcrumb"},"inLanguage":"en-US","potentialAction":[{"@type":"ReadAction","target":["https:\/\/vertigojazz.pl\/produkt\/zaproszenie-dla-dwoch-osob\/"]}]},{"@type":"ImageObject","inLanguage":"en-US","@id":"https:\/\/vertigojazz.pl\/produkt\/zaproszenie-dla-dwoch-osob\/#primaryimage","url":"https:\/\/vertigojazz.pl\/wp-content\/uploads\/2025\/03\/zaproszenie-1.png","contentUrl":"https:\/\/vertigojazz.pl\/wp-content\/uploads\/2025\/03\/zaproszenie-1.png","width":2160,"height":2160},{"@type":"BreadcrumbList","@id":"https:\/\/vertigojazz.pl\/produkt\/zaproszenie-dla-dwoch-osob\/#breadcrumb","itemListElement":[{"@type":"ListItem","position":1,"name":"Strona g\u0142\u00f3wna","item":"https:\/\/vertigojazz.pl\/en\/"},{"@type":"ListItem","position":2,"name":"Store","item":"https:\/\/vertigojazz.pl\/en\/shop\/"},{"@type":"ListItem","position":3,"name":"Zaproszenie dla dw\u00f3ch os\u00f3b"}]},{"@type":"WebSite","@id":"https:\/\/vertigojazz.pl\/#website","url":"https:\/\/vertigojazz.pl\/","name":"Vertigo Jazz Club & Restaurant","description":"klub muzyczny we Wroc\u0142awiu","publisher":{"@id":"https:\/\/vertigojazz.pl\/#organization"},"potentialAction":[{"@type":"SearchAction","target":{"@type":"EntryPoint","urlTemplate":"https:\/\/vertigojazz.pl\/?s={search_term_string}"},"query-input":{"@type":"PropertyValueSpecification","valueRequired":true,"valueName":"search_term_string"}}],"inLanguage":"en-US"},{"@type":"Organization","@id":"https:\/\/vertigojazz.pl\/#organization","name":"Vertigo Jazz Club & Restaurant","alternateName":"Klub muzyczny we Wroc\u0142awiu","url":"https:\/\/vertigojazz.pl\/","logo":{"@type":"ImageObject","inLanguage":"en-US","@id":"https:\/\/vertigojazz.pl\/#\/schema\/logo\/image\/","url":"https:\/\/vertigojazz.pl\/wp-content\/uploads\/2025\/04\/cropped-vertigo_logo_biale-180x180-1.jpg","contentUrl":"https:\/\/vertigojazz.pl\/wp-content\/uploads\/2025\/04\/cropped-vertigo_logo_biale-180x180-1.jpg","width":180,"height":180,"caption":"Vertigo Jazz Club & Restaurant"},"image":{"@id":"https:\/\/vertigojazz.pl\/#\/schema\/logo\/image\/"},"sameAs":["https:\/\/www.facebook.com\/vertigojazzclub","https:\/\/www.instagram.com\/vertigo_jazz_club\/","https:\/\/www.youtube.com\/channel\/UC8sPrX3Xuv7bfuhfr3XbqXg","https:\/\/www.tiktok.com\/@vertigojazzclub"]}]}},"_links":{"self":[{"href":"https:\/\/vertigojazz.pl\/en\/wp-json\/wp\/v2\/product\/6885","targetHints":{"allow":["GET"]}}],"collection":[{"href":"https:\/\/vertigojazz.pl\/en\/wp-json\/wp\/v2\/product"}],"about":[{"href":"https:\/\/vertigojazz.pl\/en\/wp-json\/wp\/v2\/types\/product"}],"wp:featuredmedia":[{"embeddable":true,"href":"https:\/\/vertigojazz.pl\/en\/wp-json\/wp\/v2\/media\/6944"}],"wp:attachment":[{"href":"https:\/\/vertigojazz.pl\/en\/wp-json\/wp\/v2\/media?parent=6885"}],"wp:term":[{"taxonomy":"product_brand","embeddable":true,"href":"https:\/\/vertigojazz.pl\/en\/wp-json\/wp\/v2\/product_brand?post=6885"},{"taxonomy":"product_cat","embeddable":true,"href":"https:\/\/vertigojazz.pl\/en\/wp-json\/wp\/v2\/product_cat?post=6885"},{"taxonomy":"product_tag","embeddable":true,"href":"https:\/\/vertigojazz.pl\/en\/wp-json\/wp\/v2\/product_tag?post=6885"}],"curies":[{"name":"wp","href":"https:\/\/api.w.org\/{rel}","templated":true}]}}