{"id":15026,"date":"2025-11-18T12:23:04","date_gmt":"2025-11-18T11:23:04","guid":{"rendered":"https:\/\/vertigojazz.pl\/?post_type=product&#038;p=15026"},"modified":"2026-02-06T13:49:48","modified_gmt":"2026-02-06T12:49:48","slug":"brelok-do-kluczy-skorzany-bezowy","status":"publish","type":"product","link":"https:\/\/vertigojazz.pl\/uk\/produkt\/brelok-do-kluczy-skorzany-bezowy\/","title":{"rendered":"Brelok do kluczy sk\u00f3rzany &#8211; BE\u017bOWY"},"content":{"rendered":"","protected":false},"excerpt":{"rendered":"<p data-start=\"33\" data-end=\"293\"><strong data-start=\"33\" data-end=\"73\">Sk\u00f3rzany brelok Vertigo <\/strong>to elegancki i praktyczny dodatek dla ka\u017cdego, kto chce mie\u0107 odrobin\u0119 jazzowego klimatu zawsze przy sobie. Wykonany z wysokiej jako\u015bci sk\u00f3ry, jest trwa\u0142y, przyjemny w dotyku i z czasem nabiera jeszcze wi\u0119cej charakteru.<\/p>\n<p data-start=\"295\" data-end=\"527\">Minimalistyczny design z subtelnym akcentem Vertigo. To drobny, ale wyj\u0105tkowy gad\u017cet, kt\u00f3ry od razu zdradza pasj\u0119 w\u0142a\u015bciciela.<\/p>\n<p data-start=\"529\" data-end=\"648\" data-is-last-node=\"\" data-is-only-node=\"\">Idealny pomys\u0142 na upominek dla ka\u017cdego mi\u0142o\u015bnika Vertigo i ludzi, kt\u00f3rzy ceni\u0105 sobie styl po\u0142\u0105czony z funkcjonalno\u015bci\u0105.<\/p>\n","protected":false},"featured_media":15031,"template":"","meta":{"_acf_changed":false},"product_brand":[],"product_cat":[152],"product_tag":[],"class_list":{"0":"post-15026","1":"product","2":"type-product","3":"status-publish","4":"has-post-thumbnail","6":"product_cat-gadzety-klubu","8":"first","9":"instock","10":"shipping-taxable","11":"purchasable","12":"product-type-simple"},"acf":[],"yoast_head":"<!-- This site is optimized with the Yoast SEO plugin v26.0 - https:\/\/yoast.com\/wordpress\/plugins\/seo\/ -->\n<title>Brelok do kluczy sk\u00f3rzany - BE\u017bOWY - Vertigo Jazz Club &amp; Restaurant<\/title>\n<meta name=\"description\" content=\"Sk\u00f3rzany brelok Vertigo to elegancki i praktyczny dodatek dla ka\u017cdego, kto chce mie\u0107 odrobin\u0119 jazzowego klimatu zawsze przy sobie. Wykonany z wysokiej jako\u015bci sk\u00f3ry, jest trwa\u0142y, przyjemny w dotyku i z czasem nabiera jeszcze wi\u0119cej charakteru.\" \/>\n<meta name=\"robots\" content=\"index, follow, max-snippet:-1, max-image-preview:large, max-video-preview:-1\" \/>\n<link rel=\"canonical\" href=\"https:\/\/vertigojazz.pl\/produkt\/brelok-do-kluczy-skorzany-bezowy\/\" \/>\n<meta property=\"og:locale\" content=\"uk_UA\" \/>\n<meta property=\"og:type\" content=\"article\" \/>\n<meta property=\"og:title\" content=\"Brelok do kluczy sk\u00f3rzany - BE\u017bOWY - Vertigo Jazz Club &amp; Restaurant\" \/>\n<meta property=\"og:description\" content=\"Sk\u00f3rzany brelok Vertigo to elegancki i praktyczny dodatek dla ka\u017cdego, kto chce mie\u0107 odrobin\u0119 jazzowego klimatu zawsze przy sobie. Wykonany z wysokiej jako\u015bci sk\u00f3ry, jest trwa\u0142y, przyjemny w dotyku i z czasem nabiera jeszcze wi\u0119cej charakteru.\" \/>\n<meta property=\"og:url\" content=\"https:\/\/vertigojazz.pl\/produkt\/brelok-do-kluczy-skorzany-bezowy\/\" \/>\n<meta property=\"og:site_name\" content=\"Vertigo Jazz Club &amp; Restaurant\" \/>\n<meta property=\"article:publisher\" content=\"https:\/\/www.facebook.com\/vertigojazzclub\" \/>\n<meta property=\"article:modified_time\" content=\"2026-02-06T12:49:48+00:00\" \/>\n<meta property=\"og:image\" content=\"https:\/\/vertigojazz.pl\/wp-content\/uploads\/2025\/11\/zawieszka-jasna.jpg\" \/>\n\t<meta property=\"og:image:width\" content=\"1080\" \/>\n\t<meta property=\"og:image:height\" content=\"1080\" \/>\n\t<meta property=\"og:image:type\" content=\"image\/jpeg\" \/>\n<meta name=\"twitter:card\" content=\"summary_large_image\" \/>\n<meta name=\"twitter:label1\" content=\"Est. reading time\" \/>\n\t<meta name=\"twitter:data1\" content=\"1 minute\" \/>\n<script type=\"application\/ld+json\" class=\"yoast-schema-graph\">{\"@context\":\"https:\/\/schema.org\",\"@graph\":[{\"@type\":\"WebPage\",\"@id\":\"https:\/\/vertigojazz.pl\/produkt\/brelok-do-kluczy-skorzany-bezowy\/\",\"url\":\"https:\/\/vertigojazz.pl\/produkt\/brelok-do-kluczy-skorzany-bezowy\/\",\"name\":\"Brelok do kluczy sk\u00f3rzany - BE\u017bOWY - Vertigo Jazz Club &amp; Restaurant\",\"isPartOf\":{\"@id\":\"https:\/\/vertigojazz.pl\/#website\"},\"primaryImageOfPage\":{\"@id\":\"https:\/\/vertigojazz.pl\/produkt\/brelok-do-kluczy-skorzany-bezowy\/#primaryimage\"},\"image\":{\"@id\":\"https:\/\/vertigojazz.pl\/produkt\/brelok-do-kluczy-skorzany-bezowy\/#primaryimage\"},\"thumbnailUrl\":\"https:\/\/vertigojazz.pl\/wp-content\/uploads\/2025\/11\/zawieszka-jasna.jpg\",\"datePublished\":\"2025-11-18T11:23:04+00:00\",\"dateModified\":\"2026-02-06T12:49:48+00:00\",\"description\":\"Sk\u00f3rzany brelok Vertigo to elegancki i praktyczny dodatek dla ka\u017cdego, kto chce mie\u0107 odrobin\u0119 jazzowego klimatu zawsze przy sobie. Wykonany z wysokiej jako\u015bci sk\u00f3ry, jest trwa\u0142y, przyjemny w dotyku i z czasem nabiera jeszcze wi\u0119cej charakteru.\",\"breadcrumb\":{\"@id\":\"https:\/\/vertigojazz.pl\/produkt\/brelok-do-kluczy-skorzany-bezowy\/#breadcrumb\"},\"inLanguage\":\"uk-UA\",\"potentialAction\":[{\"@type\":\"ReadAction\",\"target\":[\"https:\/\/vertigojazz.pl\/produkt\/brelok-do-kluczy-skorzany-bezowy\/\"]}]},{\"@type\":\"ImageObject\",\"inLanguage\":\"uk-UA\",\"@id\":\"https:\/\/vertigojazz.pl\/produkt\/brelok-do-kluczy-skorzany-bezowy\/#primaryimage\",\"url\":\"https:\/\/vertigojazz.pl\/wp-content\/uploads\/2025\/11\/zawieszka-jasna.jpg\",\"contentUrl\":\"https:\/\/vertigojazz.pl\/wp-content\/uploads\/2025\/11\/zawieszka-jasna.jpg\",\"width\":1080,\"height\":1080},{\"@type\":\"BreadcrumbList\",\"@id\":\"https:\/\/vertigojazz.pl\/produkt\/brelok-do-kluczy-skorzany-bezowy\/#breadcrumb\",\"itemListElement\":[{\"@type\":\"ListItem\",\"position\":1,\"name\":\"Strona g\u0142\u00f3wna\",\"item\":\"https:\/\/vertigojazz.pl\/uk\/\"},{\"@type\":\"ListItem\",\"position\":2,\"name\":\"\u041c\u0430\u0433\u0430\u0437\u0438\u043d\",\"item\":\"https:\/\/vertigojazz.pl\/uk\/%d0%bc%d0%b0%d0%b3%d0%b0%d0%b7%d0%b8%d0%bd\/\"},{\"@type\":\"ListItem\",\"position\":3,\"name\":\"Brelok do kluczy sk\u00f3rzany &#8211; BE\u017bOWY\"}]},{\"@type\":\"WebSite\",\"@id\":\"https:\/\/vertigojazz.pl\/#website\",\"url\":\"https:\/\/vertigojazz.pl\/\",\"name\":\"Vertigo Jazz Club & Restaurant\",\"description\":\"klub muzyczny we Wroc\u0142awiu\",\"publisher\":{\"@id\":\"https:\/\/vertigojazz.pl\/#organization\"},\"potentialAction\":[{\"@type\":\"SearchAction\",\"target\":{\"@type\":\"EntryPoint\",\"urlTemplate\":\"https:\/\/vertigojazz.pl\/?s={search_term_string}\"},\"query-input\":{\"@type\":\"PropertyValueSpecification\",\"valueRequired\":true,\"valueName\":\"search_term_string\"}}],\"inLanguage\":\"uk-UA\"},{\"@type\":\"Organization\",\"@id\":\"https:\/\/vertigojazz.pl\/#organization\",\"name\":\"Vertigo Jazz Club & Restaurant\",\"alternateName\":\"Klub muzyczny we Wroc\u0142awiu\",\"url\":\"https:\/\/vertigojazz.pl\/\",\"logo\":{\"@type\":\"ImageObject\",\"inLanguage\":\"uk-UA\",\"@id\":\"https:\/\/vertigojazz.pl\/#\/schema\/logo\/image\/\",\"url\":\"https:\/\/vertigojazz.pl\/wp-content\/uploads\/2025\/04\/cropped-vertigo_logo_biale-180x180-1.jpg\",\"contentUrl\":\"https:\/\/vertigojazz.pl\/wp-content\/uploads\/2025\/04\/cropped-vertigo_logo_biale-180x180-1.jpg\",\"width\":180,\"height\":180,\"caption\":\"Vertigo Jazz Club & Restaurant\"},\"image\":{\"@id\":\"https:\/\/vertigojazz.pl\/#\/schema\/logo\/image\/\"},\"sameAs\":[\"https:\/\/www.facebook.com\/vertigojazzclub\",\"https:\/\/www.instagram.com\/vertigo_jazz_club\/\",\"https:\/\/www.youtube.com\/channel\/UC8sPrX3Xuv7bfuhfr3XbqXg\",\"https:\/\/www.tiktok.com\/@vertigojazzclub\"]}]}<\/script>\n<!-- \/ Yoast SEO plugin. -->","yoast_head_json":{"title":"Brelok do kluczy sk\u00f3rzany - BE\u017bOWY - Vertigo Jazz Club &amp; Restaurant","description":"Sk\u00f3rzany brelok Vertigo to elegancki i praktyczny dodatek dla ka\u017cdego, kto chce mie\u0107 odrobin\u0119 jazzowego klimatu zawsze przy sobie. Wykonany z wysokiej jako\u015bci sk\u00f3ry, jest trwa\u0142y, przyjemny w dotyku i z czasem nabiera jeszcze wi\u0119cej charakteru.","robots":{"index":"index","follow":"follow","max-snippet":"max-snippet:-1","max-image-preview":"max-image-preview:large","max-video-preview":"max-video-preview:-1"},"canonical":"https:\/\/vertigojazz.pl\/produkt\/brelok-do-kluczy-skorzany-bezowy\/","og_locale":"uk_UA","og_type":"article","og_title":"Brelok do kluczy sk\u00f3rzany - BE\u017bOWY - Vertigo Jazz Club &amp; Restaurant","og_description":"Sk\u00f3rzany brelok Vertigo to elegancki i praktyczny dodatek dla ka\u017cdego, kto chce mie\u0107 odrobin\u0119 jazzowego klimatu zawsze przy sobie. Wykonany z wysokiej jako\u015bci sk\u00f3ry, jest trwa\u0142y, przyjemny w dotyku i z czasem nabiera jeszcze wi\u0119cej charakteru.","og_url":"https:\/\/vertigojazz.pl\/produkt\/brelok-do-kluczy-skorzany-bezowy\/","og_site_name":"Vertigo Jazz Club &amp; Restaurant","article_publisher":"https:\/\/www.facebook.com\/vertigojazzclub","article_modified_time":"2026-02-06T12:49:48+00:00","og_image":[{"width":1080,"height":1080,"url":"https:\/\/vertigojazz.pl\/wp-content\/uploads\/2025\/11\/zawieszka-jasna.jpg","type":"image\/jpeg"}],"twitter_card":"summary_large_image","twitter_misc":{"Est. reading time":"1 minute"},"schema":{"@context":"https:\/\/schema.org","@graph":[{"@type":"WebPage","@id":"https:\/\/vertigojazz.pl\/produkt\/brelok-do-kluczy-skorzany-bezowy\/","url":"https:\/\/vertigojazz.pl\/produkt\/brelok-do-kluczy-skorzany-bezowy\/","name":"Brelok do kluczy sk\u00f3rzany - BE\u017bOWY - Vertigo Jazz Club &amp; Restaurant","isPartOf":{"@id":"https:\/\/vertigojazz.pl\/#website"},"primaryImageOfPage":{"@id":"https:\/\/vertigojazz.pl\/produkt\/brelok-do-kluczy-skorzany-bezowy\/#primaryimage"},"image":{"@id":"https:\/\/vertigojazz.pl\/produkt\/brelok-do-kluczy-skorzany-bezowy\/#primaryimage"},"thumbnailUrl":"https:\/\/vertigojazz.pl\/wp-content\/uploads\/2025\/11\/zawieszka-jasna.jpg","datePublished":"2025-11-18T11:23:04+00:00","dateModified":"2026-02-06T12:49:48+00:00","description":"Sk\u00f3rzany brelok Vertigo to elegancki i praktyczny dodatek dla ka\u017cdego, kto chce mie\u0107 odrobin\u0119 jazzowego klimatu zawsze przy sobie. Wykonany z wysokiej jako\u015bci sk\u00f3ry, jest trwa\u0142y, przyjemny w dotyku i z czasem nabiera jeszcze wi\u0119cej charakteru.","breadcrumb":{"@id":"https:\/\/vertigojazz.pl\/produkt\/brelok-do-kluczy-skorzany-bezowy\/#breadcrumb"},"inLanguage":"uk-UA","potentialAction":[{"@type":"ReadAction","target":["https:\/\/vertigojazz.pl\/produkt\/brelok-do-kluczy-skorzany-bezowy\/"]}]},{"@type":"ImageObject","inLanguage":"uk-UA","@id":"https:\/\/vertigojazz.pl\/produkt\/brelok-do-kluczy-skorzany-bezowy\/#primaryimage","url":"https:\/\/vertigojazz.pl\/wp-content\/uploads\/2025\/11\/zawieszka-jasna.jpg","contentUrl":"https:\/\/vertigojazz.pl\/wp-content\/uploads\/2025\/11\/zawieszka-jasna.jpg","width":1080,"height":1080},{"@type":"BreadcrumbList","@id":"https:\/\/vertigojazz.pl\/produkt\/brelok-do-kluczy-skorzany-bezowy\/#breadcrumb","itemListElement":[{"@type":"ListItem","position":1,"name":"Strona g\u0142\u00f3wna","item":"https:\/\/vertigojazz.pl\/uk\/"},{"@type":"ListItem","position":2,"name":"\u041c\u0430\u0433\u0430\u0437\u0438\u043d","item":"https:\/\/vertigojazz.pl\/uk\/%d0%bc%d0%b0%d0%b3%d0%b0%d0%b7%d0%b8%d0%bd\/"},{"@type":"ListItem","position":3,"name":"Brelok do kluczy sk\u00f3rzany &#8211; BE\u017bOWY"}]},{"@type":"WebSite","@id":"https:\/\/vertigojazz.pl\/#website","url":"https:\/\/vertigojazz.pl\/","name":"Vertigo Jazz Club & Restaurant","description":"klub muzyczny we Wroc\u0142awiu","publisher":{"@id":"https:\/\/vertigojazz.pl\/#organization"},"potentialAction":[{"@type":"SearchAction","target":{"@type":"EntryPoint","urlTemplate":"https:\/\/vertigojazz.pl\/?s={search_term_string}"},"query-input":{"@type":"PropertyValueSpecification","valueRequired":true,"valueName":"search_term_string"}}],"inLanguage":"uk-UA"},{"@type":"Organization","@id":"https:\/\/vertigojazz.pl\/#organization","name":"Vertigo Jazz Club & Restaurant","alternateName":"Klub muzyczny we Wroc\u0142awiu","url":"https:\/\/vertigojazz.pl\/","logo":{"@type":"ImageObject","inLanguage":"uk-UA","@id":"https:\/\/vertigojazz.pl\/#\/schema\/logo\/image\/","url":"https:\/\/vertigojazz.pl\/wp-content\/uploads\/2025\/04\/cropped-vertigo_logo_biale-180x180-1.jpg","contentUrl":"https:\/\/vertigojazz.pl\/wp-content\/uploads\/2025\/04\/cropped-vertigo_logo_biale-180x180-1.jpg","width":180,"height":180,"caption":"Vertigo Jazz Club & Restaurant"},"image":{"@id":"https:\/\/vertigojazz.pl\/#\/schema\/logo\/image\/"},"sameAs":["https:\/\/www.facebook.com\/vertigojazzclub","https:\/\/www.instagram.com\/vertigo_jazz_club\/","https:\/\/www.youtube.com\/channel\/UC8sPrX3Xuv7bfuhfr3XbqXg","https:\/\/www.tiktok.com\/@vertigojazzclub"]}]}},"_links":{"self":[{"href":"https:\/\/vertigojazz.pl\/uk\/wp-json\/wp\/v2\/product\/15026","targetHints":{"allow":["GET"]}}],"collection":[{"href":"https:\/\/vertigojazz.pl\/uk\/wp-json\/wp\/v2\/product"}],"about":[{"href":"https:\/\/vertigojazz.pl\/uk\/wp-json\/wp\/v2\/types\/product"}],"wp:featuredmedia":[{"embeddable":true,"href":"https:\/\/vertigojazz.pl\/uk\/wp-json\/wp\/v2\/media\/15031"}],"wp:attachment":[{"href":"https:\/\/vertigojazz.pl\/uk\/wp-json\/wp\/v2\/media?parent=15026"}],"wp:term":[{"taxonomy":"product_brand","embeddable":true,"href":"https:\/\/vertigojazz.pl\/uk\/wp-json\/wp\/v2\/product_brand?post=15026"},{"taxonomy":"product_cat","embeddable":true,"href":"https:\/\/vertigojazz.pl\/uk\/wp-json\/wp\/v2\/product_cat?post=15026"},{"taxonomy":"product_tag","embeddable":true,"href":"https:\/\/vertigojazz.pl\/uk\/wp-json\/wp\/v2\/product_tag?post=15026"}],"curies":[{"name":"wp","href":"https:\/\/api.w.org\/{rel}","templated":true}]}}