{"id":15146,"date":"2025-11-25T11:28:10","date_gmt":"2025-11-25T10:28:10","guid":{"rendered":"https:\/\/vertigojazz.pl\/?post_type=product&#038;p=15146"},"modified":"2026-01-26T10:43:45","modified_gmt":"2026-01-26T09:43:45","slug":"przypinka-vertigo-lover","status":"publish","type":"product","link":"https:\/\/vertigojazz.pl\/uk\/produkt\/przypinka-vertigo-lover\/","title":{"rendered":"Przypinka Vertigo LOVER"},"content":{"rendered":"","protected":false},"excerpt":{"rendered":"<p>Wyj\u0105tkowa, mosi\u0119\u017cna przypinka Vertigo, pi\u0119knie zaprezentuje si\u0119 zar\u00f3wno w\u00a0klapie marynarki, jak i\u00a0jako broszka do\u00a0bia\u0142ej \u015bwi\u0105tecznej bluzki. Poz\u0142acana ozdoba z\u00a0delikatnym grawerem obr\u0119czy Vertigo i\u00a0oczywi\u015bcie w\u00a0centralnym punkcie z\u00a0czerwonym puzonem, b\u0119dzie znakomitym prezentem dla ka\u017cdej fanki i\u00a0fana jazzu.<\/p>\n","protected":false},"featured_media":15137,"template":"","meta":{"_acf_changed":false},"product_brand":[],"product_cat":[152],"product_tag":[],"class_list":{"0":"post-15146","1":"product","2":"type-product","3":"status-publish","4":"has-post-thumbnail","6":"product_cat-gadzety-klubu","8":"first","9":"instock","10":"shipping-taxable","11":"purchasable","12":"product-type-simple"},"acf":[],"yoast_head":"<!-- This site is optimized with the Yoast SEO plugin v26.0 - https:\/\/yoast.com\/wordpress\/plugins\/seo\/ -->\n<title>Przypinka Vertigo LOVER - Vertigo Jazz Club &amp; Restaurant<\/title>\n<meta name=\"description\" content=\"Wyj\u0105tkowa, mosi\u0119\u017cna przypinka Vertigo, pi\u0119knie zaprezentuje si\u0119 zar\u00f3wno w klapie marynarki, jak i jako broszka do bia\u0142ej \u015bwi\u0105tecznej bluzki.\" \/>\n<meta name=\"robots\" content=\"index, follow, max-snippet:-1, max-image-preview:large, max-video-preview:-1\" \/>\n<link rel=\"canonical\" href=\"https:\/\/vertigojazz.pl\/produkt\/przypinka-vertigo-lover\/\" \/>\n<meta property=\"og:locale\" content=\"uk_UA\" \/>\n<meta property=\"og:type\" content=\"article\" \/>\n<meta property=\"og:title\" content=\"Przypinka Vertigo LOVER - Vertigo Jazz Club &amp; Restaurant\" \/>\n<meta property=\"og:description\" content=\"Wyj\u0105tkowa, mosi\u0119\u017cna przypinka Vertigo, pi\u0119knie zaprezentuje si\u0119 zar\u00f3wno w klapie marynarki, jak i jako broszka do bia\u0142ej \u015bwi\u0105tecznej bluzki.\" \/>\n<meta property=\"og:url\" content=\"https:\/\/vertigojazz.pl\/produkt\/przypinka-vertigo-lover\/\" \/>\n<meta property=\"og:site_name\" content=\"Vertigo Jazz Club &amp; Restaurant\" \/>\n<meta property=\"article:publisher\" content=\"https:\/\/www.facebook.com\/vertigojazzclub\" \/>\n<meta property=\"article:modified_time\" content=\"2026-01-26T09:43:45+00:00\" \/>\n<meta property=\"og:image\" content=\"https:\/\/vertigojazz.pl\/wp-content\/uploads\/2025\/11\/przypinka-V-1024x1024.png\" \/>\n\t<meta property=\"og:image:width\" content=\"1024\" \/>\n\t<meta property=\"og:image:height\" content=\"1024\" \/>\n\t<meta property=\"og:image:type\" content=\"image\/png\" \/>\n<meta name=\"twitter:card\" content=\"summary_large_image\" \/>\n<meta name=\"twitter:label1\" content=\"Est. reading time\" \/>\n\t<meta name=\"twitter:data1\" content=\"1 minute\" \/>\n<script type=\"application\/ld+json\" class=\"yoast-schema-graph\">{\"@context\":\"https:\/\/schema.org\",\"@graph\":[{\"@type\":\"WebPage\",\"@id\":\"https:\/\/vertigojazz.pl\/produkt\/przypinka-vertigo-lover\/\",\"url\":\"https:\/\/vertigojazz.pl\/produkt\/przypinka-vertigo-lover\/\",\"name\":\"Przypinka Vertigo LOVER - Vertigo Jazz Club &amp; Restaurant\",\"isPartOf\":{\"@id\":\"https:\/\/vertigojazz.pl\/#website\"},\"primaryImageOfPage\":{\"@id\":\"https:\/\/vertigojazz.pl\/produkt\/przypinka-vertigo-lover\/#primaryimage\"},\"image\":{\"@id\":\"https:\/\/vertigojazz.pl\/produkt\/przypinka-vertigo-lover\/#primaryimage\"},\"thumbnailUrl\":\"https:\/\/vertigojazz.pl\/wp-content\/uploads\/2025\/11\/przypinka-V.png\",\"datePublished\":\"2025-11-25T10:28:10+00:00\",\"dateModified\":\"2026-01-26T09:43:45+00:00\",\"description\":\"Wyj\u0105tkowa, mosi\u0119\u017cna przypinka Vertigo, pi\u0119knie zaprezentuje si\u0119 zar\u00f3wno w klapie marynarki, jak i jako broszka do bia\u0142ej \u015bwi\u0105tecznej bluzki.\",\"breadcrumb\":{\"@id\":\"https:\/\/vertigojazz.pl\/produkt\/przypinka-vertigo-lover\/#breadcrumb\"},\"inLanguage\":\"uk-UA\",\"potentialAction\":[{\"@type\":\"ReadAction\",\"target\":[\"https:\/\/vertigojazz.pl\/produkt\/przypinka-vertigo-lover\/\"]}]},{\"@type\":\"ImageObject\",\"inLanguage\":\"uk-UA\",\"@id\":\"https:\/\/vertigojazz.pl\/produkt\/przypinka-vertigo-lover\/#primaryimage\",\"url\":\"https:\/\/vertigojazz.pl\/wp-content\/uploads\/2025\/11\/przypinka-V.png\",\"contentUrl\":\"https:\/\/vertigojazz.pl\/wp-content\/uploads\/2025\/11\/przypinka-V.png\",\"width\":1080,\"height\":1080},{\"@type\":\"BreadcrumbList\",\"@id\":\"https:\/\/vertigojazz.pl\/produkt\/przypinka-vertigo-lover\/#breadcrumb\",\"itemListElement\":[{\"@type\":\"ListItem\",\"position\":1,\"name\":\"Strona g\u0142\u00f3wna\",\"item\":\"https:\/\/vertigojazz.pl\/uk\/\"},{\"@type\":\"ListItem\",\"position\":2,\"name\":\"\u041c\u0430\u0433\u0430\u0437\u0438\u043d\",\"item\":\"https:\/\/vertigojazz.pl\/uk\/%d0%bc%d0%b0%d0%b3%d0%b0%d0%b7%d0%b8%d0%bd\/\"},{\"@type\":\"ListItem\",\"position\":3,\"name\":\"Przypinka Vertigo LOVER\"}]},{\"@type\":\"WebSite\",\"@id\":\"https:\/\/vertigojazz.pl\/#website\",\"url\":\"https:\/\/vertigojazz.pl\/\",\"name\":\"Vertigo Jazz Club & Restaurant\",\"description\":\"klub muzyczny we Wroc\u0142awiu\",\"publisher\":{\"@id\":\"https:\/\/vertigojazz.pl\/#organization\"},\"potentialAction\":[{\"@type\":\"SearchAction\",\"target\":{\"@type\":\"EntryPoint\",\"urlTemplate\":\"https:\/\/vertigojazz.pl\/?s={search_term_string}\"},\"query-input\":{\"@type\":\"PropertyValueSpecification\",\"valueRequired\":true,\"valueName\":\"search_term_string\"}}],\"inLanguage\":\"uk-UA\"},{\"@type\":\"Organization\",\"@id\":\"https:\/\/vertigojazz.pl\/#organization\",\"name\":\"Vertigo Jazz Club & Restaurant\",\"alternateName\":\"Klub muzyczny we Wroc\u0142awiu\",\"url\":\"https:\/\/vertigojazz.pl\/\",\"logo\":{\"@type\":\"ImageObject\",\"inLanguage\":\"uk-UA\",\"@id\":\"https:\/\/vertigojazz.pl\/#\/schema\/logo\/image\/\",\"url\":\"https:\/\/vertigojazz.pl\/wp-content\/uploads\/2025\/04\/cropped-vertigo_logo_biale-180x180-1.jpg\",\"contentUrl\":\"https:\/\/vertigojazz.pl\/wp-content\/uploads\/2025\/04\/cropped-vertigo_logo_biale-180x180-1.jpg\",\"width\":180,\"height\":180,\"caption\":\"Vertigo Jazz Club & Restaurant\"},\"image\":{\"@id\":\"https:\/\/vertigojazz.pl\/#\/schema\/logo\/image\/\"},\"sameAs\":[\"https:\/\/www.facebook.com\/vertigojazzclub\",\"https:\/\/www.instagram.com\/vertigo_jazz_club\/\",\"https:\/\/www.youtube.com\/channel\/UC8sPrX3Xuv7bfuhfr3XbqXg\",\"https:\/\/www.tiktok.com\/@vertigojazzclub\"]}]}<\/script>\n<!-- \/ Yoast SEO plugin. -->","yoast_head_json":{"title":"Przypinka Vertigo LOVER - Vertigo Jazz Club &amp; Restaurant","description":"Wyj\u0105tkowa, mosi\u0119\u017cna przypinka Vertigo, pi\u0119knie zaprezentuje si\u0119 zar\u00f3wno w klapie marynarki, jak i jako broszka do bia\u0142ej \u015bwi\u0105tecznej bluzki.","robots":{"index":"index","follow":"follow","max-snippet":"max-snippet:-1","max-image-preview":"max-image-preview:large","max-video-preview":"max-video-preview:-1"},"canonical":"https:\/\/vertigojazz.pl\/produkt\/przypinka-vertigo-lover\/","og_locale":"uk_UA","og_type":"article","og_title":"Przypinka Vertigo LOVER - Vertigo Jazz Club &amp; Restaurant","og_description":"Wyj\u0105tkowa, mosi\u0119\u017cna przypinka Vertigo, pi\u0119knie zaprezentuje si\u0119 zar\u00f3wno w klapie marynarki, jak i jako broszka do bia\u0142ej \u015bwi\u0105tecznej bluzki.","og_url":"https:\/\/vertigojazz.pl\/produkt\/przypinka-vertigo-lover\/","og_site_name":"Vertigo Jazz Club &amp; Restaurant","article_publisher":"https:\/\/www.facebook.com\/vertigojazzclub","article_modified_time":"2026-01-26T09:43:45+00:00","og_image":[{"width":1024,"height":1024,"url":"https:\/\/vertigojazz.pl\/wp-content\/uploads\/2025\/11\/przypinka-V-1024x1024.png","type":"image\/png"}],"twitter_card":"summary_large_image","twitter_misc":{"Est. reading time":"1 minute"},"schema":{"@context":"https:\/\/schema.org","@graph":[{"@type":"WebPage","@id":"https:\/\/vertigojazz.pl\/produkt\/przypinka-vertigo-lover\/","url":"https:\/\/vertigojazz.pl\/produkt\/przypinka-vertigo-lover\/","name":"Przypinka Vertigo LOVER - Vertigo Jazz Club &amp; Restaurant","isPartOf":{"@id":"https:\/\/vertigojazz.pl\/#website"},"primaryImageOfPage":{"@id":"https:\/\/vertigojazz.pl\/produkt\/przypinka-vertigo-lover\/#primaryimage"},"image":{"@id":"https:\/\/vertigojazz.pl\/produkt\/przypinka-vertigo-lover\/#primaryimage"},"thumbnailUrl":"https:\/\/vertigojazz.pl\/wp-content\/uploads\/2025\/11\/przypinka-V.png","datePublished":"2025-11-25T10:28:10+00:00","dateModified":"2026-01-26T09:43:45+00:00","description":"Wyj\u0105tkowa, mosi\u0119\u017cna przypinka Vertigo, pi\u0119knie zaprezentuje si\u0119 zar\u00f3wno w klapie marynarki, jak i jako broszka do bia\u0142ej \u015bwi\u0105tecznej bluzki.","breadcrumb":{"@id":"https:\/\/vertigojazz.pl\/produkt\/przypinka-vertigo-lover\/#breadcrumb"},"inLanguage":"uk-UA","potentialAction":[{"@type":"ReadAction","target":["https:\/\/vertigojazz.pl\/produkt\/przypinka-vertigo-lover\/"]}]},{"@type":"ImageObject","inLanguage":"uk-UA","@id":"https:\/\/vertigojazz.pl\/produkt\/przypinka-vertigo-lover\/#primaryimage","url":"https:\/\/vertigojazz.pl\/wp-content\/uploads\/2025\/11\/przypinka-V.png","contentUrl":"https:\/\/vertigojazz.pl\/wp-content\/uploads\/2025\/11\/przypinka-V.png","width":1080,"height":1080},{"@type":"BreadcrumbList","@id":"https:\/\/vertigojazz.pl\/produkt\/przypinka-vertigo-lover\/#breadcrumb","itemListElement":[{"@type":"ListItem","position":1,"name":"Strona g\u0142\u00f3wna","item":"https:\/\/vertigojazz.pl\/uk\/"},{"@type":"ListItem","position":2,"name":"\u041c\u0430\u0433\u0430\u0437\u0438\u043d","item":"https:\/\/vertigojazz.pl\/uk\/%d0%bc%d0%b0%d0%b3%d0%b0%d0%b7%d0%b8%d0%bd\/"},{"@type":"ListItem","position":3,"name":"Przypinka Vertigo LOVER"}]},{"@type":"WebSite","@id":"https:\/\/vertigojazz.pl\/#website","url":"https:\/\/vertigojazz.pl\/","name":"Vertigo Jazz Club & Restaurant","description":"klub muzyczny we Wroc\u0142awiu","publisher":{"@id":"https:\/\/vertigojazz.pl\/#organization"},"potentialAction":[{"@type":"SearchAction","target":{"@type":"EntryPoint","urlTemplate":"https:\/\/vertigojazz.pl\/?s={search_term_string}"},"query-input":{"@type":"PropertyValueSpecification","valueRequired":true,"valueName":"search_term_string"}}],"inLanguage":"uk-UA"},{"@type":"Organization","@id":"https:\/\/vertigojazz.pl\/#organization","name":"Vertigo Jazz Club & Restaurant","alternateName":"Klub muzyczny we Wroc\u0142awiu","url":"https:\/\/vertigojazz.pl\/","logo":{"@type":"ImageObject","inLanguage":"uk-UA","@id":"https:\/\/vertigojazz.pl\/#\/schema\/logo\/image\/","url":"https:\/\/vertigojazz.pl\/wp-content\/uploads\/2025\/04\/cropped-vertigo_logo_biale-180x180-1.jpg","contentUrl":"https:\/\/vertigojazz.pl\/wp-content\/uploads\/2025\/04\/cropped-vertigo_logo_biale-180x180-1.jpg","width":180,"height":180,"caption":"Vertigo Jazz Club & Restaurant"},"image":{"@id":"https:\/\/vertigojazz.pl\/#\/schema\/logo\/image\/"},"sameAs":["https:\/\/www.facebook.com\/vertigojazzclub","https:\/\/www.instagram.com\/vertigo_jazz_club\/","https:\/\/www.youtube.com\/channel\/UC8sPrX3Xuv7bfuhfr3XbqXg","https:\/\/www.tiktok.com\/@vertigojazzclub"]}]}},"_links":{"self":[{"href":"https:\/\/vertigojazz.pl\/uk\/wp-json\/wp\/v2\/product\/15146","targetHints":{"allow":["GET"]}}],"collection":[{"href":"https:\/\/vertigojazz.pl\/uk\/wp-json\/wp\/v2\/product"}],"about":[{"href":"https:\/\/vertigojazz.pl\/uk\/wp-json\/wp\/v2\/types\/product"}],"wp:featuredmedia":[{"embeddable":true,"href":"https:\/\/vertigojazz.pl\/uk\/wp-json\/wp\/v2\/media\/15137"}],"wp:attachment":[{"href":"https:\/\/vertigojazz.pl\/uk\/wp-json\/wp\/v2\/media?parent=15146"}],"wp:term":[{"taxonomy":"product_brand","embeddable":true,"href":"https:\/\/vertigojazz.pl\/uk\/wp-json\/wp\/v2\/product_brand?post=15146"},{"taxonomy":"product_cat","embeddable":true,"href":"https:\/\/vertigojazz.pl\/uk\/wp-json\/wp\/v2\/product_cat?post=15146"},{"taxonomy":"product_tag","embeddable":true,"href":"https:\/\/vertigojazz.pl\/uk\/wp-json\/wp\/v2\/product_tag?post=15146"}],"curies":[{"name":"wp","href":"https:\/\/api.w.org\/{rel}","templated":true}]}}