{"id":15771,"date":"2025-12-11T14:33:15","date_gmt":"2025-12-11T13:33:15","guid":{"rendered":"https:\/\/vertigojazz.pl\/?post_type=product&#038;p=15771"},"modified":"2025-12-28T19:44:58","modified_gmt":"2025-12-28T18:44:58","slug":"zestaw-jazz-lover","status":"publish","type":"product","link":"https:\/\/vertigojazz.pl\/uk\/produkt\/zestaw-jazz-lover\/","title":{"rendered":"Zestaw Jazz Lover"},"content":{"rendered":"","protected":false},"excerpt":{"rendered":"<p><strong data-start=\"73\" data-end=\"94\">Zestaw Jazz Lover<\/strong> to idealny wyb\u00f3r dla ka\u017cdego, kto \u017cyje w rytmie swinguj\u0105cych nut.<\/p>\n<p data-start=\"65\" data-end=\"95\">Zestaw zawiera:<\/p>\n<ul data-start=\"97\" data-end=\"375\">\n<li data-start=\"97\" data-end=\"217\">\n<p data-start=\"99\" data-end=\"217\"><strong data-start=\"99\" data-end=\"119\">Torba bawe\u0142niana<\/strong> (1 z 4 wzor\u00f3w do wyboru: basista \/ saksofonista \/ pianista \/ jazz do it) 100% wysokiej jako\u015bci bawe\u0142ny.<\/p>\n<\/li>\n<li data-start=\"218\" data-end=\"312\">\n<p data-start=\"220\" data-end=\"312\"><strong data-start=\"220\" data-end=\"239\">Sk\u00f3rzany brelok<\/strong> (do wyboru: be\u017cowy lub czarny) wykonany z trwa\u0142ej, naturalnej sk\u00f3ry.<\/p>\n<\/li>\n<li data-start=\"313\" data-end=\"375\">\n<p data-start=\"315\" data-end=\"375\"><strong data-start=\"315\" data-end=\"345\">Zaproszenie dla dw\u00f3ch os\u00f3b<\/strong> na wybrany koncert w Vertigo.<\/p>\n<\/li>\n<\/ul>\n<p>Zestaw jest estetycznie i starannie zapakowany, dzi\u0119ki czemu prezentuje si\u0119 wyj\u0105tkowo ju\u017c od pierwszego spojrzenia. Idealnie nadaje si\u0119 na prezent dla mi\u0142o\u015bnika muzyki lub jako stylowa pami\u0105tka z klubu.<\/p>\n<p>*W uwagach do zam\u00f3wienia prosimy o informacj\u0119, kt\u00f3ry wariant torby i kolor breloka Pa\u0144stwo wybieraj\u0105.<\/p>\n","protected":false},"featured_media":15772,"template":"","meta":{"_acf_changed":false},"product_brand":[],"product_cat":[145],"product_tag":[],"class_list":{"0":"post-15771","1":"product","2":"type-product","3":"status-publish","4":"has-post-thumbnail","6":"product_cat-zestawy-prezentowe","8":"first","9":"instock","10":"shipping-taxable","11":"purchasable","12":"product-type-simple"},"acf":[],"yoast_head":"<!-- This site is optimized with the Yoast SEO plugin v26.0 - https:\/\/yoast.com\/wordpress\/plugins\/seo\/ -->\n<title>Zestaw Jazz Lover - Vertigo Jazz Club &amp; Restaurant<\/title>\n<meta name=\"description\" content=\"Zestaw jest estetycznie i starannie zapakowany. Idealnie nadaje si\u0119 na prezent dla mi\u0142o\u015bnika muzyki lub jako stylowa pami\u0105tka z klubu.\" \/>\n<meta name=\"robots\" content=\"index, follow, max-snippet:-1, max-image-preview:large, max-video-preview:-1\" \/>\n<link rel=\"canonical\" href=\"https:\/\/vertigojazz.pl\/produkt\/zestaw-jazz-lover\/\" \/>\n<meta property=\"og:locale\" content=\"uk_UA\" \/>\n<meta property=\"og:type\" content=\"article\" \/>\n<meta property=\"og:title\" content=\"Zestaw Jazz Lover - Vertigo Jazz Club &amp; Restaurant\" \/>\n<meta property=\"og:description\" content=\"Zestaw jest estetycznie i starannie zapakowany. Idealnie nadaje si\u0119 na prezent dla mi\u0142o\u015bnika muzyki lub jako stylowa pami\u0105tka z klubu.\" \/>\n<meta property=\"og:url\" content=\"https:\/\/vertigojazz.pl\/produkt\/zestaw-jazz-lover\/\" \/>\n<meta property=\"og:site_name\" content=\"Vertigo Jazz Club &amp; Restaurant\" \/>\n<meta property=\"article:publisher\" content=\"https:\/\/www.facebook.com\/vertigojazzclub\" \/>\n<meta property=\"article:modified_time\" content=\"2025-12-28T18:44:58+00:00\" \/>\n<meta property=\"og:image\" content=\"https:\/\/vertigojazz.pl\/wp-content\/uploads\/2025\/12\/zestaw-1.jpg\" \/>\n\t<meta property=\"og:image:width\" content=\"1080\" \/>\n\t<meta property=\"og:image:height\" content=\"1080\" \/>\n\t<meta property=\"og:image:type\" content=\"image\/jpeg\" \/>\n<meta name=\"twitter:card\" content=\"summary_large_image\" \/>\n<meta name=\"twitter:label1\" content=\"Est. reading time\" \/>\n\t<meta name=\"twitter:data1\" content=\"1 minute\" \/>\n<script type=\"application\/ld+json\" class=\"yoast-schema-graph\">{\"@context\":\"https:\/\/schema.org\",\"@graph\":[{\"@type\":\"WebPage\",\"@id\":\"https:\/\/vertigojazz.pl\/produkt\/zestaw-jazz-lover\/\",\"url\":\"https:\/\/vertigojazz.pl\/produkt\/zestaw-jazz-lover\/\",\"name\":\"Zestaw Jazz Lover - Vertigo Jazz Club &amp; Restaurant\",\"isPartOf\":{\"@id\":\"https:\/\/vertigojazz.pl\/#website\"},\"primaryImageOfPage\":{\"@id\":\"https:\/\/vertigojazz.pl\/produkt\/zestaw-jazz-lover\/#primaryimage\"},\"image\":{\"@id\":\"https:\/\/vertigojazz.pl\/produkt\/zestaw-jazz-lover\/#primaryimage\"},\"thumbnailUrl\":\"https:\/\/vertigojazz.pl\/wp-content\/uploads\/2025\/12\/zestaw-1.jpg\",\"datePublished\":\"2025-12-11T13:33:15+00:00\",\"dateModified\":\"2025-12-28T18:44:58+00:00\",\"description\":\"Zestaw jest estetycznie i starannie zapakowany. Idealnie nadaje si\u0119 na prezent dla mi\u0142o\u015bnika muzyki lub jako stylowa pami\u0105tka z klubu.\",\"breadcrumb\":{\"@id\":\"https:\/\/vertigojazz.pl\/produkt\/zestaw-jazz-lover\/#breadcrumb\"},\"inLanguage\":\"uk-UA\",\"potentialAction\":[{\"@type\":\"ReadAction\",\"target\":[\"https:\/\/vertigojazz.pl\/produkt\/zestaw-jazz-lover\/\"]}]},{\"@type\":\"ImageObject\",\"inLanguage\":\"uk-UA\",\"@id\":\"https:\/\/vertigojazz.pl\/produkt\/zestaw-jazz-lover\/#primaryimage\",\"url\":\"https:\/\/vertigojazz.pl\/wp-content\/uploads\/2025\/12\/zestaw-1.jpg\",\"contentUrl\":\"https:\/\/vertigojazz.pl\/wp-content\/uploads\/2025\/12\/zestaw-1.jpg\",\"width\":1080,\"height\":1080},{\"@type\":\"BreadcrumbList\",\"@id\":\"https:\/\/vertigojazz.pl\/produkt\/zestaw-jazz-lover\/#breadcrumb\",\"itemListElement\":[{\"@type\":\"ListItem\",\"position\":1,\"name\":\"Strona g\u0142\u00f3wna\",\"item\":\"https:\/\/vertigojazz.pl\/uk\/\"},{\"@type\":\"ListItem\",\"position\":2,\"name\":\"\u041c\u0430\u0433\u0430\u0437\u0438\u043d\",\"item\":\"https:\/\/vertigojazz.pl\/uk\/%d0%bc%d0%b0%d0%b3%d0%b0%d0%b7%d0%b8%d0%bd\/\"},{\"@type\":\"ListItem\",\"position\":3,\"name\":\"Zestaw Jazz Lover\"}]},{\"@type\":\"WebSite\",\"@id\":\"https:\/\/vertigojazz.pl\/#website\",\"url\":\"https:\/\/vertigojazz.pl\/\",\"name\":\"Vertigo Jazz Club & Restaurant\",\"description\":\"klub muzyczny we Wroc\u0142awiu\",\"publisher\":{\"@id\":\"https:\/\/vertigojazz.pl\/#organization\"},\"potentialAction\":[{\"@type\":\"SearchAction\",\"target\":{\"@type\":\"EntryPoint\",\"urlTemplate\":\"https:\/\/vertigojazz.pl\/?s={search_term_string}\"},\"query-input\":{\"@type\":\"PropertyValueSpecification\",\"valueRequired\":true,\"valueName\":\"search_term_string\"}}],\"inLanguage\":\"uk-UA\"},{\"@type\":\"Organization\",\"@id\":\"https:\/\/vertigojazz.pl\/#organization\",\"name\":\"Vertigo Jazz Club & Restaurant\",\"alternateName\":\"Klub muzyczny we Wroc\u0142awiu\",\"url\":\"https:\/\/vertigojazz.pl\/\",\"logo\":{\"@type\":\"ImageObject\",\"inLanguage\":\"uk-UA\",\"@id\":\"https:\/\/vertigojazz.pl\/#\/schema\/logo\/image\/\",\"url\":\"https:\/\/vertigojazz.pl\/wp-content\/uploads\/2025\/04\/cropped-vertigo_logo_biale-180x180-1.jpg\",\"contentUrl\":\"https:\/\/vertigojazz.pl\/wp-content\/uploads\/2025\/04\/cropped-vertigo_logo_biale-180x180-1.jpg\",\"width\":180,\"height\":180,\"caption\":\"Vertigo Jazz Club & Restaurant\"},\"image\":{\"@id\":\"https:\/\/vertigojazz.pl\/#\/schema\/logo\/image\/\"},\"sameAs\":[\"https:\/\/www.facebook.com\/vertigojazzclub\",\"https:\/\/www.instagram.com\/vertigo_jazz_club\/\",\"https:\/\/www.youtube.com\/channel\/UC8sPrX3Xuv7bfuhfr3XbqXg\",\"https:\/\/www.tiktok.com\/@vertigojazzclub\"]}]}<\/script>\n<!-- \/ Yoast SEO plugin. -->","yoast_head_json":{"title":"Zestaw Jazz Lover - Vertigo Jazz Club &amp; Restaurant","description":"Zestaw jest estetycznie i starannie zapakowany. Idealnie nadaje si\u0119 na prezent dla mi\u0142o\u015bnika muzyki lub jako stylowa pami\u0105tka z klubu.","robots":{"index":"index","follow":"follow","max-snippet":"max-snippet:-1","max-image-preview":"max-image-preview:large","max-video-preview":"max-video-preview:-1"},"canonical":"https:\/\/vertigojazz.pl\/produkt\/zestaw-jazz-lover\/","og_locale":"uk_UA","og_type":"article","og_title":"Zestaw Jazz Lover - Vertigo Jazz Club &amp; Restaurant","og_description":"Zestaw jest estetycznie i starannie zapakowany. Idealnie nadaje si\u0119 na prezent dla mi\u0142o\u015bnika muzyki lub jako stylowa pami\u0105tka z klubu.","og_url":"https:\/\/vertigojazz.pl\/produkt\/zestaw-jazz-lover\/","og_site_name":"Vertigo Jazz Club &amp; Restaurant","article_publisher":"https:\/\/www.facebook.com\/vertigojazzclub","article_modified_time":"2025-12-28T18:44:58+00:00","og_image":[{"width":1080,"height":1080,"url":"https:\/\/vertigojazz.pl\/wp-content\/uploads\/2025\/12\/zestaw-1.jpg","type":"image\/jpeg"}],"twitter_card":"summary_large_image","twitter_misc":{"Est. reading time":"1 minute"},"schema":{"@context":"https:\/\/schema.org","@graph":[{"@type":"WebPage","@id":"https:\/\/vertigojazz.pl\/produkt\/zestaw-jazz-lover\/","url":"https:\/\/vertigojazz.pl\/produkt\/zestaw-jazz-lover\/","name":"Zestaw Jazz Lover - Vertigo Jazz Club &amp; Restaurant","isPartOf":{"@id":"https:\/\/vertigojazz.pl\/#website"},"primaryImageOfPage":{"@id":"https:\/\/vertigojazz.pl\/produkt\/zestaw-jazz-lover\/#primaryimage"},"image":{"@id":"https:\/\/vertigojazz.pl\/produkt\/zestaw-jazz-lover\/#primaryimage"},"thumbnailUrl":"https:\/\/vertigojazz.pl\/wp-content\/uploads\/2025\/12\/zestaw-1.jpg","datePublished":"2025-12-11T13:33:15+00:00","dateModified":"2025-12-28T18:44:58+00:00","description":"Zestaw jest estetycznie i starannie zapakowany. Idealnie nadaje si\u0119 na prezent dla mi\u0142o\u015bnika muzyki lub jako stylowa pami\u0105tka z klubu.","breadcrumb":{"@id":"https:\/\/vertigojazz.pl\/produkt\/zestaw-jazz-lover\/#breadcrumb"},"inLanguage":"uk-UA","potentialAction":[{"@type":"ReadAction","target":["https:\/\/vertigojazz.pl\/produkt\/zestaw-jazz-lover\/"]}]},{"@type":"ImageObject","inLanguage":"uk-UA","@id":"https:\/\/vertigojazz.pl\/produkt\/zestaw-jazz-lover\/#primaryimage","url":"https:\/\/vertigojazz.pl\/wp-content\/uploads\/2025\/12\/zestaw-1.jpg","contentUrl":"https:\/\/vertigojazz.pl\/wp-content\/uploads\/2025\/12\/zestaw-1.jpg","width":1080,"height":1080},{"@type":"BreadcrumbList","@id":"https:\/\/vertigojazz.pl\/produkt\/zestaw-jazz-lover\/#breadcrumb","itemListElement":[{"@type":"ListItem","position":1,"name":"Strona g\u0142\u00f3wna","item":"https:\/\/vertigojazz.pl\/uk\/"},{"@type":"ListItem","position":2,"name":"\u041c\u0430\u0433\u0430\u0437\u0438\u043d","item":"https:\/\/vertigojazz.pl\/uk\/%d0%bc%d0%b0%d0%b3%d0%b0%d0%b7%d0%b8%d0%bd\/"},{"@type":"ListItem","position":3,"name":"Zestaw Jazz Lover"}]},{"@type":"WebSite","@id":"https:\/\/vertigojazz.pl\/#website","url":"https:\/\/vertigojazz.pl\/","name":"Vertigo Jazz Club & Restaurant","description":"klub muzyczny we Wroc\u0142awiu","publisher":{"@id":"https:\/\/vertigojazz.pl\/#organization"},"potentialAction":[{"@type":"SearchAction","target":{"@type":"EntryPoint","urlTemplate":"https:\/\/vertigojazz.pl\/?s={search_term_string}"},"query-input":{"@type":"PropertyValueSpecification","valueRequired":true,"valueName":"search_term_string"}}],"inLanguage":"uk-UA"},{"@type":"Organization","@id":"https:\/\/vertigojazz.pl\/#organization","name":"Vertigo Jazz Club & Restaurant","alternateName":"Klub muzyczny we Wroc\u0142awiu","url":"https:\/\/vertigojazz.pl\/","logo":{"@type":"ImageObject","inLanguage":"uk-UA","@id":"https:\/\/vertigojazz.pl\/#\/schema\/logo\/image\/","url":"https:\/\/vertigojazz.pl\/wp-content\/uploads\/2025\/04\/cropped-vertigo_logo_biale-180x180-1.jpg","contentUrl":"https:\/\/vertigojazz.pl\/wp-content\/uploads\/2025\/04\/cropped-vertigo_logo_biale-180x180-1.jpg","width":180,"height":180,"caption":"Vertigo Jazz Club & Restaurant"},"image":{"@id":"https:\/\/vertigojazz.pl\/#\/schema\/logo\/image\/"},"sameAs":["https:\/\/www.facebook.com\/vertigojazzclub","https:\/\/www.instagram.com\/vertigo_jazz_club\/","https:\/\/www.youtube.com\/channel\/UC8sPrX3Xuv7bfuhfr3XbqXg","https:\/\/www.tiktok.com\/@vertigojazzclub"]}]}},"_links":{"self":[{"href":"https:\/\/vertigojazz.pl\/uk\/wp-json\/wp\/v2\/product\/15771","targetHints":{"allow":["GET"]}}],"collection":[{"href":"https:\/\/vertigojazz.pl\/uk\/wp-json\/wp\/v2\/product"}],"about":[{"href":"https:\/\/vertigojazz.pl\/uk\/wp-json\/wp\/v2\/types\/product"}],"wp:featuredmedia":[{"embeddable":true,"href":"https:\/\/vertigojazz.pl\/uk\/wp-json\/wp\/v2\/media\/15772"}],"wp:attachment":[{"href":"https:\/\/vertigojazz.pl\/uk\/wp-json\/wp\/v2\/media?parent=15771"}],"wp:term":[{"taxonomy":"product_brand","embeddable":true,"href":"https:\/\/vertigojazz.pl\/uk\/wp-json\/wp\/v2\/product_brand?post=15771"},{"taxonomy":"product_cat","embeddable":true,"href":"https:\/\/vertigojazz.pl\/uk\/wp-json\/wp\/v2\/product_cat?post=15771"},{"taxonomy":"product_tag","embeddable":true,"href":"https:\/\/vertigojazz.pl\/uk\/wp-json\/wp\/v2\/product_tag?post=15771"}],"curies":[{"name":"wp","href":"https:\/\/api.w.org\/{rel}","templated":true}]}}