{"id":20430,"date":"2026-05-06T14:12:50","date_gmt":"2026-05-06T12:12:50","guid":{"rendered":"https:\/\/vertigojazz.pl\/?post_type=product&#038;p=20430"},"modified":"2026-05-07T09:59:10","modified_gmt":"2026-05-07T07:59:10","slug":"karaibska-podroz-koktajlowa-warsztaty-koktajlowe","status":"publish","type":"product","link":"https:\/\/vertigojazz.pl\/uk\/produkt\/karaibska-podroz-koktajlowa-warsztaty-koktajlowe\/","title":{"rendered":"Karaibska podr\u00f3\u017c koktajlowa &#8211; warsztaty koktajlowe"},"content":{"rendered":"","protected":false},"excerpt":{"rendered":"<div class=\"xdj266r x14z9mp xat24cr x1lziwak x1vvkbs\">Zapraszamy Ci\u0119 na wyj\u0105tkow\u0105 wypraw\u0119 w klimat pe\u0142en s\u0142o\u0144ca, palm i soczystych aromat\u00f3w, czyli na nasz\u0105 Karaibsk\u0105 Podr\u00f3\u017c Koktajlow\u0105! W ci\u0105gu jednego wieczoru przeniesiemy Ci\u0119 tam, gdzie \u017cycie p\u0142ynie wolniej, muzyka brzmi g\u0142o\u015bniej, a ka\u017cdy koktajl smakuje jak ma\u0142e wakacje.<\/div>\n<div class=\"x14z9mp xat24cr x1lziwak x1vvkbs xtlvy1s\">Zaczniemy od podstaw \u2014 bo nawet najbardziej egzotyczny koktajl potrzebuje solidnego fundamentu. Do\u015bwiadczeni barmani poprowadz\u0105 Ci\u0119 przez ten kolorowy \u015bwiat tak, jak przewodnik prowadzi turyst\u00f3w przez najpi\u0119kniejsze karaibskie zak\u0105tki. Poka\u017c\u0105, jak miesza\u0107, miesza\u0107 i\u2026 jeszcze raz miesza\u0107, aby ka\u017cdy \u0142yk przeni\u00f3s\u0142 Ci\u0119 na piaszczyst\u0105 pla\u017c\u0119.<\/div>\n<div class=\"x14z9mp xat24cr x1lziwak x1vvkbs xtlvy1s\">W trakcie tej smakowitej podr\u00f3\u017cy odkryjesz sekrety miksologii, nauczysz si\u0119 tworzy\u0107 koktajle, kt\u00f3re bez wahania odtworzysz we w\u0142asnej kuchni, a przy okazji poczujesz si\u0119 jak cz\u0142onek karaibskiej za\u0142ogi \u2014 tylko bez konieczno\u015bci noszenia pirackiej opaski na oku.<\/div>\n<div class=\"x14z9mp xat24cr x1lziwak x1vvkbs xtlvy1s\">Przyjd\u017a, zanurz si\u0119 w tropikalnym klimacie i pozw\u00f3l, by ta podr\u00f3\u017c zosta\u0142a z Tob\u0105 na d\u0142ugo po ostatnim \u0142yku.<\/div>\n","protected":false},"featured_media":20431,"template":"","meta":{"_acf_changed":false},"product_brand":[],"product_cat":[153],"product_tag":[],"class_list":{"0":"post-20430","1":"product","2":"type-product","3":"status-publish","4":"has-post-thumbnail","6":"product_cat-warsztaty","8":"first","9":"instock","10":"shipping-taxable","11":"purchasable","12":"product-type-simple"},"acf":[],"yoast_head":"<!-- This site is optimized with the Yoast SEO plugin v26.0 - https:\/\/yoast.com\/wordpress\/plugins\/seo\/ -->\n<title>Karaibska podr\u00f3\u017c koktajlowa - warsztaty koktajlowe - Vertigo Jazz Club &amp; Restaurant<\/title>\n<meta name=\"description\" content=\"W trakcie tej smakowitej podr\u00f3\u017cy odkryjesz sekrety miksologii, nauczysz si\u0119 tworzy\u0107 koktajle, kt\u00f3re bez wahania odtworzysz we w\u0142asnej kuchni.\" \/>\n<meta name=\"robots\" content=\"index, follow, max-snippet:-1, max-image-preview:large, max-video-preview:-1\" \/>\n<link rel=\"canonical\" href=\"https:\/\/vertigojazz.pl\/produkt\/karaibska-podroz-koktajlowa-warsztaty-koktajlowe\/\" \/>\n<meta property=\"og:locale\" content=\"uk_UA\" \/>\n<meta property=\"og:type\" content=\"article\" \/>\n<meta property=\"og:title\" content=\"Karaibska podr\u00f3\u017c koktajlowa - warsztaty koktajlowe - Vertigo Jazz Club &amp; Restaurant\" \/>\n<meta property=\"og:description\" content=\"W trakcie tej smakowitej podr\u00f3\u017cy odkryjesz sekrety miksologii, nauczysz si\u0119 tworzy\u0107 koktajle, kt\u00f3re bez wahania odtworzysz we w\u0142asnej kuchni.\" \/>\n<meta property=\"og:url\" content=\"https:\/\/vertigojazz.pl\/produkt\/karaibska-podroz-koktajlowa-warsztaty-koktajlowe\/\" \/>\n<meta property=\"og:site_name\" content=\"Vertigo Jazz Club &amp; Restaurant\" \/>\n<meta property=\"article:publisher\" content=\"https:\/\/www.facebook.com\/vertigojazzclub\" \/>\n<meta property=\"article:modified_time\" content=\"2026-05-07T07:59:10+00:00\" \/>\n<meta property=\"og:image\" content=\"https:\/\/vertigojazz.pl\/wp-content\/uploads\/2026\/05\/kwadrat-27.06.jpg\" \/>\n\t<meta property=\"og:image:width\" content=\"1080\" \/>\n\t<meta property=\"og:image:height\" content=\"1080\" \/>\n\t<meta property=\"og:image:type\" content=\"image\/jpeg\" \/>\n<meta name=\"twitter:card\" content=\"summary_large_image\" \/>\n<meta name=\"twitter:label1\" content=\"Est. reading time\" \/>\n\t<meta name=\"twitter:data1\" content=\"1 minute\" \/>\n<script type=\"application\/ld+json\" class=\"yoast-schema-graph\">{\"@context\":\"https:\/\/schema.org\",\"@graph\":[{\"@type\":\"WebPage\",\"@id\":\"https:\/\/vertigojazz.pl\/produkt\/karaibska-podroz-koktajlowa-warsztaty-koktajlowe\/\",\"url\":\"https:\/\/vertigojazz.pl\/produkt\/karaibska-podroz-koktajlowa-warsztaty-koktajlowe\/\",\"name\":\"Karaibska podr\u00f3\u017c koktajlowa - warsztaty koktajlowe - Vertigo Jazz Club &amp; Restaurant\",\"isPartOf\":{\"@id\":\"https:\/\/vertigojazz.pl\/#website\"},\"primaryImageOfPage\":{\"@id\":\"https:\/\/vertigojazz.pl\/produkt\/karaibska-podroz-koktajlowa-warsztaty-koktajlowe\/#primaryimage\"},\"image\":{\"@id\":\"https:\/\/vertigojazz.pl\/produkt\/karaibska-podroz-koktajlowa-warsztaty-koktajlowe\/#primaryimage\"},\"thumbnailUrl\":\"https:\/\/vertigojazz.pl\/wp-content\/uploads\/2026\/05\/kwadrat-27.06.jpg\",\"datePublished\":\"2026-05-06T12:12:50+00:00\",\"dateModified\":\"2026-05-07T07:59:10+00:00\",\"description\":\"W trakcie tej smakowitej podr\u00f3\u017cy odkryjesz sekrety miksologii, nauczysz si\u0119 tworzy\u0107 koktajle, kt\u00f3re bez wahania odtworzysz we w\u0142asnej kuchni.\",\"breadcrumb\":{\"@id\":\"https:\/\/vertigojazz.pl\/produkt\/karaibska-podroz-koktajlowa-warsztaty-koktajlowe\/#breadcrumb\"},\"inLanguage\":\"uk-UA\",\"potentialAction\":[{\"@type\":\"ReadAction\",\"target\":[\"https:\/\/vertigojazz.pl\/produkt\/karaibska-podroz-koktajlowa-warsztaty-koktajlowe\/\"]}]},{\"@type\":\"ImageObject\",\"inLanguage\":\"uk-UA\",\"@id\":\"https:\/\/vertigojazz.pl\/produkt\/karaibska-podroz-koktajlowa-warsztaty-koktajlowe\/#primaryimage\",\"url\":\"https:\/\/vertigojazz.pl\/wp-content\/uploads\/2026\/05\/kwadrat-27.06.jpg\",\"contentUrl\":\"https:\/\/vertigojazz.pl\/wp-content\/uploads\/2026\/05\/kwadrat-27.06.jpg\",\"width\":1080,\"height\":1080},{\"@type\":\"BreadcrumbList\",\"@id\":\"https:\/\/vertigojazz.pl\/produkt\/karaibska-podroz-koktajlowa-warsztaty-koktajlowe\/#breadcrumb\",\"itemListElement\":[{\"@type\":\"ListItem\",\"position\":1,\"name\":\"Strona g\u0142\u00f3wna\",\"item\":\"https:\/\/vertigojazz.pl\/uk\/\"},{\"@type\":\"ListItem\",\"position\":2,\"name\":\"\u041c\u0430\u0433\u0430\u0437\u0438\u043d\",\"item\":\"https:\/\/vertigojazz.pl\/uk\/%d0%bc%d0%b0%d0%b3%d0%b0%d0%b7%d0%b8%d0%bd\/\"},{\"@type\":\"ListItem\",\"position\":3,\"name\":\"Karaibska podr\u00f3\u017c koktajlowa &#8211; warsztaty koktajlowe\"}]},{\"@type\":\"WebSite\",\"@id\":\"https:\/\/vertigojazz.pl\/#website\",\"url\":\"https:\/\/vertigojazz.pl\/\",\"name\":\"Vertigo Jazz Club & Restaurant\",\"description\":\"klub muzyczny we Wroc\u0142awiu\",\"publisher\":{\"@id\":\"https:\/\/vertigojazz.pl\/#organization\"},\"potentialAction\":[{\"@type\":\"SearchAction\",\"target\":{\"@type\":\"EntryPoint\",\"urlTemplate\":\"https:\/\/vertigojazz.pl\/?s={search_term_string}\"},\"query-input\":{\"@type\":\"PropertyValueSpecification\",\"valueRequired\":true,\"valueName\":\"search_term_string\"}}],\"inLanguage\":\"uk-UA\"},{\"@type\":\"Organization\",\"@id\":\"https:\/\/vertigojazz.pl\/#organization\",\"name\":\"Vertigo Jazz Club & Restaurant\",\"alternateName\":\"Klub muzyczny we Wroc\u0142awiu\",\"url\":\"https:\/\/vertigojazz.pl\/\",\"logo\":{\"@type\":\"ImageObject\",\"inLanguage\":\"uk-UA\",\"@id\":\"https:\/\/vertigojazz.pl\/#\/schema\/logo\/image\/\",\"url\":\"https:\/\/vertigojazz.pl\/wp-content\/uploads\/2025\/04\/cropped-vertigo_logo_biale-180x180-1.jpg\",\"contentUrl\":\"https:\/\/vertigojazz.pl\/wp-content\/uploads\/2025\/04\/cropped-vertigo_logo_biale-180x180-1.jpg\",\"width\":180,\"height\":180,\"caption\":\"Vertigo Jazz Club & Restaurant\"},\"image\":{\"@id\":\"https:\/\/vertigojazz.pl\/#\/schema\/logo\/image\/\"},\"sameAs\":[\"https:\/\/www.facebook.com\/vertigojazzclub\",\"https:\/\/www.instagram.com\/vertigo_jazz_club\/\",\"https:\/\/www.youtube.com\/channel\/UC8sPrX3Xuv7bfuhfr3XbqXg\",\"https:\/\/www.tiktok.com\/@vertigojazzclub\"]}]}<\/script>\n<!-- \/ Yoast SEO plugin. -->","yoast_head_json":{"title":"Karaibska podr\u00f3\u017c koktajlowa - warsztaty koktajlowe - Vertigo Jazz Club &amp; Restaurant","description":"W trakcie tej smakowitej podr\u00f3\u017cy odkryjesz sekrety miksologii, nauczysz si\u0119 tworzy\u0107 koktajle, kt\u00f3re bez wahania odtworzysz we w\u0142asnej kuchni.","robots":{"index":"index","follow":"follow","max-snippet":"max-snippet:-1","max-image-preview":"max-image-preview:large","max-video-preview":"max-video-preview:-1"},"canonical":"https:\/\/vertigojazz.pl\/produkt\/karaibska-podroz-koktajlowa-warsztaty-koktajlowe\/","og_locale":"uk_UA","og_type":"article","og_title":"Karaibska podr\u00f3\u017c koktajlowa - warsztaty koktajlowe - Vertigo Jazz Club &amp; Restaurant","og_description":"W trakcie tej smakowitej podr\u00f3\u017cy odkryjesz sekrety miksologii, nauczysz si\u0119 tworzy\u0107 koktajle, kt\u00f3re bez wahania odtworzysz we w\u0142asnej kuchni.","og_url":"https:\/\/vertigojazz.pl\/produkt\/karaibska-podroz-koktajlowa-warsztaty-koktajlowe\/","og_site_name":"Vertigo Jazz Club &amp; Restaurant","article_publisher":"https:\/\/www.facebook.com\/vertigojazzclub","article_modified_time":"2026-05-07T07:59:10+00:00","og_image":[{"width":1080,"height":1080,"url":"https:\/\/vertigojazz.pl\/wp-content\/uploads\/2026\/05\/kwadrat-27.06.jpg","type":"image\/jpeg"}],"twitter_card":"summary_large_image","twitter_misc":{"Est. reading time":"1 minute"},"schema":{"@context":"https:\/\/schema.org","@graph":[{"@type":"WebPage","@id":"https:\/\/vertigojazz.pl\/produkt\/karaibska-podroz-koktajlowa-warsztaty-koktajlowe\/","url":"https:\/\/vertigojazz.pl\/produkt\/karaibska-podroz-koktajlowa-warsztaty-koktajlowe\/","name":"Karaibska podr\u00f3\u017c koktajlowa - warsztaty koktajlowe - Vertigo Jazz Club &amp; Restaurant","isPartOf":{"@id":"https:\/\/vertigojazz.pl\/#website"},"primaryImageOfPage":{"@id":"https:\/\/vertigojazz.pl\/produkt\/karaibska-podroz-koktajlowa-warsztaty-koktajlowe\/#primaryimage"},"image":{"@id":"https:\/\/vertigojazz.pl\/produkt\/karaibska-podroz-koktajlowa-warsztaty-koktajlowe\/#primaryimage"},"thumbnailUrl":"https:\/\/vertigojazz.pl\/wp-content\/uploads\/2026\/05\/kwadrat-27.06.jpg","datePublished":"2026-05-06T12:12:50+00:00","dateModified":"2026-05-07T07:59:10+00:00","description":"W trakcie tej smakowitej podr\u00f3\u017cy odkryjesz sekrety miksologii, nauczysz si\u0119 tworzy\u0107 koktajle, kt\u00f3re bez wahania odtworzysz we w\u0142asnej kuchni.","breadcrumb":{"@id":"https:\/\/vertigojazz.pl\/produkt\/karaibska-podroz-koktajlowa-warsztaty-koktajlowe\/#breadcrumb"},"inLanguage":"uk-UA","potentialAction":[{"@type":"ReadAction","target":["https:\/\/vertigojazz.pl\/produkt\/karaibska-podroz-koktajlowa-warsztaty-koktajlowe\/"]}]},{"@type":"ImageObject","inLanguage":"uk-UA","@id":"https:\/\/vertigojazz.pl\/produkt\/karaibska-podroz-koktajlowa-warsztaty-koktajlowe\/#primaryimage","url":"https:\/\/vertigojazz.pl\/wp-content\/uploads\/2026\/05\/kwadrat-27.06.jpg","contentUrl":"https:\/\/vertigojazz.pl\/wp-content\/uploads\/2026\/05\/kwadrat-27.06.jpg","width":1080,"height":1080},{"@type":"BreadcrumbList","@id":"https:\/\/vertigojazz.pl\/produkt\/karaibska-podroz-koktajlowa-warsztaty-koktajlowe\/#breadcrumb","itemListElement":[{"@type":"ListItem","position":1,"name":"Strona g\u0142\u00f3wna","item":"https:\/\/vertigojazz.pl\/uk\/"},{"@type":"ListItem","position":2,"name":"\u041c\u0430\u0433\u0430\u0437\u0438\u043d","item":"https:\/\/vertigojazz.pl\/uk\/%d0%bc%d0%b0%d0%b3%d0%b0%d0%b7%d0%b8%d0%bd\/"},{"@type":"ListItem","position":3,"name":"Karaibska podr\u00f3\u017c koktajlowa &#8211; warsztaty koktajlowe"}]},{"@type":"WebSite","@id":"https:\/\/vertigojazz.pl\/#website","url":"https:\/\/vertigojazz.pl\/","name":"Vertigo Jazz Club & Restaurant","description":"klub muzyczny we Wroc\u0142awiu","publisher":{"@id":"https:\/\/vertigojazz.pl\/#organization"},"potentialAction":[{"@type":"SearchAction","target":{"@type":"EntryPoint","urlTemplate":"https:\/\/vertigojazz.pl\/?s={search_term_string}"},"query-input":{"@type":"PropertyValueSpecification","valueRequired":true,"valueName":"search_term_string"}}],"inLanguage":"uk-UA"},{"@type":"Organization","@id":"https:\/\/vertigojazz.pl\/#organization","name":"Vertigo Jazz Club & Restaurant","alternateName":"Klub muzyczny we Wroc\u0142awiu","url":"https:\/\/vertigojazz.pl\/","logo":{"@type":"ImageObject","inLanguage":"uk-UA","@id":"https:\/\/vertigojazz.pl\/#\/schema\/logo\/image\/","url":"https:\/\/vertigojazz.pl\/wp-content\/uploads\/2025\/04\/cropped-vertigo_logo_biale-180x180-1.jpg","contentUrl":"https:\/\/vertigojazz.pl\/wp-content\/uploads\/2025\/04\/cropped-vertigo_logo_biale-180x180-1.jpg","width":180,"height":180,"caption":"Vertigo Jazz Club & Restaurant"},"image":{"@id":"https:\/\/vertigojazz.pl\/#\/schema\/logo\/image\/"},"sameAs":["https:\/\/www.facebook.com\/vertigojazzclub","https:\/\/www.instagram.com\/vertigo_jazz_club\/","https:\/\/www.youtube.com\/channel\/UC8sPrX3Xuv7bfuhfr3XbqXg","https:\/\/www.tiktok.com\/@vertigojazzclub"]}]}},"_links":{"self":[{"href":"https:\/\/vertigojazz.pl\/uk\/wp-json\/wp\/v2\/product\/20430","targetHints":{"allow":["GET"]}}],"collection":[{"href":"https:\/\/vertigojazz.pl\/uk\/wp-json\/wp\/v2\/product"}],"about":[{"href":"https:\/\/vertigojazz.pl\/uk\/wp-json\/wp\/v2\/types\/product"}],"wp:featuredmedia":[{"embeddable":true,"href":"https:\/\/vertigojazz.pl\/uk\/wp-json\/wp\/v2\/media\/20431"}],"wp:attachment":[{"href":"https:\/\/vertigojazz.pl\/uk\/wp-json\/wp\/v2\/media?parent=20430"}],"wp:term":[{"taxonomy":"product_brand","embeddable":true,"href":"https:\/\/vertigojazz.pl\/uk\/wp-json\/wp\/v2\/product_brand?post=20430"},{"taxonomy":"product_cat","embeddable":true,"href":"https:\/\/vertigojazz.pl\/uk\/wp-json\/wp\/v2\/product_cat?post=20430"},{"taxonomy":"product_tag","embeddable":true,"href":"https:\/\/vertigojazz.pl\/uk\/wp-json\/wp\/v2\/product_tag?post=20430"}],"curies":[{"name":"wp","href":"https:\/\/api.w.org\/{rel}","templated":true}]}}