{"id":6875,"date":"2025-03-13T15:41:16","date_gmt":"2025-03-13T14:41:16","guid":{"rendered":"https:\/\/vertigojazz.pl\/?post_type=product&#038;p=6875"},"modified":"2026-04-02T20:49:06","modified_gmt":"2026-04-02T18:49:06","slug":"voucher-biletowy","status":"publish","type":"product","link":"https:\/\/vertigojazz.pl\/uk\/produkt\/voucher-biletowy\/","title":{"rendered":"Voucher biletowy"},"content":{"rendered":"","protected":false},"excerpt":{"rendered":"<p class=\"\" data-start=\"80\" data-end=\"249\">Voucher mo\u017cna wykorzysta\u0107 na dowolne wydarzenie organizowane w klubie Vertigo. Rezerwacji bilet\u00f3w nale\u017cy dokona\u0107 mailowo, pisz\u0105c na adres: <strong data-start=\"219\" data-end=\"248\"><a rel=\"noopener\" data-start=\"221\" data-end=\"246\">rezerwacje@vertigojazz.pl<\/a><\/strong>. Warto\u015b\u0107 vouchera mo\u017cna wykorzysta\u0107 jednorazowo lub na kilka wydarze\u0144 \u2013 a\u017c do jej wyczerpania lub up\u0142ywu terminu wa\u017cno\u015bci. Mo\u017cliwe jest r\u00f3wnie\u017c wykorzystanie vouchera na zakup kilku bilet\u00f3w na jedno wydarzenie.Voucher nie obowi\u0105zuje na wydarzenia, na kt\u00f3re wszystkie bilety zosta\u0142y ju\u017c sprzedane.<\/p>\n","protected":false},"featured_media":6936,"template":"","meta":{"_acf_changed":false},"product_brand":[],"product_cat":[230],"product_tag":[],"class_list":{"0":"post-6875","1":"product","2":"type-product","3":"status-publish","4":"has-post-thumbnail","6":"product_cat-vouchery","8":"first","9":"instock","10":"virtual","11":"purchasable","12":"product-type-simple"},"acf":[],"yoast_head":"<!-- This site is optimized with the Yoast SEO plugin v26.0 - https:\/\/yoast.com\/wordpress\/plugins\/seo\/ -->\n<title>Voucher biletowy - Vertigo Jazz Club &amp; Restaurant<\/title>\n<meta name=\"robots\" content=\"index, follow, max-snippet:-1, max-image-preview:large, max-video-preview:-1\" \/>\n<link rel=\"canonical\" href=\"https:\/\/vertigojazz.pl\/produkt\/voucher-biletowy\/\" \/>\n<meta property=\"og:locale\" content=\"uk_UA\" \/>\n<meta property=\"og:type\" content=\"article\" \/>\n<meta property=\"og:title\" content=\"Voucher biletowy - Vertigo Jazz Club &amp; Restaurant\" \/>\n<meta property=\"og:description\" content=\"Voucher mo\u017cna wykorzysta\u0107 na dowolne wydarzenie organizowane w klubie Vertigo. Rezerwacji bilet\u00f3w nale\u017cy dokona\u0107 mailowo, pisz\u0105c na adres: rezerwacje@vertigojazz.pl. Warto\u015b\u0107 vouchera mo\u017cna wykorzysta\u0107 jednorazowo lub na kilka wydarze\u0144 \u2013 a\u017c do jej wyczerpania lub up\u0142ywu terminu wa\u017cno\u015bci. Mo\u017cliwe jest r\u00f3wnie\u017c wykorzystanie vouchera na zakup kilku bilet\u00f3w na jedno wydarzenie.Voucher nie obowi\u0105zuje na wydarzenia, na kt\u00f3re wszystkie bilety zosta\u0142y ju\u017c sprzedane.\" \/>\n<meta property=\"og:url\" content=\"https:\/\/vertigojazz.pl\/produkt\/voucher-biletowy\/\" \/>\n<meta property=\"og:site_name\" content=\"Vertigo Jazz Club &amp; Restaurant\" \/>\n<meta property=\"article:publisher\" content=\"https:\/\/www.facebook.com\/vertigojazzclub\" \/>\n<meta property=\"article:modified_time\" content=\"2026-04-02T18:49:06+00:00\" \/>\n<meta property=\"og:image\" content=\"https:\/\/vertigojazz.pl\/wp-content\/uploads\/2025\/03\/voucher-1-1-1024x1024.png\" \/>\n\t<meta property=\"og:image:width\" content=\"1024\" \/>\n\t<meta property=\"og:image:height\" content=\"1024\" \/>\n\t<meta property=\"og:image:type\" content=\"image\/png\" \/>\n<meta name=\"twitter:card\" content=\"summary_large_image\" \/>\n<meta name=\"twitter:label1\" content=\"Est. reading time\" \/>\n\t<meta name=\"twitter:data1\" content=\"1 minute\" \/>\n<script type=\"application\/ld+json\" class=\"yoast-schema-graph\">{\"@context\":\"https:\/\/schema.org\",\"@graph\":[{\"@type\":\"WebPage\",\"@id\":\"https:\/\/vertigojazz.pl\/produkt\/voucher-biletowy\/\",\"url\":\"https:\/\/vertigojazz.pl\/produkt\/voucher-biletowy\/\",\"name\":\"Voucher biletowy - Vertigo Jazz Club &amp; Restaurant\",\"isPartOf\":{\"@id\":\"https:\/\/vertigojazz.pl\/#website\"},\"primaryImageOfPage\":{\"@id\":\"https:\/\/vertigojazz.pl\/produkt\/voucher-biletowy\/#primaryimage\"},\"image\":{\"@id\":\"https:\/\/vertigojazz.pl\/produkt\/voucher-biletowy\/#primaryimage\"},\"thumbnailUrl\":\"https:\/\/vertigojazz.pl\/wp-content\/uploads\/2025\/03\/voucher-1-1.png\",\"datePublished\":\"2025-03-13T14:41:16+00:00\",\"dateModified\":\"2026-04-02T18:49:06+00:00\",\"breadcrumb\":{\"@id\":\"https:\/\/vertigojazz.pl\/produkt\/voucher-biletowy\/#breadcrumb\"},\"inLanguage\":\"uk-UA\",\"potentialAction\":[{\"@type\":\"ReadAction\",\"target\":[\"https:\/\/vertigojazz.pl\/produkt\/voucher-biletowy\/\"]}]},{\"@type\":\"ImageObject\",\"inLanguage\":\"uk-UA\",\"@id\":\"https:\/\/vertigojazz.pl\/produkt\/voucher-biletowy\/#primaryimage\",\"url\":\"https:\/\/vertigojazz.pl\/wp-content\/uploads\/2025\/03\/voucher-1-1.png\",\"contentUrl\":\"https:\/\/vertigojazz.pl\/wp-content\/uploads\/2025\/03\/voucher-1-1.png\",\"width\":2160,\"height\":2160},{\"@type\":\"BreadcrumbList\",\"@id\":\"https:\/\/vertigojazz.pl\/produkt\/voucher-biletowy\/#breadcrumb\",\"itemListElement\":[{\"@type\":\"ListItem\",\"position\":1,\"name\":\"Strona g\u0142\u00f3wna\",\"item\":\"https:\/\/vertigojazz.pl\/uk\/\"},{\"@type\":\"ListItem\",\"position\":2,\"name\":\"\u041c\u0430\u0433\u0430\u0437\u0438\u043d\",\"item\":\"https:\/\/vertigojazz.pl\/uk\/%d0%bc%d0%b0%d0%b3%d0%b0%d0%b7%d0%b8%d0%bd\/\"},{\"@type\":\"ListItem\",\"position\":3,\"name\":\"Voucher biletowy\"}]},{\"@type\":\"WebSite\",\"@id\":\"https:\/\/vertigojazz.pl\/#website\",\"url\":\"https:\/\/vertigojazz.pl\/\",\"name\":\"Vertigo Jazz Club & Restaurant\",\"description\":\"klub muzyczny we Wroc\u0142awiu\",\"publisher\":{\"@id\":\"https:\/\/vertigojazz.pl\/#organization\"},\"potentialAction\":[{\"@type\":\"SearchAction\",\"target\":{\"@type\":\"EntryPoint\",\"urlTemplate\":\"https:\/\/vertigojazz.pl\/?s={search_term_string}\"},\"query-input\":{\"@type\":\"PropertyValueSpecification\",\"valueRequired\":true,\"valueName\":\"search_term_string\"}}],\"inLanguage\":\"uk-UA\"},{\"@type\":\"Organization\",\"@id\":\"https:\/\/vertigojazz.pl\/#organization\",\"name\":\"Vertigo Jazz Club & Restaurant\",\"alternateName\":\"Klub muzyczny we Wroc\u0142awiu\",\"url\":\"https:\/\/vertigojazz.pl\/\",\"logo\":{\"@type\":\"ImageObject\",\"inLanguage\":\"uk-UA\",\"@id\":\"https:\/\/vertigojazz.pl\/#\/schema\/logo\/image\/\",\"url\":\"https:\/\/vertigojazz.pl\/wp-content\/uploads\/2025\/04\/cropped-vertigo_logo_biale-180x180-1.jpg\",\"contentUrl\":\"https:\/\/vertigojazz.pl\/wp-content\/uploads\/2025\/04\/cropped-vertigo_logo_biale-180x180-1.jpg\",\"width\":180,\"height\":180,\"caption\":\"Vertigo Jazz Club & Restaurant\"},\"image\":{\"@id\":\"https:\/\/vertigojazz.pl\/#\/schema\/logo\/image\/\"},\"sameAs\":[\"https:\/\/www.facebook.com\/vertigojazzclub\",\"https:\/\/www.instagram.com\/vertigo_jazz_club\/\",\"https:\/\/www.youtube.com\/channel\/UC8sPrX3Xuv7bfuhfr3XbqXg\",\"https:\/\/www.tiktok.com\/@vertigojazzclub\"]}]}<\/script>\n<!-- \/ Yoast SEO plugin. -->","yoast_head_json":{"title":"Voucher biletowy - Vertigo Jazz Club &amp; Restaurant","robots":{"index":"index","follow":"follow","max-snippet":"max-snippet:-1","max-image-preview":"max-image-preview:large","max-video-preview":"max-video-preview:-1"},"canonical":"https:\/\/vertigojazz.pl\/produkt\/voucher-biletowy\/","og_locale":"uk_UA","og_type":"article","og_title":"Voucher biletowy - Vertigo Jazz Club &amp; Restaurant","og_description":"Voucher mo\u017cna wykorzysta\u0107 na dowolne wydarzenie organizowane w klubie Vertigo. Rezerwacji bilet\u00f3w nale\u017cy dokona\u0107 mailowo, pisz\u0105c na adres: rezerwacje@vertigojazz.pl. Warto\u015b\u0107 vouchera mo\u017cna wykorzysta\u0107 jednorazowo lub na kilka wydarze\u0144 \u2013 a\u017c do jej wyczerpania lub up\u0142ywu terminu wa\u017cno\u015bci. Mo\u017cliwe jest r\u00f3wnie\u017c wykorzystanie vouchera na zakup kilku bilet\u00f3w na jedno wydarzenie.Voucher nie obowi\u0105zuje na wydarzenia, na kt\u00f3re wszystkie bilety zosta\u0142y ju\u017c sprzedane.","og_url":"https:\/\/vertigojazz.pl\/produkt\/voucher-biletowy\/","og_site_name":"Vertigo Jazz Club &amp; Restaurant","article_publisher":"https:\/\/www.facebook.com\/vertigojazzclub","article_modified_time":"2026-04-02T18:49:06+00:00","og_image":[{"width":1024,"height":1024,"url":"https:\/\/vertigojazz.pl\/wp-content\/uploads\/2025\/03\/voucher-1-1-1024x1024.png","type":"image\/png"}],"twitter_card":"summary_large_image","twitter_misc":{"Est. reading time":"1 minute"},"schema":{"@context":"https:\/\/schema.org","@graph":[{"@type":"WebPage","@id":"https:\/\/vertigojazz.pl\/produkt\/voucher-biletowy\/","url":"https:\/\/vertigojazz.pl\/produkt\/voucher-biletowy\/","name":"Voucher biletowy - Vertigo Jazz Club &amp; Restaurant","isPartOf":{"@id":"https:\/\/vertigojazz.pl\/#website"},"primaryImageOfPage":{"@id":"https:\/\/vertigojazz.pl\/produkt\/voucher-biletowy\/#primaryimage"},"image":{"@id":"https:\/\/vertigojazz.pl\/produkt\/voucher-biletowy\/#primaryimage"},"thumbnailUrl":"https:\/\/vertigojazz.pl\/wp-content\/uploads\/2025\/03\/voucher-1-1.png","datePublished":"2025-03-13T14:41:16+00:00","dateModified":"2026-04-02T18:49:06+00:00","breadcrumb":{"@id":"https:\/\/vertigojazz.pl\/produkt\/voucher-biletowy\/#breadcrumb"},"inLanguage":"uk-UA","potentialAction":[{"@type":"ReadAction","target":["https:\/\/vertigojazz.pl\/produkt\/voucher-biletowy\/"]}]},{"@type":"ImageObject","inLanguage":"uk-UA","@id":"https:\/\/vertigojazz.pl\/produkt\/voucher-biletowy\/#primaryimage","url":"https:\/\/vertigojazz.pl\/wp-content\/uploads\/2025\/03\/voucher-1-1.png","contentUrl":"https:\/\/vertigojazz.pl\/wp-content\/uploads\/2025\/03\/voucher-1-1.png","width":2160,"height":2160},{"@type":"BreadcrumbList","@id":"https:\/\/vertigojazz.pl\/produkt\/voucher-biletowy\/#breadcrumb","itemListElement":[{"@type":"ListItem","position":1,"name":"Strona g\u0142\u00f3wna","item":"https:\/\/vertigojazz.pl\/uk\/"},{"@type":"ListItem","position":2,"name":"\u041c\u0430\u0433\u0430\u0437\u0438\u043d","item":"https:\/\/vertigojazz.pl\/uk\/%d0%bc%d0%b0%d0%b3%d0%b0%d0%b7%d0%b8%d0%bd\/"},{"@type":"ListItem","position":3,"name":"Voucher biletowy"}]},{"@type":"WebSite","@id":"https:\/\/vertigojazz.pl\/#website","url":"https:\/\/vertigojazz.pl\/","name":"Vertigo Jazz Club & Restaurant","description":"klub muzyczny we Wroc\u0142awiu","publisher":{"@id":"https:\/\/vertigojazz.pl\/#organization"},"potentialAction":[{"@type":"SearchAction","target":{"@type":"EntryPoint","urlTemplate":"https:\/\/vertigojazz.pl\/?s={search_term_string}"},"query-input":{"@type":"PropertyValueSpecification","valueRequired":true,"valueName":"search_term_string"}}],"inLanguage":"uk-UA"},{"@type":"Organization","@id":"https:\/\/vertigojazz.pl\/#organization","name":"Vertigo Jazz Club & Restaurant","alternateName":"Klub muzyczny we Wroc\u0142awiu","url":"https:\/\/vertigojazz.pl\/","logo":{"@type":"ImageObject","inLanguage":"uk-UA","@id":"https:\/\/vertigojazz.pl\/#\/schema\/logo\/image\/","url":"https:\/\/vertigojazz.pl\/wp-content\/uploads\/2025\/04\/cropped-vertigo_logo_biale-180x180-1.jpg","contentUrl":"https:\/\/vertigojazz.pl\/wp-content\/uploads\/2025\/04\/cropped-vertigo_logo_biale-180x180-1.jpg","width":180,"height":180,"caption":"Vertigo Jazz Club & Restaurant"},"image":{"@id":"https:\/\/vertigojazz.pl\/#\/schema\/logo\/image\/"},"sameAs":["https:\/\/www.facebook.com\/vertigojazzclub","https:\/\/www.instagram.com\/vertigo_jazz_club\/","https:\/\/www.youtube.com\/channel\/UC8sPrX3Xuv7bfuhfr3XbqXg","https:\/\/www.tiktok.com\/@vertigojazzclub"]}]}},"_links":{"self":[{"href":"https:\/\/vertigojazz.pl\/uk\/wp-json\/wp\/v2\/product\/6875","targetHints":{"allow":["GET"]}}],"collection":[{"href":"https:\/\/vertigojazz.pl\/uk\/wp-json\/wp\/v2\/product"}],"about":[{"href":"https:\/\/vertigojazz.pl\/uk\/wp-json\/wp\/v2\/types\/product"}],"wp:featuredmedia":[{"embeddable":true,"href":"https:\/\/vertigojazz.pl\/uk\/wp-json\/wp\/v2\/media\/6936"}],"wp:attachment":[{"href":"https:\/\/vertigojazz.pl\/uk\/wp-json\/wp\/v2\/media?parent=6875"}],"wp:term":[{"taxonomy":"product_brand","embeddable":true,"href":"https:\/\/vertigojazz.pl\/uk\/wp-json\/wp\/v2\/product_brand?post=6875"},{"taxonomy":"product_cat","embeddable":true,"href":"https:\/\/vertigojazz.pl\/uk\/wp-json\/wp\/v2\/product_cat?post=6875"},{"taxonomy":"product_tag","embeddable":true,"href":"https:\/\/vertigojazz.pl\/uk\/wp-json\/wp\/v2\/product_tag?post=6875"}],"curies":[{"name":"wp","href":"https:\/\/api.w.org\/{rel}","templated":true}]}}